{"id":18603,"date":"2026-05-04T17:21:00","date_gmt":"2026-05-04T22:21:00","guid":{"rendered":"https:\/\/destinosdelperu.com\/tour\/lagoa-humantay\/"},"modified":"2026-05-04T17:23:27","modified_gmt":"2026-05-04T22:23:27","slug":"lagoa-humantay","status":"publish","type":"product","link":"https:\/\/destinosdelperu.com\/pt-br\/tour\/lagoa-humantay\/","title":{"rendered":"LAGOA HUMANTAY"},"content":{"rendered":"\t\t<div data-elementor-type=\"wp-post\" data-elementor-id=\"18603\" class=\"elementor elementor-18603\">\n\t\t\t\t\t\t<section class=\"elementor-section elementor-top-section elementor-element elementor-element-51bf744 elementor-section-boxed elementor-section-height-default elementor-section-height-default wd-section-disabled\" data-id=\"51bf744\" data-element_type=\"section\" data-e-type=\"section\">\n\t\t\t\t\t\t<div class=\"elementor-container elementor-column-gap-default\">\n\t\t\t\t\t<div class=\"elementor-column elementor-col-100 elementor-top-column elementor-element elementor-element-81f7c81\" data-id=\"81f7c81\" data-element_type=\"column\" data-e-type=\"column\">\n\t\t\t<div class=\"elementor-widget-wrap elementor-element-populated\">\n\t\t\t\t\t\t<div class=\"elementor-element elementor-element-df71270 elementor-widget elementor-widget-wd_text_block\" data-id=\"df71270\" data-element_type=\"widget\" data-e-type=\"widget\" data-widget_type=\"wd_text_block.default\">\n\t\t\t\t<div class=\"elementor-widget-container\">\n\t\t\t\t\t\t\t<div class=\"wd-text-block reset-last-child text-left\">\n\t\t\t\n\t\t\t<p><strong><em>Valle Sagrado de los Incas<\/em><\/strong><em> es un lugar m\u00e1gico y lleno de energ\u00eda que te transportar\u00e1 a trav\u00e9s del tiempo por hermosos paisajes, apreciando el imponente rio Vilcanota, pueblos pintorescos y monumentos arqueol\u00f3gicos que te har\u00e1n sentir parte de la historia.<\/em><\/p>\n\t\t\t\t\t<\/div>\n\t\t\t\t\t\t<\/div>\n\t\t\t\t<\/div>\n\t\t\t\t\t<\/div>\n\t\t<\/div>\n\t\t\t\t\t<\/div>\n\t\t<\/section>\n\t\t\t\t<section class=\"elementor-section elementor-top-section elementor-element elementor-element-8b50cd9 elementor-section-boxed elementor-section-height-default elementor-section-height-default wd-section-disabled\" data-id=\"8b50cd9\" data-element_type=\"section\" data-e-type=\"section\">\n\t\t\t\t\t\t<div class=\"elementor-container elementor-column-gap-default\">\n\t\t\t\t\t<div class=\"elementor-column elementor-col-50 elementor-top-column elementor-element elementor-element-231eaee\" data-id=\"231eaee\" data-element_type=\"column\" data-e-type=\"column\">\n\t\t\t<div class=\"elementor-widget-wrap elementor-element-populated\">\n\t\t\t\t\t\t<div class=\"elementor-element elementor-element-1fd5e87 elementor-widget elementor-widget-wd_text_block\" data-id=\"1fd5e87\" data-element_type=\"widget\" data-e-type=\"widget\" data-widget_type=\"wd_text_block.default\">\n\t\t\t\t<div class=\"elementor-widget-container\">\n\t\t\t\t\t\t\t<div class=\"wd-text-block reset-last-child text-left\">\n\t\t\t\n\t\t\t<ul><li style=\"list-style-type: none;\"><ul><li>El transporte para el inicio de tour pasar\u00e1 a recogerte entre las 7:30am y 8:00am.<\/li><\/ul><\/li><\/ul><p style=\"padding-left: 40px;\">Saliendo del Cusco nos introducimos al Valle Sagrado de los Incas a trav\u00e9s del <strong>Mirador de Taray<\/strong>, llegamos a la localidad de Pisaq que es una poblaci\u00f3n andina conocido por su mercado artesanal; a continuaci\u00f3n, nos dirigimos al <strong>Parque Arqueol\u00f3gico de Pisaq<\/strong>\u00a0\u00a0 lleno de andenes y acueductos; continuamos por el valle hasta Urubamba para saborear de un delicioso almuerzo buffet, llegamos <strong>a\u00a0 Ollantaytambo<\/strong> es considerado como un centro religioso y pol\u00edtico del imperio inca, los templos, fortalezas y la ciudad inca se mantienen intactas. Finalmente visitaremos el <strong>centro arqueol\u00f3gico de chinchero<\/strong> donde escucharemos sobre la historia de este importante lugar<\/p><ul><li style=\"list-style-type: none;\"><ul><li>Retorno a Cusco, se desembarcar\u00e1 cerca de la plaza de armas (18:00 pm aprox.)<\/li><\/ul><\/li><\/ul>\n\t\t\t\t\t<\/div>\n\t\t\t\t\t\t<\/div>\n\t\t\t\t<\/div>\n\t\t\t\t\t<\/div>\n\t\t<\/div>\n\t\t\t\t<div class=\"elementor-column elementor-col-50 elementor-top-column elementor-element elementor-element-dc026bd\" data-id=\"dc026bd\" data-element_type=\"column\" data-e-type=\"column\">\n\t\t\t<div class=\"elementor-widget-wrap elementor-element-populated\">\n\t\t\t\t\t\t<div class=\"elementor-element elementor-element-1c05ef4 elementor-widget elementor-widget-wd_text_block\" data-id=\"1c05ef4\" data-element_type=\"widget\" data-e-type=\"widget\" data-widget_type=\"wd_text_block.default\">\n\t\t\t\t<div class=\"elementor-widget-container\">\n\t\t\t\t\t\t\t<div class=\"wd-text-block reset-last-child text-left\">\n\t\t\t\n\t\t\t<p><strong><u>El servicio incluye<\/u><\/strong>:<\/p><ul><li style=\"list-style-type: none;\"><ul><li>Transporte tur\u00edstico<\/li><li>Gu\u00eda biling\u00fce<\/li><li>Almuerzo Buffet<\/li><li>Ingresos<\/li><\/ul><\/li><\/ul><p><strong><u>Recomendaciones<\/u><\/strong>:<\/p><ul><li style=\"list-style-type: none;\"><ul><li>Llevar ropa ligera y abrigo<\/li><li>Dinero en efectivo extra<\/li><li>Sombrero<\/li><li>Bloqueador<\/li><li>Botella de agua<\/li><\/ul><\/li><\/ul>\n\t\t\t\t\t<\/div>\n\t\t\t\t\t\t<\/div>\n\t\t\t\t<\/div>\n\t\t\t\t\t<\/div>\n\t\t<\/div>\n\t\t\t\t\t<\/div>\n\t\t<\/section>\n\t\t\t\t<\/div>\n\t\t","protected":false},"excerpt":{"rendered":"<p>Vale Sagrado dos Incas \u00e9 um lugar m\u00e1gico e cheio de energia que o transportar\u00e1 no tempo atrav\u00e9s de belas<\/p>\n","protected":false},"featured_media":18618,"template":"","meta":{"_joinchat":[]},"product_brand":[],"product_cat":[116],"product_tag":[],"class_list":{"0":"post-18603","1":"product","2":"type-product","3":"status-publish","4":"has-post-thumbnail","6":"product_cat-cusco-pt-br","8":"first","9":"instock","10":"shipping-taxable","11":"purchasable","12":"product-type-simple"},"jetpack_sharing_enabled":true,"_links":{"self":[{"href":"https:\/\/destinosdelperu.com\/pt-br\/wp-json\/wp\/v2\/product\/18603","targetHints":{"allow":["GET"]}}],"collection":[{"href":"https:\/\/destinosdelperu.com\/pt-br\/wp-json\/wp\/v2\/product"}],"about":[{"href":"https:\/\/destinosdelperu.com\/pt-br\/wp-json\/wp\/v2\/types\/product"}],"version-history":[{"count":1,"href":"https:\/\/destinosdelperu.com\/pt-br\/wp-json\/wp\/v2\/product\/18603\/revisions"}],"predecessor-version":[{"id":18605,"href":"https:\/\/destinosdelperu.com\/pt-br\/wp-json\/wp\/v2\/product\/18603\/revisions\/18605"}],"wp:featuredmedia":[{"embeddable":true,"href":"https:\/\/destinosdelperu.com\/pt-br\/wp-json\/wp\/v2\/media\/18618"}],"wp:attachment":[{"href":"https:\/\/destinosdelperu.com\/pt-br\/wp-json\/wp\/v2\/media?parent=18603"}],"wp:term":[{"taxonomy":"product_brand","embeddable":true,"href":"https:\/\/destinosdelperu.com\/pt-br\/wp-json\/wp\/v2\/product_brand?post=18603"},{"taxonomy":"product_cat","embeddable":true,"href":"https:\/\/destinosdelperu.com\/pt-br\/wp-json\/wp\/v2\/product_cat?post=18603"},{"taxonomy":"product_tag","embeddable":true,"href":"https:\/\/destinosdelperu.com\/pt-br\/wp-json\/wp\/v2\/product_tag?post=18603"}],"curies":[{"name":"wp","href":"https:\/\/api.w.org\/{rel}","templated":true}]}}