{"id":18149,"date":"2023-12-28T21:13:04","date_gmt":"2023-12-28T20:13:04","guid":{"rendered":"https:\/\/destinosdelperu.com\/?post_type=product&#038;p=18149"},"modified":"2024-01-09T15:35:33","modified_gmt":"2024-01-09T14:35:33","slug":"cusco-magic-4-dias-copia-copia","status":"publish","type":"product","link":"https:\/\/destinosdelperu.com\/pt-br\/tour\/cusco-magic-4-dias-copia-copia\/","title":{"rendered":"Passeio pela Rota do Sol em 9 dias"},"content":{"rendered":"\t\t<div data-elementor-type=\"wp-post\" data-elementor-id=\"18149\" class=\"elementor elementor-18149\">\n\t\t\t\t\t\t<section class=\"elementor-section elementor-top-section elementor-element elementor-element-19a30ef elementor-section-boxed elementor-section-height-default elementor-section-height-default wd-section-disabled\" data-id=\"19a30ef\" data-element_type=\"section\" data-e-type=\"section\">\n\t\t\t\t\t\t<div class=\"elementor-container elementor-column-gap-default\">\n\t\t\t\t\t<div class=\"elementor-column elementor-col-100 elementor-top-column elementor-element elementor-element-6ea0071\" data-id=\"6ea0071\" data-element_type=\"column\" data-e-type=\"column\">\n\t\t\t<div class=\"elementor-widget-wrap elementor-element-populated\">\n\t\t\t\t\t\t<div class=\"elementor-element elementor-element-7bffc26 elementor-widget elementor-widget-wd_text_block\" data-id=\"7bffc26\" data-element_type=\"widget\" data-e-type=\"widget\" data-widget_type=\"wd_text_block.default\">\n\t\t\t\t<div class=\"elementor-widget-container\">\n\t\t\t\t\t\t\t<div class=\"wd-text-block reset-last-child text-left\">\n\t\t\t\n\t\t\t<p>Descubra a magia de Cusco com a nossa excurs\u00e3o \u00fanica. Desde a imponente <strong>Machu Picchu<\/strong> at\u00e9 \u00e0 deslumbrante <strong>Montanha das 7 Cores,<\/strong> ir\u00e1 explorar maravilhas antigas e paisagens de cortar a respira\u00e7\u00e3o. Mergulhe na <strong>rica hist\u00f3ria da cidade de Cusco<\/strong> enquanto se deleita com o seu encanto colonial. Experimente a majestade da antiga civiliza\u00e7\u00e3o Inca e a vibrante cultura peruana nesta viagem inesquec\u00edvel.<\/p><p>Cusco espera-o de bra\u00e7os abertos!<\/p>\n\t\t\t\t\t<\/div>\n\t\t\t\t\t\t<\/div>\n\t\t\t\t<\/div>\n\t\t\t\t\t<\/div>\n\t\t<\/div>\n\t\t\t\t\t<\/div>\n\t\t<\/section>\n\t\t\t\t<section class=\"elementor-section elementor-top-section elementor-element elementor-element-046d307 elementor-section-boxed elementor-section-height-default elementor-section-height-default wd-section-disabled\" data-id=\"046d307\" data-element_type=\"section\" data-e-type=\"section\">\n\t\t\t\t\t\t<div class=\"elementor-container elementor-column-gap-default\">\n\t\t\t\t\t<div class=\"elementor-column elementor-col-50 elementor-top-column elementor-element elementor-element-a9a1f5a\" data-id=\"a9a1f5a\" data-element_type=\"column\" data-e-type=\"column\">\n\t\t\t<div class=\"elementor-widget-wrap elementor-element-populated\">\n\t\t\t\t\t\t<div class=\"elementor-element elementor-element-85fdef2 elementor-widget elementor-widget-wd_text_block\" data-id=\"85fdef2\" data-element_type=\"widget\" data-e-type=\"widget\" data-widget_type=\"wd_text_block.default\">\n\t\t\t\t<div class=\"elementor-widget-container\">\n\t\t\t\t\t\t\t<div class=\"wd-text-block reset-last-child text-left\">\n\t\t\t\n\t\t\t<p><strong>DIA 1: TRASLADO AEROPORTO - HOTEL<\/strong><\/p><p>O traslado tur\u00edstico o buscar\u00e1 no aeroporto de Li,ma e o levar\u00e1 ao hotel. Antes de sair do aeroporto, n\u00e3o se esque\u00e7a de verificar seus pertences! Mas antes de chegar l\u00e1, observe estas dicas essenciais para ter uma experi\u00eancia inesquec\u00edvel:<\/p><ul><li>Antes de sair do aeroporto, n\u00e3o se esque\u00e7a de verificar seus pertences!<\/li><\/ul><p>Lembre-se de que voc\u00ea ter\u00e1 o dia livre para passear pela cidade de Lima.<\/p><p><strong>DIA 2: ICA - PARACAS DIA INTEIRO<\/strong><\/p><p>Come\u00e7aremos nosso passeio bem cedo, \u00e0s 5h30, em dire\u00e7\u00e3o ao resort de praia de Paracas, chegando ao cais El Chaco, de onde partiremos para as Ilhas Ballestas e poderemos apreciar a natureza e a fauna aqu\u00e1tica, especialmente os le\u00f5es-marinhos. Na primeira parada, faremos uma degusta\u00e7\u00e3o de vinhos, piscos, cremes de piscos, macerados e mistelas no Vino Nitto, a \u00faltima parada do nosso passeio, em Huacachina, com uma excurs\u00e3o ao O\u00e1sis de Huacahina e suas impressionantes dunas. Partiremos em dire\u00e7\u00e3o a Chincha, onde apreciaremos a grande variedade de doces de Chincha para finalmente retornar \u00e0 cidade de Lima.<\/p><p><strong>Inclui<\/strong><\/p><ul><li>Transporte tur\u00edstico<\/li><li>Guia<\/li><li>Receitas<\/li><\/ul><p><strong>DIA 3: VOO PARA CUSCO - TRASLADO AO HOTEL \/ CITY TOUR<\/strong><\/p><p>N\u00f3s o encontraremos no aeroporto de Cusco para conduzi-lo \u00e0 sua acomoda\u00e7\u00e3o.<\/p><p>Com o City Tour em Cusco, voc\u00ea descobrir\u00e1 os mist\u00e9rios do Templo do Sol, conhecido como Qoricancha, local sagrado para os deuses das na\u00e7\u00f5es conquistadas. Continue sua aventura na Fortaleza de Sacsayhuaman, onde impressionantes esculturas rupestres e um cen\u00e1rio deslumbrante para o Inti Raymi esperam por voc\u00ea. Descubra tamb\u00e9m o labirinto de Qenqo, onde se diz que o Inca Pachacutec descansou, e visite Puka Pukara, um posto de guarda de fronteira na trilha Antisuyo. Por fim, admire o templo de Tambomachay, dedicado ao culto da \u00e1gua, antes de retornar \u00e0 cidade para terminar seu passeio na majestosa Plaza de Armas.<\/p><p><strong>Inclui<\/strong><\/p><ul><li>Transporte tur\u00edstico<\/li><li>Guia<\/li><li>Receitas<\/li><\/ul><p><strong>DIA 4: CONEX\u00c3O AO VALE SAGRADO MACHUPICCHU<\/strong><\/p><p>O transporte para o in\u00edcio da excurs\u00e3o o buscar\u00e1 entre 7h30 e 8h00. Saindo de Cusco, entramos no Vale Sagrado dos Incas pelo mirante de Taray, chegamos \u00e0 cidade de Pisaq, uma cidade andina conhecida por seu mercado de artesanato; em seguida, vamos ao Parque Arqueol\u00f3gico de Pisac, repleto de terra\u00e7os e aquedutos; continuamos pelo vale at\u00e9 Urubamba para desfrutar de um delicioso almo\u00e7o tipo buf\u00ea, chegamos a Ollantaytambo, considerado um centro religioso e pol\u00edtico do imp\u00e9rio inca. Por fim, iremos \u00e0 esta\u00e7\u00e3o de trem para ir \u00e0 cidade de Aguas Calientes ou Machupicchu.<\/p><p><strong>Inclui<\/strong><\/p><ul><li>Transporte tur\u00edstico<\/li><li>Guia<\/li><li>Receitas<\/li><li>Almo\u00e7o buffet<\/li><\/ul><p><strong>DIA 5: MACHU PICCHU<\/strong><\/p><p>Ap\u00f3s o caf\u00e9 da manh\u00e3 no hotel, encontraremos nosso guia e pegaremos o \u00f4nibus at\u00e9 a cidadela de Machu Picchu para apreciar essa maravilha arquitet\u00f4nica em todo o seu esplendor. No final do passeio, descemos de \u00f4nibus at\u00e9 Aguas Calientes e pegamos o trem de volta para Ollantaytambo, depois embarcamos no transporte que vai para a cidade de Cusco. O servi\u00e7o termina \u00e0 chegada a Cusco.<\/p><p><strong>Inclui<\/strong><\/p><ul><li>Transporte tur\u00edstico<\/li><li>Guia<\/li><li>Receitas<\/li><li>Trem de retorno<\/li><\/ul><p><strong>DIA 6: PASSEIO DE QUADRICICLO NAS SALINAS E NA LAGOA HUAYPO<\/strong><\/p><p>Sairemos de Cusco entre 6h30 e 7h e iremos para a base dos quadriciclos localizada em Maras para iniciar o treinamento. Depois de preparados, visitaremos as minas de sal de Maras, no caminho poderemos apreciar as montanhas cobertas de neve de Veronica e Chicon e, em seguida, terminaremos o passeio na lagoa Huaypo.<\/p><p>Ao p\u00f4r do sol, \u00e0s 19:00 horas, o \u00f4nibus chegar\u00e1 ao nosso hotel e o transporte nos levar\u00e1 ao terminal de \u00f4nibus em Cusco. L\u00e1, embarcaremos em um \u00f4nibus que nos levar\u00e1 \u00e0 cidade de Puno, lar do maravilhoso Lago Titicaca, onde uma aventura emocionante nos aguarda.<\/p><p><strong>Inclui<\/strong><\/p><ul><li>Transporte tur\u00edstico<\/li><li>Guia<\/li><li>Receitas<\/li><li>ATV<\/li><\/ul><p><strong>DIA 7 : UROS - TAQUILE EM PUNO<\/strong><\/p><p>Ao chegar ao terminal em Puno, nosso transporte estar\u00e1 esperando por voc\u00ea para lev\u00e1-lo ao porto, onde embarcar\u00e1 no barco que o levar\u00e1 ao Lago Titicaca. Continuando o passeio, iremos para as Ilhas Taquile, onde apreciaremos a tradicional tecelagem de fibra vegetal para as jangadas que s\u00e3o usadas como transporte e tamb\u00e9m para as casas; depois, teremos tempo para almo\u00e7ar. Finalmente, embarcaremos no barco para retornar \u00e0 cidade de Puno \u00e0s 17h30, aproximadamente.<\/p><p><strong>Inclui<\/strong><\/p><ul><li>Transporte tur\u00edstico<\/li><li>Guia<\/li><li>Receitas<\/li><li>Lan\u00e7amento<\/li><\/ul><p><strong>DIA 8 : ROTA DO SOL PUNO - CUSCO<\/strong><\/p><p>Prepare-se para uma aventura \u00e9pica! Voc\u00ea mergulhar\u00e1 no mundo m\u00edtico da cultura Pukara em seu incr\u00edvel Museu L\u00edtico. e maravilhe-se com as vistas de tirar o f\u00f4lego do Nevado Chimboya a partir do Paso de la Raya, que marca a fronteira entre Cusco e Puno. Admire a magnific\u00eancia do Templo do deus Wiracocha. Explore a Capela Andahuaylillas, tamb\u00e9m conhecida como a Capela Sistina da Am\u00e9rica.<\/p><p><strong>Inclui<\/strong><\/p><ul><li>Transporte tur\u00edstico<\/li><li>Guia<\/li><\/ul><p><strong>DIA 9: TRASLADO DO AEROPORTO<\/strong><\/p><p>N\u00f3s o encontraremos 2 horas antes do seu voo para o traslado ao aeroporto.<\/p><p>Nossa equipe lhe fornecer\u00e1 assist\u00eancia permanente<\/p><ul><li>E antes de ir para o aeroporto, n\u00e3o se esque\u00e7a de verificar suas coisas!<\/li><\/ul>\n\t\t\t\t\t<\/div>\n\t\t\t\t\t\t<\/div>\n\t\t\t\t<\/div>\n\t\t\t\t\t<\/div>\n\t\t<\/div>\n\t\t\t\t<div class=\"elementor-column elementor-col-50 elementor-top-column elementor-element elementor-element-84f4c28\" data-id=\"84f4c28\" data-element_type=\"column\" data-e-type=\"column\">\n\t\t\t<div class=\"elementor-widget-wrap elementor-element-populated\">\n\t\t\t\t\t\t<div class=\"elementor-element elementor-element-11c4eed elementor-widget__width-initial elementor-widget elementor-widget-wd_text_block\" data-id=\"11c4eed\" data-element_type=\"widget\" data-e-type=\"widget\" data-widget_type=\"wd_text_block.default\">\n\t\t\t\t<div class=\"elementor-widget-container\">\n\t\t\t\t\t\t\t<div class=\"wd-text-block reset-last-child text-left\">\n\t\t\t\n\t\t\t<p><strong>INCLUINDO<\/strong><\/p><p><span style=\"text-decoration: underline;\"><strong>Lima<\/strong><\/span><\/p><ul><li>Traslado de ida e volta ao aeroporto de Lima<\/li><li>Transporte tur\u00edstico<\/li><li>Guia profissional<\/li><li>Renda em Ica - Paracas<\/li><li>Degusta\u00e7\u00e3o de pisco<\/li><li>2 noites de hospedagem em Lima categoria 3 ***<\/li><\/ul><p><span style=\"text-decoration: underline;\"><strong>Cusco<\/strong><\/span><\/p><ul><li>Coleta e entrega no aeroporto<\/li><li>Transporte tur\u00edstico<\/li><li>Guia profissional<\/li><li>Bilhete tur\u00edstico geral<\/li><li>Entrada para Qoricancha<\/li><li>Entrada para Minas de Sal<\/li><li>Entrada para Machupicchu<\/li><li>Trem de ida e volta<\/li><li>ATV<\/li><li>3 noites de hospedagem em Cusco categoria 2 **.<\/li><li>1 noite de hospedagem em Aguas calientes categoria 2**.<\/li><\/ul><p><span style=\"text-decoration: underline;\"><strong>Puno<\/strong><\/span><\/p><ul><li>\u00d4nibus ruta del sol ida e volta<\/li><li>Receitas<\/li><li>1 noite de acomoda\u00e7\u00e3o 3***.<\/li><\/ul>\n\t\t\t\t\t<\/div>\n\t\t\t\t\t\t<\/div>\n\t\t\t\t<\/div>\n\t\t\t\t<div class=\"elementor-element elementor-element-b54c2d8 elementor-widget elementor-widget-wd_text_block\" data-id=\"b54c2d8\" data-element_type=\"widget\" data-e-type=\"widget\" data-widget_type=\"wd_text_block.default\">\n\t\t\t\t<div class=\"elementor-widget-container\">\n\t\t\t\t\t\t\t<div class=\"wd-text-block reset-last-child text-left\">\n\t\t\t\n\t\t\t<p><strong>N\u00c3O INCLU\u00cdDO<\/strong><\/p><ul><li>Despesas pessoais extras<\/li><li>Voos internos.<\/li><\/ul>\n\t\t\t\t\t<\/div>\n\t\t\t\t\t\t<\/div>\n\t\t\t\t<\/div>\n\t\t\t\t\t<\/div>\n\t\t<\/div>\n\t\t\t\t\t<\/div>\n\t\t<\/section>\n\t\t\t\t<\/div>\n\t\t","protected":false},"excerpt":{"rendered":"<p>Descubra a magia de Cusco com a nossa excurs\u00e3o \u00fanica. Desde a imponente Machu Picchu at\u00e9 \u00e0 deslumbrante Montanha das<\/p>\n","protected":false},"featured_media":18119,"template":"","meta":{"_joinchat":[]},"product_brand":[],"product_cat":[116],"product_tag":[],"class_list":{"0":"post-18149","1":"product","2":"type-product","3":"status-publish","4":"has-post-thumbnail","6":"product_cat-cusco-pt-br","8":"first","9":"instock","10":"shipping-taxable","11":"purchasable","12":"product-type-simple"},"jetpack_sharing_enabled":true,"_links":{"self":[{"href":"https:\/\/destinosdelperu.com\/pt-br\/wp-json\/wp\/v2\/product\/18149","targetHints":{"allow":["GET"]}}],"collection":[{"href":"https:\/\/destinosdelperu.com\/pt-br\/wp-json\/wp\/v2\/product"}],"about":[{"href":"https:\/\/destinosdelperu.com\/pt-br\/wp-json\/wp\/v2\/types\/product"}],"version-history":[{"count":9,"href":"https:\/\/destinosdelperu.com\/pt-br\/wp-json\/wp\/v2\/product\/18149\/revisions"}],"predecessor-version":[{"id":18183,"href":"https:\/\/destinosdelperu.com\/pt-br\/wp-json\/wp\/v2\/product\/18149\/revisions\/18183"}],"wp:featuredmedia":[{"embeddable":true,"href":"https:\/\/destinosdelperu.com\/pt-br\/wp-json\/wp\/v2\/media\/18119"}],"wp:attachment":[{"href":"https:\/\/destinosdelperu.com\/pt-br\/wp-json\/wp\/v2\/media?parent=18149"}],"wp:term":[{"taxonomy":"product_brand","embeddable":true,"href":"https:\/\/destinosdelperu.com\/pt-br\/wp-json\/wp\/v2\/product_brand?post=18149"},{"taxonomy":"product_cat","embeddable":true,"href":"https:\/\/destinosdelperu.com\/pt-br\/wp-json\/wp\/v2\/product_cat?post=18149"},{"taxonomy":"product_tag","embeddable":true,"href":"https:\/\/destinosdelperu.com\/pt-br\/wp-json\/wp\/v2\/product_tag?post=18149"}],"curies":[{"name":"wp","href":"https:\/\/api.w.org\/{rel}","templated":true}]}}