{"id":18102,"date":"2023-11-22T23:16:30","date_gmt":"2023-11-22T22:16:30","guid":{"rendered":"https:\/\/destinosdelperu.com\/?post_type=product&#038;p=18102"},"modified":"2023-11-23T00:02:28","modified_gmt":"2023-11-22T23:02:28","slug":"super-vale-sagrado-conexao-machu-picchu-2-dias-1-noite-copia","status":"publish","type":"product","link":"https:\/\/destinosdelperu.com\/pt-br\/tour\/super-vale-sagrado-conexao-machu-picchu-2-dias-1-noite-copia\/","title":{"rendered":"CUSCO MAGIC 4 DIAS"},"content":{"rendered":"\t\t<div data-elementor-type=\"wp-post\" data-elementor-id=\"18102\" class=\"elementor elementor-18102\">\n\t\t\t\t\t\t<section class=\"elementor-section elementor-top-section elementor-element elementor-element-19a30ef elementor-section-boxed elementor-section-height-default elementor-section-height-default wd-section-disabled\" data-id=\"19a30ef\" data-element_type=\"section\" data-e-type=\"section\">\n\t\t\t\t\t\t<div class=\"elementor-container elementor-column-gap-default\">\n\t\t\t\t\t<div class=\"elementor-column elementor-col-100 elementor-top-column elementor-element elementor-element-6ea0071\" data-id=\"6ea0071\" data-element_type=\"column\" data-e-type=\"column\">\n\t\t\t<div class=\"elementor-widget-wrap elementor-element-populated\">\n\t\t\t\t\t\t<div class=\"elementor-element elementor-element-7bffc26 elementor-widget elementor-widget-wd_text_block\" data-id=\"7bffc26\" data-element_type=\"widget\" data-e-type=\"widget\" data-widget_type=\"wd_text_block.default\">\n\t\t\t\t<div class=\"elementor-widget-container\">\n\t\t\t\t\t\t\t<div class=\"wd-text-block reset-last-child text-left\">\n\t\t\t\n\t\t\t<p>Descubra a magia de Cusco com a nossa excurs\u00e3o \u00fanica. Desde a imponente <strong>Machu Picchu<\/strong> at\u00e9 \u00e0 deslumbrante <strong>Montanha das 7 Cores,<\/strong> ir\u00e1 explorar maravilhas antigas e paisagens de cortar a respira\u00e7\u00e3o. Mergulhe na <strong>rica hist\u00f3ria da cidade de Cusco<\/strong> enquanto se deleita com o seu encanto colonial. Experimente a majestade da antiga civiliza\u00e7\u00e3o Inca e a vibrante cultura peruana nesta viagem inesquec\u00edvel.<\/p><p>Cusco espera-o de bra\u00e7os abertos!<\/p>\n\t\t\t\t\t<\/div>\n\t\t\t\t\t\t<\/div>\n\t\t\t\t<\/div>\n\t\t\t\t\t<\/div>\n\t\t<\/div>\n\t\t\t\t\t<\/div>\n\t\t<\/section>\n\t\t\t\t<section class=\"elementor-section elementor-top-section elementor-element elementor-element-046d307 elementor-section-boxed elementor-section-height-default elementor-section-height-default wd-section-disabled\" data-id=\"046d307\" data-element_type=\"section\" data-e-type=\"section\">\n\t\t\t\t\t\t<div class=\"elementor-container elementor-column-gap-default\">\n\t\t\t\t\t<div class=\"elementor-column elementor-col-50 elementor-top-column elementor-element elementor-element-a9a1f5a\" data-id=\"a9a1f5a\" data-element_type=\"column\" data-e-type=\"column\">\n\t\t\t<div class=\"elementor-widget-wrap elementor-element-populated\">\n\t\t\t\t\t\t<div class=\"elementor-element elementor-element-85fdef2 elementor-widget elementor-widget-wd_text_block\" data-id=\"85fdef2\" data-element_type=\"widget\" data-e-type=\"widget\" data-widget_type=\"wd_text_block.default\">\n\t\t\t\t<div class=\"elementor-widget-container\">\n\t\t\t\t\t\t\t<div class=\"wd-text-block reset-last-child text-left\">\n\t\t\t\n\t\t\t<p><strong>Dia: 1 CITY TOUR CUSCO<\/strong><\/p><p><strong>Cusco, cidade eterna,<\/strong> terra de fus\u00e3o, eixo do mundo, considerado o primeiro centro de integra\u00e7\u00e3o americana. Os Incas consideravam-na a cidade imperial, tendo mantido o seu esplendor e vitalidade at\u00e9 aos dias de hoje. Isto faz de Cusco um dos destinos mais fascinantes do mundo.<\/p><p><span style=\"text-decoration: underline;\"><strong>Descri\u00e7\u00e3o do servi\u00e7o:<\/strong> <\/span><\/p><p>O City Tour de Cusco \u00e9 uma experi\u00eancia inesquec\u00edvel que o levar\u00e1 ao Templo do Sol ou Qoricancha, o lugar onde os deuses dos pa\u00edses conquistados eram recebidos. Depois visitamos a fortaleza de Sacsayhuaman com impressionantes rochas esculpidas e cen\u00e1rio importante no Inti Raymi, visitamos Qenqo (labirinto) lugar onde o Inca Pachacutec teria descansado; depois visitamos Puka Pukara que era um ponto de vigil\u00e2ncia da fronteira com a estrada Antisuyo e finalmente visitamos o templo Tambomachay destinado ao culto da \u00e1gua. Finalmente, regressaremos \u00e0 cidade, culminando na Pra\u00e7a de Armas.<\/p><p><strong>Dia: 2 MACHUPICCHU DIA COMPLETO<\/strong><\/p><p><strong>Machu Picchu<\/strong> \u00e9 considerada a capital filos\u00f3fica dos Incas, \u00e9 um lugar sagrado, onde a vida se liga \u00e0 eternidade; os seus belos desenhos est\u00e3o em harmonia com o c\u00e9u, as montanhas; e as suas in\u00fameras escadas conduzem ao infinito.  <\/p><p><span style=\"text-decoration: underline;\"><strong>  Descri\u00e7\u00e3o do servi\u00e7o:<\/strong><\/span><\/p><p>O nosso dia come\u00e7ar\u00e1 com a recolha no hotel, a hora de recolha ser\u00e1 combinada no dia anterior. Iremos \u00e0 esta\u00e7\u00e3o de Ollantaytambo para embarcar no comboio que nos levar\u00e1 \u00e0 cidade de Aguas Calientes. No caminho, poder\u00e1 desfrutar de belas paisagens andinas e vistas da selva. Depois apanhamos o autocarro at\u00e9 \u00e0 cidadela de Machu Picchu para apreciar em todo o seu esplendor esta maravilha arquitet\u00f3nica, teremos uma visita guiada de aproximadamente 2 horas e meia. No final da excurs\u00e3o, descemos de autocarro at\u00e9 Aguas Calientes e apanhamos o comboio de regresso a Ollantaytambo, depois embarcamos no transporte que nos leva at\u00e9 \u00e0 cidade de Cusco. O servi\u00e7o termina \u00e0 chegada a Cusco.<br><br><strong>Dia: 3 MONTANHA DAS 7 CORES<\/strong><\/p><p><strong>A Montanha das 7 Cores ou Montanha Arco-\u00cdris<\/strong> \u00e9 uma das mais belas atrac\u00e7\u00f5es naturais onde se pode apreciar as diferentes cores das montanhas e os picos cobertos de neve, como o Ausangate. Apresenta uma colora\u00e7\u00e3o natural devido \u00e0 presen\u00e7a de rochas sedimentares em eros\u00e3o.<\/p><p><span style=\"text-decoration: underline;\"><strong>Descri\u00e7\u00e3o do servi\u00e7o:<\/strong><\/span><\/p><p>De manh\u00e3 cedo, come\u00e7amos com a recolha no hotel entre as 4:30 e as 5:00 e dirigimo-nos \u00e0 comunidade de Cusipata para um delicioso pequeno-almo\u00e7o, continuamos at\u00e9 ao fim da estrada, onde come\u00e7a a nossa caminhada. (Se preferir, pode alugar cavalos aqui). Quando chegar ao cimo, poder\u00e1 apreciar a montanha de 7 cores em todo o seu esplendor. Depois come\u00e7amos a viagem de regresso para desfrutar de um delicioso almo\u00e7o, continuamos a viagem at\u00e9 chegarmos \u00e0 cidade de Cusco.<\/p><p><strong>Dia: 4 TRANSFER HOTEL - AEROPORTO DE CUSCO<\/strong><\/p><p>TRANSFER HOTEL - AEROPORTO<\/p><p><span style=\"text-decoration: underline;\"><strong>Descri\u00e7\u00e3o do servi\u00e7o:<\/strong><\/span><\/p><p>Um membro da equipa ir\u00e1 busc\u00e1-lo ao hotel 2 horas antes da hora do seu voo.<br>Agradecemos a sua prefer\u00eancia por passar uns dias magn\u00edficos na Cidade dos Incas: Cusco.<\/p>\n\t\t\t\t\t<\/div>\n\t\t\t\t\t\t<\/div>\n\t\t\t\t<\/div>\n\t\t\t\t\t<\/div>\n\t\t<\/div>\n\t\t\t\t<div class=\"elementor-column elementor-col-50 elementor-top-column elementor-element elementor-element-84f4c28\" data-id=\"84f4c28\" data-element_type=\"column\" data-e-type=\"column\">\n\t\t\t<div class=\"elementor-widget-wrap elementor-element-populated\">\n\t\t\t\t\t\t<div class=\"elementor-element elementor-element-11c4eed elementor-widget__width-initial elementor-widget elementor-widget-wd_text_block\" data-id=\"11c4eed\" data-element_type=\"widget\" data-e-type=\"widget\" data-widget_type=\"wd_text_block.default\">\n\t\t\t\t<div class=\"elementor-widget-container\">\n\t\t\t\t\t\t\t<div class=\"wd-text-block reset-last-child text-left\">\n\t\t\t\n\t\t\t<p><strong>INCLUINDO<\/strong><\/p><ul><li>Transporte tur\u00edstico.<\/li><li>Orienta\u00e7\u00e3o.<\/li><li>Comboio para Machu Picchu.<\/li><li>Entrada nos parques arqueol\u00f3gicos<\/li><li>O autocarro Consettur sobe e desce.<\/li><li>1 pequeno-almo\u00e7o - 1 almo\u00e7o.<\/li><li>Bast\u00f5es de trekking.<\/li><li>Oxig\u00e9nio.<\/li><li>3 noites de alojamento em Cusco com categoria de 3 estrelas.<\/li><li>Pequeno-almo\u00e7o no hotel<\/li><\/ul>\n\t\t\t\t\t<\/div>\n\t\t\t\t\t\t<\/div>\n\t\t\t\t<\/div>\n\t\t\t\t<div class=\"elementor-element elementor-element-b54c2d8 elementor-widget elementor-widget-wd_text_block\" data-id=\"b54c2d8\" data-element_type=\"widget\" data-e-type=\"widget\" data-widget_type=\"wd_text_block.default\">\n\t\t\t\t<div class=\"elementor-widget-container\">\n\t\t\t\t\t\t\t<div class=\"wd-text-block reset-last-child text-left\">\n\t\t\t\n\t\t\t<p><strong>RECOMENDA\u00c7\u00d5ES<\/strong><\/p><ul><li>Usar roupa leve e roupa quente<\/li><li>Dinheiro extra<\/li><li>Chap\u00e9u<\/li><li>Bloqueador<\/li><li>Garrafa de \u00e1gua<\/li><li>Verifique os seus pertences antes de sair do hotel.<\/li><li>Tenham os vossos passaportes \u00e0 m\u00e3o.<\/li><li>Tenha o seu bilhete de avi\u00e3o \u00e0 m\u00e3o.<\/li><\/ul>\n\t\t\t\t\t<\/div>\n\t\t\t\t\t\t<\/div>\n\t\t\t\t<\/div>\n\t\t\t\t\t<\/div>\n\t\t<\/div>\n\t\t\t\t\t<\/div>\n\t\t<\/section>\n\t\t\t\t<\/div>\n\t\t","protected":false},"excerpt":{"rendered":"<p>Descubra a magia de Cusco com a nossa excurs\u00e3o \u00fanica. Desde a imponente Machu Picchu at\u00e9 \u00e0 deslumbrante Montanha das<\/p>\n","protected":false},"featured_media":18119,"template":"","meta":{"_joinchat":[]},"product_brand":[],"product_cat":[116],"product_tag":[],"class_list":{"0":"post-18102","1":"product","2":"type-product","3":"status-publish","4":"has-post-thumbnail","6":"product_cat-cusco-pt-br","8":"first","9":"instock","10":"shipping-taxable","11":"purchasable","12":"product-type-simple"},"jetpack_sharing_enabled":true,"_links":{"self":[{"href":"https:\/\/destinosdelperu.com\/pt-br\/wp-json\/wp\/v2\/product\/18102","targetHints":{"allow":["GET"]}}],"collection":[{"href":"https:\/\/destinosdelperu.com\/pt-br\/wp-json\/wp\/v2\/product"}],"about":[{"href":"https:\/\/destinosdelperu.com\/pt-br\/wp-json\/wp\/v2\/types\/product"}],"version-history":[{"count":3,"href":"https:\/\/destinosdelperu.com\/pt-br\/wp-json\/wp\/v2\/product\/18102\/revisions"}],"predecessor-version":[{"id":18116,"href":"https:\/\/destinosdelperu.com\/pt-br\/wp-json\/wp\/v2\/product\/18102\/revisions\/18116"}],"wp:featuredmedia":[{"embeddable":true,"href":"https:\/\/destinosdelperu.com\/pt-br\/wp-json\/wp\/v2\/media\/18119"}],"wp:attachment":[{"href":"https:\/\/destinosdelperu.com\/pt-br\/wp-json\/wp\/v2\/media?parent=18102"}],"wp:term":[{"taxonomy":"product_brand","embeddable":true,"href":"https:\/\/destinosdelperu.com\/pt-br\/wp-json\/wp\/v2\/product_brand?post=18102"},{"taxonomy":"product_cat","embeddable":true,"href":"https:\/\/destinosdelperu.com\/pt-br\/wp-json\/wp\/v2\/product_cat?post=18102"},{"taxonomy":"product_tag","embeddable":true,"href":"https:\/\/destinosdelperu.com\/pt-br\/wp-json\/wp\/v2\/product_tag?post=18102"}],"curies":[{"name":"wp","href":"https:\/\/api.w.org\/{rel}","templated":true}]}}