{"id":18061,"date":"2023-09-14T23:22:50","date_gmt":"2023-09-14T21:22:50","guid":{"rendered":"https:\/\/destinosdelperu.com\/tour\/machu-picchu-dia-inteiro\/"},"modified":"2023-11-04T17:26:07","modified_gmt":"2023-11-04T16:26:07","slug":"machu-picchu-dia-inteiro","status":"publish","type":"product","link":"https:\/\/destinosdelperu.com\/pt-br\/tour\/machu-picchu-dia-inteiro\/","title":{"rendered":"MACHU PICCHU DIA INTEIRO"},"content":{"rendered":"\t\t<div data-elementor-type=\"wp-post\" data-elementor-id=\"18061\" class=\"elementor elementor-18061\">\n\t\t\t\t\t\t<section class=\"elementor-section elementor-top-section elementor-element elementor-element-988372f elementor-section-boxed elementor-section-height-default elementor-section-height-default wd-section-disabled\" data-id=\"988372f\" data-element_type=\"section\" data-e-type=\"section\">\n\t\t\t\t\t\t<div class=\"elementor-container elementor-column-gap-default\">\n\t\t\t\t\t<div class=\"elementor-column elementor-col-100 elementor-top-column elementor-element elementor-element-c1ac9e8\" data-id=\"c1ac9e8\" data-element_type=\"column\" data-e-type=\"column\">\n\t\t\t<div class=\"elementor-widget-wrap elementor-element-populated\">\n\t\t\t\t\t\t<div class=\"elementor-element elementor-element-f7b3075 elementor-widget elementor-widget-wd_text_block\" data-id=\"f7b3075\" data-element_type=\"widget\" data-e-type=\"widget\" data-widget_type=\"wd_text_block.default\">\n\t\t\t\t<div class=\"elementor-widget-container\">\n\t\t\t\t\t\t\t<div class=\"wd-text-block reset-last-child text-left\">\n\t\t\t\n\t\t\t<p><strong><em>Machu Picchu<\/em><\/strong><em>  \u00e9 considerada a capital filos\u00f3fica dos Incas, \u00e9 um lugar sagrado, onde a vida se liga \u00e0 eternidade; os seus belos desenhos est\u00e3o em harmonia com o c\u00e9u, as montanhas; e as suas in\u00fameras escadas conduzem ao infinito.  <br><br><strong>Machu Picchu<\/strong> significa Montanha Sagrada, onde o anseio da civiliza\u00e7\u00e3o Inca foi gravar em pedra o seu desejo de eternidade e vida. Em julho de 2007, foi escolhida como uma das 7 maravilhas do mundo moderno.<\/em><\/p>\n\t\t\t\t\t<\/div>\n\t\t\t\t\t\t<\/div>\n\t\t\t\t<\/div>\n\t\t\t\t\t<\/div>\n\t\t<\/div>\n\t\t\t\t\t<\/div>\n\t\t<\/section>\n\t\t\t\t<section class=\"elementor-section elementor-top-section elementor-element elementor-element-d95d192 elementor-section-boxed elementor-section-height-default elementor-section-height-default wd-section-disabled\" data-id=\"d95d192\" data-element_type=\"section\" data-e-type=\"section\">\n\t\t\t\t\t\t<div class=\"elementor-container elementor-column-gap-default\">\n\t\t\t\t\t<div class=\"elementor-column elementor-col-50 elementor-top-column elementor-element elementor-element-adaaeb0\" data-id=\"adaaeb0\" data-element_type=\"column\" data-e-type=\"column\">\n\t\t\t<div class=\"elementor-widget-wrap elementor-element-populated\">\n\t\t\t\t\t\t<div class=\"elementor-element elementor-element-ac8b1ef elementor-widget elementor-widget-wd_text_block\" data-id=\"ac8b1ef\" data-element_type=\"widget\" data-e-type=\"widget\" data-widget_type=\"wd_text_block.default\">\n\t\t\t\t<div class=\"elementor-widget-container\">\n\t\t\t\t\t\t\t<div class=\"wd-text-block reset-last-child text-left\">\n\t\t\t\n\t\t\t<p><strong>Descri\u00e7\u00e3o do servi\u00e7o:<\/strong><\/p><ul><li style=\"list-style-type: none;\"><ul><li>O nosso dia come\u00e7ar\u00e1 com a recolha no hotel, a hora de recolha ser\u00e1 combinada no dia anterior.<\/li><li>Iremos \u00e0 esta\u00e7\u00e3o de Ollantaytambo para embarcar no comboio que nos levar\u00e1 \u00e0 cidade de Aguas Calientes. No caminho, poder\u00e1 desfrutar de belas paisagens andinas e vistas da selva.<\/li><li>Depois, apanhamos o autocarro para a cidadela de Machu Picchu para apreciar esta maravilha arquitet\u00f3nica em todo o seu esplendor.<\/li><li>No final da excurs\u00e3o, descemos de autocarro at\u00e9 Aguas Calientes e apanhamos o comboio de regresso a Ollantaytambo, depois embarcamos no transporte que nos leva at\u00e9 \u00e0 cidade de Cusco.<\/li><li>O servi\u00e7o termina \u00e0 chegada a Cusco.<\/li><\/ul><\/li><\/ul>\n\t\t\t\t\t<\/div>\n\t\t\t\t\t\t<\/div>\n\t\t\t\t<\/div>\n\t\t\t\t\t<\/div>\n\t\t<\/div>\n\t\t\t\t<div class=\"elementor-column elementor-col-50 elementor-top-column elementor-element elementor-element-571f80a\" data-id=\"571f80a\" data-element_type=\"column\" data-e-type=\"column\">\n\t\t\t<div class=\"elementor-widget-wrap elementor-element-populated\">\n\t\t\t\t\t\t<div class=\"elementor-element elementor-element-1191f21 elementor-widget elementor-widget-wd_text_block\" data-id=\"1191f21\" data-element_type=\"widget\" data-e-type=\"widget\" data-widget_type=\"wd_text_block.default\">\n\t\t\t\t<div class=\"elementor-widget-container\">\n\t\t\t\t\t\t\t<div class=\"wd-text-block reset-last-child text-left\">\n\t\t\t\n\t\t\t<p><strong>\n  <u>O servi\u00e7o inclui<\/u>\n<\/strong>:<\/p><ul><li style=\"list-style-type: none;\"><ul><li>Transporte tur\u00edstico<\/li><li>Comboio para Machu Picchu<\/li><li>Guia bilingue<\/li><li>Receitas<\/li><li>Autocarro Consettur  <\/li><\/ul><\/li><\/ul><p><strong>\n  <u>Recomenda\u00e7\u00f5es<\/u>\n<\/strong>:<\/p><ul><li style=\"list-style-type: none;\"><ul><li>Usar roupa confort\u00e1vel<\/li><li>Roupa imperme\u00e1vel em caso de chuva<\/li><li>Dinheiro extra<\/li><li>Chap\u00e9u<\/li><li>Repelente de mosquitos e protetor solar<\/li><\/ul><\/li><\/ul>\n\t\t\t\t\t<\/div>\n\t\t\t\t\t\t<\/div>\n\t\t\t\t<\/div>\n\t\t\t\t\t<\/div>\n\t\t<\/div>\n\t\t\t\t\t<\/div>\n\t\t<\/section>\n\t\t\t\t<\/div>\n\t\t","protected":false},"excerpt":{"rendered":"<p>Machu Picchu \u00e9 considerada a capital filos\u00f3fica dos Incas, \u00e9 um lugar sagrado, onde a vida se liga \u00e0 eternidade;<\/p>\n","protected":false},"featured_media":17415,"template":"","meta":{"_joinchat":[]},"product_brand":[],"product_cat":[116],"product_tag":[],"class_list":{"0":"post-18061","1":"product","2":"type-product","3":"status-publish","4":"has-post-thumbnail","6":"product_cat-cusco-pt-br","8":"first","9":"instock","10":"sale","11":"shipping-taxable","12":"purchasable","13":"product-type-simple"},"jetpack_sharing_enabled":true,"_links":{"self":[{"href":"https:\/\/destinosdelperu.com\/pt-br\/wp-json\/wp\/v2\/product\/18061","targetHints":{"allow":["GET"]}}],"collection":[{"href":"https:\/\/destinosdelperu.com\/pt-br\/wp-json\/wp\/v2\/product"}],"about":[{"href":"https:\/\/destinosdelperu.com\/pt-br\/wp-json\/wp\/v2\/types\/product"}],"version-history":[{"count":1,"href":"https:\/\/destinosdelperu.com\/pt-br\/wp-json\/wp\/v2\/product\/18061\/revisions"}],"predecessor-version":[{"id":18062,"href":"https:\/\/destinosdelperu.com\/pt-br\/wp-json\/wp\/v2\/product\/18061\/revisions\/18062"}],"wp:featuredmedia":[{"embeddable":true,"href":"https:\/\/destinosdelperu.com\/pt-br\/wp-json\/wp\/v2\/media\/17415"}],"wp:attachment":[{"href":"https:\/\/destinosdelperu.com\/pt-br\/wp-json\/wp\/v2\/media?parent=18061"}],"wp:term":[{"taxonomy":"product_brand","embeddable":true,"href":"https:\/\/destinosdelperu.com\/pt-br\/wp-json\/wp\/v2\/product_brand?post=18061"},{"taxonomy":"product_cat","embeddable":true,"href":"https:\/\/destinosdelperu.com\/pt-br\/wp-json\/wp\/v2\/product_cat?post=18061"},{"taxonomy":"product_tag","embeddable":true,"href":"https:\/\/destinosdelperu.com\/pt-br\/wp-json\/wp\/v2\/product_tag?post=18061"}],"curies":[{"name":"wp","href":"https:\/\/api.w.org\/{rel}","templated":true}]}}