{"id":18057,"date":"2023-09-14T23:19:52","date_gmt":"2023-09-14T21:19:52","guid":{"rendered":"https:\/\/destinosdelperu.com\/tour\/vale-sagrado-dia-inteiro\/"},"modified":"2023-11-04T17:26:07","modified_gmt":"2023-11-04T16:26:07","slug":"vale-sagrado-dia-inteiro","status":"publish","type":"product","link":"https:\/\/destinosdelperu.com\/pt-br\/tour\/vale-sagrado-dia-inteiro\/","title":{"rendered":"VALE SAGRADO DIA INTEIRO"},"content":{"rendered":"\t\t<div data-elementor-type=\"wp-post\" data-elementor-id=\"18057\" class=\"elementor elementor-18057\">\n\t\t\t\t\t\t<section class=\"elementor-section elementor-top-section elementor-element elementor-element-51bf744 elementor-section-boxed elementor-section-height-default elementor-section-height-default wd-section-disabled\" data-id=\"51bf744\" data-element_type=\"section\" data-e-type=\"section\">\n\t\t\t\t\t\t<div class=\"elementor-container elementor-column-gap-default\">\n\t\t\t\t\t<div class=\"elementor-column elementor-col-100 elementor-top-column elementor-element elementor-element-81f7c81\" data-id=\"81f7c81\" data-element_type=\"column\" data-e-type=\"column\">\n\t\t\t<div class=\"elementor-widget-wrap elementor-element-populated\">\n\t\t\t\t\t\t<div class=\"elementor-element elementor-element-df71270 elementor-widget elementor-widget-wd_text_block\" data-id=\"df71270\" data-element_type=\"widget\" data-e-type=\"widget\" data-widget_type=\"wd_text_block.default\">\n\t\t\t\t<div class=\"elementor-widget-container\">\n\t\t\t\t\t\t\t<div class=\"wd-text-block reset-last-child text-left\">\n\t\t\t\n\t\t\t<p><strong>\n  <em>Vale Sagrado dos Incas<\/em>\n<\/strong><em> \u00e9 um lugar m\u00e1gico e cheio de energia que o transportar\u00e1 no tempo atrav\u00e9s de belas paisagens, apreciando o imponente rio Vilcanota, aldeias pitorescas e monumentos arqueol\u00f3gicos que o far\u00e3o sentir-se parte da hist\u00f3ria.<\/em><\/p>\n\t\t\t\t\t<\/div>\n\t\t\t\t\t\t<\/div>\n\t\t\t\t<\/div>\n\t\t\t\t\t<\/div>\n\t\t<\/div>\n\t\t\t\t\t<\/div>\n\t\t<\/section>\n\t\t\t\t<section class=\"elementor-section elementor-top-section elementor-element elementor-element-8b50cd9 elementor-section-boxed elementor-section-height-default elementor-section-height-default wd-section-disabled\" data-id=\"8b50cd9\" data-element_type=\"section\" data-e-type=\"section\">\n\t\t\t\t\t\t<div class=\"elementor-container elementor-column-gap-default\">\n\t\t\t\t\t<div class=\"elementor-column elementor-col-50 elementor-top-column elementor-element elementor-element-231eaee\" data-id=\"231eaee\" data-element_type=\"column\" data-e-type=\"column\">\n\t\t\t<div class=\"elementor-widget-wrap elementor-element-populated\">\n\t\t\t\t\t\t<div class=\"elementor-element elementor-element-1fd5e87 elementor-widget elementor-widget-wd_text_block\" data-id=\"1fd5e87\" data-element_type=\"widget\" data-e-type=\"widget\" data-widget_type=\"wd_text_block.default\">\n\t\t\t\t<div class=\"elementor-widget-container\">\n\t\t\t\t\t\t\t<div class=\"wd-text-block reset-last-child text-left\">\n\t\t\t\n\t\t\t<ul><li style=\"list-style-type: none;\"><ul><li>O transporte para o in\u00edcio da excurs\u00e3o ir\u00e1 busc\u00e1-lo entre as 7h30 e as 8h00.<\/li><\/ul><\/li><\/ul><p style=\"padding-left: 40px;\">Saindo de Cusco, entramos no Vale Sagrado dos Incas atrav\u00e9s do  <strong>Miradouro de Taray<\/strong>Chegamos \u00e0 aldeia de Pisaq, uma cidade andina conhecida pelo seu mercado de artesanato.  <strong>Parque Arqueol\u00f3gico de Pisaq<\/strong>  Continuamos pelo vale at\u00e9 Urubamba para desfrutar de um delicioso almo\u00e7o buffet, chegamos a Urubamba, onde teremos um almo\u00e7o buffet.  <strong>para Ollantaytambo<\/strong>  \u00e9 considerado um centro religioso e pol\u00edtico do imp\u00e9rio Inca, os templos, fortalezas e a cidade Inca permanecem intactos. Por fim, visitaremos o <strong>centro arqueol\u00f3gico de Chinchero<\/strong>, onde conheceremos a hist\u00f3ria deste importante s\u00edtio.<\/p><ul><li style=\"list-style-type: none;\"><ul><li>Regresso a Cusco, desembarque perto da pra\u00e7a principal (18:00 pm aprox.)<\/li><\/ul><\/li><\/ul>\n\t\t\t\t\t<\/div>\n\t\t\t\t\t\t<\/div>\n\t\t\t\t<\/div>\n\t\t\t\t\t<\/div>\n\t\t<\/div>\n\t\t\t\t<div class=\"elementor-column elementor-col-50 elementor-top-column elementor-element elementor-element-dc026bd\" data-id=\"dc026bd\" data-element_type=\"column\" data-e-type=\"column\">\n\t\t\t<div class=\"elementor-widget-wrap elementor-element-populated\">\n\t\t\t\t\t\t<div class=\"elementor-element elementor-element-1c05ef4 elementor-widget elementor-widget-wd_text_block\" data-id=\"1c05ef4\" data-element_type=\"widget\" data-e-type=\"widget\" data-widget_type=\"wd_text_block.default\">\n\t\t\t\t<div class=\"elementor-widget-container\">\n\t\t\t\t\t\t\t<div class=\"wd-text-block reset-last-child text-left\">\n\t\t\t\n\t\t\t<p><strong>\n  <u>O servi\u00e7o inclui<\/u>\n<\/strong>:<\/p><ul><li style=\"list-style-type: none;\"><ul><li>Transporte tur\u00edstico<\/li><li>Guia bilingue<\/li><li>Almo\u00e7o buffet<\/li><li>Receitas<\/li><\/ul><\/li><\/ul><p><strong>\n  <u>Recomenda\u00e7\u00f5es<\/u>\n<\/strong>:<\/p><ul><li style=\"list-style-type: none;\"><ul><li>Usar roupa leve e roupa quente<\/li><li>Dinheiro extra<\/li><li>Chap\u00e9u<\/li><li>Bloqueador<\/li><li>Garrafa de \u00e1gua<\/li><\/ul><\/li><\/ul>\n\t\t\t\t\t<\/div>\n\t\t\t\t\t\t<\/div>\n\t\t\t\t<\/div>\n\t\t\t\t\t<\/div>\n\t\t<\/div>\n\t\t\t\t\t<\/div>\n\t\t<\/section>\n\t\t\t\t<\/div>\n\t\t","protected":false},"excerpt":{"rendered":"<p>Vale Sagrado dos Incas \u00e9 um lugar m\u00e1gico e cheio de energia que o transportar\u00e1 no tempo atrav\u00e9s de belas<\/p>\n","protected":false},"featured_media":17635,"template":"","meta":{"_joinchat":[]},"product_brand":[],"product_cat":[116],"product_tag":[],"class_list":{"0":"post-18057","1":"product","2":"type-product","3":"status-publish","4":"has-post-thumbnail","6":"product_cat-cusco-pt-br","8":"first","9":"instock","10":"shipping-taxable","11":"purchasable","12":"product-type-simple"},"jetpack_sharing_enabled":true,"_links":{"self":[{"href":"https:\/\/destinosdelperu.com\/pt-br\/wp-json\/wp\/v2\/product\/18057","targetHints":{"allow":["GET"]}}],"collection":[{"href":"https:\/\/destinosdelperu.com\/pt-br\/wp-json\/wp\/v2\/product"}],"about":[{"href":"https:\/\/destinosdelperu.com\/pt-br\/wp-json\/wp\/v2\/types\/product"}],"version-history":[{"count":1,"href":"https:\/\/destinosdelperu.com\/pt-br\/wp-json\/wp\/v2\/product\/18057\/revisions"}],"predecessor-version":[{"id":18058,"href":"https:\/\/destinosdelperu.com\/pt-br\/wp-json\/wp\/v2\/product\/18057\/revisions\/18058"}],"wp:featuredmedia":[{"embeddable":true,"href":"https:\/\/destinosdelperu.com\/pt-br\/wp-json\/wp\/v2\/media\/17635"}],"wp:attachment":[{"href":"https:\/\/destinosdelperu.com\/pt-br\/wp-json\/wp\/v2\/media?parent=18057"}],"wp:term":[{"taxonomy":"product_brand","embeddable":true,"href":"https:\/\/destinosdelperu.com\/pt-br\/wp-json\/wp\/v2\/product_brand?post=18057"},{"taxonomy":"product_cat","embeddable":true,"href":"https:\/\/destinosdelperu.com\/pt-br\/wp-json\/wp\/v2\/product_cat?post=18057"},{"taxonomy":"product_tag","embeddable":true,"href":"https:\/\/destinosdelperu.com\/pt-br\/wp-json\/wp\/v2\/product_tag?post=18057"}],"curies":[{"name":"wp","href":"https:\/\/api.w.org\/{rel}","templated":true}]}}