{"id":18053,"date":"2023-09-14T22:48:00","date_gmt":"2023-09-14T20:48:00","guid":{"rendered":"https:\/\/destinosdelperu.com\/tour\/super-vale-sagrado-dia-inteiro\/"},"modified":"2023-11-04T17:26:07","modified_gmt":"2023-11-04T16:26:07","slug":"super-vale-sagrado-dia-inteiro","status":"publish","type":"product","link":"https:\/\/destinosdelperu.com\/pt-br\/tour\/super-vale-sagrado-dia-inteiro\/","title":{"rendered":"SUPER VALE SAGRADO DIA INTEIRO"},"content":{"rendered":"\t\t<div data-elementor-type=\"wp-post\" data-elementor-id=\"18053\" class=\"elementor elementor-18053\">\n\t\t\t\t\t\t<section class=\"elementor-section elementor-top-section elementor-element elementor-element-19a30ef elementor-section-boxed elementor-section-height-default elementor-section-height-default wd-section-disabled\" data-id=\"19a30ef\" data-element_type=\"section\" data-e-type=\"section\">\n\t\t\t\t\t\t<div class=\"elementor-container elementor-column-gap-default\">\n\t\t\t\t\t<div class=\"elementor-column elementor-col-100 elementor-top-column elementor-element elementor-element-6ea0071\" data-id=\"6ea0071\" data-element_type=\"column\" data-e-type=\"column\">\n\t\t\t<div class=\"elementor-widget-wrap elementor-element-populated\">\n\t\t\t\t\t\t<div class=\"elementor-element elementor-element-7bffc26 elementor-widget elementor-widget-wd_text_block\" data-id=\"7bffc26\" data-element_type=\"widget\" data-e-type=\"widget\" data-widget_type=\"wd_text_block.default\">\n\t\t\t\t<div class=\"elementor-widget-container\">\n\t\t\t\t\t\t\t<div class=\"wd-text-block reset-last-child text-left\">\n\t\t\t\n\t\t\t<p><strong>\n  <em>Vale Sagrado dos Incas<\/em>\n<\/strong><em> \u00e9 um lugar m\u00e1gico e cheio de energia que o transportar\u00e1 no tempo atrav\u00e9s de belas paisagens, apreciando o imponente rio Vilcanota, aldeias pitorescas e monumentos arqueol\u00f3gicos que o far\u00e3o sentir-se parte da hist\u00f3ria.<\/em><\/p>\n\t\t\t\t\t<\/div>\n\t\t\t\t\t\t<\/div>\n\t\t\t\t<\/div>\n\t\t\t\t\t<\/div>\n\t\t<\/div>\n\t\t\t\t\t<\/div>\n\t\t<\/section>\n\t\t\t\t<section class=\"elementor-section elementor-top-section elementor-element elementor-element-046d307 elementor-section-boxed elementor-section-height-default elementor-section-height-default wd-section-disabled\" data-id=\"046d307\" data-element_type=\"section\" data-e-type=\"section\">\n\t\t\t\t\t\t<div class=\"elementor-container elementor-column-gap-default\">\n\t\t\t\t\t<div class=\"elementor-column elementor-col-50 elementor-top-column elementor-element elementor-element-a9a1f5a\" data-id=\"a9a1f5a\" data-element_type=\"column\" data-e-type=\"column\">\n\t\t\t<div class=\"elementor-widget-wrap elementor-element-populated\">\n\t\t\t\t\t\t<div class=\"elementor-element elementor-element-85fdef2 elementor-widget elementor-widget-wd_text_block\" data-id=\"85fdef2\" data-element_type=\"widget\" data-e-type=\"widget\" data-widget_type=\"wd_text_block.default\">\n\t\t\t\t<div class=\"elementor-widget-container\">\n\t\t\t\t\t\t\t<div class=\"wd-text-block reset-last-child text-left\">\n\t\t\t\n\t\t\t<p><strong>Descri\u00e7\u00e3o do servi\u00e7o<\/strong>:<\/p><ul><li style=\"list-style-type: none;\"><ul><li>O transporte para o in\u00edcio da excurs\u00e3o ir\u00e1 busc\u00e1-lo entre as 6h30 e as 7h00.<\/li><\/ul><\/li><\/ul><p style=\"padding-left: 40px;\">Este passeio \u00e9 um pouco mais extenso, ter\u00e1 a oportunidade de visitar <strong>Chinchero<\/strong> com as suas oficinas t\u00eaxteis e aprender sobre as t\u00e9cnicas ancestrais de tecelagem. Em <strong>Maras<\/strong>, \u00e9 poss\u00edvel visitar as famosas salinas e, nas proximidades, o s\u00edtio arqueol\u00f3gico de <strong>Moray<\/strong>, constitu\u00eddo por v\u00e1rias plataformas circulares que foram utilizadas para a agricultura experimental. Continuamos para <strong>Ollantaytambo <\/strong>, um dos s\u00edtios arqueol\u00f3gicos mais importantes do Vale Sagrado, considerado um centro religioso e pol\u00edtico do imp\u00e9rio Inca.<\/p><p style=\"padding-left: 40px;\">Por fim, <strong>Pisac<\/strong> \u00e9 um belo s\u00edtio arqueol\u00f3gico com terra\u00e7os, templos e cemit\u00e9rios incas. Existe tamb\u00e9m um mercado colorido onde se pode encontrar artesanato local e produtos frescos.  <\/p><ul><li style=\"list-style-type: none;\"><ul><li>Regresso a Cusco, desembarque perto da pra\u00e7a principal (19:30h aprox.)<\/li><\/ul><\/li><\/ul>\n\t\t\t\t\t<\/div>\n\t\t\t\t\t\t<\/div>\n\t\t\t\t<\/div>\n\t\t\t\t\t<\/div>\n\t\t<\/div>\n\t\t\t\t<div class=\"elementor-column elementor-col-50 elementor-top-column elementor-element elementor-element-ed3edba\" data-id=\"ed3edba\" data-element_type=\"column\" data-e-type=\"column\">\n\t\t\t<div class=\"elementor-widget-wrap elementor-element-populated\">\n\t\t\t\t\t\t<div class=\"elementor-element elementor-element-11c4eed elementor-widget elementor-widget-wd_text_block\" data-id=\"11c4eed\" data-element_type=\"widget\" data-e-type=\"widget\" data-widget_type=\"wd_text_block.default\">\n\t\t\t\t<div class=\"elementor-widget-container\">\n\t\t\t\t\t\t\t<div class=\"wd-text-block reset-last-child text-left\">\n\t\t\t\n\t\t\t<p><strong>\n  <u>O servi\u00e7o inclui<\/u>\n<\/strong>:<\/p><ul><li style=\"list-style-type: none;\"><ul><li>Transporte tur\u00edstico<\/li><li>Guia bilingue<\/li><li>Almo\u00e7o buffet<\/li><li>Receitas<\/li><\/ul><\/li><\/ul><p><strong>\n  <u>Recomenda\u00e7\u00f5es<\/u>\n<\/strong>:<\/p><ul><li style=\"list-style-type: none;\"><ul><li>Usar roupa leve e roupa quente<\/li><li>Dinheiro extra<\/li><li>Chap\u00e9u<\/li><li>Bloqueador<\/li><li>Garrafa de \u00e1gua<\/li><\/ul><\/li><\/ul>\n\t\t\t\t\t<\/div>\n\t\t\t\t\t\t<\/div>\n\t\t\t\t<\/div>\n\t\t\t\t\t<\/div>\n\t\t<\/div>\n\t\t\t\t\t<\/div>\n\t\t<\/section>\n\t\t\t\t<\/div>\n\t\t","protected":false},"excerpt":{"rendered":"<p>Vale Sagrado dos Incas \u00e9 um lugar m\u00e1gico e cheio de energia que o transportar\u00e1 no tempo atrav\u00e9s de belas<\/p>\n","protected":false},"featured_media":17409,"template":"","meta":{"_joinchat":[]},"product_brand":[],"product_cat":[116],"product_tag":[],"class_list":{"0":"post-18053","1":"product","2":"type-product","3":"status-publish","4":"has-post-thumbnail","6":"product_cat-cusco-pt-br","8":"first","9":"instock","10":"shipping-taxable","11":"purchasable","12":"product-type-simple"},"jetpack_sharing_enabled":true,"_links":{"self":[{"href":"https:\/\/destinosdelperu.com\/pt-br\/wp-json\/wp\/v2\/product\/18053","targetHints":{"allow":["GET"]}}],"collection":[{"href":"https:\/\/destinosdelperu.com\/pt-br\/wp-json\/wp\/v2\/product"}],"about":[{"href":"https:\/\/destinosdelperu.com\/pt-br\/wp-json\/wp\/v2\/types\/product"}],"version-history":[{"count":1,"href":"https:\/\/destinosdelperu.com\/pt-br\/wp-json\/wp\/v2\/product\/18053\/revisions"}],"predecessor-version":[{"id":18054,"href":"https:\/\/destinosdelperu.com\/pt-br\/wp-json\/wp\/v2\/product\/18053\/revisions\/18054"}],"wp:featuredmedia":[{"embeddable":true,"href":"https:\/\/destinosdelperu.com\/pt-br\/wp-json\/wp\/v2\/media\/17409"}],"wp:attachment":[{"href":"https:\/\/destinosdelperu.com\/pt-br\/wp-json\/wp\/v2\/media?parent=18053"}],"wp:term":[{"taxonomy":"product_brand","embeddable":true,"href":"https:\/\/destinosdelperu.com\/pt-br\/wp-json\/wp\/v2\/product_brand?post=18053"},{"taxonomy":"product_cat","embeddable":true,"href":"https:\/\/destinosdelperu.com\/pt-br\/wp-json\/wp\/v2\/product_cat?post=18053"},{"taxonomy":"product_tag","embeddable":true,"href":"https:\/\/destinosdelperu.com\/pt-br\/wp-json\/wp\/v2\/product_tag?post=18053"}],"curies":[{"name":"wp","href":"https:\/\/api.w.org\/{rel}","templated":true}]}}