{"id":18038,"date":"2023-09-06T21:52:22","date_gmt":"2023-09-06T19:52:22","guid":{"rendered":"https:\/\/destinosdelperu.com\/tour\/lagoa-de-salinas-e-sillar\/"},"modified":"2023-11-04T17:25:32","modified_gmt":"2023-11-04T16:25:32","slug":"lagoa-de-salinas-e-sillar","status":"publish","type":"product","link":"https:\/\/destinosdelperu.com\/pt-br\/tour\/lagoa-de-salinas-e-sillar\/","title":{"rendered":"LAGOA DE SALINAS E SILLAR"},"content":{"rendered":"\t\t<div data-elementor-type=\"wp-post\" data-elementor-id=\"18038\" class=\"elementor elementor-18038\">\n\t\t\t\t\t\t<section class=\"elementor-section elementor-top-section elementor-element elementor-element-5eee74c elementor-section-boxed elementor-section-height-default elementor-section-height-default wd-section-disabled\" data-id=\"5eee74c\" data-element_type=\"section\" data-e-type=\"section\">\n\t\t\t\t\t\t<div class=\"elementor-container elementor-column-gap-default\">\n\t\t\t\t\t<div class=\"elementor-column elementor-col-100 elementor-top-column elementor-element elementor-element-299e64b\" data-id=\"299e64b\" data-element_type=\"column\" data-e-type=\"column\">\n\t\t\t<div class=\"elementor-widget-wrap elementor-element-populated\">\n\t\t\t\t\t\t<div class=\"elementor-element elementor-element-616afd9 elementor-widget elementor-widget-wd_text_block\" data-id=\"616afd9\" data-element_type=\"widget\" data-e-type=\"widget\" data-widget_type=\"wd_text_block.default\">\n\t\t\t\t<div class=\"elementor-widget-container\">\n\t\t\t\t\t\t\t<div class=\"wd-text-block reset-last-child text-left\">\n\t\t\t\n\t\t\t<p>A Laguna de Salinas \u00e9 uma impressionante massa de \u00e1gua salgada localizada na regi\u00e3o de Arequipa, no Peru. O que a torna particularmente interessante \u00e9 a sua paisagem surrealista, que se assemelha a um deserto branco.<\/p><p>Por outro lado, o sillar \u00e9 uma rocha vulc\u00e2nica usada na constru\u00e7\u00e3o de muitos dos belos edif\u00edcios coloniais encontrados em Arequipa. O que torna o silhar ainda mais interessante \u00e9 a sua cor branca e a sua textura suave, que conferem aos edif\u00edcios um aspeto elegante e distinto.<\/p><p>a Lagoa Salinas e o sillar s\u00e3o duas atrac\u00e7\u00f5es naturais distintas de Arequipa que oferecem uma experi\u00eancia \u00fanica. Tanto para os amantes da natureza como para os entusiastas da arquitetura, este lugar \u00e9 obrigat\u00f3rio em qualquer viagem a esta regi\u00e3o do Peru.<\/p>\n\t\t\t\t\t<\/div>\n\t\t\t\t\t\t<\/div>\n\t\t\t\t<\/div>\n\t\t\t\t\t<\/div>\n\t\t<\/div>\n\t\t\t\t\t<\/div>\n\t\t<\/section>\n\t\t\t\t<section class=\"elementor-section elementor-top-section elementor-element elementor-element-31a10cc elementor-section-boxed elementor-section-height-default elementor-section-height-default wd-section-disabled\" data-id=\"31a10cc\" data-element_type=\"section\" data-e-type=\"section\">\n\t\t\t\t\t\t<div class=\"elementor-container elementor-column-gap-default\">\n\t\t\t\t\t<div class=\"elementor-column elementor-col-50 elementor-top-column elementor-element elementor-element-84bd21a\" data-id=\"84bd21a\" data-element_type=\"column\" data-e-type=\"column\">\n\t\t\t<div class=\"elementor-widget-wrap elementor-element-populated\">\n\t\t\t\t\t\t<div class=\"elementor-element elementor-element-60c863d elementor-widget elementor-widget-wd_text_block\" data-id=\"60c863d\" data-element_type=\"widget\" data-e-type=\"widget\" data-widget_type=\"wd_text_block.default\">\n\t\t\t\t<div class=\"elementor-widget-container\">\n\t\t\t\t\t\t\t<div class=\"wd-text-block reset-last-child text-left\">\n\t\t\t\n\t\t\t<p><strong>Descri\u00e7\u00e3o do servi\u00e7o:<\/strong><\/p><ul><li>Encontro no Centro Hist\u00f3rico de Arequipa \u00e0s 6:00 horas.<\/li><li>A primeira paragem \u00e9 para o pequeno-almo\u00e7o na aldeia de Chiguata.<\/li><li>faremos uma paragem em Alto Simbral<\/li><li>Lagoa de Salinas<\/li><li>Finalmente, regressamos ao centro da cidade<\/li><\/ul>\n\t\t\t\t\t<\/div>\n\t\t\t\t\t\t<\/div>\n\t\t\t\t<\/div>\n\t\t\t\t\t<\/div>\n\t\t<\/div>\n\t\t\t\t<div class=\"elementor-column elementor-col-50 elementor-top-column elementor-element elementor-element-d2cdc3c\" data-id=\"d2cdc3c\" data-element_type=\"column\" data-e-type=\"column\">\n\t\t\t<div class=\"elementor-widget-wrap elementor-element-populated\">\n\t\t\t\t\t\t<div class=\"elementor-element elementor-element-f68ee70 elementor-widget elementor-widget-wd_text_block\" data-id=\"f68ee70\" data-element_type=\"widget\" data-e-type=\"widget\" data-widget_type=\"wd_text_block.default\">\n\t\t\t\t<div class=\"elementor-widget-container\">\n\t\t\t\t\t\t\t<div class=\"wd-text-block reset-last-child text-left\">\n\t\t\t\n\t\t\t<p><strong>Inclui:<\/strong><\/p><ul><li>Transporte tur\u00edstico<\/li><li>Guia tur\u00edstico oficial<\/li><li>Receitas<\/li><li>Pequeno-almo\u00e7o<\/li><li>Assist\u00eancia cont\u00ednua<\/li><\/ul><p><strong>Recomenda\u00e7\u00f5es:<\/strong><\/p><ul><li>Usar vestu\u00e1rio adequado para caminhadas<\/li><li>Usar roupa quente.<\/li><li>Usar \u00f3culos de sol e protetor solar<\/li><li>Se desejar, use um chap\u00e9u e galochas.<\/li><li>Usar fato de banho e sand\u00e1lias.<\/li><\/ul>\n\t\t\t\t\t<\/div>\n\t\t\t\t\t\t<\/div>\n\t\t\t\t<\/div>\n\t\t\t\t\t<\/div>\n\t\t<\/div>\n\t\t\t\t\t<\/div>\n\t\t<\/section>\n\t\t\t\t<\/div>\n\t\t","protected":false},"excerpt":{"rendered":"<p>A Laguna de Salinas \u00e9 uma impressionante massa de \u00e1gua salgada localizada na regi\u00e3o de Arequipa, no Peru. O que<\/p>\n","protected":false},"featured_media":17499,"template":"","meta":{"_joinchat":[]},"product_brand":[],"product_cat":[155],"product_tag":[],"class_list":{"0":"post-18038","1":"product","2":"type-product","3":"status-publish","4":"has-post-thumbnail","6":"product_cat-arequipa-pt-br","8":"first","9":"instock","10":"shipping-taxable","11":"purchasable","12":"product-type-simple"},"jetpack_sharing_enabled":true,"_links":{"self":[{"href":"https:\/\/destinosdelperu.com\/pt-br\/wp-json\/wp\/v2\/product\/18038","targetHints":{"allow":["GET"]}}],"collection":[{"href":"https:\/\/destinosdelperu.com\/pt-br\/wp-json\/wp\/v2\/product"}],"about":[{"href":"https:\/\/destinosdelperu.com\/pt-br\/wp-json\/wp\/v2\/types\/product"}],"version-history":[{"count":1,"href":"https:\/\/destinosdelperu.com\/pt-br\/wp-json\/wp\/v2\/product\/18038\/revisions"}],"predecessor-version":[{"id":18050,"href":"https:\/\/destinosdelperu.com\/pt-br\/wp-json\/wp\/v2\/product\/18038\/revisions\/18050"}],"wp:featuredmedia":[{"embeddable":true,"href":"https:\/\/destinosdelperu.com\/pt-br\/wp-json\/wp\/v2\/media\/17499"}],"wp:attachment":[{"href":"https:\/\/destinosdelperu.com\/pt-br\/wp-json\/wp\/v2\/media?parent=18038"}],"wp:term":[{"taxonomy":"product_brand","embeddable":true,"href":"https:\/\/destinosdelperu.com\/pt-br\/wp-json\/wp\/v2\/product_brand?post=18038"},{"taxonomy":"product_cat","embeddable":true,"href":"https:\/\/destinosdelperu.com\/pt-br\/wp-json\/wp\/v2\/product_cat?post=18038"},{"taxonomy":"product_tag","embeddable":true,"href":"https:\/\/destinosdelperu.com\/pt-br\/wp-json\/wp\/v2\/product_tag?post=18038"}],"curies":[{"name":"wp","href":"https:\/\/api.w.org\/{rel}","templated":true}]}}