{"id":18036,"date":"2023-09-06T22:11:10","date_gmt":"2023-09-06T20:11:10","guid":{"rendered":"https:\/\/destinosdelperu.com\/tour\/ilhas-palomino\/"},"modified":"2023-11-04T17:25:29","modified_gmt":"2023-11-04T16:25:29","slug":"ilhas-palomino","status":"publish","type":"product","link":"https:\/\/destinosdelperu.com\/pt-br\/tour\/ilhas-palomino\/","title":{"rendered":"ILHAS PALOMINO"},"content":{"rendered":"\t\t<div data-elementor-type=\"wp-post\" data-elementor-id=\"18036\" class=\"elementor elementor-18036\">\n\t\t\t\t\t\t<section class=\"elementor-section elementor-top-section elementor-element elementor-element-6e8b79c elementor-section-boxed elementor-section-height-default elementor-section-height-default wd-section-disabled\" data-id=\"6e8b79c\" data-element_type=\"section\" data-e-type=\"section\">\n\t\t\t\t\t\t<div class=\"elementor-container elementor-column-gap-default\">\n\t\t\t\t\t<div class=\"elementor-column elementor-col-100 elementor-top-column elementor-element elementor-element-375be16\" data-id=\"375be16\" data-element_type=\"column\" data-e-type=\"column\">\n\t\t\t<div class=\"elementor-widget-wrap elementor-element-populated\">\n\t\t\t\t\t\t<div class=\"elementor-element elementor-element-663ca09 elementor-widget elementor-widget-wd_text_block\" data-id=\"663ca09\" data-element_type=\"widget\" data-e-type=\"widget\" data-widget_type=\"wd_text_block.default\">\n\t\t\t\t<div class=\"elementor-widget-container\">\n\t\t\t\t\t\t\t<div class=\"wd-text-block reset-last-child text-left\">\n\t\t\t\n\t\t\t<p>Esta incr\u00edvel ilha foi anteriormente utilizada como <strong>ilha de guano<\/strong>, mas esta atividade foi interrompida devido \u00e0 diminui\u00e7\u00e3o do n\u00famero de aves. Isto permitiu que os le\u00f5es-marinhos tomassem conta do local, e atualmente existem mais de 5.000 le\u00f5es-marinhos. Para al\u00e9m destas esp\u00e9cies, podemos tamb\u00e9m observar aves, em menor n\u00famero, como gaivotas, pelicanos, bicos-de-pato, entre outras.<\/p><p>Este lugar \u00e9 espetacular para os amantes das aves.<\/p>\n\t\t\t\t\t<\/div>\n\t\t\t\t\t\t<\/div>\n\t\t\t\t<\/div>\n\t\t\t\t\t<\/div>\n\t\t<\/div>\n\t\t\t\t\t<\/div>\n\t\t<\/section>\n\t\t\t\t<section class=\"elementor-section elementor-top-section elementor-element elementor-element-6663196 elementor-section-boxed elementor-section-height-default elementor-section-height-default wd-section-disabled\" data-id=\"6663196\" data-element_type=\"section\" data-e-type=\"section\">\n\t\t\t\t\t\t<div class=\"elementor-container elementor-column-gap-default\">\n\t\t\t\t\t<div class=\"elementor-column elementor-col-50 elementor-top-column elementor-element elementor-element-44fde68\" data-id=\"44fde68\" data-element_type=\"column\" data-e-type=\"column\">\n\t\t\t<div class=\"elementor-widget-wrap elementor-element-populated\">\n\t\t\t\t\t\t<div class=\"elementor-element elementor-element-01c7d90 elementor-widget elementor-widget-wd_text_block\" data-id=\"01c7d90\" data-element_type=\"widget\" data-e-type=\"widget\" data-widget_type=\"wd_text_block.default\">\n\t\t\t\t<div class=\"elementor-widget-container\">\n\t\t\t\t\t\t\t<div class=\"wd-text-block reset-last-child text-left\">\n\t\t\t\n\t\t\t<p><strong>DESCRI\u00c7\u00c3O DO SERVI\u00c7O<\/strong><\/p><p>O nosso trabalho come\u00e7a no  O <strong>centro naval do Peru em Callao<\/strong>, onde chegaremos num iate e iniciaremos a nossa viagem em  <strong>Ilhas Palomino<\/strong>, nesta bela excurs\u00e3o iremos percorrer toda a est\u00e2ncia balnear de  <strong>La Punta, <\/strong>depois pass\u00e1mos pelo afundado El Callao, hoje conhecido como  <strong>El Camotal,<\/strong> continu\u00e1mos a nossa viagem em dire\u00e7\u00e3o a  <strong>Ilha de San Lorenzo<\/strong> onde se pode ver a casa  <strong>praia do Presidente da Na\u00e7\u00e3o<\/strong>, depois pela ilha El Fronton onde se pode ver a pris\u00e3o, no percurso passaremos pela  <strong>Reserva Nacional de Cabinzas<\/strong>, onde se encontram as aves de guano e, finalmente, pararemos na <strong> Islotes Palomino<\/strong> (Ilhas Palomino) onde mais de 5.000 le\u00f5es marinhos podem ser encontrados no seu habitat natural, um espet\u00e1culo da natureza muito apreciado pelos turistas.<\/p><p>  Iremos contornar este local durante cerca de 30 minutos. E teremos um espa\u00e7o livre para nadar com os le\u00f5es-marinhos.<\/p>\n\t\t\t\t\t<\/div>\n\t\t\t\t\t\t<\/div>\n\t\t\t\t<\/div>\n\t\t\t\t\t<\/div>\n\t\t<\/div>\n\t\t\t\t<div class=\"elementor-column elementor-col-50 elementor-top-column elementor-element elementor-element-a5f4ca3\" data-id=\"a5f4ca3\" data-element_type=\"column\" data-e-type=\"column\">\n\t\t\t<div class=\"elementor-widget-wrap elementor-element-populated\">\n\t\t\t\t\t\t<div class=\"elementor-element elementor-element-4670186 elementor-widget elementor-widget-wd_text_block\" data-id=\"4670186\" data-element_type=\"widget\" data-e-type=\"widget\" data-widget_type=\"wd_text_block.default\">\n\t\t\t\t<div class=\"elementor-widget-container\">\n\t\t\t\t\t\t\t<div class=\"wd-text-block reset-last-child text-left\">\n\t\t\t\n\t\t\t<p><strong>INCLUINDO<\/strong><\/p><ul><li>Guia tur\u00edstico bilingue<\/li><li>Direito de entrada no iate<\/li><li>Rota 5 Ilhas de Callao (El Camotal, San Lorenzo, El Front\u00f3n, Cavinzas e Palomino).<\/li><li>Nadar com os le\u00f5es-marinhos (n\u00e3o \u00e9 obrigat\u00f3rio)<\/li><li>Fato de mergulho (fatos de banho)<\/li><li>Coletes salva-vidas<\/li><li>Arcos flutuantes.<\/li><li>Guias salva-vidas (para acompanhar os que se atrevem a nadar).<\/li><li>Sess\u00e3o de fotografia e v\u00eddeo com c\u00e2mara GoPro a nadar com os le\u00f5es-marinhos.<\/li><li>Lanches ligeiros (batatas, chifles, biscoitos, etc.).<\/li><li>Bebidas (refrigerantes, \u00e1gua mineral, sumos, etc.).<\/li><li>M\u00fasica a bordo (bluetooth, USB)<\/li><li>Equipamento de navega\u00e7\u00e3o com todas as medidas de seguran\u00e7a.<\/li><li>Seguro de acidentes<\/li><\/ul><p><strong>RECOMENDA\u00c7\u00d5ES:<\/strong><\/p><ul><li>Protetor solar e repelente<\/li><li>Kit de higiene pessoal.<\/li><li>M\u00e1quina fotogr\u00e1fica, C\u00e2mara de filmar<\/li><li>Documentos pessoais<\/li><\/ul>\n\t\t\t\t\t<\/div>\n\t\t\t\t\t\t<\/div>\n\t\t\t\t<\/div>\n\t\t\t\t\t<\/div>\n\t\t<\/div>\n\t\t\t\t\t<\/div>\n\t\t<\/section>\n\t\t\t\t<\/div>\n\t\t","protected":false},"excerpt":{"rendered":"<p>Esta incr\u00edvel ilha foi anteriormente utilizada como ilha de guano, mas esta atividade foi interrompida devido \u00e0 diminui\u00e7\u00e3o do n\u00famero<\/p>\n","protected":false},"featured_media":17559,"template":"","meta":{"_joinchat":[]},"product_brand":[],"product_cat":[162],"product_tag":[],"class_list":{"0":"post-18036","1":"product","2":"type-product","3":"status-publish","4":"has-post-thumbnail","6":"product_cat-lima-pt-br","8":"first","9":"instock","10":"sale","11":"shipping-taxable","12":"purchasable","13":"product-type-simple"},"jetpack_sharing_enabled":true,"_links":{"self":[{"href":"https:\/\/destinosdelperu.com\/pt-br\/wp-json\/wp\/v2\/product\/18036","targetHints":{"allow":["GET"]}}],"collection":[{"href":"https:\/\/destinosdelperu.com\/pt-br\/wp-json\/wp\/v2\/product"}],"about":[{"href":"https:\/\/destinosdelperu.com\/pt-br\/wp-json\/wp\/v2\/types\/product"}],"version-history":[{"count":1,"href":"https:\/\/destinosdelperu.com\/pt-br\/wp-json\/wp\/v2\/product\/18036\/revisions"}],"predecessor-version":[{"id":18049,"href":"https:\/\/destinosdelperu.com\/pt-br\/wp-json\/wp\/v2\/product\/18036\/revisions\/18049"}],"wp:featuredmedia":[{"embeddable":true,"href":"https:\/\/destinosdelperu.com\/pt-br\/wp-json\/wp\/v2\/media\/17559"}],"wp:attachment":[{"href":"https:\/\/destinosdelperu.com\/pt-br\/wp-json\/wp\/v2\/media?parent=18036"}],"wp:term":[{"taxonomy":"product_brand","embeddable":true,"href":"https:\/\/destinosdelperu.com\/pt-br\/wp-json\/wp\/v2\/product_brand?post=18036"},{"taxonomy":"product_cat","embeddable":true,"href":"https:\/\/destinosdelperu.com\/pt-br\/wp-json\/wp\/v2\/product_cat?post=18036"},{"taxonomy":"product_tag","embeddable":true,"href":"https:\/\/destinosdelperu.com\/pt-br\/wp-json\/wp\/v2\/product_tag?post=18036"}],"curies":[{"name":"wp","href":"https:\/\/api.w.org\/{rel}","templated":true}]}}