{"id":18027,"date":"2023-09-14T09:36:43","date_gmt":"2023-09-14T07:36:43","guid":{"rendered":"https:\/\/destinosdelperu.com\/tour\/praia-de-huanchaco-dia-inteiro-trujillo\/"},"modified":"2023-11-04T17:25:33","modified_gmt":"2023-11-04T16:25:33","slug":"praia-de-huanchaco-dia-inteiro-trujillo","status":"publish","type":"product","link":"https:\/\/destinosdelperu.com\/pt-br\/tour\/praia-de-huanchaco-dia-inteiro-trujillo\/","title":{"rendered":"PRAIA DE HUANCHACO DIA INTEIRO (TRUJILLO)"},"content":{"rendered":"\t\t<div data-elementor-type=\"wp-post\" data-elementor-id=\"18027\" class=\"elementor elementor-18027\">\n\t\t\t\t\t\t<section class=\"elementor-section elementor-top-section elementor-element elementor-element-fc89f9c elementor-section-boxed elementor-section-height-default elementor-section-height-default wd-section-disabled\" data-id=\"fc89f9c\" data-element_type=\"section\" data-e-type=\"section\">\n\t\t\t\t\t\t<div class=\"elementor-container elementor-column-gap-default\">\n\t\t\t\t\t<div class=\"elementor-column elementor-col-100 elementor-top-column elementor-element elementor-element-97fe9c3\" data-id=\"97fe9c3\" data-element_type=\"column\" data-e-type=\"column\">\n\t\t\t<div class=\"elementor-widget-wrap elementor-element-populated\">\n\t\t\t\t\t\t<div class=\"elementor-element elementor-element-e33576b elementor-widget elementor-widget-wd_text_block\" data-id=\"e33576b\" data-element_type=\"widget\" data-e-type=\"widget\" data-widget_type=\"wd_text_block.default\">\n\t\t\t\t<div class=\"elementor-widget-container\">\n\t\t\t\t\t\t\t<div class=\"wd-text-block reset-last-child text-left\">\n\t\t\t\n\t\t\t<p>A praia de Huanchaco \u00e9 uma joia costeira localizada na costa do Peru. As suas areias douradas estendem-se at\u00e9 onde a vista alcan\u00e7a, enquanto as ondas cristalinas do Oceano Pac\u00edfico banham suavemente a costa. Ao longo da praia, \u00e9 poss\u00edvel encontrar coloridos barcos de junco totora, s\u00edmbolo do legado milenar da cultura mochica. \u00c9 o local ideal para desfrutar de um dia de sol, relaxar \u00e0 sombra de uma palmeira e mergulhar nas \u00e1guas refrescantes que convidam \u00e0 nata\u00e7\u00e3o e ao surf.<\/p>\n\t\t\t\t\t<\/div>\n\t\t\t\t\t\t<\/div>\n\t\t\t\t<\/div>\n\t\t\t\t\t<\/div>\n\t\t<\/div>\n\t\t\t\t\t<\/div>\n\t\t<\/section>\n\t\t\t\t<section class=\"elementor-section elementor-top-section elementor-element elementor-element-24636e2 elementor-section-boxed elementor-section-height-default elementor-section-height-default wd-section-disabled\" data-id=\"24636e2\" data-element_type=\"section\" data-e-type=\"section\">\n\t\t\t\t\t\t<div class=\"elementor-container elementor-column-gap-default\">\n\t\t\t\t\t<div class=\"elementor-column elementor-col-50 elementor-top-column elementor-element elementor-element-f2eade9\" data-id=\"f2eade9\" data-element_type=\"column\" data-e-type=\"column\">\n\t\t\t<div class=\"elementor-widget-wrap elementor-element-populated\">\n\t\t\t\t\t\t<div class=\"elementor-element elementor-element-fcfe78d elementor-widget elementor-widget-wd_text_block\" data-id=\"fcfe78d\" data-element_type=\"widget\" data-e-type=\"widget\" data-widget_type=\"wd_text_block.default\">\n\t\t\t\t<div class=\"elementor-widget-container\">\n\t\t\t\t\t\t\t<div class=\"wd-text-block reset-last-child text-left\">\n\t\t\t\n\t\t\t<p><strong>Descri\u00e7\u00e3o do servi\u00e7o:<\/strong><\/p><ul><li style=\"list-style-type: none;\"><ul><li>Recolha no hotel: Um guia que fala ingl\u00eas ir\u00e1 busc\u00e1-lo ao seu hotel e lev\u00e1-lo-\u00e1 \u00e0 praia de Huanchaco.<\/li><li>Visitar\u00e1 o famoso cais de Huanchaco, uma estrutura de madeira ic\u00f3nica com vistas deslumbrantes sobre o Oceano Pac\u00edfico.<\/li><li>Em seguida, passeio de barco tradicional caballitos de totora: Ter\u00e1 a oportunidade de experimentar um passeio nos ic\u00f3nicos \"caballitos de totora\", pequenos barcos tradicionais utilizados pelos pescadores locais de Huanchaco. Ser\u00e1 guiado por um dos pescadores enquanto eles navegam nas ondas.<\/li><li>Uma aula de surf com um instrutor local tamb\u00e9m est\u00e1 inclu\u00edda. Pode aprender as no\u00e7\u00f5es b\u00e1sicas de surf e praticar as suas habilidades nas ondas de Huanchaco.<\/li><li>Ap\u00f3s a atividade na praia, visitar\u00e1 os Templos Moche, importantes s\u00edtios arqueol\u00f3gicos situados perto da praia de Huanchaco. O guia dar-lhe-\u00e1 informa\u00e7\u00f5es sobre a hist\u00f3ria e a cultura da civiliza\u00e7\u00e3o Moche.<\/li><li>Almo\u00e7o num restaurante local: Durante a excurs\u00e3o, ser\u00e1 inclu\u00eddo um almo\u00e7o num restaurante local para que possa desfrutar da gastronomia peruana.<\/li><li>Regresso ao hotel: Por fim, a excurs\u00e3o leva-o de volta ao seu hotel, onde termina a visita.<\/li><\/ul><\/li><\/ul>\n\t\t\t\t\t<\/div>\n\t\t\t\t\t\t<\/div>\n\t\t\t\t<\/div>\n\t\t\t\t\t<\/div>\n\t\t<\/div>\n\t\t\t\t<div class=\"elementor-column elementor-col-50 elementor-top-column elementor-element elementor-element-6712b92\" data-id=\"6712b92\" data-element_type=\"column\" data-e-type=\"column\">\n\t\t\t<div class=\"elementor-widget-wrap elementor-element-populated\">\n\t\t\t\t\t\t<div class=\"elementor-element elementor-element-1a2ff2e elementor-widget elementor-widget-wd_text_block\" data-id=\"1a2ff2e\" data-element_type=\"widget\" data-e-type=\"widget\" data-widget_type=\"wd_text_block.default\">\n\t\t\t\t<div class=\"elementor-widget-container\">\n\t\t\t\t\t\t\t<div class=\"wd-text-block reset-last-child text-left\">\n\t\t\t\n\t\t\t<p><strong>Inclui:<\/strong><\/p><ul><li style=\"list-style-type: none;\"><ul><li>Transporte tur\u00edstico<\/li><li>Guia<\/li><li>Almo\u00e7o<\/li><li>Receitas<\/li><\/ul><\/li><\/ul><p><strong>Recomenda\u00e7\u00f5es:<\/strong><\/p><ul><li style=\"list-style-type: none;\"><ul><li>Usar protetor solar<\/li><li>Fato de banho<\/li><li>Chap\u00e9u<\/li><li>Roupa confort\u00e1vel<\/li><li>Toalha<\/li><li>Dinheiro<\/li><\/ul><\/li><\/ul>\n\t\t\t\t\t<\/div>\n\t\t\t\t\t\t<\/div>\n\t\t\t\t<\/div>\n\t\t\t\t\t<\/div>\n\t\t<\/div>\n\t\t\t\t\t<\/div>\n\t\t<\/section>\n\t\t\t\t<\/div>\n\t\t","protected":false},"excerpt":{"rendered":"<p>A praia de Huanchaco \u00e9 uma joia costeira localizada na costa do Peru. As suas areias douradas estendem-se at\u00e9 onde<\/p>\n","protected":false},"featured_media":17629,"template":"","meta":{"_joinchat":[]},"product_brand":[],"product_cat":[173],"product_tag":[],"class_list":{"0":"post-18027","1":"product","2":"type-product","3":"status-publish","4":"has-post-thumbnail","6":"product_cat-trujillo-pt-br","8":"first","9":"instock","10":"shipping-taxable","11":"purchasable","12":"product-type-simple"},"jetpack_sharing_enabled":true,"_links":{"self":[{"href":"https:\/\/destinosdelperu.com\/pt-br\/wp-json\/wp\/v2\/product\/18027","targetHints":{"allow":["GET"]}}],"collection":[{"href":"https:\/\/destinosdelperu.com\/pt-br\/wp-json\/wp\/v2\/product"}],"about":[{"href":"https:\/\/destinosdelperu.com\/pt-br\/wp-json\/wp\/v2\/types\/product"}],"version-history":[{"count":1,"href":"https:\/\/destinosdelperu.com\/pt-br\/wp-json\/wp\/v2\/product\/18027\/revisions"}],"predecessor-version":[{"id":18042,"href":"https:\/\/destinosdelperu.com\/pt-br\/wp-json\/wp\/v2\/product\/18027\/revisions\/18042"}],"wp:featuredmedia":[{"embeddable":true,"href":"https:\/\/destinosdelperu.com\/pt-br\/wp-json\/wp\/v2\/media\/17629"}],"wp:attachment":[{"href":"https:\/\/destinosdelperu.com\/pt-br\/wp-json\/wp\/v2\/media?parent=18027"}],"wp:term":[{"taxonomy":"product_brand","embeddable":true,"href":"https:\/\/destinosdelperu.com\/pt-br\/wp-json\/wp\/v2\/product_brand?post=18027"},{"taxonomy":"product_cat","embeddable":true,"href":"https:\/\/destinosdelperu.com\/pt-br\/wp-json\/wp\/v2\/product_cat?post=18027"},{"taxonomy":"product_tag","embeddable":true,"href":"https:\/\/destinosdelperu.com\/pt-br\/wp-json\/wp\/v2\/product_tag?post=18027"}],"curies":[{"name":"wp","href":"https:\/\/api.w.org\/{rel}","templated":true}]}}