{"id":18026,"date":"2023-09-06T22:01:37","date_gmt":"2023-09-06T20:01:37","guid":{"rendered":"https:\/\/destinosdelperu.com\/tour\/visita-a-cidade-2\/"},"modified":"2023-11-04T17:25:23","modified_gmt":"2023-11-04T16:25:23","slug":"visita-a-cidade-2","status":"publish","type":"product","link":"https:\/\/destinosdelperu.com\/pt-br\/tour\/visita-a-cidade-2\/","title":{"rendered":"VISITA \u00c0 CIDADE"},"content":{"rendered":"\t\t<div data-elementor-type=\"wp-post\" data-elementor-id=\"18026\" class=\"elementor elementor-18026\">\n\t\t\t\t\t\t<section class=\"elementor-section elementor-top-section elementor-element elementor-element-4d8a5f6 elementor-section-boxed elementor-section-height-default elementor-section-height-default wd-section-disabled\" data-id=\"4d8a5f6\" data-element_type=\"section\" data-e-type=\"section\">\n\t\t\t\t\t\t<div class=\"elementor-container elementor-column-gap-default\">\n\t\t\t\t\t<div class=\"elementor-column elementor-col-100 elementor-top-column elementor-element elementor-element-84ddbb9\" data-id=\"84ddbb9\" data-element_type=\"column\" data-e-type=\"column\">\n\t\t\t<div class=\"elementor-widget-wrap elementor-element-populated\">\n\t\t\t\t\t\t<div class=\"elementor-element elementor-element-5e1a57f elementor-widget elementor-widget-wd_text_block\" data-id=\"5e1a57f\" data-element_type=\"widget\" data-e-type=\"widget\" data-widget_type=\"wd_text_block.default\">\n\t\t\t\t<div class=\"elementor-widget-container\">\n\t\t\t\t\t\t\t<div class=\"wd-text-block reset-last-child text-left\">\n\t\t\t\n\t\t\t<p>A capital gastron\u00f3mica n\u00e3o s\u00f3 do Peru, mas tamb\u00e9m da Am\u00e9rica do Sul e - porque n\u00e3o diz\u00ea-lo - em breve do mundo inteiro: quem chega a Lima fica encantado com a comida variada, deliciosa e prestigiada servida \u00e0s suas mesas; com receitas milenares, pratos fundidos com outras culturas e um tempero verdadeiramente \u00fanico.<\/p>\n\t\t\t\t\t<\/div>\n\t\t\t\t\t\t<\/div>\n\t\t\t\t<\/div>\n\t\t\t\t\t<\/div>\n\t\t<\/div>\n\t\t\t\t\t<\/div>\n\t\t<\/section>\n\t\t\t\t<section class=\"elementor-section elementor-top-section elementor-element elementor-element-6aa49c2 elementor-section-boxed elementor-section-height-default elementor-section-height-default wd-section-disabled\" data-id=\"6aa49c2\" data-element_type=\"section\" data-e-type=\"section\">\n\t\t\t\t\t\t<div class=\"elementor-container elementor-column-gap-default\">\n\t\t\t\t\t<div class=\"elementor-column elementor-col-50 elementor-top-column elementor-element elementor-element-fe04b59\" data-id=\"fe04b59\" data-element_type=\"column\" data-e-type=\"column\">\n\t\t\t<div class=\"elementor-widget-wrap elementor-element-populated\">\n\t\t\t\t\t\t<div class=\"elementor-element elementor-element-3e88c05 elementor-widget elementor-widget-wd_text_block\" data-id=\"3e88c05\" data-element_type=\"widget\" data-e-type=\"widget\" data-widget_type=\"wd_text_block.default\">\n\t\t\t\t<div class=\"elementor-widget-container\">\n\t\t\t\t\t\t\t<div class=\"wd-text-block reset-last-child text-left\">\n\t\t\t\n\t\t\t<p><strong>Descri\u00e7\u00e3o do servi\u00e7o:<\/strong><\/p><p>O <strong>City Tour de Lima <\/strong>\u00e9 uma experi\u00eancia inesquec\u00edvel que o levar\u00e1 a conhecer o centro hist\u00f3rico de Lima, incluindo o pal\u00e1cio do governo, o pal\u00e1cio municipal e o pal\u00e1cio do arcebispo, bem como a bas\u00edlica da catedral. Continuamos a nossa visita ao museu do Banco Central de Reserva onde veremos a cole\u00e7\u00e3o de tesouros peruanos. Visitaremos tamb\u00e9m o complexo monumental de S\u00e3o Francisco, com as suas criptas subterr\u00e2neas. Por fim, visitaremos o parque do amor.<\/p>\n\t\t\t\t\t<\/div>\n\t\t\t\t\t\t<\/div>\n\t\t\t\t<\/div>\n\t\t\t\t\t<\/div>\n\t\t<\/div>\n\t\t\t\t<div class=\"elementor-column elementor-col-50 elementor-top-column elementor-element elementor-element-698f8b0\" data-id=\"698f8b0\" data-element_type=\"column\" data-e-type=\"column\">\n\t\t\t<div class=\"elementor-widget-wrap elementor-element-populated\">\n\t\t\t\t\t\t<div class=\"elementor-element elementor-element-917fb10 elementor-widget elementor-widget-wd_text_block\" data-id=\"917fb10\" data-element_type=\"widget\" data-e-type=\"widget\" data-widget_type=\"wd_text_block.default\">\n\t\t\t\t<div class=\"elementor-widget-container\">\n\t\t\t\t\t\t\t<div class=\"wd-text-block reset-last-child text-left\">\n\t\t\t\n\t\t\t<p><strong>Inclui<\/strong><\/p><ul><li>Transporte tur\u00edstico<\/li><li>Guia bilingue<\/li><li>Receitas<\/li><\/ul><p><strong>Recomenda\u00e7\u00f5es<\/strong><\/p><ul><li>Vestu\u00e1rio leve<\/li><li>\u00d3culos de sol<\/li><li>Chap\u00e9u<\/li><li>Garrafa de \u00e1gua<\/li><li>Lanche<\/li><li>Dinheiro extra<\/li><\/ul>\n\t\t\t\t\t<\/div>\n\t\t\t\t\t\t<\/div>\n\t\t\t\t<\/div>\n\t\t\t\t\t<\/div>\n\t\t<\/div>\n\t\t\t\t\t<\/div>\n\t\t<\/section>\n\t\t\t\t<\/div>\n\t\t","protected":false},"excerpt":{"rendered":"<p>A capital gastron\u00f3mica n\u00e3o s\u00f3 do Peru, mas tamb\u00e9m da Am\u00e9rica do Sul e &#8211; porque n\u00e3o diz\u00ea-lo &#8211; em<\/p>\n","protected":false},"featured_media":17529,"template":"","meta":{"_joinchat":[]},"product_brand":[],"product_cat":[162],"product_tag":[],"class_list":{"0":"post-18026","1":"product","2":"type-product","3":"status-publish","4":"has-post-thumbnail","6":"product_cat-lima-pt-br","8":"first","9":"instock","10":"shipping-taxable","11":"purchasable","12":"product-type-simple"},"jetpack_sharing_enabled":true,"_links":{"self":[{"href":"https:\/\/destinosdelperu.com\/pt-br\/wp-json\/wp\/v2\/product\/18026","targetHints":{"allow":["GET"]}}],"collection":[{"href":"https:\/\/destinosdelperu.com\/pt-br\/wp-json\/wp\/v2\/product"}],"about":[{"href":"https:\/\/destinosdelperu.com\/pt-br\/wp-json\/wp\/v2\/types\/product"}],"version-history":[{"count":1,"href":"https:\/\/destinosdelperu.com\/pt-br\/wp-json\/wp\/v2\/product\/18026\/revisions"}],"predecessor-version":[{"id":18041,"href":"https:\/\/destinosdelperu.com\/pt-br\/wp-json\/wp\/v2\/product\/18026\/revisions\/18041"}],"wp:featuredmedia":[{"embeddable":true,"href":"https:\/\/destinosdelperu.com\/pt-br\/wp-json\/wp\/v2\/media\/17529"}],"wp:attachment":[{"href":"https:\/\/destinosdelperu.com\/pt-br\/wp-json\/wp\/v2\/media?parent=18026"}],"wp:term":[{"taxonomy":"product_brand","embeddable":true,"href":"https:\/\/destinosdelperu.com\/pt-br\/wp-json\/wp\/v2\/product_brand?post=18026"},{"taxonomy":"product_cat","embeddable":true,"href":"https:\/\/destinosdelperu.com\/pt-br\/wp-json\/wp\/v2\/product_cat?post=18026"},{"taxonomy":"product_tag","embeddable":true,"href":"https:\/\/destinosdelperu.com\/pt-br\/wp-json\/wp\/v2\/product_tag?post=18026"}],"curies":[{"name":"wp","href":"https:\/\/api.w.org\/{rel}","templated":true}]}}