{"id":18007,"date":"2023-09-05T06:20:42","date_gmt":"2023-09-05T04:20:42","guid":{"rendered":"https:\/\/destinosdelperu.com\/tour\/de-cusco-a-puno-pela-rota-do-sol\/"},"modified":"2023-11-04T17:25:24","modified_gmt":"2023-11-04T16:25:24","slug":"de-cusco-a-puno-pela-rota-do-sol","status":"publish","type":"product","link":"https:\/\/destinosdelperu.com\/pt-br\/tour\/de-cusco-a-puno-pela-rota-do-sol\/","title":{"rendered":"DE CUSCO A PUNO PELA ROTA DO SOL"},"content":{"rendered":"\t\t<div data-elementor-type=\"wp-post\" data-elementor-id=\"18007\" class=\"elementor elementor-18007\">\n\t\t\t\t\t\t<section class=\"elementor-section elementor-top-section elementor-element elementor-element-1306448 elementor-section-boxed elementor-section-height-default elementor-section-height-default wd-section-disabled\" data-id=\"1306448\" data-element_type=\"section\" data-e-type=\"section\">\n\t\t\t\t\t\t<div class=\"elementor-container elementor-column-gap-default\">\n\t\t\t\t\t<div class=\"elementor-column elementor-col-100 elementor-top-column elementor-element elementor-element-293f089\" data-id=\"293f089\" data-element_type=\"column\" data-e-type=\"column\">\n\t\t\t<div class=\"elementor-widget-wrap elementor-element-populated\">\n\t\t\t\t\t\t<div class=\"elementor-element elementor-element-e7d8ff7 elementor-widget elementor-widget-wd_text_block\" data-id=\"e7d8ff7\" data-element_type=\"widget\" data-e-type=\"widget\" data-widget_type=\"wd_text_block.default\">\n\t\t\t\t<div class=\"elementor-widget-container\">\n\t\t\t\t\t\t\t<div class=\"wd-text-block reset-last-child text-left\">\n\t\t\t\n\t\t\t<p>A Ruta del Sol entre Cusco e Puno segue o caminho do sol desde o nascer at\u00e9 ao p\u00f4r do sol. Este passeio oferece algumas das melhores vistas dos Andes peruanos e dos s\u00edtios arqueol\u00f3gicos mais importantes do antigo Imp\u00e9rio Inca.<\/p><p>Uma paisagem \u00fanica e surpreendente!<\/p>\n\t\t\t\t\t<\/div>\n\t\t\t\t\t\t<\/div>\n\t\t\t\t<\/div>\n\t\t\t\t\t<\/div>\n\t\t<\/div>\n\t\t\t\t\t<\/div>\n\t\t<\/section>\n\t\t\t\t<section class=\"elementor-section elementor-top-section elementor-element elementor-element-b9ed3a3 elementor-section-boxed elementor-section-height-default elementor-section-height-default wd-section-disabled\" data-id=\"b9ed3a3\" data-element_type=\"section\" data-e-type=\"section\">\n\t\t\t\t\t\t<div class=\"elementor-container elementor-column-gap-default\">\n\t\t\t\t\t<div class=\"elementor-column elementor-col-50 elementor-top-column elementor-element elementor-element-f756a95\" data-id=\"f756a95\" data-element_type=\"column\" data-e-type=\"column\">\n\t\t\t<div class=\"elementor-widget-wrap elementor-element-populated\">\n\t\t\t\t\t\t<div class=\"elementor-element elementor-element-4a0f664 elementor-widget elementor-widget-wd_text_block\" data-id=\"4a0f664\" data-element_type=\"widget\" data-e-type=\"widget\" data-widget_type=\"wd_text_block.default\">\n\t\t\t\t<div class=\"elementor-widget-container\">\n\t\t\t\t\t\t\t<div class=\"wd-text-block reset-last-child text-left\">\n\t\t\t\n\t\t\t<p><strong>Descri\u00e7\u00e3o do servi\u00e7o<\/strong><\/p><p>Recolha no hotel em Cusco, para iniciar a viagem de autocarro para a cidade de Puno, no caminho podemos visitar a igreja de Andahuaylillas conhecida como a \"Capela Sistina da Am\u00e9rica\" devido ao grande n\u00famero de obras de arte que decoram as suas paredes, continuando a viagem vamos para o complexo arqueol\u00f3gico de Raqchi com edif\u00edcios emblem\u00e1ticos oferecidos ao Deus Wiracocha. De seguida, teremos o nosso delicioso almo\u00e7o. Continuando o passeio passando pela Raya onde se encontra a famosa montanha nevada Chimboya, passaremos finalmente pelo museu l\u00edtico de Pukara onde encontraremos cer\u00e2micas e esculturas. Chegamos \u00e0 cidade de Puno.<\/p>\n\t\t\t\t\t<\/div>\n\t\t\t\t\t\t<\/div>\n\t\t\t\t<\/div>\n\t\t\t\t\t<\/div>\n\t\t<\/div>\n\t\t\t\t<div class=\"elementor-column elementor-col-25 elementor-top-column elementor-element elementor-element-31b2cac\" data-id=\"31b2cac\" data-element_type=\"column\" data-e-type=\"column\">\n\t\t\t<div class=\"elementor-widget-wrap elementor-element-populated\">\n\t\t\t\t\t\t<div class=\"elementor-element elementor-element-3deb603 elementor-widget elementor-widget-wd_text_block\" data-id=\"3deb603\" data-element_type=\"widget\" data-e-type=\"widget\" data-widget_type=\"wd_text_block.default\">\n\t\t\t\t<div class=\"elementor-widget-container\">\n\t\t\t\t\t\t\t<div class=\"wd-text-block reset-last-child text-left\">\n\t\t\t\n\t\t\t<p>Hora de in\u00edcio :  <br>Dura\u00e7\u00e3o :<\/p><p><strong>INCLUINDO<\/strong><\/p><ul><li>Guia bilingue<\/li><li>Receitas<\/li><li>Servi\u00e7o de bebidas quentes e frias a bordo.<\/li><li>Almo\u00e7o<\/li><li>Transporte em autocarros modernos.<\/li><\/ul>\n\t\t\t\t\t<\/div>\n\t\t\t\t\t\t<\/div>\n\t\t\t\t<\/div>\n\t\t\t\t\t<\/div>\n\t\t<\/div>\n\t\t\t\t<div class=\"elementor-column elementor-col-25 elementor-top-column elementor-element elementor-element-661b24d\" data-id=\"661b24d\" data-element_type=\"column\" data-e-type=\"column\">\n\t\t\t<div class=\"elementor-widget-wrap elementor-element-populated\">\n\t\t\t\t\t\t<div class=\"elementor-element elementor-element-f79f9f0 elementor-widget elementor-widget-wd_text_block\" data-id=\"f79f9f0\" data-element_type=\"widget\" data-e-type=\"widget\" data-widget_type=\"wd_text_block.default\">\n\t\t\t\t<div class=\"elementor-widget-container\">\n\t\t\t\t\t\t\t<div class=\"wd-text-block reset-last-child text-left\">\n\t\t\t\n\t\t\t<p><strong>RECOMENDA\u00c7\u00d5ES<\/strong><\/p><ul><li>Lanche<\/li><li>\u00d3culos de sol<\/li><li>Chap\u00e9u<\/li><li>Sapatos confort\u00e1veis<\/li><li>Dinheiro extra<\/li><\/ul>\n\t\t\t\t\t<\/div>\n\t\t\t\t\t\t<\/div>\n\t\t\t\t<\/div>\n\t\t\t\t\t<\/div>\n\t\t<\/div>\n\t\t\t\t\t<\/div>\n\t\t<\/section>\n\t\t\t\t<\/div>\n\t\t","protected":false},"excerpt":{"rendered":"<p>A Ruta del Sol entre Cusco e Puno segue o caminho do sol desde o nascer at\u00e9 ao p\u00f4r do<\/p>\n","protected":false},"featured_media":17457,"template":"","meta":{"_joinchat":[]},"product_brand":[],"product_cat":[152],"product_tag":[],"class_list":{"0":"post-18007","1":"product","2":"type-product","3":"status-publish","4":"has-post-thumbnail","6":"product_cat-puno-pt-br","8":"first","9":"instock","10":"shipping-taxable","11":"purchasable","12":"product-type-simple"},"jetpack_sharing_enabled":true,"_links":{"self":[{"href":"https:\/\/destinosdelperu.com\/pt-br\/wp-json\/wp\/v2\/product\/18007","targetHints":{"allow":["GET"]}}],"collection":[{"href":"https:\/\/destinosdelperu.com\/pt-br\/wp-json\/wp\/v2\/product"}],"about":[{"href":"https:\/\/destinosdelperu.com\/pt-br\/wp-json\/wp\/v2\/types\/product"}],"version-history":[{"count":1,"href":"https:\/\/destinosdelperu.com\/pt-br\/wp-json\/wp\/v2\/product\/18007\/revisions"}],"predecessor-version":[{"id":18025,"href":"https:\/\/destinosdelperu.com\/pt-br\/wp-json\/wp\/v2\/product\/18007\/revisions\/18025"}],"wp:featuredmedia":[{"embeddable":true,"href":"https:\/\/destinosdelperu.com\/pt-br\/wp-json\/wp\/v2\/media\/17457"}],"wp:attachment":[{"href":"https:\/\/destinosdelperu.com\/pt-br\/wp-json\/wp\/v2\/media?parent=18007"}],"wp:term":[{"taxonomy":"product_brand","embeddable":true,"href":"https:\/\/destinosdelperu.com\/pt-br\/wp-json\/wp\/v2\/product_brand?post=18007"},{"taxonomy":"product_cat","embeddable":true,"href":"https:\/\/destinosdelperu.com\/pt-br\/wp-json\/wp\/v2\/product_cat?post=18007"},{"taxonomy":"product_tag","embeddable":true,"href":"https:\/\/destinosdelperu.com\/pt-br\/wp-json\/wp\/v2\/product_tag?post=18007"}],"curies":[{"name":"wp","href":"https:\/\/api.w.org\/{rel}","templated":true}]}}