{"id":18003,"date":"2023-09-06T21:55:38","date_gmt":"2023-09-06T19:55:38","guid":{"rendered":"https:\/\/destinosdelperu.com\/tour\/colca-convencional-dia-inteiro\/"},"modified":"2023-11-04T17:25:27","modified_gmt":"2023-11-04T16:25:27","slug":"colca-convencional-dia-inteiro","status":"publish","type":"product","link":"https:\/\/destinosdelperu.com\/pt-br\/tour\/colca-convencional-dia-inteiro\/","title":{"rendered":"COLCA CONVENCIONAL DIA INTEIRO"},"content":{"rendered":"\t\t<div data-elementor-type=\"wp-post\" data-elementor-id=\"18003\" class=\"elementor elementor-18003\">\n\t\t\t\t\t\t<section class=\"elementor-section elementor-top-section elementor-element elementor-element-6178b21 elementor-section-boxed elementor-section-height-default elementor-section-height-default wd-section-disabled\" data-id=\"6178b21\" data-element_type=\"section\" data-e-type=\"section\">\n\t\t\t\t\t\t<div class=\"elementor-container elementor-column-gap-default\">\n\t\t\t\t\t<div class=\"elementor-column elementor-col-100 elementor-top-column elementor-element elementor-element-baf8d88\" data-id=\"baf8d88\" data-element_type=\"column\" data-e-type=\"column\">\n\t\t\t<div class=\"elementor-widget-wrap elementor-element-populated\">\n\t\t\t\t\t\t<div class=\"elementor-element elementor-element-b913b1a elementor-widget elementor-widget-wd_text_block\" data-id=\"b913b1a\" data-element_type=\"widget\" data-e-type=\"widget\" data-widget_type=\"wd_text_block.default\">\n\t\t\t\t<div class=\"elementor-widget-container\">\n\t\t\t\t\t\t\t<div class=\"wd-text-block reset-last-child text-left\">\n\t\t\t\n\t\t\t<p>A excurs\u00e3o de dia inteiro ao Colca \u00e9 uma aventura emocionante que o leva a descobrir um dos desfiladeiros mais profundos do mundo, enquanto desfruta de paisagens naturais de tirar o f\u00f4lego. Durante este passeio, ter\u00e1 a oportunidade de observar o majestoso voo dos condores, explorar as coloridas aldeias tradicionais e relaxar nas fontes termais. Uma experi\u00eancia inesquec\u00edvel, cheia de divers\u00e3o e de admira\u00e7\u00e3o pela natureza!<\/p>\n\t\t\t\t\t<\/div>\n\t\t\t\t\t\t<\/div>\n\t\t\t\t<\/div>\n\t\t\t\t\t<\/div>\n\t\t<\/div>\n\t\t\t\t\t<\/div>\n\t\t<\/section>\n\t\t\t\t<section class=\"elementor-section elementor-top-section elementor-element elementor-element-415685c elementor-section-boxed elementor-section-height-default elementor-section-height-default wd-section-disabled\" data-id=\"415685c\" data-element_type=\"section\" data-e-type=\"section\">\n\t\t\t\t\t\t<div class=\"elementor-container elementor-column-gap-default\">\n\t\t\t\t\t<div class=\"elementor-column elementor-col-50 elementor-top-column elementor-element elementor-element-19517dc\" data-id=\"19517dc\" data-element_type=\"column\" data-e-type=\"column\">\n\t\t\t<div class=\"elementor-widget-wrap elementor-element-populated\">\n\t\t\t\t\t\t<div class=\"elementor-element elementor-element-9585e71 elementor-widget elementor-widget-wd_text_block\" data-id=\"9585e71\" data-element_type=\"widget\" data-e-type=\"widget\" data-widget_type=\"wd_text_block.default\">\n\t\t\t\t<div class=\"elementor-widget-container\">\n\t\t\t\t\t\t\t<div class=\"wd-text-block reset-last-child text-left\">\n\t\t\t\n\t\t\t<p><strong>Descri\u00e7\u00e3o do servi\u00e7o:<\/strong><\/p><ul><li>Come\u00e7\u00e1mos a nossa viagem muito cedo, \u00e0s 3 horas da manh\u00e3.<\/li><li>Dirigimo-nos a Chivay<\/li><li>Dirigimo-nos \u00e0 Cruz del C\u00f3ndor (Cruz do Condor).<\/li><li>Paragem no miradouro de Huayra Punko<\/li><li>Visitaremos as termas<\/li><li>Paragem em Patahuasi<\/li><\/ul>\n\t\t\t\t\t<\/div>\n\t\t\t\t\t\t<\/div>\n\t\t\t\t<\/div>\n\t\t\t\t\t<\/div>\n\t\t<\/div>\n\t\t\t\t<div class=\"elementor-column elementor-col-50 elementor-top-column elementor-element elementor-element-ad655de\" data-id=\"ad655de\" data-element_type=\"column\" data-e-type=\"column\">\n\t\t\t<div class=\"elementor-widget-wrap elementor-element-populated\">\n\t\t\t\t\t\t<div class=\"elementor-element elementor-element-a323dc2 elementor-widget elementor-widget-wd_text_block\" data-id=\"a323dc2\" data-element_type=\"widget\" data-e-type=\"widget\" data-widget_type=\"wd_text_block.default\">\n\t\t\t\t<div class=\"elementor-widget-container\">\n\t\t\t\t\t\t\t<div class=\"wd-text-block reset-last-child text-left\">\n\t\t\t\n\t\t\t<p><strong>Inclui:  <\/strong><\/p><ul><li>Transporte tur\u00edstico<\/li><li>Guia tur\u00edstico oficial<\/li><li>Pequeno-almo\u00e7o<\/li><li>Cobertores<\/li><li>Assist\u00eancia cont\u00ednua<\/li><\/ul><p><strong>Recomenda\u00e7\u00f5es:<\/strong><\/p><ul><li>Vestu\u00e1rio adequado para caminhar<\/li><li>Trazer roupa para o frio<\/li><li>Usar fatos de banho e sand\u00e1lias<\/li><li>Usar \u00f3culos de sol e protetor solar<\/li><\/ul>\n\t\t\t\t\t<\/div>\n\t\t\t\t\t\t<\/div>\n\t\t\t\t<\/div>\n\t\t\t\t\t<\/div>\n\t\t<\/div>\n\t\t\t\t\t<\/div>\n\t\t<\/section>\n\t\t\t\t<\/div>\n\t\t","protected":false},"excerpt":{"rendered":"<p>A excurs\u00e3o de dia inteiro ao Colca \u00e9 uma aventura emocionante que o leva a descobrir um dos desfiladeiros mais<\/p>\n","protected":false},"featured_media":17511,"template":"","meta":{"_joinchat":[]},"product_brand":[],"product_cat":[155],"product_tag":[],"class_list":{"0":"post-18003","1":"product","2":"type-product","3":"status-publish","4":"has-post-thumbnail","6":"product_cat-arequipa-pt-br","8":"first","9":"instock","10":"sale","11":"shipping-taxable","12":"purchasable","13":"product-type-simple"},"jetpack_sharing_enabled":true,"_links":{"self":[{"href":"https:\/\/destinosdelperu.com\/pt-br\/wp-json\/wp\/v2\/product\/18003","targetHints":{"allow":["GET"]}}],"collection":[{"href":"https:\/\/destinosdelperu.com\/pt-br\/wp-json\/wp\/v2\/product"}],"about":[{"href":"https:\/\/destinosdelperu.com\/pt-br\/wp-json\/wp\/v2\/types\/product"}],"version-history":[{"count":1,"href":"https:\/\/destinosdelperu.com\/pt-br\/wp-json\/wp\/v2\/product\/18003\/revisions"}],"predecessor-version":[{"id":18020,"href":"https:\/\/destinosdelperu.com\/pt-br\/wp-json\/wp\/v2\/product\/18003\/revisions\/18020"}],"wp:featuredmedia":[{"embeddable":true,"href":"https:\/\/destinosdelperu.com\/pt-br\/wp-json\/wp\/v2\/media\/17511"}],"wp:attachment":[{"href":"https:\/\/destinosdelperu.com\/pt-br\/wp-json\/wp\/v2\/media?parent=18003"}],"wp:term":[{"taxonomy":"product_brand","embeddable":true,"href":"https:\/\/destinosdelperu.com\/pt-br\/wp-json\/wp\/v2\/product_brand?post=18003"},{"taxonomy":"product_cat","embeddable":true,"href":"https:\/\/destinosdelperu.com\/pt-br\/wp-json\/wp\/v2\/product_cat?post=18003"},{"taxonomy":"product_tag","embeddable":true,"href":"https:\/\/destinosdelperu.com\/pt-br\/wp-json\/wp\/v2\/product_tag?post=18003"}],"curies":[{"name":"wp","href":"https:\/\/api.w.org\/{rel}","templated":true}]}}