{"id":18000,"date":"2023-09-14T04:39:23","date_gmt":"2023-09-14T02:39:23","guid":{"rendered":"https:\/\/destinosdelperu.com\/tour\/punta-sal-dia-inteiro-tumbes\/"},"modified":"2023-11-04T17:25:33","modified_gmt":"2023-11-04T16:25:33","slug":"punta-sal-dia-inteiro-tumbes","status":"publish","type":"product","link":"https:\/\/destinosdelperu.com\/pt-br\/tour\/punta-sal-dia-inteiro-tumbes\/","title":{"rendered":"PUNTA SAL DIA INTEIRO (TUMBES)"},"content":{"rendered":"\t\t<div data-elementor-type=\"wp-post\" data-elementor-id=\"18000\" class=\"elementor elementor-18000\">\n\t\t\t\t\t\t<section class=\"elementor-section elementor-top-section elementor-element elementor-element-48d9fe8 elementor-section-boxed elementor-section-height-default elementor-section-height-default wd-section-disabled\" data-id=\"48d9fe8\" data-element_type=\"section\" data-e-type=\"section\">\n\t\t\t\t\t\t<div class=\"elementor-container elementor-column-gap-default\">\n\t\t\t\t\t<div class=\"elementor-column elementor-col-100 elementor-top-column elementor-element elementor-element-bf2ac82\" data-id=\"bf2ac82\" data-element_type=\"column\" data-e-type=\"column\">\n\t\t\t<div class=\"elementor-widget-wrap elementor-element-populated\">\n\t\t\t\t\t\t<div class=\"elementor-element elementor-element-7696ef2 elementor-widget elementor-widget-wd_text_block\" data-id=\"7696ef2\" data-element_type=\"widget\" data-e-type=\"widget\" data-widget_type=\"wd_text_block.default\">\n\t\t\t\t<div class=\"elementor-widget-container\">\n\t\t\t\t\t\t\t<div class=\"wd-text-block reset-last-child text-left\">\n\t\t\t\n\t\t\t<p>Punta Sal \u00e9 uma bela praia situada na costa norte do Peru, no departamento de Tumbes. \u00c9 conhecida pelas suas \u00e1guas cristalinas, praias de areia branca e clima ensolarado durante todo o ano.<\/p><p>Conhecida como as \"Cara\u00edbas peruanas\", Punta Sal \u00e9 um destino popular tanto para os peruanos como para os turistas internacionais. As suas \u00e1guas calmas permitem-lhe desfrutar de actividades aqu\u00e1ticas como o mergulho, o snorkelling e o mergulho com escafandro.<\/p>\n\t\t\t\t\t<\/div>\n\t\t\t\t\t\t<\/div>\n\t\t\t\t<\/div>\n\t\t\t\t\t<\/div>\n\t\t<\/div>\n\t\t\t\t\t<\/div>\n\t\t<\/section>\n\t\t\t\t<section class=\"elementor-section elementor-top-section elementor-element elementor-element-c357075 elementor-section-boxed elementor-section-height-default elementor-section-height-default wd-section-disabled\" data-id=\"c357075\" data-element_type=\"section\" data-e-type=\"section\">\n\t\t\t\t\t\t<div class=\"elementor-container elementor-column-gap-default\">\n\t\t\t\t\t<div class=\"elementor-column elementor-col-50 elementor-top-column elementor-element elementor-element-847dfc6\" data-id=\"847dfc6\" data-element_type=\"column\" data-e-type=\"column\">\n\t\t\t<div class=\"elementor-widget-wrap elementor-element-populated\">\n\t\t\t\t\t\t<div class=\"elementor-element elementor-element-a7f4124 elementor-widget elementor-widget-wd_text_block\" data-id=\"a7f4124\" data-element_type=\"widget\" data-e-type=\"widget\" data-widget_type=\"wd_text_block.default\">\n\t\t\t\t<div class=\"elementor-widget-container\">\n\t\t\t\t\t\t\t<div class=\"wd-text-block reset-last-child text-left\">\n\t\t\t\n\t\t\t<p><strong>Descri\u00e7\u00e3o do servi\u00e7o:<\/strong><\/p><ul><li style=\"list-style-type: none;\"><ul><li>Recolha no hotel e partida para a praia de Punta Sal onde poderemos observar uma bela paisagem no nosso caminho.<\/li><li>\u00c0 chegada a Punta Sal, tomaremos o pequeno-almo\u00e7o num restaurante local.<\/li><li>Visitaremos a praia de Punta Sal onde teremos tempo livre para desfrutar das suas \u00e1guas cristalinas e areias brancas e praticar desportos n\u00e1uticos como o snorkeling e o mergulho.<\/li><li>Almo\u00e7o num restaurante local com pratos t\u00edpicos da regi\u00e3o.<\/li><li>Visita a est\u00e2ncias termais pr\u00f3ximas, como as Termas de Zorritos, onde se pode desfrutar de \u00e1guas termais naturais.<\/li><li>Visita \u00e0s \u00e1guas do rio Tumbes, onde se podem fazer passeios de barco e observar a flora e a fauna da zona.<\/li><li>Regresso a Punta Sal e tempo livre para continuar a desfrutar da praia. Jantar num restaurante local.<\/li><li>Regresso \u00e0 cidade de partida em autocarro<\/li><\/ul><\/li><\/ul>\n\t\t\t\t\t<\/div>\n\t\t\t\t\t\t<\/div>\n\t\t\t\t<\/div>\n\t\t\t\t\t<\/div>\n\t\t<\/div>\n\t\t\t\t<div class=\"elementor-column elementor-col-50 elementor-top-column elementor-element elementor-element-d9a1333\" data-id=\"d9a1333\" data-element_type=\"column\" data-e-type=\"column\">\n\t\t\t<div class=\"elementor-widget-wrap elementor-element-populated\">\n\t\t\t\t\t\t<div class=\"elementor-element elementor-element-9a5e580 elementor-widget elementor-widget-wd_text_block\" data-id=\"9a5e580\" data-element_type=\"widget\" data-e-type=\"widget\" data-widget_type=\"wd_text_block.default\">\n\t\t\t\t<div class=\"elementor-widget-container\">\n\t\t\t\t\t\t\t<div class=\"wd-text-block reset-last-child text-left\">\n\t\t\t\n\t\t\t<p><strong>Inclui:  <\/strong><\/p><ul><li style=\"list-style-type: none;\"><ul><li>Transporte tur\u00edstico<\/li><li>Guia<\/li><li>Pequeno-almo\u00e7o<\/li><li>Almo\u00e7o<\/li><\/ul><\/li><\/ul><p><strong>Recomenda\u00e7\u00f5es:<\/strong><\/p><ul><li style=\"list-style-type: none;\"><ul><li>Usar protetor solar<\/li><li>Fato de banho<\/li><li>Chap\u00e9u<\/li><li>Roupa confort\u00e1vel<\/li><li>Toalha<\/li><li>Dinheiro<\/li><\/ul><\/li><\/ul>\n\t\t\t\t\t<\/div>\n\t\t\t\t\t\t<\/div>\n\t\t\t\t<\/div>\n\t\t\t\t\t<\/div>\n\t\t<\/div>\n\t\t\t\t\t<\/div>\n\t\t<\/section>\n\t\t\t\t<\/div>\n\t\t","protected":false},"excerpt":{"rendered":"<p>Punta Sal \u00e9 uma bela praia situada na costa norte do Peru, no departamento de Tumbes. \u00c9 conhecida pelas suas<\/p>\n","protected":false},"featured_media":17611,"template":"","meta":{"_joinchat":[]},"product_brand":[],"product_cat":[170],"product_tag":[],"class_list":{"0":"post-18000","1":"product","2":"type-product","3":"status-publish","4":"has-post-thumbnail","6":"product_cat-tumbos","8":"first","9":"instock","10":"shipping-taxable","11":"purchasable","12":"product-type-simple"},"jetpack_sharing_enabled":true,"_links":{"self":[{"href":"https:\/\/destinosdelperu.com\/pt-br\/wp-json\/wp\/v2\/product\/18000","targetHints":{"allow":["GET"]}}],"collection":[{"href":"https:\/\/destinosdelperu.com\/pt-br\/wp-json\/wp\/v2\/product"}],"about":[{"href":"https:\/\/destinosdelperu.com\/pt-br\/wp-json\/wp\/v2\/types\/product"}],"version-history":[{"count":1,"href":"https:\/\/destinosdelperu.com\/pt-br\/wp-json\/wp\/v2\/product\/18000\/revisions"}],"predecessor-version":[{"id":18019,"href":"https:\/\/destinosdelperu.com\/pt-br\/wp-json\/wp\/v2\/product\/18000\/revisions\/18019"}],"wp:featuredmedia":[{"embeddable":true,"href":"https:\/\/destinosdelperu.com\/pt-br\/wp-json\/wp\/v2\/media\/17611"}],"wp:attachment":[{"href":"https:\/\/destinosdelperu.com\/pt-br\/wp-json\/wp\/v2\/media?parent=18000"}],"wp:term":[{"taxonomy":"product_brand","embeddable":true,"href":"https:\/\/destinosdelperu.com\/pt-br\/wp-json\/wp\/v2\/product_brand?post=18000"},{"taxonomy":"product_cat","embeddable":true,"href":"https:\/\/destinosdelperu.com\/pt-br\/wp-json\/wp\/v2\/product_cat?post=18000"},{"taxonomy":"product_tag","embeddable":true,"href":"https:\/\/destinosdelperu.com\/pt-br\/wp-json\/wp\/v2\/product_tag?post=18000"}],"curies":[{"name":"wp","href":"https:\/\/api.w.org\/{rel}","templated":true}]}}