{"id":17996,"date":"2023-09-06T22:09:47","date_gmt":"2023-09-06T20:09:47","guid":{"rendered":"https:\/\/destinosdelperu.com\/tour\/museu-de-larco\/"},"modified":"2023-11-04T17:25:29","modified_gmt":"2023-11-04T16:25:29","slug":"museu-de-larco","status":"publish","type":"product","link":"https:\/\/destinosdelperu.com\/pt-br\/tour\/museu-de-larco\/","title":{"rendered":"MUSEU DE LARCO"},"content":{"rendered":"\t\t<div data-elementor-type=\"wp-post\" data-elementor-id=\"17996\" class=\"elementor elementor-17996\">\n\t\t\t\t\t\t<section class=\"elementor-section elementor-top-section elementor-element elementor-element-a9130f8 elementor-section-boxed elementor-section-height-default elementor-section-height-default wd-section-disabled\" data-id=\"a9130f8\" data-element_type=\"section\" data-e-type=\"section\">\n\t\t\t\t\t\t<div class=\"elementor-container elementor-column-gap-default\">\n\t\t\t\t\t<div class=\"elementor-column elementor-col-50 elementor-top-column elementor-element elementor-element-6dcafec\" data-id=\"6dcafec\" data-element_type=\"column\" data-e-type=\"column\">\n\t\t\t<div class=\"elementor-widget-wrap elementor-element-populated\">\n\t\t\t\t\t\t<div class=\"elementor-element elementor-element-4739bb3 elementor-widget elementor-widget-wd_text_block\" data-id=\"4739bb3\" data-element_type=\"widget\" data-e-type=\"widget\" data-widget_type=\"wd_text_block.default\">\n\t\t\t\t<div class=\"elementor-widget-container\">\n\t\t\t\t\t\t\t<div class=\"wd-text-block reset-last-child text-left\">\n\t\t\t\n\t\t\t<p>O Museu Larco est\u00e1 instalado numa mans\u00e3o colonial do s\u00e9culo XVIII. Rodeado por belos jardins, a exposi\u00e7\u00e3o permanente do Museu Larco convida os visitantes a descobrir mais de 5000 anos de hist\u00f3ria antiga do Peru atrav\u00e9s de uma fascinante cole\u00e7\u00e3o de arte pr\u00e9-colombiana. Oferece experi\u00eancias agrad\u00e1veis, envolventes e enriquecedoras. O Museu Larco cont\u00e9m a maior cole\u00e7\u00e3o privada de arte pr\u00e9-colombiana do mundo; objectos arqueol\u00f3gicos de todas as culturas andinas (cer\u00e2mica, ouro, prata, pedra, madeira, t\u00eaxteis), com especial destaque para a cultura Mochica.<\/p>\n\t\t\t\t\t<\/div>\n\t\t\t\t\t\t<\/div>\n\t\t\t\t<\/div>\n\t\t\t\t\t<\/div>\n\t\t<\/div>\n\t\t\t\t<div class=\"elementor-column elementor-col-50 elementor-top-column elementor-element elementor-element-3334526\" data-id=\"3334526\" data-element_type=\"column\" data-e-type=\"column\">\n\t\t\t<div class=\"elementor-widget-wrap elementor-element-populated\">\n\t\t\t\t\t\t<div class=\"elementor-element elementor-element-d082425 elementor-widget elementor-widget-wd_text_block\" data-id=\"d082425\" data-element_type=\"widget\" data-e-type=\"widget\" data-widget_type=\"wd_text_block.default\">\n\t\t\t\t<div class=\"elementor-widget-container\">\n\t\t\t\t\t\t\t<div class=\"wd-text-block reset-last-child text-left\">\n\t\t\t\n\t\t\t<p><strong>Inclui<\/strong><\/p><ul><li>Transporte tur\u00edstico<\/li><li>Guia bilingue<\/li><li>rendimento<\/li><\/ul><p><strong>Recomenda\u00e7\u00f5es<\/strong><\/p><ul><li>Vestu\u00e1rio leve<\/li><li>\u00d3culos de sol<\/li><li>Chap\u00e9u<\/li><li>Garrafa de \u00e1gua<\/li><li>Lanche<\/li><li>Dinheiro extra<\/li><\/ul>\n\t\t\t\t\t<\/div>\n\t\t\t\t\t\t<\/div>\n\t\t\t\t<\/div>\n\t\t\t\t\t<\/div>\n\t\t<\/div>\n\t\t\t\t\t<\/div>\n\t\t<\/section>\n\t\t\t\t<\/div>\n\t\t","protected":false},"excerpt":{"rendered":"<p>O Museu Larco est\u00e1 instalado numa mans\u00e3o colonial do s\u00e9culo XVIII. Rodeado por belos jardins, a exposi\u00e7\u00e3o permanente do Museu<\/p>\n","protected":false},"featured_media":17553,"template":"","meta":{"_joinchat":[]},"product_brand":[],"product_cat":[162],"product_tag":[],"class_list":{"0":"post-17996","1":"product","2":"type-product","3":"status-publish","4":"has-post-thumbnail","6":"product_cat-lima-pt-br","8":"first","9":"instock","10":"shipping-taxable","11":"purchasable","12":"product-type-simple"},"jetpack_sharing_enabled":true,"_links":{"self":[{"href":"https:\/\/destinosdelperu.com\/pt-br\/wp-json\/wp\/v2\/product\/17996","targetHints":{"allow":["GET"]}}],"collection":[{"href":"https:\/\/destinosdelperu.com\/pt-br\/wp-json\/wp\/v2\/product"}],"about":[{"href":"https:\/\/destinosdelperu.com\/pt-br\/wp-json\/wp\/v2\/types\/product"}],"version-history":[{"count":1,"href":"https:\/\/destinosdelperu.com\/pt-br\/wp-json\/wp\/v2\/product\/17996\/revisions"}],"predecessor-version":[{"id":18014,"href":"https:\/\/destinosdelperu.com\/pt-br\/wp-json\/wp\/v2\/product\/17996\/revisions\/18014"}],"wp:featuredmedia":[{"embeddable":true,"href":"https:\/\/destinosdelperu.com\/pt-br\/wp-json\/wp\/v2\/media\/17553"}],"wp:attachment":[{"href":"https:\/\/destinosdelperu.com\/pt-br\/wp-json\/wp\/v2\/media?parent=17996"}],"wp:term":[{"taxonomy":"product_brand","embeddable":true,"href":"https:\/\/destinosdelperu.com\/pt-br\/wp-json\/wp\/v2\/product_brand?post=17996"},{"taxonomy":"product_cat","embeddable":true,"href":"https:\/\/destinosdelperu.com\/pt-br\/wp-json\/wp\/v2\/product_cat?post=17996"},{"taxonomy":"product_tag","embeddable":true,"href":"https:\/\/destinosdelperu.com\/pt-br\/wp-json\/wp\/v2\/product_tag?post=17996"}],"curies":[{"name":"wp","href":"https:\/\/api.w.org\/{rel}","templated":true}]}}