{"id":17990,"date":"2023-09-05T06:16:18","date_gmt":"2023-09-05T04:16:18","guid":{"rendered":"https:\/\/destinosdelperu.com\/tour\/de-puno-a-cusco-pela-rota-do-sol\/"},"modified":"2023-11-04T17:25:24","modified_gmt":"2023-11-04T16:25:24","slug":"de-puno-a-cusco-pela-rota-do-sol","status":"publish","type":"product","link":"https:\/\/destinosdelperu.com\/pt-br\/tour\/de-puno-a-cusco-pela-rota-do-sol\/","title":{"rendered":"DE PUNO A CUSCO PELA ROTA DO SOL"},"content":{"rendered":"\t\t<div data-elementor-type=\"wp-post\" data-elementor-id=\"17990\" class=\"elementor elementor-17990\">\n\t\t\t\t\t\t<section class=\"elementor-section elementor-top-section elementor-element elementor-element-fabe477 elementor-section-boxed elementor-section-height-default elementor-section-height-default wd-section-disabled\" data-id=\"fabe477\" data-element_type=\"section\" data-e-type=\"section\">\n\t\t\t\t\t\t<div class=\"elementor-container elementor-column-gap-default\">\n\t\t\t\t\t<div class=\"elementor-column elementor-col-100 elementor-top-column elementor-element elementor-element-5805bd9\" data-id=\"5805bd9\" data-element_type=\"column\" data-e-type=\"column\">\n\t\t\t<div class=\"elementor-widget-wrap elementor-element-populated\">\n\t\t\t\t\t\t<div class=\"elementor-element elementor-element-7766946 elementor-widget elementor-widget-wd_text_block\" data-id=\"7766946\" data-element_type=\"widget\" data-e-type=\"widget\" data-widget_type=\"wd_text_block.default\">\n\t\t\t\t<div class=\"elementor-widget-container\">\n\t\t\t\t\t\t\t<div class=\"wd-text-block reset-last-child text-left\">\n\t\t\t\n\t\t\t<p>A Ruta del Sol entre Puno e Cusco segue o caminho do sol desde o nascer at\u00e9 ao p\u00f4r do sol. Este passeio oferece algumas das melhores vistas dos Andes peruanos e dos s\u00edtios arqueol\u00f3gicos mais importantes do antigo Imp\u00e9rio Inca.<br><br>Uma paisagem \u00fanica e surpreendente!<\/p>\n\t\t\t\t\t<\/div>\n\t\t\t\t\t\t<\/div>\n\t\t\t\t<\/div>\n\t\t\t\t\t<\/div>\n\t\t<\/div>\n\t\t\t\t\t<\/div>\n\t\t<\/section>\n\t\t\t\t<section class=\"elementor-section elementor-top-section elementor-element elementor-element-df4acf8 elementor-section-boxed elementor-section-height-default elementor-section-height-default wd-section-disabled\" data-id=\"df4acf8\" data-element_type=\"section\" data-e-type=\"section\">\n\t\t\t\t\t\t<div class=\"elementor-container elementor-column-gap-default\">\n\t\t\t\t\t<div class=\"elementor-column elementor-col-50 elementor-top-column elementor-element elementor-element-cf24b8c\" data-id=\"cf24b8c\" data-element_type=\"column\" data-e-type=\"column\">\n\t\t\t<div class=\"elementor-widget-wrap elementor-element-populated\">\n\t\t\t\t\t\t<div class=\"elementor-element elementor-element-f0dce88 elementor-widget elementor-widget-wd_text_block\" data-id=\"f0dce88\" data-element_type=\"widget\" data-e-type=\"widget\" data-widget_type=\"wd_text_block.default\">\n\t\t\t\t<div class=\"elementor-widget-container\">\n\t\t\t\t\t\t\t<div class=\"wd-text-block reset-last-child text-left\">\n\t\t\t\n\t\t\t<p><strong>Descri\u00e7\u00e3o do servi\u00e7o<\/strong> <br>Recolha no hotel em Puno, para iniciar a viagem de autocarro at\u00e9 \u00e0 cidade de Cusco, no caminho podemos apreciar o museu l\u00edtico de Pukara onde encontraremos cer\u00e2micas e esculturas. Continuando o passeio, passamos pela Raya, onde se encontra a famosa montanha coberta de neve Chimboya. Depois almo\u00e7aremos nos arredores da cidade de Sicuani, continuando a viagem iremos ao complexo arqueol\u00f3gico de Raqchi com constru\u00e7\u00f5es emblem\u00e1ticas oferecidas ao Deus Wiracocha, finalmente, visitaremos a igreja de Andahuaylillas conhecida como a \"Capela Sistina da Am\u00e9rica\" devido \u00e0 grande quantidade de obras de arte que decoram as suas paredes, finalmente chegaremos \u00e0 cidade de Cusco.  <\/p>\n\t\t\t\t\t<\/div>\n\t\t\t\t\t\t<\/div>\n\t\t\t\t<\/div>\n\t\t\t\t\t<\/div>\n\t\t<\/div>\n\t\t\t\t<div class=\"elementor-column elementor-col-25 elementor-top-column elementor-element elementor-element-f182069\" data-id=\"f182069\" data-element_type=\"column\" data-e-type=\"column\">\n\t\t\t<div class=\"elementor-widget-wrap elementor-element-populated\">\n\t\t\t\t\t\t<div class=\"elementor-element elementor-element-38c85eb elementor-widget elementor-widget-wd_text_block\" data-id=\"38c85eb\" data-element_type=\"widget\" data-e-type=\"widget\" data-widget_type=\"wd_text_block.default\">\n\t\t\t\t<div class=\"elementor-widget-container\">\n\t\t\t\t\t\t\t<div class=\"wd-text-block reset-last-child text-left\">\n\t\t\t\n\t\t\t<p>Hora de in\u00edcio:  <br>Dura\u00e7\u00e3o:<\/p><p><strong>INCLUINDO<\/strong><\/p><ul><li>Guia bilingue  <\/li><li>Receitas<\/li><li>Servi\u00e7o de bebidas quentes e frias a bordo.<\/li><li>Almo\u00e7o em Sicuani<\/li><li>Transporte em autocarros modernos.<\/li><\/ul>\n\t\t\t\t\t<\/div>\n\t\t\t\t\t\t<\/div>\n\t\t\t\t<\/div>\n\t\t\t\t\t<\/div>\n\t\t<\/div>\n\t\t\t\t<div class=\"elementor-column elementor-col-25 elementor-top-column elementor-element elementor-element-64a83f4\" data-id=\"64a83f4\" data-element_type=\"column\" data-e-type=\"column\">\n\t\t\t<div class=\"elementor-widget-wrap elementor-element-populated\">\n\t\t\t\t\t\t<div class=\"elementor-element elementor-element-036029a elementor-widget elementor-widget-wd_text_block\" data-id=\"036029a\" data-element_type=\"widget\" data-e-type=\"widget\" data-widget_type=\"wd_text_block.default\">\n\t\t\t\t<div class=\"elementor-widget-container\">\n\t\t\t\t\t\t\t<div class=\"wd-text-block reset-last-child text-left\">\n\t\t\t\n\t\t\t<p><strong>RECOMENDA\u00c7\u00d5ES<\/strong><\/p><ul><li>Lanche<\/li><li>\u00d3culos de sol<\/li><li>Chap\u00e9u<\/li><li>Sapatos confort\u00e1veis<\/li><li>Dinheiro extra<\/li><\/ul>\n\t\t\t\t\t<\/div>\n\t\t\t\t\t\t<\/div>\n\t\t\t\t<\/div>\n\t\t\t\t\t<\/div>\n\t\t<\/div>\n\t\t\t\t\t<\/div>\n\t\t<\/section>\n\t\t\t\t<\/div>\n\t\t","protected":false},"excerpt":{"rendered":"<p>A Ruta del Sol entre Puno e Cusco segue o caminho do sol desde o nascer at\u00e9 ao p\u00f4r do<\/p>\n","protected":false},"featured_media":17451,"template":"","meta":{"_joinchat":[]},"product_brand":[],"product_cat":[152],"product_tag":[],"class_list":{"0":"post-17990","1":"product","2":"type-product","3":"status-publish","4":"has-post-thumbnail","6":"product_cat-puno-pt-br","8":"first","9":"instock","10":"shipping-taxable","11":"purchasable","12":"product-type-simple"},"jetpack_sharing_enabled":true,"_links":{"self":[{"href":"https:\/\/destinosdelperu.com\/pt-br\/wp-json\/wp\/v2\/product\/17990","targetHints":{"allow":["GET"]}}],"collection":[{"href":"https:\/\/destinosdelperu.com\/pt-br\/wp-json\/wp\/v2\/product"}],"about":[{"href":"https:\/\/destinosdelperu.com\/pt-br\/wp-json\/wp\/v2\/types\/product"}],"version-history":[{"count":1,"href":"https:\/\/destinosdelperu.com\/pt-br\/wp-json\/wp\/v2\/product\/17990\/revisions"}],"predecessor-version":[{"id":18005,"href":"https:\/\/destinosdelperu.com\/pt-br\/wp-json\/wp\/v2\/product\/17990\/revisions\/18005"}],"wp:featuredmedia":[{"embeddable":true,"href":"https:\/\/destinosdelperu.com\/pt-br\/wp-json\/wp\/v2\/media\/17451"}],"wp:attachment":[{"href":"https:\/\/destinosdelperu.com\/pt-br\/wp-json\/wp\/v2\/media?parent=17990"}],"wp:term":[{"taxonomy":"product_brand","embeddable":true,"href":"https:\/\/destinosdelperu.com\/pt-br\/wp-json\/wp\/v2\/product_brand?post=17990"},{"taxonomy":"product_cat","embeddable":true,"href":"https:\/\/destinosdelperu.com\/pt-br\/wp-json\/wp\/v2\/product_cat?post=17990"},{"taxonomy":"product_tag","embeddable":true,"href":"https:\/\/destinosdelperu.com\/pt-br\/wp-json\/wp\/v2\/product_tag?post=17990"}],"curies":[{"name":"wp","href":"https:\/\/api.w.org\/{rel}","templated":true}]}}