{"id":17982,"date":"2023-09-14T09:31:13","date_gmt":"2023-09-14T07:31:13","guid":{"rendered":"https:\/\/destinosdelperu.com\/tour\/praia-de-la-mina-dia-inteiro-paracas\/"},"modified":"2023-11-04T17:25:33","modified_gmt":"2023-11-04T16:25:33","slug":"praia-de-la-mina-dia-inteiro-paracas","status":"publish","type":"product","link":"https:\/\/destinosdelperu.com\/pt-br\/tour\/praia-de-la-mina-dia-inteiro-paracas\/","title":{"rendered":"PRAIA DE LA MINA DIA INTEIRO (PARACAS)"},"content":{"rendered":"\t\t<div data-elementor-type=\"wp-post\" data-elementor-id=\"17982\" class=\"elementor elementor-17982\">\n\t\t\t\t\t\t<section class=\"elementor-section elementor-top-section elementor-element elementor-element-0635a16 elementor-section-boxed elementor-section-height-default elementor-section-height-default wd-section-disabled\" data-id=\"0635a16\" data-element_type=\"section\" data-e-type=\"section\">\n\t\t\t\t\t\t<div class=\"elementor-container elementor-column-gap-default\">\n\t\t\t\t\t<div class=\"elementor-column elementor-col-100 elementor-top-column elementor-element elementor-element-8d91f61\" data-id=\"8d91f61\" data-element_type=\"column\" data-e-type=\"column\">\n\t\t\t<div class=\"elementor-widget-wrap elementor-element-populated\">\n\t\t\t\t\t\t<div class=\"elementor-element elementor-element-ab93e41 elementor-widget elementor-widget-wd_text_block\" data-id=\"ab93e41\" data-element_type=\"widget\" data-e-type=\"widget\" data-widget_type=\"wd_text_block.default\">\n\t\t\t\t<div class=\"elementor-widget-container\">\n\t\t\t\t\t\t\t<div class=\"wd-text-block reset-last-child text-left\">\n\t\t\t\n\t\t\t<p>\u00c9 uma das praias mais visitadas de Paracas durante o ver\u00e3o. Destaca-se pelas suas \u00e1guas calmas e pela sua bela cor azul-turquesa. Est\u00e1 localizado no sop\u00e9 de um penhasco e pode ser alcan\u00e7ado atrav\u00e9s de uma curta descida pelas dunas do deserto de Paracas. De Pisco a La Mina.<\/p>\n\t\t\t\t\t<\/div>\n\t\t\t\t\t\t<\/div>\n\t\t\t\t<\/div>\n\t\t\t\t\t<\/div>\n\t\t<\/div>\n\t\t\t\t\t<\/div>\n\t\t<\/section>\n\t\t\t\t<section class=\"elementor-section elementor-top-section elementor-element elementor-element-773c205 elementor-section-boxed elementor-section-height-default elementor-section-height-default wd-section-disabled\" data-id=\"773c205\" data-element_type=\"section\" data-e-type=\"section\">\n\t\t\t\t\t\t<div class=\"elementor-container elementor-column-gap-default\">\n\t\t\t\t\t<div class=\"elementor-column elementor-col-50 elementor-top-column elementor-element elementor-element-4960b72\" data-id=\"4960b72\" data-element_type=\"column\" data-e-type=\"column\">\n\t\t\t<div class=\"elementor-widget-wrap elementor-element-populated\">\n\t\t\t\t\t\t<div class=\"elementor-element elementor-element-3c937f7 elementor-widget elementor-widget-wd_text_block\" data-id=\"3c937f7\" data-element_type=\"widget\" data-e-type=\"widget\" data-widget_type=\"wd_text_block.default\">\n\t\t\t\t<div class=\"elementor-widget-container\">\n\t\t\t\t\t\t\t<div class=\"wd-text-block reset-last-child text-left\">\n\t\t\t\n\t\t\t<p><strong>Descri\u00e7\u00e3o do servi\u00e7o:<\/strong><\/p><ul><li style=\"list-style-type: none;\"><ul><li>Recolha no hotel: Um guia de l\u00edngua inglesa ir\u00e1 busc\u00e1-lo ao seu hotel e lev\u00e1-lo-\u00e1 \u00e0 praia da mina.<\/li><li>Visitar\u00e1 a famosa praia de La Mina e ter\u00e1 tempo para explorar os arredores. Poder\u00e1 desfrutar de actividades como nata\u00e7\u00e3o, snorkelling ou simplesmente relaxar na areia.<\/li><li>Depois, comece um passeio pelo trilho natural que rodeia a praia. O trilho oferece vistas deslumbrantes sobre a costa e gui\u00e1-lo-\u00e1 atrav\u00e9s de diferentes paisagens naturais.<\/li><li>Almo\u00e7o num restaurante perto da praia. Pode saborear marisco fresco ou experimentar a comida tradicional da regi\u00e3o.<\/li><li>Regresso a Playa la Mina e tempo livre para desfrutar da praia e das actividades aqu\u00e1ticas. Se desejar, pode alugar equipamento de snorkelling ou fazer um passeio de caiaque.<\/li><li>Desfrute de um belo p\u00f4r do sol na praia antes de regressar ao seu alojamento.<\/li><li>Regresso ao hotel: Finalmente, a excurs\u00e3o leva-o de volta ao seu hotel, onde a visita termina.<\/li><\/ul><\/li><\/ul>\n\t\t\t\t\t<\/div>\n\t\t\t\t\t\t<\/div>\n\t\t\t\t<\/div>\n\t\t\t\t\t<\/div>\n\t\t<\/div>\n\t\t\t\t<div class=\"elementor-column elementor-col-50 elementor-top-column elementor-element elementor-element-f28202c\" data-id=\"f28202c\" data-element_type=\"column\" data-e-type=\"column\">\n\t\t\t<div class=\"elementor-widget-wrap elementor-element-populated\">\n\t\t\t\t\t\t<div class=\"elementor-element elementor-element-2a23739 elementor-widget elementor-widget-wd_text_block\" data-id=\"2a23739\" data-element_type=\"widget\" data-e-type=\"widget\" data-widget_type=\"wd_text_block.default\">\n\t\t\t\t<div class=\"elementor-widget-container\">\n\t\t\t\t\t\t\t<div class=\"wd-text-block reset-last-child text-left\">\n\t\t\t\n\t\t\t<p><strong>Inclui:<\/strong><\/p><ul><li style=\"list-style-type: none;\"><ul><li>Transporte tur\u00edstico<\/li><li>Guia<\/li><li>Almo\u00e7o<\/li><\/ul><\/li><\/ul><p><strong>Recomenda\u00e7\u00f5es:<\/strong><\/p><ul><li style=\"list-style-type: none;\"><ul><li>Usar protetor solar<\/li><li>Fato de banho<\/li><li>Chap\u00e9u<\/li><li>Roupa confort\u00e1vel<\/li><li>Toalha<\/li><li>Dinheiro<\/li><\/ul><\/li><\/ul>\n\t\t\t\t\t<\/div>\n\t\t\t\t\t\t<\/div>\n\t\t\t\t<\/div>\n\t\t\t\t\t<\/div>\n\t\t<\/div>\n\t\t\t\t\t<\/div>\n\t\t<\/section>\n\t\t\t\t<\/div>\n\t\t","protected":false},"excerpt":{"rendered":"<p>\u00c9 uma das praias mais visitadas de Paracas durante o ver\u00e3o. Destaca-se pelas suas \u00e1guas calmas e pela sua bela<\/p>\n","protected":false},"featured_media":17623,"template":"","meta":{"_joinchat":[]},"product_brand":[],"product_cat":[169],"product_tag":[],"class_list":{"0":"post-17982","1":"product","2":"type-product","3":"status-publish","4":"has-post-thumbnail","6":"product_cat-paracas-pt-br","8":"first","9":"instock","10":"shipping-taxable","11":"purchasable","12":"product-type-simple"},"jetpack_sharing_enabled":true,"_links":{"self":[{"href":"https:\/\/destinosdelperu.com\/pt-br\/wp-json\/wp\/v2\/product\/17982","targetHints":{"allow":["GET"]}}],"collection":[{"href":"https:\/\/destinosdelperu.com\/pt-br\/wp-json\/wp\/v2\/product"}],"about":[{"href":"https:\/\/destinosdelperu.com\/pt-br\/wp-json\/wp\/v2\/types\/product"}],"version-history":[{"count":1,"href":"https:\/\/destinosdelperu.com\/pt-br\/wp-json\/wp\/v2\/product\/17982\/revisions"}],"predecessor-version":[{"id":18002,"href":"https:\/\/destinosdelperu.com\/pt-br\/wp-json\/wp\/v2\/product\/17982\/revisions\/18002"}],"wp:featuredmedia":[{"embeddable":true,"href":"https:\/\/destinosdelperu.com\/pt-br\/wp-json\/wp\/v2\/media\/17623"}],"wp:attachment":[{"href":"https:\/\/destinosdelperu.com\/pt-br\/wp-json\/wp\/v2\/media?parent=17982"}],"wp:term":[{"taxonomy":"product_brand","embeddable":true,"href":"https:\/\/destinosdelperu.com\/pt-br\/wp-json\/wp\/v2\/product_brand?post=17982"},{"taxonomy":"product_cat","embeddable":true,"href":"https:\/\/destinosdelperu.com\/pt-br\/wp-json\/wp\/v2\/product_cat?post=17982"},{"taxonomy":"product_tag","embeddable":true,"href":"https:\/\/destinosdelperu.com\/pt-br\/wp-json\/wp\/v2\/product_tag?post=17982"}],"curies":[{"name":"wp","href":"https:\/\/api.w.org\/{rel}","templated":true}]}}