{"id":17980,"date":"2023-09-06T22:13:49","date_gmt":"2023-09-06T20:13:49","guid":{"rendered":"https:\/\/destinosdelperu.com\/tour\/caral\/"},"modified":"2023-11-04T17:25:28","modified_gmt":"2023-11-04T16:25:28","slug":"caral","status":"publish","type":"product","link":"https:\/\/destinosdelperu.com\/pt-br\/tour\/caral\/","title":{"rendered":"CARAL"},"content":{"rendered":"\t\t<div data-elementor-type=\"wp-post\" data-elementor-id=\"17980\" class=\"elementor elementor-17980\">\n\t\t\t\t\t\t<section class=\"elementor-section elementor-top-section elementor-element elementor-element-5b227d9 elementor-section-boxed elementor-section-height-default elementor-section-height-default wd-section-disabled\" data-id=\"5b227d9\" data-element_type=\"section\" data-e-type=\"section\">\n\t\t\t\t\t\t<div class=\"elementor-container elementor-column-gap-default\">\n\t\t\t\t\t<div class=\"elementor-column elementor-col-100 elementor-top-column elementor-element elementor-element-d3980b6\" data-id=\"d3980b6\" data-element_type=\"column\" data-e-type=\"column\">\n\t\t\t<div class=\"elementor-widget-wrap elementor-element-populated\">\n\t\t\t\t\t\t<div class=\"elementor-element elementor-element-2e21f7d elementor-widget elementor-widget-wd_text_block\" data-id=\"2e21f7d\" data-element_type=\"widget\" data-e-type=\"widget\" data-widget_type=\"wd_text_block.default\">\n\t\t\t\t<div class=\"elementor-widget-container\">\n\t\t\t\t\t\t\t<div class=\"wd-text-block reset-last-child text-left\">\n\t\t\t\n\t\t\t<p>Caral \u00e9 uma cidade majestosa considerada uma das primeiras civiliza\u00e7\u00f5es da Am\u00e9rica e a sua arquitetura \u00e9 conhecida por ser resistente aos terramotos. Poderemos constatar que, apesar de ter sofrido v\u00e1rios terramotos ao longo da sua hist\u00f3ria, as suas estruturas continuam de p\u00e9 at\u00e9 hoje. Esta realiza\u00e7\u00e3o arquitet\u00f3nica demonstra a habilidade e o conhecimento que a civiliza\u00e7\u00e3o Caral possu\u00eda h\u00e1 mais de 4000 anos. E onde \u00e9 que vamos visitar.<\/p>\n\t\t\t\t\t<\/div>\n\t\t\t\t\t\t<\/div>\n\t\t\t\t<\/div>\n\t\t\t\t\t<\/div>\n\t\t<\/div>\n\t\t\t\t\t<\/div>\n\t\t<\/section>\n\t\t\t\t<section class=\"elementor-section elementor-top-section elementor-element elementor-element-573853e elementor-section-boxed elementor-section-height-default elementor-section-height-default wd-section-disabled\" data-id=\"573853e\" data-element_type=\"section\" data-e-type=\"section\">\n\t\t\t\t\t\t<div class=\"elementor-container elementor-column-gap-default\">\n\t\t\t\t\t<div class=\"elementor-column elementor-col-50 elementor-top-column elementor-element elementor-element-5540605\" data-id=\"5540605\" data-element_type=\"column\" data-e-type=\"column\">\n\t\t\t<div class=\"elementor-widget-wrap elementor-element-populated\">\n\t\t\t\t\t\t<div class=\"elementor-element elementor-element-33c5e3a elementor-widget elementor-widget-wd_text_block\" data-id=\"33c5e3a\" data-element_type=\"widget\" data-e-type=\"widget\" data-widget_type=\"wd_text_block.default\">\n\t\t\t\t<div class=\"elementor-widget-container\">\n\t\t\t\t\t\t\t<div class=\"wd-text-block reset-last-child text-left\">\n\t\t\t\n\t\t\t<p><strong>DESCRI\u00c7\u00c3O DO SERVI\u00c7O<\/strong><\/p><p>O nosso passeio come\u00e7ar\u00e1 com a partida para  <strong>Caral,  <\/strong>depois passamos para  <strong>Huacho - Vegeta,<\/strong>  de onde partiremos para o  <strong>Cidadela e centro religioso de CARAL,<\/strong>  Conheceremos uma das cidades mais antigas da Am\u00e9rica, onde poder\u00e1 apreciar a grande pir\u00e2mide de degraus, que teve o seu esplendor h\u00e1 5000 anos, ver\u00e1 as suas pra\u00e7as circulares, zonas residenciais e templos submersos. Ser\u00e1 feito um passeio at\u00e9 ao miradouro e ser\u00e1 poss\u00edvel ver o que era o seu cemit\u00e9rio.<\/p><p><strong>Cidade de Huacho<\/strong>, onde faremos uma visita guiada \u00e0 sua pra\u00e7a principal, igreja e terminaremos com uma visita ao cal\u00e7ad\u00e3o de San Pedro onde poderemos desfrutar de uma bela vista das principais praias de Huacho.<\/p>\n\t\t\t\t\t<\/div>\n\t\t\t\t\t\t<\/div>\n\t\t\t\t<\/div>\n\t\t\t\t\t<\/div>\n\t\t<\/div>\n\t\t\t\t<div class=\"elementor-column elementor-col-50 elementor-top-column elementor-element elementor-element-81aa7a3\" data-id=\"81aa7a3\" data-element_type=\"column\" data-e-type=\"column\">\n\t\t\t<div class=\"elementor-widget-wrap elementor-element-populated\">\n\t\t\t\t\t\t<div class=\"elementor-element elementor-element-4f55d88 elementor-widget elementor-widget-wd_text_block\" data-id=\"4f55d88\" data-element_type=\"widget\" data-e-type=\"widget\" data-widget_type=\"wd_text_block.default\">\n\t\t\t\t<div class=\"elementor-widget-container\">\n\t\t\t\t\t\t\t<div class=\"wd-text-block reset-last-child text-left\">\n\t\t\t\n\t\t\t<p><strong>INCLUINDO<\/strong><\/p><ul><li>Transporte privado permanente.<\/li><li>Almo\u00e7o de caixa.<\/li><li>Entrada no Santu\u00e1rio de Caral<\/li><li>Guia local na cidadela de Caral<\/li><li>Excurs\u00e3o aos circuitos mencionados<\/li><li>Assist\u00eancia permanente.<\/li><li>Brochuras informativas e<\/li><li>Kit de primeiros socorros.<\/li><\/ul><p><strong>RECOMENDA\u00c7\u00d5ES<\/strong><\/p><ul><li>Vestu\u00e1rio de meia esta\u00e7\u00e3o + Casaco corta-vento<\/li><li>C\u00e2mara<\/li><li>Sapatos de caminhada<\/li><li>Repelente, protetor solar<\/li><li>Chap\u00e9us de sol e \u00f3culos de sol<\/li><\/ul>\n\t\t\t\t\t<\/div>\n\t\t\t\t\t\t<\/div>\n\t\t\t\t<\/div>\n\t\t\t\t\t<\/div>\n\t\t<\/div>\n\t\t\t\t\t<\/div>\n\t\t<\/section>\n\t\t\t\t<\/div>\n\t\t","protected":false},"excerpt":{"rendered":"<p>Caral \u00e9 uma cidade majestosa considerada uma das primeiras civiliza\u00e7\u00f5es da Am\u00e9rica e a sua arquitetura \u00e9 conhecida por ser<\/p>\n","protected":false},"featured_media":17565,"template":"","meta":{"_joinchat":[]},"product_brand":[],"product_cat":[162],"product_tag":[],"class_list":{"0":"post-17980","1":"product","2":"type-product","3":"status-publish","4":"has-post-thumbnail","6":"product_cat-lima-pt-br","8":"first","9":"instock","10":"shipping-taxable","11":"purchasable","12":"product-type-simple"},"jetpack_sharing_enabled":true,"_links":{"self":[{"href":"https:\/\/destinosdelperu.com\/pt-br\/wp-json\/wp\/v2\/product\/17980","targetHints":{"allow":["GET"]}}],"collection":[{"href":"https:\/\/destinosdelperu.com\/pt-br\/wp-json\/wp\/v2\/product"}],"about":[{"href":"https:\/\/destinosdelperu.com\/pt-br\/wp-json\/wp\/v2\/types\/product"}],"version-history":[{"count":1,"href":"https:\/\/destinosdelperu.com\/pt-br\/wp-json\/wp\/v2\/product\/17980\/revisions"}],"predecessor-version":[{"id":17997,"href":"https:\/\/destinosdelperu.com\/pt-br\/wp-json\/wp\/v2\/product\/17980\/revisions\/17997"}],"wp:featuredmedia":[{"embeddable":true,"href":"https:\/\/destinosdelperu.com\/pt-br\/wp-json\/wp\/v2\/media\/17565"}],"wp:attachment":[{"href":"https:\/\/destinosdelperu.com\/pt-br\/wp-json\/wp\/v2\/media?parent=17980"}],"wp:term":[{"taxonomy":"product_brand","embeddable":true,"href":"https:\/\/destinosdelperu.com\/pt-br\/wp-json\/wp\/v2\/product_brand?post=17980"},{"taxonomy":"product_cat","embeddable":true,"href":"https:\/\/destinosdelperu.com\/pt-br\/wp-json\/wp\/v2\/product_cat?post=17980"},{"taxonomy":"product_tag","embeddable":true,"href":"https:\/\/destinosdelperu.com\/pt-br\/wp-json\/wp\/v2\/product_tag?post=17980"}],"curies":[{"name":"wp","href":"https:\/\/api.w.org\/{rel}","templated":true}]}}