{"id":17974,"date":"2023-09-06T22:04:10","date_gmt":"2023-09-06T20:04:10","guid":{"rendered":"https:\/\/destinosdelperu.com\/tour\/visita-a-cidade-almoco-espectaculo\/"},"modified":"2023-11-04T17:25:28","modified_gmt":"2023-11-04T16:25:28","slug":"visita-a-cidade-almoco-espectaculo","status":"publish","type":"product","link":"https:\/\/destinosdelperu.com\/pt-br\/tour\/visita-a-cidade-almoco-espectaculo\/","title":{"rendered":"VISITA \u00c0 CIDADE + ALMO\u00c7O ESPECT\u00c1CULO"},"content":{"rendered":"\t\t<div data-elementor-type=\"wp-post\" data-elementor-id=\"17974\" class=\"elementor elementor-17974\">\n\t\t\t\t\t\t<section class=\"elementor-section elementor-top-section elementor-element elementor-element-8c907dc elementor-section-boxed elementor-section-height-default elementor-section-height-default wd-section-disabled\" data-id=\"8c907dc\" data-element_type=\"section\" data-e-type=\"section\">\n\t\t\t\t\t\t<div class=\"elementor-container elementor-column-gap-default\">\n\t\t\t\t\t<div class=\"elementor-column elementor-col-100 elementor-top-column elementor-element elementor-element-cdad17d\" data-id=\"cdad17d\" data-element_type=\"column\" data-e-type=\"column\">\n\t\t\t<div class=\"elementor-widget-wrap elementor-element-populated\">\n\t\t\t\t\t\t<div class=\"elementor-element elementor-element-6bb9429 elementor-widget elementor-widget-wd_text_block\" data-id=\"6bb9429\" data-element_type=\"widget\" data-e-type=\"widget\" data-widget_type=\"wd_text_block.default\">\n\t\t\t\t<div class=\"elementor-widget-container\">\n\t\t\t\t\t\t\t<div class=\"wd-text-block reset-last-child text-left\">\n\t\t\t\n\t\t\t<p>A capital gastron\u00f3mica n\u00e3o s\u00f3 do Peru, mas tamb\u00e9m da Am\u00e9rica do Sul e - porque n\u00e3o diz\u00ea-lo - em breve do mundo inteiro: quem chega a Lima fica encantado com a comida variada, deliciosa e prestigiada servida \u00e0s suas mesas; com receitas milenares, pratos fundidos com outras culturas e um tempero verdadeiramente \u00fanico.<\/p>\n\t\t\t\t\t<\/div>\n\t\t\t\t\t\t<\/div>\n\t\t\t\t<\/div>\n\t\t\t\t\t<\/div>\n\t\t<\/div>\n\t\t\t\t\t<\/div>\n\t\t<\/section>\n\t\t\t\t<section class=\"elementor-section elementor-top-section elementor-element elementor-element-6b6ec97 elementor-section-boxed elementor-section-height-default elementor-section-height-default wd-section-disabled\" data-id=\"6b6ec97\" data-element_type=\"section\" data-e-type=\"section\">\n\t\t\t\t\t\t<div class=\"elementor-container elementor-column-gap-default\">\n\t\t\t\t\t<div class=\"elementor-column elementor-col-50 elementor-top-column elementor-element elementor-element-949dc92\" data-id=\"949dc92\" data-element_type=\"column\" data-e-type=\"column\">\n\t\t\t<div class=\"elementor-widget-wrap elementor-element-populated\">\n\t\t\t\t\t\t<div class=\"elementor-element elementor-element-da942c8 elementor-widget elementor-widget-wd_text_block\" data-id=\"da942c8\" data-element_type=\"widget\" data-e-type=\"widget\" data-widget_type=\"wd_text_block.default\">\n\t\t\t\t<div class=\"elementor-widget-container\">\n\t\t\t\t\t\t\t<div class=\"wd-text-block reset-last-child text-left\">\n\t\t\t\n\t\t\t<p><strong>Descri\u00e7\u00e3o do servi\u00e7o:  <\/strong><\/p><p>O <strong>City Tour de Lima <\/strong><strong>+ <\/strong><strong>almo\u00e7o espet\u00e1culo <\/strong>\u00e9 uma experi\u00eancia inesquec\u00edvel que o levar\u00e1 a conhecer o centro hist\u00f3rico de Lima, incluindo o pal\u00e1cio do governo, o pal\u00e1cio municipal e o pal\u00e1cio do arcebispo, bem como a bas\u00edlica da catedral. Continuamos a nossa visita ao museu do Banco Central de Reserva onde veremos a cole\u00e7\u00e3o de tesouros peruanos. Visitaremos tamb\u00e9m o complexo monumental de S\u00e3o Francisco, com as suas criptas subterr\u00e2neas. Por fim, visitaremos o parque do amor e teremos um delicioso almo\u00e7o.<\/p>\n\t\t\t\t\t<\/div>\n\t\t\t\t\t\t<\/div>\n\t\t\t\t<\/div>\n\t\t\t\t\t<\/div>\n\t\t<\/div>\n\t\t\t\t<div class=\"elementor-column elementor-col-50 elementor-top-column elementor-element elementor-element-86ff429\" data-id=\"86ff429\" data-element_type=\"column\" data-e-type=\"column\">\n\t\t\t<div class=\"elementor-widget-wrap elementor-element-populated\">\n\t\t\t\t\t\t<div class=\"elementor-element elementor-element-caf832a elementor-widget elementor-widget-wd_text_block\" data-id=\"caf832a\" data-element_type=\"widget\" data-e-type=\"widget\" data-widget_type=\"wd_text_block.default\">\n\t\t\t\t<div class=\"elementor-widget-container\">\n\t\t\t\t\t\t\t<div class=\"wd-text-block reset-last-child text-left\">\n\t\t\t\n\t\t\t<p><strong>Inclui  <\/strong><\/p><ul><li>Transporte tur\u00edstico<\/li><li>Guia bilingue<\/li><li>Receitas<\/li><li>Almo\u00e7o espet\u00e1culo<\/li><\/ul><p><strong>Recomenda\u00e7\u00f5es  <\/strong><\/p><ul><li>Vestu\u00e1rio leve<\/li><li>\u00d3culos de sol<\/li><li>Chap\u00e9u<\/li><li>Garrafa de \u00e1gua<\/li><li>Lanche<\/li><li>Dinheiro extra<\/li><\/ul>\n\t\t\t\t\t<\/div>\n\t\t\t\t\t\t<\/div>\n\t\t\t\t<\/div>\n\t\t\t\t\t<\/div>\n\t\t<\/div>\n\t\t\t\t\t<\/div>\n\t\t<\/section>\n\t\t\t\t<\/div>\n\t\t","protected":false},"excerpt":{"rendered":"<p>A capital gastron\u00f3mica n\u00e3o s\u00f3 do Peru, mas tamb\u00e9m da Am\u00e9rica do Sul e &#8211; porque n\u00e3o diz\u00ea-lo &#8211; em<\/p>\n","protected":false},"featured_media":17535,"template":"","meta":{"_joinchat":[]},"product_brand":[],"product_cat":[162],"product_tag":[],"class_list":{"0":"post-17974","1":"product","2":"type-product","3":"status-publish","4":"has-post-thumbnail","6":"product_cat-lima-pt-br","8":"first","9":"instock","10":"shipping-taxable","11":"purchasable","12":"product-type-simple"},"jetpack_sharing_enabled":true,"_links":{"self":[{"href":"https:\/\/destinosdelperu.com\/pt-br\/wp-json\/wp\/v2\/product\/17974","targetHints":{"allow":["GET"]}}],"collection":[{"href":"https:\/\/destinosdelperu.com\/pt-br\/wp-json\/wp\/v2\/product"}],"about":[{"href":"https:\/\/destinosdelperu.com\/pt-br\/wp-json\/wp\/v2\/types\/product"}],"version-history":[{"count":1,"href":"https:\/\/destinosdelperu.com\/pt-br\/wp-json\/wp\/v2\/product\/17974\/revisions"}],"predecessor-version":[{"id":17985,"href":"https:\/\/destinosdelperu.com\/pt-br\/wp-json\/wp\/v2\/product\/17974\/revisions\/17985"}],"wp:featuredmedia":[{"embeddable":true,"href":"https:\/\/destinosdelperu.com\/pt-br\/wp-json\/wp\/v2\/media\/17535"}],"wp:attachment":[{"href":"https:\/\/destinosdelperu.com\/pt-br\/wp-json\/wp\/v2\/media?parent=17974"}],"wp:term":[{"taxonomy":"product_brand","embeddable":true,"href":"https:\/\/destinosdelperu.com\/pt-br\/wp-json\/wp\/v2\/product_brand?post=17974"},{"taxonomy":"product_cat","embeddable":true,"href":"https:\/\/destinosdelperu.com\/pt-br\/wp-json\/wp\/v2\/product_cat?post=17974"},{"taxonomy":"product_tag","embeddable":true,"href":"https:\/\/destinosdelperu.com\/pt-br\/wp-json\/wp\/v2\/product_tag?post=17974"}],"curies":[{"name":"wp","href":"https:\/\/api.w.org\/{rel}","templated":true}]}}