{"id":17971,"date":"2023-09-05T00:43:17","date_gmt":"2023-09-04T22:43:17","guid":{"rendered":"https:\/\/destinosdelperu.com\/tour\/cusco-maras-moray-em-moto-quatro\/"},"modified":"2023-11-04T17:25:28","modified_gmt":"2023-11-04T16:25:28","slug":"cusco-maras-moray-em-moto-quatro","status":"publish","type":"product","link":"https:\/\/destinosdelperu.com\/pt-br\/tour\/cusco-maras-moray-em-moto-quatro\/","title":{"rendered":"CUSCO &#8211; MARAS MORAY EM MOTO-QUATRO"},"content":{"rendered":"\t\t<div data-elementor-type=\"wp-post\" data-elementor-id=\"17971\" class=\"elementor elementor-17971\">\n\t\t\t\t\t\t<section class=\"elementor-section elementor-top-section elementor-element elementor-element-cbc0926 elementor-section-boxed elementor-section-height-default elementor-section-height-default wd-section-disabled\" data-id=\"cbc0926\" data-element_type=\"section\" data-e-type=\"section\">\n\t\t\t\t\t\t<div class=\"elementor-container elementor-column-gap-default\">\n\t\t\t\t\t<div class=\"elementor-column elementor-col-100 elementor-top-column elementor-element elementor-element-6eb07d4\" data-id=\"6eb07d4\" data-element_type=\"column\" data-e-type=\"column\">\n\t\t\t<div class=\"elementor-widget-wrap elementor-element-populated\">\n\t\t\t\t\t\t<div class=\"elementor-element elementor-element-d058f74 elementor-widget elementor-widget-wd_text_block\" data-id=\"d058f74\" data-element_type=\"widget\" data-e-type=\"widget\" data-widget_type=\"wd_text_block.default\">\n\t\t\t\t<div class=\"elementor-widget-container\">\n\t\t\t\t\t\t\t<div class=\"wd-text-block reset-last-child text-left\">\n\t\t\t\n\t\t\t<p>\"Maras &amp; Moray &amp; Laguna de Huaypo \u00e9 uma aventura emocionante no Vale Sagrado dos Incas cheia de adrenalina, onde se pode apreciar belas paisagens naturais como a Laguna de Huaypo, conhecer a hist\u00f3ria das famosas minas de sal de Maras e o s\u00edtio arqueol\u00f3gico de Moray com os seus terra\u00e7os circulares. uma oportunidade \u00fanica!<\/p>\n\t\t\t\t\t<\/div>\n\t\t\t\t\t\t<\/div>\n\t\t\t\t<\/div>\n\t\t\t\t\t<\/div>\n\t\t<\/div>\n\t\t\t\t\t<\/div>\n\t\t<\/section>\n\t\t\t\t<section class=\"elementor-section elementor-top-section elementor-element elementor-element-3c014a4 elementor-section-boxed elementor-section-height-default elementor-section-height-default wd-section-disabled\" data-id=\"3c014a4\" data-element_type=\"section\" data-e-type=\"section\">\n\t\t\t\t\t\t<div class=\"elementor-container elementor-column-gap-default\">\n\t\t\t\t\t<div class=\"elementor-column elementor-col-50 elementor-top-column elementor-element elementor-element-8c6bd2c\" data-id=\"8c6bd2c\" data-element_type=\"column\" data-e-type=\"column\">\n\t\t\t<div class=\"elementor-widget-wrap elementor-element-populated\">\n\t\t\t\t\t\t<div class=\"elementor-element elementor-element-8120256 elementor-widget elementor-widget-wd_text_block\" data-id=\"8120256\" data-element_type=\"widget\" data-e-type=\"widget\" data-widget_type=\"wd_text_block.default\">\n\t\t\t\t<div class=\"elementor-widget-container\">\n\t\t\t\t\t\t\t<div class=\"wd-text-block reset-last-child text-left\">\n\t\t\t\n\t\t\t<p><strong>Descri\u00e7\u00e3o do servi\u00e7o:<\/strong><br>Saindo de Cusco, dirigimo-nos para a base de Maras para come\u00e7ar o treino nos ATVs. Quando estivermos prontos, visitamos o complexo arqueol\u00f3gico de Moray, seguimos a rota para as minas de sal de Maras, no caminho podemos apreciar os picos nevados de Veronica e Chicon e depois terminamos o passeio na lagoa Huaypo.<\/p>\n\t\t\t\t\t<\/div>\n\t\t\t\t\t\t<\/div>\n\t\t\t\t<\/div>\n\t\t\t\t\t<\/div>\n\t\t<\/div>\n\t\t\t\t<div class=\"elementor-column elementor-col-25 elementor-top-column elementor-element elementor-element-f68c4a3\" data-id=\"f68c4a3\" data-element_type=\"column\" data-e-type=\"column\">\n\t\t\t<div class=\"elementor-widget-wrap elementor-element-populated\">\n\t\t\t\t\t\t<div class=\"elementor-element elementor-element-7dc2728 elementor-widget elementor-widget-wd_text_block\" data-id=\"7dc2728\" data-element_type=\"widget\" data-e-type=\"widget\" data-widget_type=\"wd_text_block.default\">\n\t\t\t\t<div class=\"elementor-widget-container\">\n\t\t\t\t\t\t\t<div class=\"wd-text-block reset-last-child text-left\">\n\t\t\t\n\t\t\t<p>Dura\u00e7\u00e3o da visita:<br>Hora de in\u00edcio:<\/p><p><strong>INCLUINDO<\/strong> <\/p><ul><li>Transporte tur\u00edstico<\/li><li>Guia bilingue<\/li><li>ATVs<\/li><li>Rendimento<\/li><\/ul>\n\t\t\t\t\t<\/div>\n\t\t\t\t\t\t<\/div>\n\t\t\t\t<\/div>\n\t\t\t\t\t<\/div>\n\t\t<\/div>\n\t\t\t\t<div class=\"elementor-column elementor-col-25 elementor-top-column elementor-element elementor-element-2a6c65f\" data-id=\"2a6c65f\" data-element_type=\"column\" data-e-type=\"column\">\n\t\t\t<div class=\"elementor-widget-wrap elementor-element-populated\">\n\t\t\t\t\t\t<div class=\"elementor-element elementor-element-11a06e2 elementor-widget elementor-widget-wd_text_block\" data-id=\"11a06e2\" data-element_type=\"widget\" data-e-type=\"widget\" data-widget_type=\"wd_text_block.default\">\n\t\t\t\t<div class=\"elementor-widget-container\">\n\t\t\t\t\t\t\t<div class=\"wd-text-block reset-last-child text-left\">\n\t\t\t\n\t\t\t<p><strong>RECOMENDA\u00c7\u00d5ES<\/strong><\/p><ul><li>Usar roupa confort\u00e1vel<\/li><li>Dinheiro extra<\/li><li>Chap\u00e9u<\/li><li>Bloqueador<\/li><li>Garrafas de \u00e1gua<\/li><\/ul>\n\t\t\t\t\t<\/div>\n\t\t\t\t\t\t<\/div>\n\t\t\t\t<\/div>\n\t\t\t\t\t<\/div>\n\t\t<\/div>\n\t\t\t\t\t<\/div>\n\t\t<\/section>\n\t\t\t\t<\/div>\n\t\t","protected":false},"excerpt":{"rendered":"<p>&#8220;Maras &amp; Moray &amp; Laguna de Huaypo \u00e9 uma aventura emocionante no Vale Sagrado dos Incas cheia de adrenalina, onde<\/p>\n","protected":false},"featured_media":17417,"template":"","meta":{"_joinchat":[]},"product_brand":[],"product_cat":[116],"product_tag":[],"class_list":{"0":"post-17971","1":"product","2":"type-product","3":"status-publish","4":"has-post-thumbnail","6":"product_cat-cusco-pt-br","8":"first","9":"instock","10":"shipping-taxable","11":"purchasable","12":"product-type-simple"},"jetpack_sharing_enabled":true,"_links":{"self":[{"href":"https:\/\/destinosdelperu.com\/pt-br\/wp-json\/wp\/v2\/product\/17971","targetHints":{"allow":["GET"]}}],"collection":[{"href":"https:\/\/destinosdelperu.com\/pt-br\/wp-json\/wp\/v2\/product"}],"about":[{"href":"https:\/\/destinosdelperu.com\/pt-br\/wp-json\/wp\/v2\/types\/product"}],"version-history":[{"count":1,"href":"https:\/\/destinosdelperu.com\/pt-br\/wp-json\/wp\/v2\/product\/17971\/revisions"}],"predecessor-version":[{"id":17991,"href":"https:\/\/destinosdelperu.com\/pt-br\/wp-json\/wp\/v2\/product\/17971\/revisions\/17991"}],"wp:featuredmedia":[{"embeddable":true,"href":"https:\/\/destinosdelperu.com\/pt-br\/wp-json\/wp\/v2\/media\/17417"}],"wp:attachment":[{"href":"https:\/\/destinosdelperu.com\/pt-br\/wp-json\/wp\/v2\/media?parent=17971"}],"wp:term":[{"taxonomy":"product_brand","embeddable":true,"href":"https:\/\/destinosdelperu.com\/pt-br\/wp-json\/wp\/v2\/product_brand?post=17971"},{"taxonomy":"product_cat","embeddable":true,"href":"https:\/\/destinosdelperu.com\/pt-br\/wp-json\/wp\/v2\/product_cat?post=17971"},{"taxonomy":"product_tag","embeddable":true,"href":"https:\/\/destinosdelperu.com\/pt-br\/wp-json\/wp\/v2\/product_tag?post=17971"}],"curies":[{"name":"wp","href":"https:\/\/api.w.org\/{rel}","templated":true}]}}