{"id":17964,"date":"2023-09-05T02:50:20","date_gmt":"2023-09-05T00:50:20","guid":{"rendered":"https:\/\/destinosdelperu.com\/tour\/ilhas-uros-taquile-amantani-2d-1n\/"},"modified":"2023-11-04T17:25:24","modified_gmt":"2023-11-04T16:25:24","slug":"ilhas-uros-taquile-amantani-2d-1n","status":"publish","type":"product","link":"https:\/\/destinosdelperu.com\/pt-br\/tour\/ilhas-uros-taquile-amantani-2d-1n\/","title":{"rendered":"ILHAS UROS -TAQUILE &#8211; AMANTANI &#8211; 2D \/ 1N"},"content":{"rendered":"\t\t<div data-elementor-type=\"wp-post\" data-elementor-id=\"17964\" class=\"elementor elementor-17964\">\n\t\t\t\t\t\t<section class=\"elementor-section elementor-top-section elementor-element elementor-element-8ebe508 elementor-section-boxed elementor-section-height-default elementor-section-height-default wd-section-disabled\" data-id=\"8ebe508\" data-element_type=\"section\" data-e-type=\"section\">\n\t\t\t\t\t\t<div class=\"elementor-container elementor-column-gap-default\">\n\t\t\t\t\t<div class=\"elementor-column elementor-col-100 elementor-top-column elementor-element elementor-element-602e33f\" data-id=\"602e33f\" data-element_type=\"column\" data-e-type=\"column\">\n\t\t\t<div class=\"elementor-widget-wrap elementor-element-populated\">\n\t\t\t\t\t\t<div class=\"elementor-element elementor-element-3c3e8e5 elementor-widget elementor-widget-wd_text_block\" data-id=\"3c3e8e5\" data-element_type=\"widget\" data-e-type=\"widget\" data-widget_type=\"wd_text_block.default\">\n\t\t\t\t<div class=\"elementor-widget-container\">\n\t\t\t\t\t\t\t<div class=\"wd-text-block reset-last-child text-left\">\n\t\t\t\n\t\t\t<p>\"Um dos aspectos mais fascinantes da viagem a Uros, Amantani e Taquile \u00e9 a oportunidade de visitar e conhecer as comunidades locais que habitam cada uma destas ilhas.<\/p><p>Na Ilha dos Uros, conhe\u00e7a o modo de vida dos habitantes que constru\u00edram estas ilhas flutuantes com canas totora, uma planta aqu\u00e1tica encontrada no Lago Titicaca.<\/p><p>Em Amantani, pode passar a noite numa casa de fam\u00edlia local e aprender sobre as tradi\u00e7\u00f5es e os costumes das pessoas.<\/p><p>Em Taquile, poder\u00e1 apreciar o artesanato e os t\u00eaxteis locais reconhecidos pela UNESCO como Patrim\u00f3nio Cultural Imaterial da Humanidade.<\/p>\n\t\t\t\t\t<\/div>\n\t\t\t\t\t\t<\/div>\n\t\t\t\t<\/div>\n\t\t\t\t\t<\/div>\n\t\t<\/div>\n\t\t\t\t\t<\/div>\n\t\t<\/section>\n\t\t\t\t<section class=\"elementor-section elementor-top-section elementor-element elementor-element-0ac7a56 elementor-section-boxed elementor-section-height-default elementor-section-height-default wd-section-disabled\" data-id=\"0ac7a56\" data-element_type=\"section\" data-e-type=\"section\">\n\t\t\t\t\t\t<div class=\"elementor-container elementor-column-gap-default\">\n\t\t\t\t\t<div class=\"elementor-column elementor-col-50 elementor-top-column elementor-element elementor-element-e405cda\" data-id=\"e405cda\" data-element_type=\"column\" data-e-type=\"column\">\n\t\t\t<div class=\"elementor-widget-wrap elementor-element-populated\">\n\t\t\t\t\t\t<div class=\"elementor-element elementor-element-385728b elementor-widget elementor-widget-wd_text_block\" data-id=\"385728b\" data-element_type=\"widget\" data-e-type=\"widget\" data-widget_type=\"wd_text_block.default\">\n\t\t\t\t<div class=\"elementor-widget-container\">\n\t\t\t\t\t\t\t<div class=\"wd-text-block reset-last-child text-left\">\n\t\t\t\n\t\t\t<p><strong>Descri\u00e7\u00e3o do servi\u00e7o<\/strong><\/p><p><strong>DIA 1 (PUNO - AMANTANI)<\/strong> <br>Recolha no hotel, depois dirigimo-nos para o porto, onde embarcamos no barco a motor que nos leva atrav\u00e9s do Lago Titicaca para visitar 2 ilhas flutuantes dos Uros, e a ilha de Amantani. De seguida, teremos um delicioso almo\u00e7o em casa de uma fam\u00edlia local, seguido de uma caminhada de 1 hora at\u00e9 ao templo de Pachamama e ao templo de Pachatata. Regressamos para jantar em casa da fam\u00edlia.<\/p><p><strong>DIA 2 (AMANTANI - TAQUILE - PUNO)<\/strong> <br>Come\u00e7amos com o pequeno-almo\u00e7o em casa de uma fam\u00edlia, dirigimo-nos ao porto de Amantani para embarcar no barco a motor que nos levar\u00e1 \u00e0 ilha de Taquile para apreciar os seus famosos t\u00eaxteis. Desfrutaremos de um delicioso almo\u00e7o t\u00edpico. De seguida, iniciamos o nosso regresso \u00e0 cidade de Puno.<\/p>\n\t\t\t\t\t<\/div>\n\t\t\t\t\t\t<\/div>\n\t\t\t\t<\/div>\n\t\t\t\t\t<\/div>\n\t\t<\/div>\n\t\t\t\t<div class=\"elementor-column elementor-col-25 elementor-top-column elementor-element elementor-element-57f17cb\" data-id=\"57f17cb\" data-element_type=\"column\" data-e-type=\"column\">\n\t\t\t<div class=\"elementor-widget-wrap elementor-element-populated\">\n\t\t\t\t\t\t<div class=\"elementor-element elementor-element-e85b6c1 elementor-widget elementor-widget-wd_text_block\" data-id=\"e85b6c1\" data-element_type=\"widget\" data-e-type=\"widget\" data-widget_type=\"wd_text_block.default\">\n\t\t\t\t<div class=\"elementor-widget-container\">\n\t\t\t\t\t\t\t<div class=\"wd-text-block reset-last-child text-left\">\n\t\t\t\n\t\t\t<p><strong>INCLUINDO<\/strong><\/p><ul><li>Transporte tur\u00edstico  <\/li><li>Guia bilingue<\/li><li>Entrada para as ilhas<\/li><li>Alojamento em Amantani<\/li><li>3 refei\u00e7\u00f5es (1 almo\u00e7o, 1 jantar, 1 pequeno-almo\u00e7o dia 2)<\/li><\/ul>\n\t\t\t\t\t<\/div>\n\t\t\t\t\t\t<\/div>\n\t\t\t\t<\/div>\n\t\t\t\t\t<\/div>\n\t\t<\/div>\n\t\t\t\t<div class=\"elementor-column elementor-col-25 elementor-top-column elementor-element elementor-element-c990c40\" data-id=\"c990c40\" data-element_type=\"column\" data-e-type=\"column\">\n\t\t\t<div class=\"elementor-widget-wrap elementor-element-populated\">\n\t\t\t\t\t\t<div class=\"elementor-element elementor-element-fb67d2a elementor-widget elementor-widget-wd_text_block\" data-id=\"fb67d2a\" data-element_type=\"widget\" data-e-type=\"widget\" data-widget_type=\"wd_text_block.default\">\n\t\t\t\t<div class=\"elementor-widget-container\">\n\t\t\t\t\t\t\t<div class=\"wd-text-block reset-last-child text-left\">\n\t\t\t\n\t\t\t<p><strong>INCLUINDO<\/strong><\/p><ul><li>Transporte tur\u00edstico<\/li><li>Guia bilingue<\/li><li>Entrada para as ilhas<\/li><li>Alojamento em Amantani<\/li><li>3 refei\u00e7\u00f5es (1 almo\u00e7o, 1 jantar, 1 pequeno-almo\u00e7o dia 2)<\/li><\/ul>\n\t\t\t\t\t<\/div>\n\t\t\t\t\t\t<\/div>\n\t\t\t\t<\/div>\n\t\t\t\t\t<\/div>\n\t\t<\/div>\n\t\t\t\t\t<\/div>\n\t\t<\/section>\n\t\t\t\t<\/div>\n\t\t","protected":false},"excerpt":{"rendered":"<p>&#8220;Um dos aspectos mais fascinantes da viagem a Uros, Amantani e Taquile \u00e9 a oportunidade de visitar e conhecer as<\/p>\n","protected":false},"featured_media":17445,"template":"","meta":{"_joinchat":[]},"product_brand":[],"product_cat":[152],"product_tag":[],"class_list":{"0":"post-17964","1":"product","2":"type-product","3":"status-publish","4":"has-post-thumbnail","6":"product_cat-puno-pt-br","8":"first","9":"instock","10":"shipping-taxable","11":"purchasable","12":"product-type-simple"},"jetpack_sharing_enabled":true,"_links":{"self":[{"href":"https:\/\/destinosdelperu.com\/pt-br\/wp-json\/wp\/v2\/product\/17964","targetHints":{"allow":["GET"]}}],"collection":[{"href":"https:\/\/destinosdelperu.com\/pt-br\/wp-json\/wp\/v2\/product"}],"about":[{"href":"https:\/\/destinosdelperu.com\/pt-br\/wp-json\/wp\/v2\/types\/product"}],"version-history":[{"count":1,"href":"https:\/\/destinosdelperu.com\/pt-br\/wp-json\/wp\/v2\/product\/17964\/revisions"}],"predecessor-version":[{"id":17986,"href":"https:\/\/destinosdelperu.com\/pt-br\/wp-json\/wp\/v2\/product\/17964\/revisions\/17986"}],"wp:featuredmedia":[{"embeddable":true,"href":"https:\/\/destinosdelperu.com\/pt-br\/wp-json\/wp\/v2\/media\/17445"}],"wp:attachment":[{"href":"https:\/\/destinosdelperu.com\/pt-br\/wp-json\/wp\/v2\/media?parent=17964"}],"wp:term":[{"taxonomy":"product_brand","embeddable":true,"href":"https:\/\/destinosdelperu.com\/pt-br\/wp-json\/wp\/v2\/product_brand?post=17964"},{"taxonomy":"product_cat","embeddable":true,"href":"https:\/\/destinosdelperu.com\/pt-br\/wp-json\/wp\/v2\/product_cat?post=17964"},{"taxonomy":"product_tag","embeddable":true,"href":"https:\/\/destinosdelperu.com\/pt-br\/wp-json\/wp\/v2\/product_tag?post=17964"}],"curies":[{"name":"wp","href":"https:\/\/api.w.org\/{rel}","templated":true}]}}