{"id":17961,"date":"2023-09-06T22:18:39","date_gmt":"2023-09-06T20:18:39","guid":{"rendered":"https:\/\/destinosdelperu.com\/tour\/pachacamac-com-almoco-cavalos-de-paso\/"},"modified":"2023-11-04T17:25:33","modified_gmt":"2023-11-04T16:25:33","slug":"pachacamac-com-almoco-cavalos-de-paso","status":"publish","type":"product","link":"https:\/\/destinosdelperu.com\/pt-br\/tour\/pachacamac-com-almoco-cavalos-de-paso\/","title":{"rendered":"PACHACAMAC COM ALMO\u00c7O + CAVALOS DE PASO"},"content":{"rendered":"\t\t<div data-elementor-type=\"wp-post\" data-elementor-id=\"17961\" class=\"elementor elementor-17961\">\n\t\t\t\t\t\t<section class=\"elementor-section elementor-top-section elementor-element elementor-element-6bc7d3a elementor-section-boxed elementor-section-height-default elementor-section-height-default wd-section-disabled\" data-id=\"6bc7d3a\" data-element_type=\"section\" data-e-type=\"section\">\n\t\t\t\t\t\t<div class=\"elementor-container elementor-column-gap-default\">\n\t\t\t\t\t<div class=\"elementor-column elementor-col-100 elementor-top-column elementor-element elementor-element-0da592a\" data-id=\"0da592a\" data-element_type=\"column\" data-e-type=\"column\">\n\t\t\t<div class=\"elementor-widget-wrap elementor-element-populated\">\n\t\t\t\t\t\t<div class=\"elementor-element elementor-element-1c17e38 elementor-widget elementor-widget-wd_text_block\" data-id=\"1c17e38\" data-element_type=\"widget\" data-e-type=\"widget\" data-widget_type=\"wd_text_block.default\">\n\t\t\t\t<div class=\"elementor-widget-container\">\n\t\t\t\t\t\t\t<div class=\"wd-text-block reset-last-child text-left\">\n\t\t\t\n\t\t\t<p><strong>Pachacamac<\/strong> foi considerado um centro religioso por v\u00e1rias culturas pr\u00e9-incas, incluindo a Lima, a Wari e a Inca. Pensa-se tamb\u00e9m que albergou o famoso or\u00e1culo de Pachacamac, onde os sacerdotes interpretavam as palavras do deus com base nos movimentos dos animais sacrificados. Este or\u00e1culo foi supostamente considerado um dos mais importantes e venerados or\u00e1culos da \u00e9poca pr\u00e9-colombiana.<\/p>\n\t\t\t\t\t<\/div>\n\t\t\t\t\t\t<\/div>\n\t\t\t\t<\/div>\n\t\t\t\t\t<\/div>\n\t\t<\/div>\n\t\t\t\t\t<\/div>\n\t\t<\/section>\n\t\t\t\t<section class=\"elementor-section elementor-top-section elementor-element elementor-element-e9520b8 elementor-section-boxed elementor-section-height-default elementor-section-height-default wd-section-disabled\" data-id=\"e9520b8\" data-element_type=\"section\" data-e-type=\"section\">\n\t\t\t\t\t\t<div class=\"elementor-container elementor-column-gap-default\">\n\t\t\t\t\t<div class=\"elementor-column elementor-col-50 elementor-top-column elementor-element elementor-element-7fa3411\" data-id=\"7fa3411\" data-element_type=\"column\" data-e-type=\"column\">\n\t\t\t<div class=\"elementor-widget-wrap elementor-element-populated\">\n\t\t\t\t\t\t<div class=\"elementor-element elementor-element-e93248d elementor-widget elementor-widget-wd_text_block\" data-id=\"e93248d\" data-element_type=\"widget\" data-e-type=\"widget\" data-widget_type=\"wd_text_block.default\">\n\t\t\t\t<div class=\"elementor-widget-container\">\n\t\t\t\t\t\t\t<div class=\"wd-text-block reset-last-child text-left\">\n\t\t\t\n\t\t\t<p><strong>DESCRI\u00c7\u00c3O DO SERVI\u00c7O<\/strong><\/p><p>Visitaremos o santu\u00e1rio do deus Pachacamac, criador do universo, adorado pelos antigos povos andinos. Lugar sagrado e cerimonial, Pachacamac que olhava para o passado, o futuro e o destino. Em seguida, continuaremos a nossa visita a Mamacona para o restaurante tem\u00e1tico \"DPaso\". O cavalo de Paso peruano \u00e9 \u00fanico no mundo. Conhe\u00e7a-o e deixe-se surpreender pelo seu espet\u00e1culo \u00fanico apresentado pelo \"DPaso\", o primeiro restaurante tem\u00e1tico experimental.  <\/p>\n\t\t\t\t\t<\/div>\n\t\t\t\t\t\t<\/div>\n\t\t\t\t<\/div>\n\t\t\t\t\t<\/div>\n\t\t<\/div>\n\t\t\t\t<div class=\"elementor-column elementor-col-50 elementor-top-column elementor-element elementor-element-d7bea3a\" data-id=\"d7bea3a\" data-element_type=\"column\" data-e-type=\"column\">\n\t\t\t<div class=\"elementor-widget-wrap elementor-element-populated\">\n\t\t\t\t\t\t<div class=\"elementor-element elementor-element-823a750 elementor-widget elementor-widget-wd_text_block\" data-id=\"823a750\" data-element_type=\"widget\" data-e-type=\"widget\" data-widget_type=\"wd_text_block.default\">\n\t\t\t\t<div class=\"elementor-widget-container\">\n\t\t\t\t\t\t\t<div class=\"wd-text-block reset-last-child text-left\">\n\t\t\t\n\t\t\t<p><strong>Inclui<\/strong><\/p><ul><li>Recolha no hotel em Miraflores e San Isidro.<\/li><li>Almo\u00e7o.<\/li><li>Guia bilingue<\/li><li>Bilhetes de entrada.<\/li><\/ul>\n\t\t\t\t\t<\/div>\n\t\t\t\t\t\t<\/div>\n\t\t\t\t<\/div>\n\t\t\t\t\t<\/div>\n\t\t<\/div>\n\t\t\t\t\t<\/div>\n\t\t<\/section>\n\t\t\t\t<\/div>\n\t\t","protected":false},"excerpt":{"rendered":"<p>Pachacamac foi considerado um centro religioso por v\u00e1rias culturas pr\u00e9-incas, incluindo a Lima, a Wari e a Inca. Pensa-se tamb\u00e9m<\/p>\n","protected":false},"featured_media":17577,"template":"","meta":{"_joinchat":[]},"product_brand":[],"product_cat":[162],"product_tag":[],"class_list":{"0":"post-17961","1":"product","2":"type-product","3":"status-publish","4":"has-post-thumbnail","6":"product_cat-lima-pt-br","8":"first","9":"instock","10":"shipping-taxable","11":"purchasable","12":"product-type-simple"},"jetpack_sharing_enabled":true,"_links":{"self":[{"href":"https:\/\/destinosdelperu.com\/pt-br\/wp-json\/wp\/v2\/product\/17961","targetHints":{"allow":["GET"]}}],"collection":[{"href":"https:\/\/destinosdelperu.com\/pt-br\/wp-json\/wp\/v2\/product"}],"about":[{"href":"https:\/\/destinosdelperu.com\/pt-br\/wp-json\/wp\/v2\/types\/product"}],"version-history":[{"count":1,"href":"https:\/\/destinosdelperu.com\/pt-br\/wp-json\/wp\/v2\/product\/17961\/revisions"}],"predecessor-version":[{"id":17977,"href":"https:\/\/destinosdelperu.com\/pt-br\/wp-json\/wp\/v2\/product\/17961\/revisions\/17977"}],"wp:featuredmedia":[{"embeddable":true,"href":"https:\/\/destinosdelperu.com\/pt-br\/wp-json\/wp\/v2\/media\/17577"}],"wp:attachment":[{"href":"https:\/\/destinosdelperu.com\/pt-br\/wp-json\/wp\/v2\/media?parent=17961"}],"wp:term":[{"taxonomy":"product_brand","embeddable":true,"href":"https:\/\/destinosdelperu.com\/pt-br\/wp-json\/wp\/v2\/product_brand?post=17961"},{"taxonomy":"product_cat","embeddable":true,"href":"https:\/\/destinosdelperu.com\/pt-br\/wp-json\/wp\/v2\/product_cat?post=17961"},{"taxonomy":"product_tag","embeddable":true,"href":"https:\/\/destinosdelperu.com\/pt-br\/wp-json\/wp\/v2\/product_tag?post=17961"}],"curies":[{"name":"wp","href":"https:\/\/api.w.org\/{rel}","templated":true}]}}