{"id":17957,"date":"2023-09-06T21:57:20","date_gmt":"2023-09-06T19:57:20","guid":{"rendered":"https:\/\/destinosdelperu.com\/tour\/colca-convencional-2d-1n\/"},"modified":"2023-11-04T17:25:23","modified_gmt":"2023-11-04T16:25:23","slug":"colca-convencional-2d-1n","status":"publish","type":"product","link":"https:\/\/destinosdelperu.com\/pt-br\/tour\/colca-convencional-2d-1n\/","title":{"rendered":"COLCA CONVENCIONAL 2D\/1N"},"content":{"rendered":"\t\t<div data-elementor-type=\"wp-post\" data-elementor-id=\"17957\" class=\"elementor elementor-17957\">\n\t\t\t\t\t\t<section class=\"elementor-section elementor-top-section elementor-element elementor-element-24fde83 elementor-section-boxed elementor-section-height-default elementor-section-height-default wd-section-disabled\" data-id=\"24fde83\" data-element_type=\"section\" data-e-type=\"section\">\n\t\t\t\t\t\t<div class=\"elementor-container elementor-column-gap-default\">\n\t\t\t\t\t<div class=\"elementor-column elementor-col-50 elementor-top-column elementor-element elementor-element-a521c77\" data-id=\"a521c77\" data-element_type=\"column\" data-e-type=\"column\">\n\t\t\t<div class=\"elementor-widget-wrap elementor-element-populated\">\n\t\t\t\t\t\t<div class=\"elementor-element elementor-element-2e4c79a elementor-widget elementor-widget-wd_text_block\" data-id=\"2e4c79a\" data-element_type=\"widget\" data-e-type=\"widget\" data-widget_type=\"wd_text_block.default\">\n\t\t\t\t<div class=\"elementor-widget-container\">\n\t\t\t\t\t\t\t<div class=\"wd-text-block reset-last-child text-left\">\n\t\t\t\n\t\t\t<p><strong>Dia 1<\/strong><\/p><p><strong>Descri\u00e7\u00e3o do servi\u00e7o:<\/strong><\/p><ul><li>Recolha no hotel \u00e0s 08:00 horas.<\/li><li>Reserva Nacional de Salinas e lan\u00e7amento de barco de Aguada<\/li><li>De seguida, dirigimo-nos aos Bofedales de Tocra onde poderemos observar camel\u00eddeos, aves<\/li><li>Visitaremos Pata Pampa, um dos miradouros da Cordilheira dos Andes.<\/li><li>Desceremos at\u00e9 Chivay onde passaremos a noite.<\/li><\/ul><p><strong>Dia 2<\/strong><\/p><p><strong>Descri\u00e7\u00e3o do servi\u00e7o  <\/strong><\/p><ul><li>Depois do pequeno-almo\u00e7o no hotel, come\u00e7amos a nossa viagem at\u00e9 \u00e0 Cruz do Condor.<\/li><li>Visitaremos a aldeia de \"Wititi\".<\/li><li>Miradouro de Huayra Punko<\/li><li>Regresso \u00e0 cidade de Arequipa<\/li><\/ul>\n\t\t\t\t\t<\/div>\n\t\t\t\t\t\t<\/div>\n\t\t\t\t<\/div>\n\t\t\t\t\t<\/div>\n\t\t<\/div>\n\t\t\t\t<div class=\"elementor-column elementor-col-50 elementor-top-column elementor-element elementor-element-22bcf30\" data-id=\"22bcf30\" data-element_type=\"column\" data-e-type=\"column\">\n\t\t\t<div class=\"elementor-widget-wrap elementor-element-populated\">\n\t\t\t\t\t\t<div class=\"elementor-element elementor-element-b4716b5 elementor-widget elementor-widget-wd_text_block\" data-id=\"b4716b5\" data-element_type=\"widget\" data-e-type=\"widget\" data-widget_type=\"wd_text_block.default\">\n\t\t\t\t<div class=\"elementor-widget-container\">\n\t\t\t\t\t\t\t<div class=\"wd-text-block reset-last-child text-left\">\n\t\t\t\n\t\t\t<p><strong>Inclui:  <\/strong><\/p><ul><li>Transporte tur\u00edstico<\/li><li>Guia tur\u00edstico oficial<\/li><li>Rendimento<\/li><li>Pequeno-almo\u00e7o<\/li><li>1 noite de alojamento em Chivay<\/li><li>Assist\u00eancia cont\u00ednua<\/li><\/ul><p><strong>Recomenda\u00e7\u00f5es:  <\/strong><\/p><ul><li>Usar vestu\u00e1rio adequado para caminhadas<\/li><li>Usar roupa quente<\/li><li>Usar \u00f3culos de sol e protetor solar<\/li><li>Transportar dinheiro<\/li><li>Transportar a bagagem necess\u00e1ria<\/li><\/ul>\n\t\t\t\t\t<\/div>\n\t\t\t\t\t\t<\/div>\n\t\t\t\t<\/div>\n\t\t\t\t\t<\/div>\n\t\t<\/div>\n\t\t\t\t\t<\/div>\n\t\t<\/section>\n\t\t\t\t<\/div>\n\t\t","protected":false},"excerpt":{"rendered":"<p>Dia 1 Descri\u00e7\u00e3o do servi\u00e7o: Recolha no hotel \u00e0s 08:00 horas. Reserva Nacional de Salinas e lan\u00e7amento de barco de<\/p>\n","protected":false},"featured_media":17517,"template":"","meta":{"_joinchat":[]},"product_brand":[],"product_cat":[155],"product_tag":[],"class_list":{"0":"post-17957","1":"product","2":"type-product","3":"status-publish","4":"has-post-thumbnail","6":"product_cat-arequipa-pt-br","8":"first","9":"instock","10":"shipping-taxable","11":"purchasable","12":"product-type-simple"},"jetpack_sharing_enabled":true,"_links":{"self":[{"href":"https:\/\/destinosdelperu.com\/pt-br\/wp-json\/wp\/v2\/product\/17957","targetHints":{"allow":["GET"]}}],"collection":[{"href":"https:\/\/destinosdelperu.com\/pt-br\/wp-json\/wp\/v2\/product"}],"about":[{"href":"https:\/\/destinosdelperu.com\/pt-br\/wp-json\/wp\/v2\/types\/product"}],"version-history":[{"count":1,"href":"https:\/\/destinosdelperu.com\/pt-br\/wp-json\/wp\/v2\/product\/17957\/revisions"}],"predecessor-version":[{"id":17965,"href":"https:\/\/destinosdelperu.com\/pt-br\/wp-json\/wp\/v2\/product\/17957\/revisions\/17965"}],"wp:featuredmedia":[{"embeddable":true,"href":"https:\/\/destinosdelperu.com\/pt-br\/wp-json\/wp\/v2\/media\/17517"}],"wp:attachment":[{"href":"https:\/\/destinosdelperu.com\/pt-br\/wp-json\/wp\/v2\/media?parent=17957"}],"wp:term":[{"taxonomy":"product_brand","embeddable":true,"href":"https:\/\/destinosdelperu.com\/pt-br\/wp-json\/wp\/v2\/product_brand?post=17957"},{"taxonomy":"product_cat","embeddable":true,"href":"https:\/\/destinosdelperu.com\/pt-br\/wp-json\/wp\/v2\/product_cat?post=17957"},{"taxonomy":"product_tag","embeddable":true,"href":"https:\/\/destinosdelperu.com\/pt-br\/wp-json\/wp\/v2\/product_tag?post=17957"}],"curies":[{"name":"wp","href":"https:\/\/api.w.org\/{rel}","templated":true}]}}