{"id":17947,"date":"2023-09-06T21:50:54","date_gmt":"2023-09-06T19:50:54","guid":{"rendered":"https:\/\/destinosdelperu.com\/tour\/percurso-do-sillar\/"},"modified":"2023-11-04T17:24:05","modified_gmt":"2023-11-04T16:24:05","slug":"percurso-do-sillar","status":"publish","type":"product","link":"https:\/\/destinosdelperu.com\/pt-br\/tour\/percurso-do-sillar\/","title":{"rendered":"PERCURSO DO SILLAR"},"content":{"rendered":"\t\t<div data-elementor-type=\"wp-post\" data-elementor-id=\"17947\" class=\"elementor elementor-17947\">\n\t\t\t\t\t\t<section class=\"elementor-section elementor-top-section elementor-element elementor-element-500916e elementor-section-boxed elementor-section-height-default elementor-section-height-default wd-section-disabled\" data-id=\"500916e\" data-element_type=\"section\" data-e-type=\"section\">\n\t\t\t\t\t\t<div class=\"elementor-container elementor-column-gap-default\">\n\t\t\t\t\t<div class=\"elementor-column elementor-col-100 elementor-top-column elementor-element elementor-element-41af53c\" data-id=\"41af53c\" data-element_type=\"column\" data-e-type=\"column\">\n\t\t\t<div class=\"elementor-widget-wrap elementor-element-populated\">\n\t\t\t\t\t\t<div class=\"elementor-element elementor-element-250f62b elementor-widget elementor-widget-wd_text_block\" data-id=\"250f62b\" data-element_type=\"widget\" data-e-type=\"widget\" data-widget_type=\"wd_text_block.default\">\n\t\t\t\t<div class=\"elementor-widget-container\">\n\t\t\t\t\t\t\t<div class=\"wd-text-block reset-last-child text-left\">\n\t\t\t\n\t\t\t<p>Este \u00e9 um passeio que tem lugar na cidade de Arequipa uma das principais atrac\u00e7\u00f5es da regi\u00e3o, este \u00e9 um passeio cheio de aventura podemos caminhar atrav\u00e9s das pedreiras e observar o trabalho dos cortadores de cantaria, este lugar oferece vistas deslumbrantes sobre a beleza natural da regi\u00e3o.<\/p>\n\t\t\t\t\t<\/div>\n\t\t\t\t\t\t<\/div>\n\t\t\t\t<\/div>\n\t\t\t\t\t<\/div>\n\t\t<\/div>\n\t\t\t\t\t<\/div>\n\t\t<\/section>\n\t\t\t\t<section class=\"elementor-section elementor-top-section elementor-element elementor-element-ca01605 elementor-section-boxed elementor-section-height-default elementor-section-height-default wd-section-disabled\" data-id=\"ca01605\" data-element_type=\"section\" data-e-type=\"section\">\n\t\t\t\t\t\t<div class=\"elementor-container elementor-column-gap-default\">\n\t\t\t\t\t<div class=\"elementor-column elementor-col-50 elementor-top-column elementor-element elementor-element-d0145c7\" data-id=\"d0145c7\" data-element_type=\"column\" data-e-type=\"column\">\n\t\t\t<div class=\"elementor-widget-wrap elementor-element-populated\">\n\t\t\t\t\t\t<div class=\"elementor-element elementor-element-a9279a2 elementor-widget elementor-widget-wd_text_block\" data-id=\"a9279a2\" data-element_type=\"widget\" data-e-type=\"widget\" data-widget_type=\"wd_text_block.default\">\n\t\t\t\t<div class=\"elementor-widget-container\">\n\t\t\t\t\t\t\t<div class=\"wd-text-block reset-last-child text-left\">\n\t\t\t\n\t\t\t<p><strong>Descri\u00e7\u00e3o do servi\u00e7o:<\/strong><\/p><ul><li>Recolha no hotel<\/li><li>Miradouro dos vulc\u00f5es<\/li><li>Visitaremos a Pedreira de A\u00f1ashuayco<\/li><li>Visitaremos o desfiladeiro da Quebrada de Culebrillas.<\/li><li>Vamos observar os Apachetas<\/li><\/ul>\n\t\t\t\t\t<\/div>\n\t\t\t\t\t\t<\/div>\n\t\t\t\t<\/div>\n\t\t\t\t\t<\/div>\n\t\t<\/div>\n\t\t\t\t<div class=\"elementor-column elementor-col-50 elementor-top-column elementor-element elementor-element-0e592f5\" data-id=\"0e592f5\" data-element_type=\"column\" data-e-type=\"column\">\n\t\t\t<div class=\"elementor-widget-wrap elementor-element-populated\">\n\t\t\t\t\t\t<div class=\"elementor-element elementor-element-17da78a elementor-widget elementor-widget-wd_text_block\" data-id=\"17da78a\" data-element_type=\"widget\" data-e-type=\"widget\" data-widget_type=\"wd_text_block.default\">\n\t\t\t\t<div class=\"elementor-widget-container\">\n\t\t\t\t\t\t\t<div class=\"wd-text-block reset-last-child text-left\">\n\t\t\t\n\t\t\t<p><strong>Inclui:  <\/strong><\/p><ul><li>Transporte tur\u00edstico<\/li><li>Guia tur\u00edstico oficial<\/li><li>Assist\u00eancia cont\u00ednua<\/li><li>Bilhetes<\/li><\/ul><p><strong>Recomenda\u00e7\u00f5es:<\/strong><\/p><ul><li>Usar roupas leves<\/li><li>Usar \u00f3culos de sol e protetor solar<\/li><li>Repelente<\/li><li>\u00c1gua<\/li><li>Dinheiro<\/li><li>Chap\u00e9u<\/li><\/ul>\n\t\t\t\t\t<\/div>\n\t\t\t\t\t\t<\/div>\n\t\t\t\t<\/div>\n\t\t\t\t\t<\/div>\n\t\t<\/div>\n\t\t\t\t\t<\/div>\n\t\t<\/section>\n\t\t\t\t<\/div>\n\t\t","protected":false},"excerpt":{"rendered":"<p>Este \u00e9 um passeio que tem lugar na cidade de Arequipa uma das principais atrac\u00e7\u00f5es da regi\u00e3o, este \u00e9 um<\/p>\n","protected":false},"featured_media":17493,"template":"","meta":{"_joinchat":[]},"product_brand":[],"product_cat":[155],"product_tag":[],"class_list":{"0":"post-17947","1":"product","2":"type-product","3":"status-publish","4":"has-post-thumbnail","6":"product_cat-arequipa-pt-br","8":"first","9":"instock","10":"shipping-taxable","11":"purchasable","12":"product-type-simple"},"yoast_head":"<!-- This site is optimized with the Yoast SEO plugin v27.6 - https:\/\/yoast.com\/product\/yoast-seo-wordpress\/ -->\n<title>PERCURSO DO SILLAR - Destinos del Per&uacute;<\/title>\n<meta name=\"robots\" content=\"index, follow, max-snippet:-1, max-image-preview:large, max-video-preview:-1\" \/>\n<link rel=\"canonical\" href=\"https:\/\/destinosdelperu.com\/tour\/ruta-del-sillar\/\" \/>\n<meta property=\"og:locale\" content=\"pt_BR\" \/>\n<meta property=\"og:type\" content=\"article\" \/>\n<meta property=\"og:title\" content=\"PERCURSO DO SILLAR - Destinos del Per&uacute;\" \/>\n<meta property=\"og:description\" content=\"Este \u00e9 um passeio que tem lugar na cidade de Arequipa uma das principais atrac\u00e7\u00f5es da regi\u00e3o, este \u00e9 um\" \/>\n<meta property=\"og:url\" content=\"https:\/\/destinosdelperu.com\/tour\/ruta-del-sillar\/\" \/>\n<meta property=\"og:site_name\" content=\"Destinos del Per&uacute;\" \/>\n<meta property=\"article:modified_time\" content=\"2023-11-04T16:24:05+00:00\" \/>\n<meta property=\"og:image\" content=\"https:\/\/destinosdelperu.com\/wp-content\/uploads\/2023\/09\/RUTA-DEL-SILLAR-1.jpg\" \/>\n\t<meta property=\"og:image:width\" content=\"920\" \/>\n\t<meta property=\"og:image:height\" content=\"700\" \/>\n\t<meta property=\"og:image:type\" content=\"image\/jpeg\" \/>\n<meta name=\"twitter:card\" content=\"summary_large_image\" \/>\n<script type=\"application\/ld+json\" class=\"yoast-schema-graph\">{\"@context\":\"https:\\\/\\\/schema.org\",\"@graph\":[{\"@type\":\"WebPage\",\"@id\":\"https:\\\/\\\/destinosdelperu.com\\\/tour\\\/ruta-del-sillar\\\/\",\"url\":\"https:\\\/\\\/destinosdelperu.com\\\/tour\\\/ruta-del-sillar\\\/\",\"name\":\"PERCURSO DO SILLAR - Destinos del Per&uacute;\",\"isPartOf\":{\"@id\":\"https:\\\/\\\/destinosdelperu.com\\\/#website\"},\"primaryImageOfPage\":{\"@id\":\"https:\\\/\\\/destinosdelperu.com\\\/tour\\\/ruta-del-sillar\\\/#primaryimage\"},\"image\":{\"@id\":\"https:\\\/\\\/destinosdelperu.com\\\/tour\\\/ruta-del-sillar\\\/#primaryimage\"},\"thumbnailUrl\":\"https:\\\/\\\/destinosdelperu.com\\\/wp-content\\\/uploads\\\/2023\\\/09\\\/RUTA-DEL-SILLAR-1.jpg\",\"datePublished\":\"2023-09-06T19:50:54+00:00\",\"dateModified\":\"2023-11-04T16:24:05+00:00\",\"breadcrumb\":{\"@id\":\"https:\\\/\\\/destinosdelperu.com\\\/tour\\\/ruta-del-sillar\\\/#breadcrumb\"},\"inLanguage\":\"pt-BR\",\"potentialAction\":[{\"@type\":\"ReadAction\",\"target\":[\"https:\\\/\\\/destinosdelperu.com\\\/tour\\\/ruta-del-sillar\\\/\"]}]},{\"@type\":\"ImageObject\",\"inLanguage\":\"pt-BR\",\"@id\":\"https:\\\/\\\/destinosdelperu.com\\\/tour\\\/ruta-del-sillar\\\/#primaryimage\",\"url\":\"https:\\\/\\\/destinosdelperu.com\\\/wp-content\\\/uploads\\\/2023\\\/09\\\/RUTA-DEL-SILLAR-1.jpg\",\"contentUrl\":\"https:\\\/\\\/destinosdelperu.com\\\/wp-content\\\/uploads\\\/2023\\\/09\\\/RUTA-DEL-SILLAR-1.jpg\",\"width\":920,\"height\":700,\"caption\":\"PERCURSO DO SILLAR 1\"},{\"@type\":\"BreadcrumbList\",\"@id\":\"https:\\\/\\\/destinosdelperu.com\\\/tour\\\/ruta-del-sillar\\\/#breadcrumb\",\"itemListElement\":[{\"@type\":\"ListItem\",\"position\":1,\"name\":\"Portada\",\"item\":\"https:\\\/\\\/destinosdelperu.com\\\/pt-br\\\/\"},{\"@type\":\"ListItem\",\"position\":2,\"name\":\"Todos los tours\",\"item\":\"https:\\\/\\\/destinosdelperu.com\\\/todos-los-tours\\\/\"},{\"@type\":\"ListItem\",\"position\":3,\"name\":\"PERCURSO DO SILLAR\"}]},{\"@type\":\"WebSite\",\"@id\":\"https:\\\/\\\/destinosdelperu.com\\\/#website\",\"url\":\"https:\\\/\\\/destinosdelperu.com\\\/\",\"name\":\"Destinos del Per\u00fa\",\"description\":\"Destinos del Per\u00fa, Tours en Cusco y Machu Picchu\",\"potentialAction\":[{\"@type\":\"SearchAction\",\"target\":{\"@type\":\"EntryPoint\",\"urlTemplate\":\"https:\\\/\\\/destinosdelperu.com\\\/?s={search_term_string}\"},\"query-input\":{\"@type\":\"PropertyValueSpecification\",\"valueRequired\":true,\"valueName\":\"search_term_string\"}}],\"inLanguage\":\"pt-BR\"}]}<\/script>\n<!-- \/ Yoast SEO plugin. -->","yoast_head_json":{"title":"PERCURSO DO SILLAR - Destinos del Per&uacute;","robots":{"index":"index","follow":"follow","max-snippet":"max-snippet:-1","max-image-preview":"max-image-preview:large","max-video-preview":"max-video-preview:-1"},"canonical":"https:\/\/destinosdelperu.com\/tour\/ruta-del-sillar\/","og_locale":"pt_BR","og_type":"article","og_title":"PERCURSO DO SILLAR - Destinos del Per&uacute;","og_description":"Este \u00e9 um passeio que tem lugar na cidade de Arequipa uma das principais atrac\u00e7\u00f5es da regi\u00e3o, este \u00e9 um","og_url":"https:\/\/destinosdelperu.com\/tour\/ruta-del-sillar\/","og_site_name":"Destinos del Per&uacute;","article_modified_time":"2023-11-04T16:24:05+00:00","og_image":[{"width":920,"height":700,"url":"https:\/\/destinosdelperu.com\/wp-content\/uploads\/2023\/09\/RUTA-DEL-SILLAR-1.jpg","type":"image\/jpeg"}],"twitter_card":"summary_large_image","schema":{"@context":"https:\/\/schema.org","@graph":[{"@type":"WebPage","@id":"https:\/\/destinosdelperu.com\/tour\/ruta-del-sillar\/","url":"https:\/\/destinosdelperu.com\/tour\/ruta-del-sillar\/","name":"PERCURSO DO SILLAR - Destinos del Per&uacute;","isPartOf":{"@id":"https:\/\/destinosdelperu.com\/#website"},"primaryImageOfPage":{"@id":"https:\/\/destinosdelperu.com\/tour\/ruta-del-sillar\/#primaryimage"},"image":{"@id":"https:\/\/destinosdelperu.com\/tour\/ruta-del-sillar\/#primaryimage"},"thumbnailUrl":"https:\/\/destinosdelperu.com\/wp-content\/uploads\/2023\/09\/RUTA-DEL-SILLAR-1.jpg","datePublished":"2023-09-06T19:50:54+00:00","dateModified":"2023-11-04T16:24:05+00:00","breadcrumb":{"@id":"https:\/\/destinosdelperu.com\/tour\/ruta-del-sillar\/#breadcrumb"},"inLanguage":"pt-BR","potentialAction":[{"@type":"ReadAction","target":["https:\/\/destinosdelperu.com\/tour\/ruta-del-sillar\/"]}]},{"@type":"ImageObject","inLanguage":"pt-BR","@id":"https:\/\/destinosdelperu.com\/tour\/ruta-del-sillar\/#primaryimage","url":"https:\/\/destinosdelperu.com\/wp-content\/uploads\/2023\/09\/RUTA-DEL-SILLAR-1.jpg","contentUrl":"https:\/\/destinosdelperu.com\/wp-content\/uploads\/2023\/09\/RUTA-DEL-SILLAR-1.jpg","width":920,"height":700,"caption":"PERCURSO DO SILLAR 1"},{"@type":"BreadcrumbList","@id":"https:\/\/destinosdelperu.com\/tour\/ruta-del-sillar\/#breadcrumb","itemListElement":[{"@type":"ListItem","position":1,"name":"Portada","item":"https:\/\/destinosdelperu.com\/pt-br\/"},{"@type":"ListItem","position":2,"name":"Todos los tours","item":"https:\/\/destinosdelperu.com\/todos-los-tours\/"},{"@type":"ListItem","position":3,"name":"PERCURSO DO SILLAR"}]},{"@type":"WebSite","@id":"https:\/\/destinosdelperu.com\/#website","url":"https:\/\/destinosdelperu.com\/","name":"Destinos del Per\u00fa","description":"Destinos del Per\u00fa, Tours en Cusco y Machu Picchu","potentialAction":[{"@type":"SearchAction","target":{"@type":"EntryPoint","urlTemplate":"https:\/\/destinosdelperu.com\/?s={search_term_string}"},"query-input":{"@type":"PropertyValueSpecification","valueRequired":true,"valueName":"search_term_string"}}],"inLanguage":"pt-BR"}]}},"jetpack_sharing_enabled":true,"_links":{"self":[{"href":"https:\/\/destinosdelperu.com\/pt-br\/wp-json\/wp\/v2\/product\/17947","targetHints":{"allow":["GET"]}}],"collection":[{"href":"https:\/\/destinosdelperu.com\/pt-br\/wp-json\/wp\/v2\/product"}],"about":[{"href":"https:\/\/destinosdelperu.com\/pt-br\/wp-json\/wp\/v2\/types\/product"}],"version-history":[{"count":1,"href":"https:\/\/destinosdelperu.com\/pt-br\/wp-json\/wp\/v2\/product\/17947\/revisions"}],"predecessor-version":[{"id":17949,"href":"https:\/\/destinosdelperu.com\/pt-br\/wp-json\/wp\/v2\/product\/17947\/revisions\/17949"}],"wp:featuredmedia":[{"embeddable":true,"href":"https:\/\/destinosdelperu.com\/pt-br\/wp-json\/wp\/v2\/media\/17493"}],"wp:attachment":[{"href":"https:\/\/destinosdelperu.com\/pt-br\/wp-json\/wp\/v2\/media?parent=17947"}],"wp:term":[{"taxonomy":"product_brand","embeddable":true,"href":"https:\/\/destinosdelperu.com\/pt-br\/wp-json\/wp\/v2\/product_brand?post=17947"},{"taxonomy":"product_cat","embeddable":true,"href":"https:\/\/destinosdelperu.com\/pt-br\/wp-json\/wp\/v2\/product_cat?post=17947"},{"taxonomy":"product_tag","embeddable":true,"href":"https:\/\/destinosdelperu.com\/pt-br\/wp-json\/wp\/v2\/product_tag?post=17947"}],"curies":[{"name":"wp","href":"https:\/\/api.w.org\/{rel}","templated":true}]}}