{"id":17941,"date":"2023-09-05T01:48:49","date_gmt":"2023-09-04T23:48:49","guid":{"rendered":"https:\/\/destinosdelperu.com\/tour\/cusco-vale-sul\/"},"modified":"2023-11-04T17:24:17","modified_gmt":"2023-11-04T16:24:17","slug":"cusco-vale-sul","status":"publish","type":"product","link":"https:\/\/destinosdelperu.com\/pt-br\/tour\/cusco-vale-sul\/","title":{"rendered":"CUSCO &#8211; VALE SUL"},"content":{"rendered":"\t\t<div data-elementor-type=\"wp-post\" data-elementor-id=\"17941\" class=\"elementor elementor-17941\">\n\t\t\t\t\t\t<section class=\"elementor-section elementor-top-section elementor-element elementor-element-72da718 elementor-section-boxed elementor-section-height-default elementor-section-height-default wd-section-disabled\" data-id=\"72da718\" data-element_type=\"section\" data-e-type=\"section\">\n\t\t\t\t\t\t<div class=\"elementor-container elementor-column-gap-default\">\n\t\t\t\t\t<div class=\"elementor-column elementor-col-100 elementor-top-column elementor-element elementor-element-1f7b55a\" data-id=\"1f7b55a\" data-element_type=\"column\" data-e-type=\"column\">\n\t\t\t<div class=\"elementor-widget-wrap elementor-element-populated\">\n\t\t\t\t\t\t<div class=\"elementor-element elementor-element-bf92827 elementor-widget elementor-widget-wd_text_block\" data-id=\"bf92827\" data-element_type=\"widget\" data-e-type=\"widget\" data-widget_type=\"wd_text_block.default\">\n\t\t\t\t<div class=\"elementor-widget-container\">\n\t\t\t\t\t\t\t<div class=\"wd-text-block reset-last-child text-left\">\n\t\t\t\n\t\t\t<p>\"O Vale Sul em Cusco \u00e9 uma experi\u00eancia fascinante dentro das paisagens andinas, onde poder\u00e1 ver a arquitetura e os edif\u00edcios das civiliza\u00e7\u00f5es Wari, Inca e Colonial. Assim como as suas aldeias caracter\u00edsticas pela sua gastronomia especializada.<\/p><p>\u00a1! Conhe\u00e7a a cultura viva!<\/p>\n\t\t\t\t\t<\/div>\n\t\t\t\t\t\t<\/div>\n\t\t\t\t<\/div>\n\t\t\t\t\t<\/div>\n\t\t<\/div>\n\t\t\t\t\t<\/div>\n\t\t<\/section>\n\t\t\t\t<section class=\"elementor-section elementor-top-section elementor-element elementor-element-3a352f4 elementor-section-boxed elementor-section-height-default elementor-section-height-default wd-section-disabled\" data-id=\"3a352f4\" data-element_type=\"section\" data-e-type=\"section\">\n\t\t\t\t\t\t<div class=\"elementor-container elementor-column-gap-default\">\n\t\t\t\t\t<div class=\"elementor-column elementor-col-50 elementor-top-column elementor-element elementor-element-3ee2a97\" data-id=\"3ee2a97\" data-element_type=\"column\" data-e-type=\"column\">\n\t\t\t<div class=\"elementor-widget-wrap elementor-element-populated\">\n\t\t\t\t\t\t<div class=\"elementor-element elementor-element-37150e9 elementor-widget elementor-widget-wd_text_block\" data-id=\"37150e9\" data-element_type=\"widget\" data-e-type=\"widget\" data-widget_type=\"wd_text_block.default\">\n\t\t\t\t<div class=\"elementor-widget-container\">\n\t\t\t\t\t\t\t<div class=\"wd-text-block reset-last-child text-left\">\n\t\t\t\n\t\t\t<p><strong>Descri\u00e7\u00e3o do servi\u00e7o:<\/strong><br>Deixamos Cusco e dirigimo-nos a Tipon para apreciar os terra\u00e7os agr\u00edcolas, os canais de irriga\u00e7\u00e3o e os aquedutos criados pelos Incas, que ainda hoje est\u00e3o em funcionamento. Continuamos para Pikillacta, uma fortaleza da cultura Wari constru\u00edda por volta de 600 a.C.; continuamos ao longo da rota para o Templo de Andahuaylillas, ou mais conhecido como a \"Capela Sistina da Am\u00e9rica\" com altares dourados, belas pinturas e tectos decorados sendo uma obra de arte espetacular.  <br>Durante a viagem, apreciaremos aldeias pitorescas com uma gastronomia especializada, como o p\u00e3o de chuta em Oropesa, o porquinho-da-\u00edndia assado, os chicarrones em Saylla, a truta e o pato em Lucre.<\/p>\n\t\t\t\t\t<\/div>\n\t\t\t\t\t\t<\/div>\n\t\t\t\t<\/div>\n\t\t\t\t\t<\/div>\n\t\t<\/div>\n\t\t\t\t<div class=\"elementor-column elementor-col-25 elementor-top-column elementor-element elementor-element-a72ca55\" data-id=\"a72ca55\" data-element_type=\"column\" data-e-type=\"column\">\n\t\t\t<div class=\"elementor-widget-wrap elementor-element-populated\">\n\t\t\t\t\t\t<div class=\"elementor-element elementor-element-b59e1a6 elementor-widget elementor-widget-wd_text_block\" data-id=\"b59e1a6\" data-element_type=\"widget\" data-e-type=\"widget\" data-widget_type=\"wd_text_block.default\">\n\t\t\t\t<div class=\"elementor-widget-container\">\n\t\t\t\t\t\t\t<div class=\"wd-text-block reset-last-child text-left\">\n\t\t\t\n\t\t\t<p>Dura\u00e7\u00e3o da visita:<br>Hora de in\u00edcio:<\/p><p><strong>INCLUINDO<\/strong><\/p><ul><li>Transporte tur\u00edstico<\/li><li>Guia bilingue<\/li><li>Receitas<\/li><\/ul>\n\t\t\t\t\t<\/div>\n\t\t\t\t\t\t<\/div>\n\t\t\t\t<\/div>\n\t\t\t\t\t<\/div>\n\t\t<\/div>\n\t\t\t\t<div class=\"elementor-column elementor-col-25 elementor-top-column elementor-element elementor-element-3f4a999\" data-id=\"3f4a999\" data-element_type=\"column\" data-e-type=\"column\">\n\t\t\t<div class=\"elementor-widget-wrap elementor-element-populated\">\n\t\t\t\t\t\t<div class=\"elementor-element elementor-element-7e1463a elementor-widget elementor-widget-wd_text_block\" data-id=\"7e1463a\" data-element_type=\"widget\" data-e-type=\"widget\" data-widget_type=\"wd_text_block.default\">\n\t\t\t\t<div class=\"elementor-widget-container\">\n\t\t\t\t\t\t\t<div class=\"wd-text-block reset-last-child text-left\">\n\t\t\t\n\t\t\t<p><strong>RECOMENDA\u00c7\u00d5ES<\/strong><\/p><ul><li>Usar roupa leve e roupa quente<\/li><li>Dinheiro extra<\/li><li>Chap\u00e9u<\/li><li>Bloqueador<\/li><li>Garrafa de \u00e1gua<\/li><\/ul>\n\t\t\t\t\t<\/div>\n\t\t\t\t\t\t<\/div>\n\t\t\t\t<\/div>\n\t\t\t\t\t<\/div>\n\t\t<\/div>\n\t\t\t\t\t<\/div>\n\t\t<\/section>\n\t\t\t\t<\/div>\n\t\t","protected":false},"excerpt":{"rendered":"<p>&#8220;O Vale Sul em Cusco \u00e9 uma experi\u00eancia fascinante dentro das paisagens andinas, onde poder\u00e1 ver a arquitetura e os<\/p>\n","protected":false},"featured_media":17429,"template":"","meta":{"_joinchat":[]},"product_brand":[],"product_cat":[116],"product_tag":[],"class_list":{"0":"post-17941","1":"product","2":"type-product","3":"status-publish","4":"has-post-thumbnail","6":"product_cat-cusco-pt-br","8":"first","9":"instock","10":"shipping-taxable","11":"purchasable","12":"product-type-simple"},"jetpack_sharing_enabled":true,"_links":{"self":[{"href":"https:\/\/destinosdelperu.com\/pt-br\/wp-json\/wp\/v2\/product\/17941","targetHints":{"allow":["GET"]}}],"collection":[{"href":"https:\/\/destinosdelperu.com\/pt-br\/wp-json\/wp\/v2\/product"}],"about":[{"href":"https:\/\/destinosdelperu.com\/pt-br\/wp-json\/wp\/v2\/types\/product"}],"version-history":[{"count":1,"href":"https:\/\/destinosdelperu.com\/pt-br\/wp-json\/wp\/v2\/product\/17941\/revisions"}],"predecessor-version":[{"id":17943,"href":"https:\/\/destinosdelperu.com\/pt-br\/wp-json\/wp\/v2\/product\/17941\/revisions\/17943"}],"wp:featuredmedia":[{"embeddable":true,"href":"https:\/\/destinosdelperu.com\/pt-br\/wp-json\/wp\/v2\/media\/17429"}],"wp:attachment":[{"href":"https:\/\/destinosdelperu.com\/pt-br\/wp-json\/wp\/v2\/media?parent=17941"}],"wp:term":[{"taxonomy":"product_brand","embeddable":true,"href":"https:\/\/destinosdelperu.com\/pt-br\/wp-json\/wp\/v2\/product_brand?post=17941"},{"taxonomy":"product_cat","embeddable":true,"href":"https:\/\/destinosdelperu.com\/pt-br\/wp-json\/wp\/v2\/product_cat?post=17941"},{"taxonomy":"product_tag","embeddable":true,"href":"https:\/\/destinosdelperu.com\/pt-br\/wp-json\/wp\/v2\/product_tag?post=17941"}],"curies":[{"name":"wp","href":"https:\/\/api.w.org\/{rel}","templated":true}]}}