{"id":17912,"date":"2023-09-04T22:58:50","date_gmt":"2023-09-04T20:58:50","guid":{"rendered":"https:\/\/destinosdelperu.com\/tour\/super-vale-sagrado-conexao-machu-picchu-2-dias-1-noite\/"},"modified":"2023-11-04T17:23:45","modified_gmt":"2023-11-04T16:23:45","slug":"super-vale-sagrado-conexao-machu-picchu-2-dias-1-noite","status":"publish","type":"product","link":"https:\/\/destinosdelperu.com\/pt-br\/tour\/super-vale-sagrado-conexao-machu-picchu-2-dias-1-noite\/","title":{"rendered":"SUPER VALE SAGRADO &#8211; CONEX\u00c3O MACHU PICCHU 2 DIAS &#8211; 1 NOITE"},"content":{"rendered":"\t\t<div data-elementor-type=\"wp-post\" data-elementor-id=\"17912\" class=\"elementor elementor-17912\">\n\t\t\t\t\t\t<section class=\"elementor-section elementor-top-section elementor-element elementor-element-19a30ef elementor-section-boxed elementor-section-height-default elementor-section-height-default wd-section-disabled\" data-id=\"19a30ef\" data-element_type=\"section\" data-e-type=\"section\">\n\t\t\t\t\t\t<div class=\"elementor-container elementor-column-gap-default\">\n\t\t\t\t\t<div class=\"elementor-column elementor-col-100 elementor-top-column elementor-element elementor-element-6ea0071\" data-id=\"6ea0071\" data-element_type=\"column\" data-e-type=\"column\">\n\t\t\t<div class=\"elementor-widget-wrap elementor-element-populated\">\n\t\t\t\t\t\t<div class=\"elementor-element elementor-element-7bffc26 elementor-widget elementor-widget-wd_text_block\" data-id=\"7bffc26\" data-element_type=\"widget\" data-e-type=\"widget\" data-widget_type=\"wd_text_block.default\">\n\t\t\t\t<div class=\"elementor-widget-container\">\n\t\t\t\t\t\t\t<div class=\"wd-text-block reset-last-child text-left\">\n\t\t\t\n\t\t\t<p>\"O Vale Sagrado dos Incas \u00e9 um lugar m\u00e1gico e cheio de energia que o transportar\u00e1 no tempo atrav\u00e9s de belas paisagens, apreciando o imponente rio Vilcanota, aldeias pitorescas e monumentos arqueol\u00f3gicos que o far\u00e3o sentir-se parte da hist\u00f3ria.<\/p><p>Uma experi\u00eancia \u00fanica e inesquec\u00edvel!<\/p>\n\t\t\t\t\t<\/div>\n\t\t\t\t\t\t<\/div>\n\t\t\t\t<\/div>\n\t\t\t\t\t<\/div>\n\t\t<\/div>\n\t\t\t\t\t<\/div>\n\t\t<\/section>\n\t\t\t\t<section class=\"elementor-section elementor-top-section elementor-element elementor-element-046d307 elementor-section-boxed elementor-section-height-default elementor-section-height-default wd-section-disabled\" data-id=\"046d307\" data-element_type=\"section\" data-e-type=\"section\">\n\t\t\t\t\t\t<div class=\"elementor-container elementor-column-gap-default\">\n\t\t\t\t\t<div class=\"elementor-column elementor-col-50 elementor-top-column elementor-element elementor-element-a9a1f5a\" data-id=\"a9a1f5a\" data-element_type=\"column\" data-e-type=\"column\">\n\t\t\t<div class=\"elementor-widget-wrap elementor-element-populated\">\n\t\t\t\t\t\t<div class=\"elementor-element elementor-element-85fdef2 elementor-widget elementor-widget-wd_text_block\" data-id=\"85fdef2\" data-element_type=\"widget\" data-e-type=\"widget\" data-widget_type=\"wd_text_block.default\">\n\t\t\t\t<div class=\"elementor-widget-container\">\n\t\t\t\t\t\t\t<div class=\"wd-text-block reset-last-child text-left\">\n\t\t\t\n\t\t\t<p><strong>Descri\u00e7\u00e3o do servi\u00e7o:<\/strong><br>Este passeio \u00e9 um pouco mais extenso, ter\u00e1 a oportunidade de visitar Chinchero com as suas oficinas t\u00eaxteis e aprender sobre as t\u00e9cnicas ancestrais de tecelagem. Em Maras, poder\u00e1 visitar as famosas salinas de prest\u00edgio mundial, muito perto encontra-se a zona arqueol\u00f3gica de Moray composta por v\u00e1rias plataformas circulares que foram utilizadas para a agricultura experimental. Continuamos para Ollantaytambo, um dos s\u00edtios arqueol\u00f3gicos mais importantes do Vale Sagrado, considerado um centro religioso e pol\u00edtico do imp\u00e9rio Inca.<\/p><p>Por fim, Pisac \u00e9 um belo s\u00edtio arqueol\u00f3gico com terra\u00e7os, templos e cemit\u00e9rios incas. Existe tamb\u00e9m um mercado colorido onde se pode encontrar artesanato local e produtos frescos.<\/p><p>NOTA: na liga\u00e7\u00e3o a Machupicchu, omitir o texto em ROXO e colocar o texto abaixo:<\/p><p>PM Depois de visitar Ollantaytambo, dirigimo-nos \u00e0 esta\u00e7\u00e3o de comboios para embarcar no comboio que nos levar\u00e1 \u00e0 cidade de Aguas Calientes. No caminho, poder\u00e1 desfrutar de belas paisagens andinas e vistas da selva. Transfer para o hotel.<\/p>\n\t\t\t\t\t<\/div>\n\t\t\t\t\t\t<\/div>\n\t\t\t\t<\/div>\n\t\t\t\t\t<\/div>\n\t\t<\/div>\n\t\t\t\t<div class=\"elementor-column elementor-col-25 elementor-top-column elementor-element elementor-element-ed3edba\" data-id=\"ed3edba\" data-element_type=\"column\" data-e-type=\"column\">\n\t\t\t<div class=\"elementor-widget-wrap elementor-element-populated\">\n\t\t\t\t\t\t<div class=\"elementor-element elementor-element-11c4eed elementor-widget elementor-widget-wd_text_block\" data-id=\"11c4eed\" data-element_type=\"widget\" data-e-type=\"widget\" data-widget_type=\"wd_text_block.default\">\n\t\t\t\t<div class=\"elementor-widget-container\">\n\t\t\t\t\t\t\t<div class=\"wd-text-block reset-last-child text-left\">\n\t\t\t\n\t\t\t<p>Dura\u00e7\u00e3o da visita:<br>Hora de in\u00edcio:<\/p><p><strong>INCLUINDO<\/strong><\/p><ul><li>Transporte tur\u00edstico<\/li><li>Guia bilingue<\/li><li>Almo\u00e7o buffet<\/li><li>Receitas<\/li><\/ul>\n\t\t\t\t\t<\/div>\n\t\t\t\t\t\t<\/div>\n\t\t\t\t<\/div>\n\t\t\t\t\t<\/div>\n\t\t<\/div>\n\t\t\t\t<div class=\"elementor-column elementor-col-25 elementor-top-column elementor-element elementor-element-84f4c28\" data-id=\"84f4c28\" data-element_type=\"column\" data-e-type=\"column\">\n\t\t\t<div class=\"elementor-widget-wrap elementor-element-populated\">\n\t\t\t\t\t\t<div class=\"elementor-element elementor-element-b54c2d8 elementor-widget elementor-widget-wd_text_block\" data-id=\"b54c2d8\" data-element_type=\"widget\" data-e-type=\"widget\" data-widget_type=\"wd_text_block.default\">\n\t\t\t\t<div class=\"elementor-widget-container\">\n\t\t\t\t\t\t\t<div class=\"wd-text-block reset-last-child text-left\">\n\t\t\t\n\t\t\t<p><strong>RECOMENDA\u00c7\u00d5ES<\/strong><\/p><ul><li>Usar roupa leve e roupa quente<\/li><li>Dinheiro extra<\/li><li>Chap\u00e9u<\/li><li>Bloqueador<\/li><li>Garrafa de \u00e1gua<\/li><\/ul>\n\t\t\t\t\t<\/div>\n\t\t\t\t\t\t<\/div>\n\t\t\t\t<\/div>\n\t\t\t\t\t<\/div>\n\t\t<\/div>\n\t\t\t\t\t<\/div>\n\t\t<\/section>\n\t\t\t\t<\/div>\n\t\t","protected":false},"excerpt":{"rendered":"<p>&#8220;O Vale Sagrado dos Incas \u00e9 um lugar m\u00e1gico e cheio de energia que o transportar\u00e1 no tempo atrav\u00e9s de<\/p>\n","protected":false},"featured_media":17405,"template":"","meta":{"_joinchat":[]},"product_brand":[],"product_cat":[116],"product_tag":[],"class_list":{"0":"post-17912","1":"product","2":"type-product","3":"status-publish","4":"has-post-thumbnail","6":"product_cat-cusco-pt-br","8":"first","9":"instock","10":"shipping-taxable","11":"purchasable","12":"product-type-simple"},"jetpack_sharing_enabled":true,"_links":{"self":[{"href":"https:\/\/destinosdelperu.com\/pt-br\/wp-json\/wp\/v2\/product\/17912","targetHints":{"allow":["GET"]}}],"collection":[{"href":"https:\/\/destinosdelperu.com\/pt-br\/wp-json\/wp\/v2\/product"}],"about":[{"href":"https:\/\/destinosdelperu.com\/pt-br\/wp-json\/wp\/v2\/types\/product"}],"version-history":[{"count":3,"href":"https:\/\/destinosdelperu.com\/pt-br\/wp-json\/wp\/v2\/product\/17912\/revisions"}],"predecessor-version":[{"id":17940,"href":"https:\/\/destinosdelperu.com\/pt-br\/wp-json\/wp\/v2\/product\/17912\/revisions\/17940"}],"wp:featuredmedia":[{"embeddable":true,"href":"https:\/\/destinosdelperu.com\/pt-br\/wp-json\/wp\/v2\/media\/17405"}],"wp:attachment":[{"href":"https:\/\/destinosdelperu.com\/pt-br\/wp-json\/wp\/v2\/media?parent=17912"}],"wp:term":[{"taxonomy":"product_brand","embeddable":true,"href":"https:\/\/destinosdelperu.com\/pt-br\/wp-json\/wp\/v2\/product_brand?post=17912"},{"taxonomy":"product_cat","embeddable":true,"href":"https:\/\/destinosdelperu.com\/pt-br\/wp-json\/wp\/v2\/product_cat?post=17912"},{"taxonomy":"product_tag","embeddable":true,"href":"https:\/\/destinosdelperu.com\/pt-br\/wp-json\/wp\/v2\/product_tag?post=17912"}],"curies":[{"name":"wp","href":"https:\/\/api.w.org\/{rel}","templated":true}]}}