{"id":17910,"date":"2023-09-04T22:09:38","date_gmt":"2023-09-04T20:09:38","guid":{"rendered":"https:\/\/destinosdelperu.com\/tour\/vale-sagrado-com-conexao-machu-picchu-2-dias-1-noite\/"},"modified":"2023-11-04T17:23:39","modified_gmt":"2023-11-04T16:23:39","slug":"vale-sagrado-com-conexao-machu-picchu-2-dias-1-noite","status":"publish","type":"product","link":"https:\/\/destinosdelperu.com\/pt-br\/tour\/vale-sagrado-com-conexao-machu-picchu-2-dias-1-noite\/","title":{"rendered":"VALE SAGRADO COM CONEX\u00c3O MACHU PICCHU 2 DIAS &#8211; 1 NOITE"},"content":{"rendered":"\t\t<div data-elementor-type=\"wp-post\" data-elementor-id=\"17910\" class=\"elementor elementor-17910\">\n\t\t\t\t\t\t<section class=\"elementor-section elementor-top-section elementor-element elementor-element-0eff826 elementor-section-boxed elementor-section-height-default elementor-section-height-default wd-section-disabled\" data-id=\"0eff826\" data-element_type=\"section\" data-e-type=\"section\">\n\t\t\t\t\t\t<div class=\"elementor-container elementor-column-gap-default\">\n\t\t\t\t\t<div class=\"elementor-column elementor-col-100 elementor-top-column elementor-element elementor-element-1ea0c92\" data-id=\"1ea0c92\" data-element_type=\"column\" data-e-type=\"column\">\n\t\t\t<div class=\"elementor-widget-wrap elementor-element-populated\">\n\t\t\t\t\t\t<div class=\"elementor-element elementor-element-668aa42 elementor-widget elementor-widget-wd_text_block\" data-id=\"668aa42\" data-element_type=\"widget\" data-e-type=\"widget\" data-widget_type=\"wd_text_block.default\">\n\t\t\t\t<div class=\"elementor-widget-container\">\n\t\t\t\t\t\t\t<div class=\"wd-text-block reset-last-child text-left\">\n\t\t\t\n\t\t\t<p>\"O Vale Sagrado dos Incas \u00e9 um lugar m\u00e1gico e cheio de energia que o transportar\u00e1 no tempo atrav\u00e9s de belas paisagens, apreciando o imponente rio Vilcanota, aldeias pitorescas e monumentos arqueol\u00f3gicos que o far\u00e3o sentir-se parte da hist\u00f3ria.<\/p><p>Uma experi\u00eancia \u00fanica e inesquec\u00edvel!<\/p>\n\t\t\t\t\t<\/div>\n\t\t\t\t\t\t<\/div>\n\t\t\t\t<\/div>\n\t\t\t\t\t<\/div>\n\t\t<\/div>\n\t\t\t\t\t<\/div>\n\t\t<\/section>\n\t\t\t\t<section class=\"elementor-section elementor-top-section elementor-element elementor-element-c0831b4 elementor-section-boxed elementor-section-height-default elementor-section-height-default wd-section-disabled\" data-id=\"c0831b4\" data-element_type=\"section\" data-e-type=\"section\">\n\t\t\t\t\t\t<div class=\"elementor-container elementor-column-gap-default\">\n\t\t\t\t\t<div class=\"elementor-column elementor-col-50 elementor-top-column elementor-element elementor-element-c25e05b\" data-id=\"c25e05b\" data-element_type=\"column\" data-e-type=\"column\">\n\t\t\t<div class=\"elementor-widget-wrap elementor-element-populated\">\n\t\t\t\t\t\t<div class=\"elementor-element elementor-element-b86a7da elementor-widget elementor-widget-wd_text_block\" data-id=\"b86a7da\" data-element_type=\"widget\" data-e-type=\"widget\" data-widget_type=\"wd_text_block.default\">\n\t\t\t\t<div class=\"elementor-widget-container\">\n\t\t\t\t\t\t\t<div class=\"wd-text-block reset-last-child text-left\">\n\t\t\t\n\t\t\t<p><strong>Descri\u00e7\u00e3o do servi\u00e7o:<\/strong><\/p><p>Saindo de Cusco entramos no Vale Sagrado dos Incas atrav\u00e9s do miradouro de Taray, chegamos \u00e0 cidade de Pisaq que \u00e9 uma cidade andina conhecida pelo seu mercado de artesanato; depois vamos ao Parque Arqueol\u00f3gico de Pisaq cheio de terra\u00e7os e aquedutos; Continuamos pelo vale at\u00e9 Urubamba para desfrutar de um delicioso almo\u00e7o buffet, chegamos a Ollantaytambo \u00e9 considerado como um centro religioso e pol\u00edtico do imp\u00e9rio Inca, os templos, fortalezas e a cidade Inca ainda est\u00e3o intactos.<\/p><p>NOTA: na liga\u00e7\u00e3o a Machupicchu, o texto deve ser acrescentado abaixo:<\/p><p>PM Depois de visitar Ollantaytambo, dirigimo-nos \u00e0 esta\u00e7\u00e3o de comboios para embarcar no comboio que nos levar\u00e1 \u00e0 cidade de Aguas Calientes. No caminho, poder\u00e1 desfrutar de belas paisagens andinas e vistas da selva. Transfer para o hotel.<\/p>\n\t\t\t\t\t<\/div>\n\t\t\t\t\t\t<\/div>\n\t\t\t\t<\/div>\n\t\t\t\t\t<\/div>\n\t\t<\/div>\n\t\t\t\t<div class=\"elementor-column elementor-col-25 elementor-top-column elementor-element elementor-element-bcc5d9c\" data-id=\"bcc5d9c\" data-element_type=\"column\" data-e-type=\"column\">\n\t\t\t<div class=\"elementor-widget-wrap elementor-element-populated\">\n\t\t\t\t\t\t<div class=\"elementor-element elementor-element-c00431b elementor-widget elementor-widget-wd_text_block\" data-id=\"c00431b\" data-element_type=\"widget\" data-e-type=\"widget\" data-widget_type=\"wd_text_block.default\">\n\t\t\t\t<div class=\"elementor-widget-container\">\n\t\t\t\t\t\t\t<div class=\"wd-text-block reset-last-child text-left\">\n\t\t\t\n\t\t\t<p>Dura\u00e7\u00e3o da visita:<br>Hora de in\u00edcio:<\/p><p><strong>INCLUINDO<\/strong><\/p><ul><li>Transporte tur\u00edstico<\/li><li>Guia bilingue<\/li><li>Receitas<\/li><li>Almo\u00e7o buffet<\/li><\/ul>\n\t\t\t\t\t<\/div>\n\t\t\t\t\t\t<\/div>\n\t\t\t\t<\/div>\n\t\t\t\t\t<\/div>\n\t\t<\/div>\n\t\t\t\t<div class=\"elementor-column elementor-col-25 elementor-top-column elementor-element elementor-element-2a91c69\" data-id=\"2a91c69\" data-element_type=\"column\" data-e-type=\"column\">\n\t\t\t<div class=\"elementor-widget-wrap elementor-element-populated\">\n\t\t\t\t\t\t<div class=\"elementor-element elementor-element-9f6b78c elementor-widget elementor-widget-wd_text_block\" data-id=\"9f6b78c\" data-element_type=\"widget\" data-e-type=\"widget\" data-widget_type=\"wd_text_block.default\">\n\t\t\t\t<div class=\"elementor-widget-container\">\n\t\t\t\t\t\t\t<div class=\"wd-text-block reset-last-child text-left\">\n\t\t\t\n\t\t\t<p><strong>RECOMENDA\u00c7\u00d5ES<\/strong><\/p><ul><li>Usar roupas leves e quentes<\/li><li>Dinheiro extra<\/li><li>Chap\u00e9u<\/li><li>Bloqueador<\/li><li>Garrafa de \u00e1gua<\/li><\/ul>\n\t\t\t\t\t<\/div>\n\t\t\t\t\t\t<\/div>\n\t\t\t\t<\/div>\n\t\t\t\t\t<\/div>\n\t\t<\/div>\n\t\t\t\t\t<\/div>\n\t\t<\/section>\n\t\t\t\t<\/div>\n\t\t","protected":false},"excerpt":{"rendered":"<p>&#8220;O Vale Sagrado dos Incas \u00e9 um lugar m\u00e1gico e cheio de energia que o transportar\u00e1 no tempo atrav\u00e9s de<\/p>\n","protected":false},"featured_media":17385,"template":"","meta":{"_joinchat":[]},"product_brand":[],"product_cat":[116,154],"product_tag":[],"class_list":{"0":"post-17910","1":"product","2":"type-product","3":"status-publish","4":"has-post-thumbnail","6":"product_cat-cusco-pt-br","7":"product_cat-popular","9":"first","10":"instock","11":"shipping-taxable","12":"purchasable","13":"product-type-simple"},"jetpack_sharing_enabled":true,"_links":{"self":[{"href":"https:\/\/destinosdelperu.com\/pt-br\/wp-json\/wp\/v2\/product\/17910","targetHints":{"allow":["GET"]}}],"collection":[{"href":"https:\/\/destinosdelperu.com\/pt-br\/wp-json\/wp\/v2\/product"}],"about":[{"href":"https:\/\/destinosdelperu.com\/pt-br\/wp-json\/wp\/v2\/types\/product"}],"version-history":[{"count":3,"href":"https:\/\/destinosdelperu.com\/pt-br\/wp-json\/wp\/v2\/product\/17910\/revisions"}],"predecessor-version":[{"id":17933,"href":"https:\/\/destinosdelperu.com\/pt-br\/wp-json\/wp\/v2\/product\/17910\/revisions\/17933"}],"wp:featuredmedia":[{"embeddable":true,"href":"https:\/\/destinosdelperu.com\/pt-br\/wp-json\/wp\/v2\/media\/17385"}],"wp:attachment":[{"href":"https:\/\/destinosdelperu.com\/pt-br\/wp-json\/wp\/v2\/media?parent=17910"}],"wp:term":[{"taxonomy":"product_brand","embeddable":true,"href":"https:\/\/destinosdelperu.com\/pt-br\/wp-json\/wp\/v2\/product_brand?post=17910"},{"taxonomy":"product_cat","embeddable":true,"href":"https:\/\/destinosdelperu.com\/pt-br\/wp-json\/wp\/v2\/product_cat?post=17910"},{"taxonomy":"product_tag","embeddable":true,"href":"https:\/\/destinosdelperu.com\/pt-br\/wp-json\/wp\/v2\/product_tag?post=17910"}],"curies":[{"name":"wp","href":"https:\/\/api.w.org\/{rel}","templated":true}]}}