{"id":17905,"date":"2023-09-03T02:04:18","date_gmt":"2023-09-03T00:04:18","guid":{"rendered":"https:\/\/destinosdelperu.com\/tour\/cusco-visita-a-cidade\/"},"modified":"2023-11-04T17:23:34","modified_gmt":"2023-11-04T16:23:34","slug":"cusco-visita-a-cidade","status":"publish","type":"product","link":"https:\/\/destinosdelperu.com\/pt-br\/tour\/cusco-visita-a-cidade\/","title":{"rendered":"CUSCO &#8211; VISITA \u00c0 CIDADE"},"content":{"rendered":"\t\t<div data-elementor-type=\"wp-post\" data-elementor-id=\"17905\" class=\"elementor elementor-17905\">\n\t\t\t\t\t\t<section class=\"elementor-section elementor-top-section elementor-element elementor-element-3cbffb4 elementor-section-boxed elementor-section-height-default elementor-section-height-default wd-section-disabled\" data-id=\"3cbffb4\" data-element_type=\"section\" data-e-type=\"section\">\n\t\t\t\t\t\t<div class=\"elementor-container elementor-column-gap-default\">\n\t\t\t\t\t<div class=\"elementor-column elementor-col-50 elementor-top-column elementor-element elementor-element-6ac6676\" data-id=\"6ac6676\" data-element_type=\"column\" data-e-type=\"column\">\n\t\t\t<div class=\"elementor-widget-wrap\">\n\t\t\t\t\t\t\t<\/div>\n\t\t<\/div>\n\t\t\t\t<div class=\"elementor-column elementor-col-50 elementor-top-column elementor-element elementor-element-0006d4d\" data-id=\"0006d4d\" data-element_type=\"column\" data-e-type=\"column\">\n\t\t\t<div class=\"elementor-widget-wrap\">\n\t\t\t\t\t\t\t<\/div>\n\t\t<\/div>\n\t\t\t\t\t<\/div>\n\t\t<\/section>\n\t\t\t\t<section class=\"elementor-section elementor-top-section elementor-element elementor-element-05cb0d6 elementor-section-boxed elementor-section-height-default elementor-section-height-default wd-section-disabled\" data-id=\"05cb0d6\" data-element_type=\"section\" data-e-type=\"section\">\n\t\t\t\t\t\t<div class=\"elementor-container elementor-column-gap-default\">\n\t\t\t\t\t<div class=\"elementor-column elementor-col-50 elementor-top-column elementor-element elementor-element-7f49f8c\" data-id=\"7f49f8c\" data-element_type=\"column\" data-e-type=\"column\">\n\t\t\t<div class=\"elementor-widget-wrap elementor-element-populated\">\n\t\t\t\t\t\t<div class=\"elementor-element elementor-element-c957d05 elementor-widget elementor-widget-wd_text_block\" data-id=\"c957d05\" data-element_type=\"widget\" data-e-type=\"widget\" data-widget_type=\"wd_text_block.default\">\n\t\t\t\t<div class=\"elementor-widget-container\">\n\t\t\t\t\t\t\t<div class=\"wd-text-block reset-last-child text-left\">\n\t\t\t\n\t\t\t<p>\"CUSCO cidade eterna, terra de fus\u00e3o, eixo do mundo, considerado o primeiro centro de integra\u00e7\u00e3o americana. Os Incas consideravam-na a cidade imperial, tendo mantido o seu esplendor e vitalidade at\u00e9 aos dias de hoje. Isto faz de Cusco um dos destinos mais fascinantes do mundo.<\/p><p>N\u00e3o perca!<\/p><p><strong>Descri\u00e7\u00e3o do servi\u00e7o:<\/strong><\/p><p>O City Tour de Cusco \u00e9 uma experi\u00eancia inesquec\u00edvel que o levar\u00e1 a visitar o Templo do Sol ou Koricancha, local de acolhimento dos deuses dos pa\u00edses conquistados, depois visitaremos a Fortaleza de Sacsayhuaman, com impressionantes rochas esculpidas Qenqo (labirinto) e Puca Pucara, local de descanso da comitiva inca que visitava Tambomachay, um templo destinado ao culto da \u00e1gua.<\/p>\n\t\t\t\t\t<\/div>\n\t\t\t\t\t\t<\/div>\n\t\t\t\t<\/div>\n\t\t\t\t\t<\/div>\n\t\t<\/div>\n\t\t\t\t<div class=\"elementor-column elementor-col-25 elementor-top-column elementor-element elementor-element-4a48d1a\" data-id=\"4a48d1a\" data-element_type=\"column\" data-e-type=\"column\">\n\t\t\t<div class=\"elementor-widget-wrap elementor-element-populated\">\n\t\t\t\t\t\t<div class=\"elementor-element elementor-element-217dde9 elementor-widget elementor-widget-wd_text_block\" data-id=\"217dde9\" data-element_type=\"widget\" data-e-type=\"widget\" data-widget_type=\"wd_text_block.default\">\n\t\t\t\t<div class=\"elementor-widget-container\">\n\t\t\t\t\t\t\t<div class=\"wd-text-block reset-last-child text-left\">\n\t\t\t\n\t\t\t<p>Dura\u00e7\u00e3o da visita:<br>Hor\u00e1rio de in\u00edcio:<\/p><p><strong>INCLUINDO<\/strong><\/p><ul><li>Transporte tur\u00edstico<\/li><li>Guia bilingue<\/li><li>o Rendimento<\/li><\/ul>\n\t\t\t\t\t<\/div>\n\t\t\t\t\t\t<\/div>\n\t\t\t\t<\/div>\n\t\t\t\t\t<\/div>\n\t\t<\/div>\n\t\t\t\t<div class=\"elementor-column elementor-col-25 elementor-top-column elementor-element elementor-element-c1d0a36\" data-id=\"c1d0a36\" data-element_type=\"column\" data-e-type=\"column\">\n\t\t\t<div class=\"elementor-widget-wrap elementor-element-populated\">\n\t\t\t\t\t\t<div class=\"elementor-element elementor-element-eb7873d elementor-widget elementor-widget-wd_text_block\" data-id=\"eb7873d\" data-element_type=\"widget\" data-e-type=\"widget\" data-widget_type=\"wd_text_block.default\">\n\t\t\t\t<div class=\"elementor-widget-container\">\n\t\t\t\t\t\t\t<div class=\"wd-text-block reset-last-child text-left\">\n\t\t\t\n\t\t\t<p><strong>RECOMENDA\u00c7\u00d5ES<\/strong><\/p><ul><li>Garrafa de \u00e1gua<\/li><li>Roupa quente<\/li><li>Chap\u00e9u<\/li><li>\u00d3culos de sol<\/li><li>Bilhete de identidade<\/li><li>Dinheiro extra<\/li><\/ul>\n\t\t\t\t\t<\/div>\n\t\t\t\t\t\t<\/div>\n\t\t\t\t<\/div>\n\t\t\t\t\t<\/div>\n\t\t<\/div>\n\t\t\t\t\t<\/div>\n\t\t<\/section>\n\t\t\t\t<\/div>\n\t\t","protected":false},"excerpt":{"rendered":"<p>&#8220;CUSCO cidade eterna, terra de fus\u00e3o, eixo do mundo, considerado o primeiro centro de integra\u00e7\u00e3o americana. Os Incas consideravam-na a<\/p>\n","protected":false},"featured_media":17391,"template":"","meta":{"_joinchat":[]},"product_brand":[],"product_cat":[116],"product_tag":[],"class_list":{"0":"post-17905","1":"product","2":"type-product","3":"status-publish","4":"has-post-thumbnail","6":"product_cat-cusco-pt-br","8":"first","9":"instock","10":"shipping-taxable","11":"purchasable","12":"product-type-simple"},"jetpack_sharing_enabled":true,"_links":{"self":[{"href":"https:\/\/destinosdelperu.com\/pt-br\/wp-json\/wp\/v2\/product\/17905","targetHints":{"allow":["GET"]}}],"collection":[{"href":"https:\/\/destinosdelperu.com\/pt-br\/wp-json\/wp\/v2\/product"}],"about":[{"href":"https:\/\/destinosdelperu.com\/pt-br\/wp-json\/wp\/v2\/types\/product"}],"version-history":[{"count":3,"href":"https:\/\/destinosdelperu.com\/pt-br\/wp-json\/wp\/v2\/product\/17905\/revisions"}],"predecessor-version":[{"id":17930,"href":"https:\/\/destinosdelperu.com\/pt-br\/wp-json\/wp\/v2\/product\/17905\/revisions\/17930"}],"wp:featuredmedia":[{"embeddable":true,"href":"https:\/\/destinosdelperu.com\/pt-br\/wp-json\/wp\/v2\/media\/17391"}],"wp:attachment":[{"href":"https:\/\/destinosdelperu.com\/pt-br\/wp-json\/wp\/v2\/media?parent=17905"}],"wp:term":[{"taxonomy":"product_brand","embeddable":true,"href":"https:\/\/destinosdelperu.com\/pt-br\/wp-json\/wp\/v2\/product_brand?post=17905"},{"taxonomy":"product_cat","embeddable":true,"href":"https:\/\/destinosdelperu.com\/pt-br\/wp-json\/wp\/v2\/product_cat?post=17905"},{"taxonomy":"product_tag","embeddable":true,"href":"https:\/\/destinosdelperu.com\/pt-br\/wp-json\/wp\/v2\/product_tag?post=17905"}],"curies":[{"name":"wp","href":"https:\/\/api.w.org\/{rel}","templated":true}]}}