{"id":18467,"date":"2026-01-07T18:18:57","date_gmt":"2026-01-07T23:18:57","guid":{"rendered":"https:\/\/destinosdelperu.com\/codigo-esnna\/"},"modified":"2026-01-09T17:54:54","modified_gmt":"2026-01-09T22:54:54","slug":"codigo-esnna","status":"publish","type":"page","link":"https:\/\/destinosdelperu.com\/pt-br\/codigo-esnna\/","title":{"rendered":"C\u00f3digo ESNNA"},"content":{"rendered":"\t\t<div data-elementor-type=\"wp-page\" data-elementor-id=\"18467\" class=\"elementor elementor-18467\">\n\t\t\t\t\t\t<section class=\"elementor-section elementor-top-section elementor-element elementor-element-eadd220 elementor-section-boxed elementor-section-height-default elementor-section-height-default wd-section-disabled\" data-id=\"eadd220\" data-element_type=\"section\" data-e-type=\"section\">\n\t\t\t\t\t\t<div class=\"elementor-container elementor-column-gap-default\">\n\t\t\t\t\t<div class=\"elementor-column elementor-col-100 elementor-top-column elementor-element elementor-element-085b253\" data-id=\"085b253\" data-element_type=\"column\" data-e-type=\"column\">\n\t\t\t<div class=\"elementor-widget-wrap elementor-element-populated\">\n\t\t\t\t\t\t<div class=\"elementor-element elementor-element-ece41c1 elementor-widget elementor-widget-heading\" data-id=\"ece41c1\" data-element_type=\"widget\" data-e-type=\"widget\" data-widget_type=\"heading.default\">\n\t\t\t\t<div class=\"elementor-widget-container\">\n\t\t\t\t\t<h2 class=\"elementor-heading-title elementor-size-default\">COMPROMETIDOS COM A ERRADICA\u00c7\u00c3O DA ESNNA NO TURISMO<\/h2>\t\t\t\t<\/div>\n\t\t\t\t<\/div>\n\t\t\t\t<div class=\"elementor-element elementor-element-d2f9826 elementor-widget-divider--view-line elementor-widget elementor-widget-divider\" data-id=\"d2f9826\" data-element_type=\"widget\" data-e-type=\"widget\" data-widget_type=\"divider.default\">\n\t\t\t\t<div class=\"elementor-widget-container\">\n\t\t\t\t\t\t\t<div class=\"elementor-divider\">\n\t\t\t<span class=\"elementor-divider-separator\">\n\t\t\t\t\t\t<\/span>\n\t\t<\/div>\n\t\t\t\t\t\t<\/div>\n\t\t\t\t<\/div>\n\t\t\t\t<div class=\"elementor-element elementor-element-5c1300c color-scheme-inherit text-left elementor-widget elementor-widget-text-editor\" data-id=\"5c1300c\" data-element_type=\"widget\" data-e-type=\"widget\" data-widget_type=\"text-editor.default\">\n\t\t\t\t<div class=\"elementor-widget-container\">\n\t\t\t\t\t\t\t\t\t<p class=\"ds-markdown-paragraph\">Na Destinos Del Per\u00fa estamos plenamente comprometidos com o C\u00f3digo de Conduta contra a Explora\u00e7\u00e3o Sexual de Crian\u00e7as, Meninas, Meninos e Adolescentes (ESNNA) porque entendemos que oferecer servi\u00e7os tur\u00edsticos de alta qualidade e confi\u00e1veis n\u00e3o significa apenas superar as expectativas de nossos clientes, mas tamb\u00e9m atuar com responsabilidade social e sustentabilidade em cada destino onde operamos.<\/p><p class=\"ds-markdown-paragraph\">Em conformidade com a Lei N.\u00ba 28251 e com a pol\u00edtica nacional promovida pelo MINCETUR, estabelecemos padr\u00f5es de conduta transparentes e respons\u00e1veis para prevenir, rejeitar e denunciar qualquer forma de explora\u00e7\u00e3o sexual de crian\u00e7as, meninas, meninos e adolescentes que possa estar associada aos servi\u00e7os tur\u00edsticos que prestamos. Dessa forma, contribu\u00edmos ativamente para os esfor\u00e7os de nosso setor no combate a esse crime e reafirmamos nosso compromisso com um turismo \u00e9tico, seguro e respeitoso com a dignidade humana.<\/p>\t\t\t\t\t\t\t\t<\/div>\n\t\t\t\t<\/div>\n\t\t\t\t\t<\/div>\n\t\t<\/div>\n\t\t\t\t\t<\/div>\n\t\t<\/section>\n\t\t\t\t<section class=\"elementor-section elementor-top-section elementor-element elementor-element-5274cac elementor-section-boxed elementor-section-height-default elementor-section-height-default wd-section-disabled\" data-id=\"5274cac\" data-element_type=\"section\" data-e-type=\"section\">\n\t\t\t\t\t\t<div class=\"elementor-container elementor-column-gap-default\">\n\t\t\t\t\t<div class=\"elementor-column elementor-col-100 elementor-top-column elementor-element elementor-element-1deb0e4\" data-id=\"1deb0e4\" data-element_type=\"column\" data-e-type=\"column\">\n\t\t\t<div class=\"elementor-widget-wrap elementor-element-populated\">\n\t\t\t\t\t\t<div class=\"elementor-element elementor-element-b89b19e elementor-widget elementor-widget-heading\" data-id=\"b89b19e\" data-element_type=\"widget\" data-e-type=\"widget\" data-widget_type=\"heading.default\">\n\t\t\t\t<div class=\"elementor-widget-container\">\n\t\t\t\t\t<h2 class=\"elementor-heading-title elementor-size-default\">CONTEXTO DA ESNNA NO PERU E NO TURISMO<\/h2>\t\t\t\t<\/div>\n\t\t\t\t<\/div>\n\t\t\t\t<div class=\"elementor-element elementor-element-249a170 elementor-widget-divider--view-line elementor-widget elementor-widget-divider\" data-id=\"249a170\" data-element_type=\"widget\" data-e-type=\"widget\" data-widget_type=\"divider.default\">\n\t\t\t\t<div class=\"elementor-widget-container\">\n\t\t\t\t\t\t\t<div class=\"elementor-divider\">\n\t\t\t<span class=\"elementor-divider-separator\">\n\t\t\t\t\t\t<\/span>\n\t\t<\/div>\n\t\t\t\t\t\t<\/div>\n\t\t\t\t<\/div>\n\t\t\t\t<div class=\"elementor-element elementor-element-5fa7938 color-scheme-inherit text-left elementor-widget elementor-widget-text-editor\" data-id=\"5fa7938\" data-element_type=\"widget\" data-e-type=\"widget\" data-widget_type=\"text-editor.default\">\n\t\t\t\t<div class=\"elementor-widget-container\">\n\t\t\t\t\t\t\t\t\t<p class=\"ds-markdown-paragraph\">No Peru, a Explora\u00e7\u00e3o Sexual de Crian\u00e7as, Meninas, Meninos e Adolescentes (ESNNA) continua sendo um problema social persistente. Em 2024, foram registradas 1762 v\u00edtimas de crimes contra a dignidade humana, das quais 692 eram menores de idade (39,3%). Na regi\u00e3o de Loreto, das 126 v\u00edtimas identificadas, quase 70% eram crian\u00e7as, meninas, meninos e adolescentes.<\/p><p class=\"ds-markdown-paragraph\">A ESNNA \u00e9 um problema social que pode afetar diferentes setores, incluindo o turismo. Por isso, empresas, autoridades, comunidades e viajantes compartilham a responsabilidade de garantir que o turismo no Peru seja seguro, \u00e9tico e ben\u00e9fico para todos.<\/p>\t\t\t\t\t\t\t\t<\/div>\n\t\t\t\t<\/div>\n\t\t\t\t\t<\/div>\n\t\t<\/div>\n\t\t\t\t\t<\/div>\n\t\t<\/section>\n\t\t\t\t<section class=\"elementor-section elementor-top-section elementor-element elementor-element-b877be7 elementor-section-boxed elementor-section-height-default elementor-section-height-default wd-section-disabled\" data-id=\"b877be7\" data-element_type=\"section\" data-e-type=\"section\">\n\t\t\t\t\t\t<div class=\"elementor-container elementor-column-gap-default\">\n\t\t\t\t\t<div class=\"elementor-column elementor-col-50 elementor-top-column elementor-element elementor-element-216c508\" data-id=\"216c508\" data-element_type=\"column\" data-e-type=\"column\">\n\t\t\t<div class=\"elementor-widget-wrap elementor-element-populated\">\n\t\t\t\t\t\t<div class=\"elementor-element elementor-element-d5d8869 elementor-widget elementor-widget-heading\" data-id=\"d5d8869\" data-element_type=\"widget\" data-e-type=\"widget\" data-widget_type=\"heading.default\">\n\t\t\t\t<div class=\"elementor-widget-container\">\n\t\t\t\t\t<h2 class=\"elementor-heading-title elementor-size-default\">NOSSOS DEVERES E COMPROMISSOS SEGUNDO O C\u00d3DIGO DE CONDUTA DA ESNNA<\/h2>\t\t\t\t<\/div>\n\t\t\t\t<\/div>\n\t\t\t\t<div class=\"elementor-element elementor-element-928f12c elementor-widget-divider--view-line elementor-widget elementor-widget-divider\" data-id=\"928f12c\" data-element_type=\"widget\" data-e-type=\"widget\" data-widget_type=\"divider.default\">\n\t\t\t\t<div class=\"elementor-widget-container\">\n\t\t\t\t\t\t\t<div class=\"elementor-divider\">\n\t\t\t<span class=\"elementor-divider-separator\">\n\t\t\t\t\t\t<\/span>\n\t\t<\/div>\n\t\t\t\t\t\t<\/div>\n\t\t\t\t<\/div>\n\t\t\t\t<div class=\"elementor-element elementor-element-faaab97 color-scheme-inherit text-left elementor-widget elementor-widget-text-editor\" data-id=\"faaab97\" data-element_type=\"widget\" data-e-type=\"widget\" data-widget_type=\"text-editor.default\">\n\t\t\t\t<div class=\"elementor-widget-container\">\n\t\t\t\t\t\t\t\t\t<p class=\"ds-markdown-paragraph\">\u2714 N\u00e3o promover nem permitir a ESNNA em nossos servi\u00e7os, mantendo uma pol\u00edtica estrita de rejei\u00e7\u00e3o a qualquer forma de explora\u00e7\u00e3o sexual praticada por turistas nacionais ou estrangeiros, outros prestadores de servi\u00e7os ou qualquer pessoa vinculada \u00e0 nossa empresa.<\/p><p class=\"ds-markdown-paragraph\">\u2714 Abster-se de oferecer em nossos programas, passeios e\/ou servi\u00e7os \u2013 expl\u00edcita ou implicitamente \u2013 qualquer situa\u00e7\u00e3o relacionada \u00e0 ESNNA, bem como de encaminhar os turistas, seja diretamente ou por meio de terceiros, a estabelecimentos ou locais onde ocorra ESNNA.<\/p><p class=\"ds-markdown-paragraph\">\u2714 Desenvolver oficinas, fornecer informa\u00e7\u00f5es e capacitar nossa equipe profissional, bem como todas as pessoas ou institui\u00e7\u00f5es envolvidas em nossas atividades, sobre as leis, regulamentos, pol\u00edticas internas, manuais e demais medidas de preven\u00e7\u00e3o relacionadas \u00e0 ESNNA.<\/p><p class=\"ds-markdown-paragraph\">\u2714 Divulgar material informativo sobre a preven\u00e7\u00e3o da ESNNA para nossos clientes e qualquer pessoa interessada.<\/p><p class=\"ds-markdown-paragraph\">\u2714 Manter s\u00edmbolos vis\u00edveis que informem clientes e fornecedores sobre nossa posi\u00e7\u00e3o contra a explora\u00e7\u00e3o sexual de crian\u00e7as, meninas, meninos e adolescentes no turismo e nas viagens.<\/p><p class=\"ds-markdown-paragraph\">\u2714 Comunicar imediatamente \u00e0s autoridades competentes qualquer ato relacionado \u00e0 ESNNA do qual tenhamos conhecimento em raz\u00e3o da oferta ou presta\u00e7\u00e3o de nossos servi\u00e7os.<\/p><p class=\"ds-markdown-paragraph\">\u2714 Incluir uma cl\u00e1usula em nossos contratos com fornecedores de servi\u00e7os tur\u00edsticos que declare nossa rejei\u00e7\u00e3o compartilhada \u00e0 ESNNA. Ser\u00e1 utilizada a seguinte declara\u00e7\u00e3o: \u00abO turismo promove uma inf\u00e2ncia e adolesc\u00eancia livres de explora\u00e7\u00e3o sexual. Portanto, n\u00e3o aceitamos nenhum ato que incentive ou tolere a explora\u00e7\u00e3o sexual de crian\u00e7as, meninas, meninos e adolescentes\u00bb.<\/p><p class=\"ds-markdown-paragraph\">\u2714 Cumprir integralmente todas as disposi\u00e7\u00f5es estabelecidas no C\u00f3digo ESNNA no setor tur\u00edstico.<\/p>\t\t\t\t\t\t\t\t<\/div>\n\t\t\t\t<\/div>\n\t\t\t\t\t<\/div>\n\t\t<\/div>\n\t\t\t\t<div class=\"elementor-column elementor-col-50 elementor-top-column elementor-element elementor-element-42471e5\" data-id=\"42471e5\" data-element_type=\"column\" data-e-type=\"column\">\n\t\t\t<div class=\"elementor-widget-wrap elementor-element-populated\">\n\t\t\t\t\t\t<div class=\"elementor-element elementor-element-644885b elementor-widget elementor-widget-image\" data-id=\"644885b\" data-element_type=\"widget\" data-e-type=\"widget\" data-widget_type=\"image.default\">\n\t\t\t\t<div class=\"elementor-widget-container\">\n\t\t\t\t\t\t\t\t\t\t\t\t\t\t\t<img fetchpriority=\"high\" decoding=\"async\" width=\"568\" height=\"800\" src=\"https:\/\/destinosdelperu.com\/wp-content\/uploads\/2026\/01\/ESNNA-Destinos-del-Peru-568x800.jpg\" class=\"attachment-large size-large wp-image-18463\" alt=\"\" srcset=\"https:\/\/destinosdelperu.com\/wp-content\/uploads\/2026\/01\/ESNNA-Destinos-del-Peru-568x800.jpg 568w, https:\/\/destinosdelperu.com\/wp-content\/uploads\/2026\/01\/ESNNA-Destinos-del-Peru-213x300.jpg 213w, https:\/\/destinosdelperu.com\/wp-content\/uploads\/2026\/01\/ESNNA-Destinos-del-Peru-768x1081.jpg 768w, https:\/\/destinosdelperu.com\/wp-content\/uploads\/2026\/01\/ESNNA-Destinos-del-Peru-860x1211.jpg 860w, https:\/\/destinosdelperu.com\/wp-content\/uploads\/2026\/01\/ESNNA-Destinos-del-Peru-430x605.jpg 430w, https:\/\/destinosdelperu.com\/wp-content\/uploads\/2026\/01\/ESNNA-Destinos-del-Peru-700x986.jpg 700w, https:\/\/destinosdelperu.com\/wp-content\/uploads\/2026\/01\/ESNNA-Destinos-del-Peru-150x211.jpg 150w, https:\/\/destinosdelperu.com\/wp-content\/uploads\/2026\/01\/ESNNA-Destinos-del-Peru.jpg 1091w\" sizes=\"(max-width: 568px) 100vw, 568px\" \/>\t\t\t\t\t\t\t\t\t\t\t\t\t\t\t<\/div>\n\t\t\t\t<\/div>\n\t\t\t\t\t<\/div>\n\t\t<\/div>\n\t\t\t\t\t<\/div>\n\t\t<\/section>\n\t\t\t\t<\/div>\n\t\t","protected":false},"excerpt":{"rendered":"<p>COMPROMETIDOS COM A ERRADICA\u00c7\u00c3O DA ESNNA NO TURISMO Na Destinos Del Per\u00fa estamos plenamente comprometidos com o C\u00f3digo de Conduta<\/p>\n","protected":false},"author":1,"featured_media":0,"parent":0,"menu_order":0,"comment_status":"closed","ping_status":"closed","template":"","meta":{"_joinchat":[],"footnotes":""},"class_list":["post-18467","page","type-page","status-publish","hentry"],"jetpack_sharing_enabled":true,"_links":{"self":[{"href":"https:\/\/destinosdelperu.com\/pt-br\/wp-json\/wp\/v2\/pages\/18467","targetHints":{"allow":["GET"]}}],"collection":[{"href":"https:\/\/destinosdelperu.com\/pt-br\/wp-json\/wp\/v2\/pages"}],"about":[{"href":"https:\/\/destinosdelperu.com\/pt-br\/wp-json\/wp\/v2\/types\/page"}],"author":[{"embeddable":true,"href":"https:\/\/destinosdelperu.com\/pt-br\/wp-json\/wp\/v2\/users\/1"}],"replies":[{"embeddable":true,"href":"https:\/\/destinosdelperu.com\/pt-br\/wp-json\/wp\/v2\/comments?post=18467"}],"version-history":[{"count":4,"href":"https:\/\/destinosdelperu.com\/pt-br\/wp-json\/wp\/v2\/pages\/18467\/revisions"}],"predecessor-version":[{"id":18497,"href":"https:\/\/destinosdelperu.com\/pt-br\/wp-json\/wp\/v2\/pages\/18467\/revisions\/18497"}],"wp:attachment":[{"href":"https:\/\/destinosdelperu.com\/pt-br\/wp-json\/wp\/v2\/media?parent=18467"}],"curies":[{"name":"wp","href":"https:\/\/api.w.org\/{rel}","templated":true}]}}