{"id":17745,"date":"2023-09-08T19:02:22","date_gmt":"2023-09-09T00:02:22","guid":{"rendered":"https:\/\/destinosdelperu.com\/quem-somos\/a-nossa-historia\/"},"modified":"2025-06-05T18:01:45","modified_gmt":"2025-06-05T23:01:45","slug":"a-nossa-historia","status":"publish","type":"page","link":"https:\/\/destinosdelperu.com\/pt-br\/quem-somos\/a-nossa-historia\/","title":{"rendered":"A nossa hist\u00f3ria"},"content":{"rendered":"\t\t<div data-elementor-type=\"wp-page\" data-elementor-id=\"17745\" class=\"elementor elementor-17745\">\n\t\t\t\t\t\t<section class=\"elementor-section elementor-top-section elementor-element elementor-element-8775431 elementor-section-boxed elementor-section-height-default elementor-section-height-default wd-section-disabled\" data-id=\"8775431\" data-element_type=\"section\" data-e-type=\"section\">\n\t\t\t\t\t\t<div class=\"elementor-container elementor-column-gap-default\">\n\t\t\t\t\t<div class=\"elementor-column elementor-col-50 elementor-top-column elementor-element elementor-element-3a4b71e\" data-id=\"3a4b71e\" data-element_type=\"column\" data-e-type=\"column\">\n\t\t\t<div class=\"elementor-widget-wrap elementor-element-populated\">\n\t\t\t\t\t\t<div class=\"elementor-element elementor-element-c3a730d elementor-widget elementor-widget-wd_image_or_svg\" data-id=\"c3a730d\" data-element_type=\"widget\" data-e-type=\"widget\" data-widget_type=\"wd_image_or_svg.default\">\n\t\t\t\t<div class=\"elementor-widget-container\">\n\t\t\t\t\t\n\t\t<div class=\"wd-image text-left\">\n\t\t\t\t\t\t\t\t<img fetchpriority=\"high\" decoding=\"async\" width=\"1795\" height=\"1058\" src=\"https:\/\/destinosdelperu.com\/wp-content\/uploads\/2023\/09\/imagen-nuestra-historia.jpg\" class=\"attachment-full size-full wp-image-16496\" alt=\"imagen-nuestra-historia\" srcset=\"https:\/\/destinosdelperu.com\/wp-content\/uploads\/2023\/09\/imagen-nuestra-historia.jpg 1795w, https:\/\/destinosdelperu.com\/wp-content\/uploads\/2023\/09\/imagen-nuestra-historia-430x253.jpg 430w, https:\/\/destinosdelperu.com\/wp-content\/uploads\/2023\/09\/imagen-nuestra-historia-150x88.jpg 150w, https:\/\/destinosdelperu.com\/wp-content\/uploads\/2023\/09\/imagen-nuestra-historia-700x413.jpg 700w, https:\/\/destinosdelperu.com\/wp-content\/uploads\/2023\/09\/imagen-nuestra-historia-400x236.jpg 400w, https:\/\/destinosdelperu.com\/wp-content\/uploads\/2023\/09\/imagen-nuestra-historia-1300x766.jpg 1300w, https:\/\/destinosdelperu.com\/wp-content\/uploads\/2023\/09\/imagen-nuestra-historia-768x453.jpg 768w, https:\/\/destinosdelperu.com\/wp-content\/uploads\/2023\/09\/imagen-nuestra-historia-1536x905.jpg 1536w, https:\/\/destinosdelperu.com\/wp-content\/uploads\/2023\/09\/imagen-nuestra-historia-860x507.jpg 860w\" sizes=\"(max-width: 1795px) 100vw, 1795px\" \/>\t\t\t\t\t<\/div>\n\n\t\t\t\t\t\t<\/div>\n\t\t\t\t<\/div>\n\t\t\t\t\t<\/div>\n\t\t<\/div>\n\t\t\t\t<div class=\"elementor-column elementor-col-50 elementor-top-column elementor-element elementor-element-593c51f\" data-id=\"593c51f\" data-element_type=\"column\" data-e-type=\"column\">\n\t\t\t<div class=\"elementor-widget-wrap elementor-element-populated\">\n\t\t\t\t\t\t<div class=\"elementor-element elementor-element-6393604 elementor-widget__width-initial elementor-widget elementor-widget-wd_text_block\" data-id=\"6393604\" data-element_type=\"widget\" data-e-type=\"widget\" data-widget_type=\"wd_text_block.default\">\n\t\t\t\t<div class=\"elementor-widget-container\">\n\t\t\t\t\t\t\t<div class=\"wd-text-block reset-last-child text-left\">\n\t\t\t\n\t\t\t<h2><strong><span style=\"color: #ff9900;\">Bem-vindo ao Destinos del Per\u00fa !<\/span><\/strong><\/h2><p><span style=\"font-weight: 400;\">A nossa ag\u00eancia de viagens nasceu com um objetivo claro: mostrar ao mundo a incr\u00edvel beleza e riqueza cultural do Peru. Desde a nossa cria\u00e7\u00e3o, dedicamo-nos apaixonadamente \u00e0 conce\u00e7\u00e3o de experi\u00eancias \u00fanicas que permitem aos nossos viajantes descobrir os tesouros escondidos do nosso maravilhoso pa\u00eds.<\/span><\/p><p><span style=\"font-weight: 400;\">Destinos del Per\u00fa procura transmitir o belo legado deixado pelos nossos antepassados, com a ajuda de uma equipa de pessoas formadas e experientes no sector, que conceber\u00e3o o melhor pacote tur\u00edstico que alguma vez imaginou.<\/span><span style=\"font-weight: 400;\"><br><\/span><span style=\"font-weight: 400;\"><br><\/span><span style=\"font-weight: 400;\">\u00a1<\/span><b>  Deixe-se cativar pela magia do Peru! Um destino tur\u00edstico de excel\u00eancia reconhecido pelo seu patrim\u00f3nio hist\u00f3rico e natural.<\/b><\/p>\n\t\t\t\t\t<\/div>\n\t\t\t\t\t\t<\/div>\n\t\t\t\t<\/div>\n\t\t\t\t\t<\/div>\n\t\t<\/div>\n\t\t\t\t\t<\/div>\n\t\t<\/section>\n\t\t\t\t<\/div>\n\t\t","protected":false},"excerpt":{"rendered":"<p>Bem-vindo ao Destinos del Per\u00fa ! A nossa ag\u00eancia de viagens nasceu com um objetivo claro: mostrar ao mundo a<\/p>\n","protected":false},"author":1,"featured_media":0,"parent":17701,"menu_order":0,"comment_status":"closed","ping_status":"closed","template":"","meta":{"_joinchat":[],"footnotes":""},"class_list":["post-17745","page","type-page","status-publish","hentry"],"jetpack_sharing_enabled":true,"_links":{"self":[{"href":"https:\/\/destinosdelperu.com\/pt-br\/wp-json\/wp\/v2\/pages\/17745","targetHints":{"allow":["GET"]}}],"collection":[{"href":"https:\/\/destinosdelperu.com\/pt-br\/wp-json\/wp\/v2\/pages"}],"about":[{"href":"https:\/\/destinosdelperu.com\/pt-br\/wp-json\/wp\/v2\/types\/page"}],"author":[{"embeddable":true,"href":"https:\/\/destinosdelperu.com\/pt-br\/wp-json\/wp\/v2\/users\/1"}],"replies":[{"embeddable":true,"href":"https:\/\/destinosdelperu.com\/pt-br\/wp-json\/wp\/v2\/comments?post=17745"}],"version-history":[{"count":2,"href":"https:\/\/destinosdelperu.com\/pt-br\/wp-json\/wp\/v2\/pages\/17745\/revisions"}],"predecessor-version":[{"id":18389,"href":"https:\/\/destinosdelperu.com\/pt-br\/wp-json\/wp\/v2\/pages\/17745\/revisions\/18389"}],"up":[{"embeddable":true,"href":"https:\/\/destinosdelperu.com\/pt-br\/wp-json\/wp\/v2\/pages\/17701"}],"wp:attachment":[{"href":"https:\/\/destinosdelperu.com\/pt-br\/wp-json\/wp\/v2\/media?parent=17745"}],"curies":[{"name":"wp","href":"https:\/\/api.w.org\/{rel}","templated":true}]}}