{"id":17726,"date":"2023-09-03T00:18:41","date_gmt":"2023-09-02T22:18:41","guid":{"rendered":"https:\/\/destinosdelperu.com\/excursoes\/"},"modified":"2023-11-03T20:56:23","modified_gmt":"2023-11-03T19:56:23","slug":"excursoes","status":"publish","type":"page","link":"https:\/\/destinosdelperu.com\/pt-br\/excursoes\/","title":{"rendered":"Excurs\u00f5es"},"content":{"rendered":"\t\t<div data-elementor-type=\"wp-page\" data-elementor-id=\"17726\" class=\"elementor elementor-17726\">\n\t\t\t\t\t\t<section class=\"elementor-section elementor-top-section elementor-element elementor-element-b54c1c7 elementor-section-boxed elementor-section-height-default elementor-section-height-default wd-section-disabled\" data-id=\"b54c1c7\" data-element_type=\"section\" data-e-type=\"section\" data-settings=\"{&quot;background_background&quot;:&quot;classic&quot;}\">\n\t\t\t\t\t\t<div class=\"elementor-container elementor-column-gap-default\">\n\t\t\t\t\t<div class=\"elementor-column elementor-col-100 elementor-top-column elementor-element elementor-element-eac554f\" data-id=\"eac554f\" data-element_type=\"column\" data-e-type=\"column\">\n\t\t\t<div class=\"elementor-widget-wrap elementor-element-populated\">\n\t\t\t\t\t\t<div class=\"elementor-element elementor-element-b2b135d elementor-widget elementor-widget-wd_products\" data-id=\"b2b135d\" data-element_type=\"widget\" data-e-type=\"widget\" data-widget_type=\"wd_products.default\">\n\t\t\t\t<div class=\"elementor-widget-container\">\n\t\t\t\t\t\t\t\t\t\t<div class=\"wd-products-element\">\n\n\t\t\t\n\t\t\t\n\t\t\t\n\t\t\t<div class=\"products elements-grid row wd-products-holder pagination- wd-spacing-30 grid-columns-4 wd-stretch-cont-lg align-items-start\" data-paged=\"1\" data-atts=\"{&quot;element_title&quot;:&quot;&quot;,&quot;title_alignment&quot;:&quot;left&quot;,&quot;query_post_type&quot;:&quot;product&quot;,&quot;post_type&quot;:&quot;product&quot;,&quot;include&quot;:null,&quot;taxonomies&quot;:&quot;&quot;,&quot;offset&quot;:&quot;&quot;,&quot;orderby&quot;:&quot;&quot;,&quot;query_type&quot;:&quot;OR&quot;,&quot;order&quot;:null,&quot;meta_key&quot;:null,&quot;exclude&quot;:&quot;&quot;,&quot;shop_tools&quot;:null,&quot;hide_out_of_stock&quot;:&quot;no&quot;,&quot;ajax_recently_viewed&quot;:null,&quot;speed&quot;:null,&quot;slides_per_view&quot;:null,&quot;slides_per_view_tablet&quot;:{&quot;size&quot;:&quot;&quot;},&quot;slides_per_view_mobile&quot;:{&quot;size&quot;:&quot;&quot;},&quot;wrap&quot;:null,&quot;autoplay&quot;:null,&quot;center_mode&quot;:null,&quot;hide_pagination_control&quot;:null,&quot;hide_prev_next_buttons&quot;:null,&quot;scroll_per_page&quot;:null,&quot;layout&quot;:&quot;grid&quot;,&quot;pagination&quot;:&quot;&quot;,&quot;items_per_page&quot;:4,&quot;spacing&quot;:&quot;30&quot;,&quot;columns&quot;:{&quot;unit&quot;:&quot;px&quot;,&quot;size&quot;:4,&quot;sizes&quot;:[]},&quot;columns_tablet&quot;:{&quot;size&quot;:&quot;&quot;},&quot;columns_mobile&quot;:{&quot;size&quot;:&quot;&quot;},&quot;products_masonry&quot;:&quot;&quot;,&quot;products_different_sizes&quot;:&quot;&quot;,&quot;product_quantity&quot;:&quot;&quot;,&quot;product_hover&quot;:&quot;tiled&quot;,&quot;sale_countdown&quot;:&quot;&quot;,&quot;stretch_product&quot;:&quot;1&quot;,&quot;stretch_product_tablet&quot;:0,&quot;stretch_product_mobile&quot;:0,&quot;stock_progress_bar&quot;:&quot;0&quot;,&quot;highlighted_products&quot;:&quot;&quot;,&quot;products_bordered_grid&quot;:&quot;&quot;,&quot;products_bordered_grid_style&quot;:null,&quot;products_with_background&quot;:&quot;&quot;,&quot;products_shadow&quot;:&quot;&quot;,&quot;products_color_scheme&quot;:&quot;default&quot;,&quot;img_size&quot;:&quot;large&quot;,&quot;img_size_custom&quot;:null,&quot;grid_gallery&quot;:&quot;&quot;,&quot;grid_gallery_control&quot;:null,&quot;grid_gallery_enable_arrows&quot;:null,&quot;ajax_page&quot;:&quot;&quot;,&quot;force_not_ajax&quot;:&quot;no&quot;,&quot;lazy_loading&quot;:&quot;no&quot;,&quot;scroll_carousel_init&quot;:null,&quot;custom_sizes&quot;:false,&quot;elementor&quot;:true}\" data-source=\"shortcode\" data-columns=\"4\" data-grid-gallery=\"\">\n\t\t\n\t\t\n\t\t\t\t\t\t\t\t<div class=\"product-grid-item product wd-hover-tiled  col-lg-3 col-md-3 col-6 first  type-product post-18610 status-publish instock product_cat-cusco-pt-br product_cat-popular has-post-thumbnail shipping-taxable purchasable product-type-simple\" data-loop=\"1\" data-id=\"18610\">\n\t\n\t\n<div class=\"product-wrapper\">\n\t<div class=\"product-element-top wd-quick-shop\">\n\t\t<a href=\"https:\/\/destinosdelperu.com\/pt-br\/tour\/7-lagos-de-ausangate\/\" class=\"product-image-link\">\n\t\t\t<img fetchpriority=\"high\" decoding=\"async\" width=\"920\" height=\"700\" src=\"https:\/\/destinosdelperu.com\/wp-content\/uploads\/2026\/05\/lagunas.jpg\" class=\"attachment-large size-large wp-image-18631\" alt=\"7 lagunas\" srcset=\"https:\/\/destinosdelperu.com\/wp-content\/uploads\/2026\/05\/lagunas.jpg 920w, https:\/\/destinosdelperu.com\/wp-content\/uploads\/2026\/05\/lagunas-394x300.jpg 394w, https:\/\/destinosdelperu.com\/wp-content\/uploads\/2026\/05\/lagunas-768x584.jpg 768w, https:\/\/destinosdelperu.com\/wp-content\/uploads\/2026\/05\/lagunas-860x654.jpg 860w, https:\/\/destinosdelperu.com\/wp-content\/uploads\/2026\/05\/lagunas-430x327.jpg 430w, https:\/\/destinosdelperu.com\/wp-content\/uploads\/2026\/05\/lagunas-700x533.jpg 700w, https:\/\/destinosdelperu.com\/wp-content\/uploads\/2026\/05\/lagunas-150x114.jpg 150w\" sizes=\"(max-width: 920px) 100vw, 920px\" \/>\t\t<\/a>\n\n\t\t\n\t\t<div class=\"wd-buttons wd-pos-r-t\">\n\t\t\t\t\t\t<div class=\"wd-add-btn wd-action-btn wd-style-icon wd-add-cart-icon\"><a href=\"\/pt-br\/wp-json\/wp\/v2\/pages\/17726?add-to-cart=18610\" data-quantity=\"1\" class=\"button product_type_simple add_to_cart_button ajax_add_to_cart add-to-cart-loop\" data-product_id=\"18610\" data-product_sku=\"\" aria-label=\"Adicione ao carrinho: &ldquo;7 LAGOS DE AUSANGATE&rdquo;\" rel=\"nofollow\" data-success_message=\"\u201c7 LAGOS DE AUSANGATE\u201d foi adicionado ao seu carrinho\" role=\"button\"><span>Adicionar ao carrinho<\/span><\/a><\/div>\n\t\t\t\t\t\t\t\t\t\t\t<\/div>\n\t<\/div>\n\n\t<div class=\"product-element-bottom\">\n\t\t<h3 class=\"wd-entities-title\"><a href=\"https:\/\/destinosdelperu.com\/pt-br\/tour\/7-lagos-de-ausangate\/\">7 LAGOS DE AUSANGATE<\/a><\/h3>\t\t\t\t<div class=\"wd-product-cats\">\n\t\t\t<a href=\"https:\/\/destinosdelperu.com\/pt-br\/categoria-tour\/cusco-pt-br\/\" rel=\"tag\">CUSCO<\/a>, <a href=\"https:\/\/destinosdelperu.com\/pt-br\/categoria-tour\/popular\/\" rel=\"tag\">POPULAR<\/a>\t\t<\/div>\n\t\t\t\t\t\t\t\t\t\t\n\t<span class=\"price\"><span class=\"woocommerce-Price-amount amount\"><bdi><span class=\"woocommerce-Price-currencySymbol\">&#36;<\/span>&nbsp;40.00<\/bdi><\/span><\/span>\n\n\t\t\n\t\t\t\t\n\t\t\t<\/div>\n<\/div>\n<\/div>\n\t\t\t\t\t\t\t\t<div class=\"product-grid-item product wd-hover-tiled  col-lg-3 col-md-3 col-6 type-product post-17980 status-publish instock product_cat-lima-pt-br has-post-thumbnail shipping-taxable purchasable product-type-simple\" data-loop=\"2\" data-id=\"17980\">\n\t\n\t\n<div class=\"product-wrapper\">\n\t<div class=\"product-element-top wd-quick-shop\">\n\t\t<a href=\"https:\/\/destinosdelperu.com\/pt-br\/tour\/caral\/\" class=\"product-image-link\">\n\t\t\t<img decoding=\"async\" width=\"920\" height=\"700\" src=\"https:\/\/destinosdelperu.com\/wp-content\/uploads\/2023\/09\/CARAL-1.jpg\" class=\"attachment-large size-large wp-image-17565\" alt=\"CARAL 1\" srcset=\"https:\/\/destinosdelperu.com\/wp-content\/uploads\/2023\/09\/CARAL-1.jpg 920w, https:\/\/destinosdelperu.com\/wp-content\/uploads\/2023\/09\/CARAL-1-430x327.jpg 430w, https:\/\/destinosdelperu.com\/wp-content\/uploads\/2023\/09\/CARAL-1-150x114.jpg 150w, https:\/\/destinosdelperu.com\/wp-content\/uploads\/2023\/09\/CARAL-1-700x533.jpg 700w, https:\/\/destinosdelperu.com\/wp-content\/uploads\/2023\/09\/CARAL-1-394x300.jpg 394w, https:\/\/destinosdelperu.com\/wp-content\/uploads\/2023\/09\/CARAL-1-768x584.jpg 768w, https:\/\/destinosdelperu.com\/wp-content\/uploads\/2023\/09\/CARAL-1-860x654.jpg 860w\" sizes=\"(max-width: 920px) 100vw, 920px\" \/>\t\t<\/a>\n\n\t\t\n\t\t<div class=\"wd-buttons wd-pos-r-t\">\n\t\t\t\t\t\t<div class=\"wd-add-btn wd-action-btn wd-style-icon wd-add-cart-icon\"><a href=\"\/pt-br\/wp-json\/wp\/v2\/pages\/17726?add-to-cart=17980\" data-quantity=\"1\" class=\"button product_type_simple add_to_cart_button ajax_add_to_cart add-to-cart-loop\" data-product_id=\"17980\" data-product_sku=\"\" aria-label=\"Adicione ao carrinho: &ldquo;CARAL&rdquo;\" rel=\"nofollow\" data-success_message=\"\u201cCARAL\u201d foi adicionado ao seu carrinho\" role=\"button\"><span>Adicionar ao carrinho<\/span><\/a><\/div>\n\t\t\t\t\t\t\t\t\t\t\t<\/div>\n\t<\/div>\n\n\t<div class=\"product-element-bottom\">\n\t\t<h3 class=\"wd-entities-title\"><a href=\"https:\/\/destinosdelperu.com\/pt-br\/tour\/caral\/\">CARAL<\/a><\/h3>\t\t\t\t<div class=\"wd-product-cats\">\n\t\t\t<a href=\"https:\/\/destinosdelperu.com\/pt-br\/categoria-tour\/lima-pt-br\/\" rel=\"tag\">LIMA<\/a>\t\t<\/div>\n\t\t\t\t\t\t\t\t\t\t\n\t<span class=\"price\"><span class=\"woocommerce-Price-amount amount\"><bdi><span class=\"woocommerce-Price-currencySymbol\">&#36;<\/span>&nbsp;140.00<\/bdi><\/span><\/span>\n\n\t\t\n\t\t\t\t\n\t\t\t<\/div>\n<\/div>\n<\/div>\n\t\t\t\t\t\t\t\t<div class=\"product-grid-item product wd-hover-tiled  col-lg-3 col-md-3 col-6 type-product post-17989 status-publish last instock product_cat-arequipa-pt-br has-post-thumbnail shipping-taxable purchasable product-type-simple\" data-loop=\"3\" data-id=\"17989\">\n\t\n\t\n<div class=\"product-wrapper\">\n\t<div class=\"product-element-top wd-quick-shop\">\n\t\t<a href=\"https:\/\/destinosdelperu.com\/pt-br\/tour\/cascatas-de-pillones-o-bosque-de-pedra-de-puruna\/\" class=\"product-image-link\">\n\t\t\t<img decoding=\"async\" width=\"920\" height=\"700\" src=\"https:\/\/destinosdelperu.com\/wp-content\/uploads\/2023\/09\/CATARATAS-DE-PILLONES-BOSQUE-DE-PIEDRAS-PURUNA-1.jpg\" class=\"attachment-large size-large wp-image-17523\" alt=\"CASCATAS DE PILLONES FLORESTA DE PEDRA DE PURU\u00d1A 1\" srcset=\"https:\/\/destinosdelperu.com\/wp-content\/uploads\/2023\/09\/CATARATAS-DE-PILLONES-BOSQUE-DE-PIEDRAS-PURUNA-1.jpg 920w, https:\/\/destinosdelperu.com\/wp-content\/uploads\/2023\/09\/CATARATAS-DE-PILLONES-BOSQUE-DE-PIEDRAS-PURUNA-1-430x327.jpg 430w, https:\/\/destinosdelperu.com\/wp-content\/uploads\/2023\/09\/CATARATAS-DE-PILLONES-BOSQUE-DE-PIEDRAS-PURUNA-1-150x114.jpg 150w, https:\/\/destinosdelperu.com\/wp-content\/uploads\/2023\/09\/CATARATAS-DE-PILLONES-BOSQUE-DE-PIEDRAS-PURUNA-1-700x533.jpg 700w, https:\/\/destinosdelperu.com\/wp-content\/uploads\/2023\/09\/CATARATAS-DE-PILLONES-BOSQUE-DE-PIEDRAS-PURUNA-1-394x300.jpg 394w, https:\/\/destinosdelperu.com\/wp-content\/uploads\/2023\/09\/CATARATAS-DE-PILLONES-BOSQUE-DE-PIEDRAS-PURUNA-1-768x584.jpg 768w, https:\/\/destinosdelperu.com\/wp-content\/uploads\/2023\/09\/CATARATAS-DE-PILLONES-BOSQUE-DE-PIEDRAS-PURUNA-1-860x654.jpg 860w\" sizes=\"(max-width: 920px) 100vw, 920px\" \/>\t\t<\/a>\n\n\t\t\n\t\t<div class=\"wd-buttons wd-pos-r-t\">\n\t\t\t\t\t\t<div class=\"wd-add-btn wd-action-btn wd-style-icon wd-add-cart-icon\"><a href=\"\/pt-br\/wp-json\/wp\/v2\/pages\/17726?add-to-cart=17989\" data-quantity=\"1\" class=\"button product_type_simple add_to_cart_button ajax_add_to_cart add-to-cart-loop\" data-product_id=\"17989\" data-product_sku=\"\" aria-label=\"Adicione ao carrinho: &ldquo;CASCATAS DE PILLONES: O BOSQUE DE PEDRA DE PURU\u00d1A&rdquo;\" rel=\"nofollow\" data-success_message=\"\u201cCASCATAS DE PILLONES: O BOSQUE DE PEDRA DE PURU\u00d1A\u201d foi adicionado ao seu carrinho\" role=\"button\"><span>Adicionar ao carrinho<\/span><\/a><\/div>\n\t\t\t\t\t\t\t\t\t\t\t<\/div>\n\t<\/div>\n\n\t<div class=\"product-element-bottom\">\n\t\t<h3 class=\"wd-entities-title\"><a href=\"https:\/\/destinosdelperu.com\/pt-br\/tour\/cascatas-de-pillones-o-bosque-de-pedra-de-puruna\/\">CASCATAS DE PILLONES: O BOSQUE DE PEDRA DE PURU\u00d1A<\/a><\/h3>\t\t\t\t<div class=\"wd-product-cats\">\n\t\t\t<a href=\"https:\/\/destinosdelperu.com\/pt-br\/categoria-tour\/arequipa-pt-br\/\" rel=\"tag\">AREQUIPA<\/a>\t\t<\/div>\n\t\t\t\t\t\t\t\t\t\t\n\t<span class=\"price\"><span class=\"woocommerce-Price-amount amount\"><bdi><span class=\"woocommerce-Price-currencySymbol\">&#36;<\/span>&nbsp;336.00<\/bdi><\/span><\/span>\n\n\t\t\n\t\t\t\t\n\t\t\t<\/div>\n<\/div>\n<\/div>\n\t\t\t\t\t\t\t\t<div class=\"product-grid-item product wd-hover-tiled  col-lg-3 col-md-3 col-6 last  type-product post-18012 status-publish first instock product_cat-lima-pt-br has-post-thumbnail shipping-taxable purchasable product-type-simple\" data-loop=\"4\" data-id=\"18012\">\n\t\n\t\n<div class=\"product-wrapper\">\n\t<div class=\"product-element-top wd-quick-shop\">\n\t\t<a href=\"https:\/\/destinosdelperu.com\/pt-br\/tour\/circuito-magico-de-agua\/\" class=\"product-image-link\">\n\t\t\t<img loading=\"lazy\" decoding=\"async\" width=\"920\" height=\"700\" src=\"https:\/\/destinosdelperu.com\/wp-content\/uploads\/2023\/09\/CIRCUITO-MAGICO-DEL-AGUA-1.jpg\" class=\"attachment-large size-large wp-image-17541\" alt=\"CIRCUITO M\u00c1GICO DA \u00c1GUA 1\" srcset=\"https:\/\/destinosdelperu.com\/wp-content\/uploads\/2023\/09\/CIRCUITO-MAGICO-DEL-AGUA-1.jpg 920w, https:\/\/destinosdelperu.com\/wp-content\/uploads\/2023\/09\/CIRCUITO-MAGICO-DEL-AGUA-1-430x327.jpg 430w, https:\/\/destinosdelperu.com\/wp-content\/uploads\/2023\/09\/CIRCUITO-MAGICO-DEL-AGUA-1-150x114.jpg 150w, https:\/\/destinosdelperu.com\/wp-content\/uploads\/2023\/09\/CIRCUITO-MAGICO-DEL-AGUA-1-700x533.jpg 700w, https:\/\/destinosdelperu.com\/wp-content\/uploads\/2023\/09\/CIRCUITO-MAGICO-DEL-AGUA-1-394x300.jpg 394w, https:\/\/destinosdelperu.com\/wp-content\/uploads\/2023\/09\/CIRCUITO-MAGICO-DEL-AGUA-1-768x584.jpg 768w, https:\/\/destinosdelperu.com\/wp-content\/uploads\/2023\/09\/CIRCUITO-MAGICO-DEL-AGUA-1-860x654.jpg 860w\" sizes=\"(max-width: 920px) 100vw, 920px\" \/>\t\t<\/a>\n\n\t\t\n\t\t<div class=\"wd-buttons wd-pos-r-t\">\n\t\t\t\t\t\t<div class=\"wd-add-btn wd-action-btn wd-style-icon wd-add-cart-icon\"><a href=\"\/pt-br\/wp-json\/wp\/v2\/pages\/17726?add-to-cart=18012\" data-quantity=\"1\" class=\"button product_type_simple add_to_cart_button ajax_add_to_cart add-to-cart-loop\" data-product_id=\"18012\" data-product_sku=\"\" aria-label=\"Adicione ao carrinho: &ldquo;CIRCUITO M\u00c1GICO DE \u00c1GUA&rdquo;\" rel=\"nofollow\" data-success_message=\"\u201cCIRCUITO M\u00c1GICO DE \u00c1GUA\u201d foi adicionado ao seu carrinho\" role=\"button\"><span>Adicionar ao carrinho<\/span><\/a><\/div>\n\t\t\t\t\t\t\t\t\t\t\t<\/div>\n\t<\/div>\n\n\t<div class=\"product-element-bottom\">\n\t\t<h3 class=\"wd-entities-title\"><a href=\"https:\/\/destinosdelperu.com\/pt-br\/tour\/circuito-magico-de-agua\/\">CIRCUITO M\u00c1GICO DE \u00c1GUA<\/a><\/h3>\t\t\t\t<div class=\"wd-product-cats\">\n\t\t\t<a href=\"https:\/\/destinosdelperu.com\/pt-br\/categoria-tour\/lima-pt-br\/\" rel=\"tag\">LIMA<\/a>\t\t<\/div>\n\t\t\t\t\t\t\t\t\t\t\n\t<span class=\"price\"><span class=\"woocommerce-Price-amount amount\"><bdi><span class=\"woocommerce-Price-currencySymbol\">&#36;<\/span>&nbsp;24.00<\/bdi><\/span><\/span>\n\n\t\t\n\t\t\t\t\n\t\t\t<\/div>\n<\/div>\n<\/div>\n\t\t\n\t\t\t\t<\/div>\n\t\n\t\t\n\t\t\n\t\t\t\t\t<\/div>\n\t\t\n\t\t\t\t\t\t<\/div>\n\t\t\t\t<\/div>\n\t\t\t\t\t<\/div>\n\t\t<\/div>\n\t\t\t\t\t<\/div>\n\t\t<\/section>\n\t\t\t\t<\/div>\n\t\t","protected":false},"excerpt":{"rendered":"<p>A\u00f1adir al carrito Quick view Compare Add to wishlist Augue adipiscing euismod Furniture &#36;199.00 A\u00f1adir al carrito Quick view Compare<\/p>\n","protected":false},"author":1,"featured_media":0,"parent":0,"menu_order":0,"comment_status":"closed","ping_status":"closed","template":"","meta":{"_joinchat":[],"footnotes":""},"class_list":["post-17726","page","type-page","status-publish","hentry"],"yoast_head":"<!-- This site is optimized with the Yoast SEO plugin v27.6 - https:\/\/yoast.com\/product\/yoast-seo-wordpress\/ -->\n<title>Excurs\u00f5es - Destinos del Per&uacute;<\/title>\n<meta name=\"robots\" content=\"index, follow, max-snippet:-1, max-image-preview:large, max-video-preview:-1\" \/>\n<link rel=\"canonical\" href=\"https:\/\/destinosdelperu.com\/pt-br\/excursoes\/\" \/>\n<meta property=\"og:locale\" content=\"pt_BR\" \/>\n<meta property=\"og:type\" content=\"article\" \/>\n<meta property=\"og:title\" content=\"Excurs\u00f5es - Destinos del Per&uacute;\" \/>\n<meta property=\"og:description\" content=\"A\u00f1adir al carrito Quick view Compare Add to wishlist Augue adipiscing euismod Furniture &#036;199.00 A\u00f1adir al carrito Quick view Compare\" \/>\n<meta property=\"og:url\" content=\"https:\/\/destinosdelperu.com\/pt-br\/excursoes\/\" \/>\n<meta property=\"og:site_name\" content=\"Destinos del Per&uacute;\" \/>\n<meta property=\"article:modified_time\" content=\"2023-11-03T19:56:23+00:00\" \/>\n<meta property=\"og:image\" content=\"https:\/\/destinosdelperu.pasajero.pe\/wp-content\/uploads\/2021\/10\/travel-product-img-5.jpg\" \/>\n<meta name=\"twitter:card\" content=\"summary_large_image\" \/>\n<script type=\"application\/ld+json\" class=\"yoast-schema-graph\">{\"@context\":\"https:\\\/\\\/schema.org\",\"@graph\":[{\"@type\":\"WebPage\",\"@id\":\"https:\\\/\\\/destinosdelperu.com\\\/pt-br\\\/excursoes\\\/\",\"url\":\"https:\\\/\\\/destinosdelperu.com\\\/pt-br\\\/excursoes\\\/\",\"name\":\"Excurs\u00f5es - Destinos del Per&uacute;\",\"isPartOf\":{\"@id\":\"https:\\\/\\\/destinosdelperu.com\\\/#website\"},\"primaryImageOfPage\":{\"@id\":\"https:\\\/\\\/destinosdelperu.com\\\/pt-br\\\/excursoes\\\/#primaryimage\"},\"image\":{\"@id\":\"https:\\\/\\\/destinosdelperu.com\\\/pt-br\\\/excursoes\\\/#primaryimage\"},\"thumbnailUrl\":\"https:\\\/\\\/destinosdelperu.pasajero.pe\\\/wp-content\\\/uploads\\\/2021\\\/10\\\/travel-product-img-5.jpg\",\"datePublished\":\"2023-09-02T22:18:41+00:00\",\"dateModified\":\"2023-11-03T19:56:23+00:00\",\"breadcrumb\":{\"@id\":\"https:\\\/\\\/destinosdelperu.com\\\/pt-br\\\/excursoes\\\/#breadcrumb\"},\"inLanguage\":\"pt-BR\",\"potentialAction\":[{\"@type\":\"ReadAction\",\"target\":[\"https:\\\/\\\/destinosdelperu.com\\\/pt-br\\\/excursoes\\\/\"]}]},{\"@type\":\"ImageObject\",\"inLanguage\":\"pt-BR\",\"@id\":\"https:\\\/\\\/destinosdelperu.com\\\/pt-br\\\/excursoes\\\/#primaryimage\",\"url\":\"https:\\\/\\\/destinosdelperu.pasajero.pe\\\/wp-content\\\/uploads\\\/2021\\\/10\\\/travel-product-img-5.jpg\",\"contentUrl\":\"https:\\\/\\\/destinosdelperu.pasajero.pe\\\/wp-content\\\/uploads\\\/2021\\\/10\\\/travel-product-img-5.jpg\"},{\"@type\":\"BreadcrumbList\",\"@id\":\"https:\\\/\\\/destinosdelperu.com\\\/pt-br\\\/excursoes\\\/#breadcrumb\",\"itemListElement\":[{\"@type\":\"ListItem\",\"position\":1,\"name\":\"Portada\",\"item\":\"https:\\\/\\\/destinosdelperu.com\\\/pt-br\\\/\"},{\"@type\":\"ListItem\",\"position\":2,\"name\":\"Excurs\u00f5es\"}]},{\"@type\":\"WebSite\",\"@id\":\"https:\\\/\\\/destinosdelperu.com\\\/#website\",\"url\":\"https:\\\/\\\/destinosdelperu.com\\\/\",\"name\":\"Destinos del Per\u00fa\",\"description\":\"Destinos del Per\u00fa, Tours en Cusco y Machu Picchu\",\"potentialAction\":[{\"@type\":\"SearchAction\",\"target\":{\"@type\":\"EntryPoint\",\"urlTemplate\":\"https:\\\/\\\/destinosdelperu.com\\\/?s={search_term_string}\"},\"query-input\":{\"@type\":\"PropertyValueSpecification\",\"valueRequired\":true,\"valueName\":\"search_term_string\"}}],\"inLanguage\":\"pt-BR\"}]}<\/script>\n<!-- \/ Yoast SEO plugin. -->","yoast_head_json":{"title":"Excurs\u00f5es - Destinos del Per&uacute;","robots":{"index":"index","follow":"follow","max-snippet":"max-snippet:-1","max-image-preview":"max-image-preview:large","max-video-preview":"max-video-preview:-1"},"canonical":"https:\/\/destinosdelperu.com\/pt-br\/excursoes\/","og_locale":"pt_BR","og_type":"article","og_title":"Excurs\u00f5es - Destinos del Per&uacute;","og_description":"A\u00f1adir al carrito Quick view Compare Add to wishlist Augue adipiscing euismod Furniture &#36;199.00 A\u00f1adir al carrito Quick view Compare","og_url":"https:\/\/destinosdelperu.com\/pt-br\/excursoes\/","og_site_name":"Destinos del Per&uacute;","article_modified_time":"2023-11-03T19:56:23+00:00","og_image":[{"url":"https:\/\/destinosdelperu.pasajero.pe\/wp-content\/uploads\/2021\/10\/travel-product-img-5.jpg","type":"","width":"","height":""}],"twitter_card":"summary_large_image","schema":{"@context":"https:\/\/schema.org","@graph":[{"@type":"WebPage","@id":"https:\/\/destinosdelperu.com\/pt-br\/excursoes\/","url":"https:\/\/destinosdelperu.com\/pt-br\/excursoes\/","name":"Excurs\u00f5es - Destinos del Per&uacute;","isPartOf":{"@id":"https:\/\/destinosdelperu.com\/#website"},"primaryImageOfPage":{"@id":"https:\/\/destinosdelperu.com\/pt-br\/excursoes\/#primaryimage"},"image":{"@id":"https:\/\/destinosdelperu.com\/pt-br\/excursoes\/#primaryimage"},"thumbnailUrl":"https:\/\/destinosdelperu.pasajero.pe\/wp-content\/uploads\/2021\/10\/travel-product-img-5.jpg","datePublished":"2023-09-02T22:18:41+00:00","dateModified":"2023-11-03T19:56:23+00:00","breadcrumb":{"@id":"https:\/\/destinosdelperu.com\/pt-br\/excursoes\/#breadcrumb"},"inLanguage":"pt-BR","potentialAction":[{"@type":"ReadAction","target":["https:\/\/destinosdelperu.com\/pt-br\/excursoes\/"]}]},{"@type":"ImageObject","inLanguage":"pt-BR","@id":"https:\/\/destinosdelperu.com\/pt-br\/excursoes\/#primaryimage","url":"https:\/\/destinosdelperu.pasajero.pe\/wp-content\/uploads\/2021\/10\/travel-product-img-5.jpg","contentUrl":"https:\/\/destinosdelperu.pasajero.pe\/wp-content\/uploads\/2021\/10\/travel-product-img-5.jpg"},{"@type":"BreadcrumbList","@id":"https:\/\/destinosdelperu.com\/pt-br\/excursoes\/#breadcrumb","itemListElement":[{"@type":"ListItem","position":1,"name":"Portada","item":"https:\/\/destinosdelperu.com\/pt-br\/"},{"@type":"ListItem","position":2,"name":"Excurs\u00f5es"}]},{"@type":"WebSite","@id":"https:\/\/destinosdelperu.com\/#website","url":"https:\/\/destinosdelperu.com\/","name":"Destinos del Per\u00fa","description":"Destinos del Per\u00fa, Tours en Cusco y Machu Picchu","potentialAction":[{"@type":"SearchAction","target":{"@type":"EntryPoint","urlTemplate":"https:\/\/destinosdelperu.com\/?s={search_term_string}"},"query-input":{"@type":"PropertyValueSpecification","valueRequired":true,"valueName":"search_term_string"}}],"inLanguage":"pt-BR"}]}},"jetpack_sharing_enabled":true,"_links":{"self":[{"href":"https:\/\/destinosdelperu.com\/pt-br\/wp-json\/wp\/v2\/pages\/17726","targetHints":{"allow":["GET"]}}],"collection":[{"href":"https:\/\/destinosdelperu.com\/pt-br\/wp-json\/wp\/v2\/pages"}],"about":[{"href":"https:\/\/destinosdelperu.com\/pt-br\/wp-json\/wp\/v2\/types\/page"}],"author":[{"embeddable":true,"href":"https:\/\/destinosdelperu.com\/pt-br\/wp-json\/wp\/v2\/users\/1"}],"replies":[{"embeddable":true,"href":"https:\/\/destinosdelperu.com\/pt-br\/wp-json\/wp\/v2\/comments?post=17726"}],"version-history":[{"count":1,"href":"https:\/\/destinosdelperu.com\/pt-br\/wp-json\/wp\/v2\/pages\/17726\/revisions"}],"predecessor-version":[{"id":17741,"href":"https:\/\/destinosdelperu.com\/pt-br\/wp-json\/wp\/v2\/pages\/17726\/revisions\/17741"}],"wp:attachment":[{"href":"https:\/\/destinosdelperu.com\/pt-br\/wp-json\/wp\/v2\/media?parent=17726"}],"curies":[{"name":"wp","href":"https:\/\/api.w.org\/{rel}","templated":true}]}}