{"id":17701,"date":"2021-10-12T15:51:09","date_gmt":"2021-10-12T20:51:09","guid":{"rendered":"https:\/\/destinosdelperu.com\/quem-somos\/"},"modified":"2023-11-22T01:05:30","modified_gmt":"2023-11-22T00:05:30","slug":"quem-somos","status":"publish","type":"page","link":"https:\/\/destinosdelperu.com\/pt-br\/quem-somos\/","title":{"rendered":"Quem somos"},"content":{"rendered":"\t\t<div data-elementor-type=\"wp-page\" data-elementor-id=\"17701\" class=\"elementor elementor-17701\">\n\t\t\t\t\t\t<section class=\"elementor-section elementor-top-section elementor-element elementor-element-2043abb elementor-section-boxed elementor-section-height-default elementor-section-height-default wd-section-disabled\" data-id=\"2043abb\" data-element_type=\"section\" data-e-type=\"section\">\n\t\t\t\t\t\t<div class=\"elementor-container elementor-column-gap-default\">\n\t\t\t\t\t<div class=\"elementor-column elementor-col-50 elementor-top-column elementor-element elementor-element-8defb19\" data-id=\"8defb19\" data-element_type=\"column\" data-e-type=\"column\">\n\t\t\t<div class=\"elementor-widget-wrap elementor-element-populated\">\n\t\t\t\t\t\t<div class=\"elementor-element elementor-element-194daa4 elementor-widget elementor-widget-wd_image_or_svg\" data-id=\"194daa4\" data-element_type=\"widget\" data-e-type=\"widget\" data-widget_type=\"wd_image_or_svg.default\">\n\t\t\t\t<div class=\"elementor-widget-container\">\n\t\t\t\t\t\n\t\t<div class=\"wd-image text-left\">\n\t\t\t\t\t\t\t\t<img fetchpriority=\"high\" decoding=\"async\" width=\"1080\" height=\"1080\" src=\"https:\/\/destinosdelperu.com\/wp-content\/uploads\/2023\/09\/banner-quienes-somos.jpg\" class=\"attachment-full size-full wp-image-15924\" alt=\"banner quienes somos\" srcset=\"https:\/\/destinosdelperu.com\/wp-content\/uploads\/2023\/09\/banner-quienes-somos.jpg 1080w, https:\/\/destinosdelperu.com\/wp-content\/uploads\/2023\/09\/banner-quienes-somos-430x430.jpg 430w, https:\/\/destinosdelperu.com\/wp-content\/uploads\/2023\/09\/banner-quienes-somos-150x150.jpg 150w, https:\/\/destinosdelperu.com\/wp-content\/uploads\/2023\/09\/banner-quienes-somos-700x700.jpg 700w, https:\/\/destinosdelperu.com\/wp-content\/uploads\/2023\/09\/banner-quienes-somos-300x300.jpg 300w, https:\/\/destinosdelperu.com\/wp-content\/uploads\/2023\/09\/banner-quienes-somos-800x800.jpg 800w, https:\/\/destinosdelperu.com\/wp-content\/uploads\/2023\/09\/banner-quienes-somos-768x768.jpg 768w, https:\/\/destinosdelperu.com\/wp-content\/uploads\/2023\/09\/banner-quienes-somos-860x860.jpg 860w\" sizes=\"(max-width: 1080px) 100vw, 1080px\" \/>\t\t\t\t\t<\/div>\n\n\t\t\t\t\t\t<\/div>\n\t\t\t\t<\/div>\n\t\t\t\t\t<\/div>\n\t\t<\/div>\n\t\t\t\t<div class=\"elementor-column elementor-col-50 elementor-top-column elementor-element elementor-element-c6f3fb1\" data-id=\"c6f3fb1\" data-element_type=\"column\" data-e-type=\"column\">\n\t\t\t<div class=\"elementor-widget-wrap elementor-element-populated\">\n\t\t\t\t\t\t<div class=\"elementor-element elementor-element-7679d1a elementor-widget elementor-widget-wd_title\" data-id=\"7679d1a\" data-element_type=\"widget\" data-e-type=\"widget\" data-widget_type=\"wd_title.default\">\n\t\t\t\t<div class=\"elementor-widget-container\">\n\t\t\t\t\t\t\t<div class=\"title-wrapper set-mb-s reset-last-child wd-title-color-default wd-title-style-default wd-title-size-default text-center\">\n\n\t\t\t\n\t\t\t<div class=\"liner-continer\">\n\t\t\t\t<h4 class=\"woodmart-title-container title wd-fontsize-l\">Bem-vindo ao Destinos del Per\u00fa!  <\/h4> \n\t\t\t\t\t\t\t<\/div>\n\n\t\t\t\t\t<\/div>\n\t\t\t\t\t\t<\/div>\n\t\t\t\t<\/div>\n\t\t\t\t<div class=\"elementor-element elementor-element-65217aa elementor-widget elementor-widget-wd_text_block\" data-id=\"65217aa\" data-element_type=\"widget\" data-e-type=\"widget\" data-widget_type=\"wd_text_block.default\">\n\t\t\t\t<div class=\"elementor-widget-container\">\n\t\t\t\t\t\t\t<div class=\"wd-text-block reset-last-child text-left\">\n\t\t\t\n\t\t\t<p>Em \"Destinos del Per\u00fa\" somos apaixonados por partilhar a beleza e a diversidade do nosso pa\u00eds com viajantes de todo o mundo. Dedicamo-nos a proporcionar experi\u00eancias \u00fanicas e aut\u00eanticas que lhe permitem descobrir a sua riqueza cultural, hist\u00f3rica e natural.<br>Com anos de experi\u00eancia na ind\u00fastria do turismo, a nossa equipa \u00e9 composta por especialistas locais com conhecimento de todos os cantos e segredos escondidos do Peru. Desde as majestosas ru\u00ednas de Machu Picchu at\u00e9 \u00e0s misteriosas Linhas de Nazca, gui\u00e1-lo-emos atrav\u00e9s de uma viagem \u00fanica cheia de cultura, hist\u00f3ria e aventura.<br>Esfor\u00e7amo-nos por lhe prestar um servi\u00e7o personalizado, adaptado \u00e0s suas necessidades e prefer\u00eancias. Quer esteja \u00e0 procura de uma escapadela rom\u00e2ntica, de uma caminhada emocionante nos Andes ou de mergulhar na vida vibrante da cidade de Lima, estamos aqui para tornar os seus sonhos de viagem realidade.<br>Al\u00e9m disso, trabalhamos em estreita colabora\u00e7\u00e3o com fornecedores locais que est\u00e3o empenhados na sustentabilidade e no turismo respons\u00e1vel. Queremos preservar a beleza natural e cultural do Peru para as gera\u00e7\u00f5es futuras, ao mesmo tempo que lhe oferecemos uma experi\u00eancia aut\u00eantica e \u00fanica.<br>Deixe-nos ser a sua porta de entrada para este pa\u00eds fascinante! Contacte-nos hoje e vamos come\u00e7ar a planear juntos a sua aventura de sonho.<\/p>\n\t\t\t\t\t<\/div>\n\t\t\t\t\t\t<\/div>\n\t\t\t\t<\/div>\n\t\t\t\t\t<\/div>\n\t\t<\/div>\n\t\t\t\t\t<\/div>\n\t\t<\/section>\n\t\t\t\t<section class=\"elementor-section elementor-top-section elementor-element elementor-element-258a5d03 elementor-section-content-middle wd-section-stretch elementor-section-boxed elementor-section-height-default elementor-section-height-default\" data-id=\"258a5d03\" data-element_type=\"section\" data-e-type=\"section\" data-settings=\"{&quot;background_background&quot;:&quot;classic&quot;}\">\n\t\t\t\t\t\t<div class=\"elementor-container elementor-column-gap-default\">\n\t\t\t\t\t<div class=\"elementor-column elementor-col-50 elementor-top-column elementor-element elementor-element-322d579b color-scheme-light\" data-id=\"322d579b\" data-element_type=\"column\" data-e-type=\"column\">\n\t\t\t<div class=\"elementor-widget-wrap elementor-element-populated\">\n\t\t\t\t\t\t<div class=\"elementor-element elementor-element-1d167ea elementor-widget elementor-widget-wd_title\" data-id=\"1d167ea\" data-element_type=\"widget\" data-e-type=\"widget\" data-widget_type=\"wd_title.default\">\n\t\t\t\t<div class=\"elementor-widget-container\">\n\t\t\t\t\t\t\t<div class=\"title-wrapper set-mb-s reset-last-child wd-title-color-primary wd-title-style-default wd-title-size-large text-left\">\n\n\t\t\t\n\t\t\t<div class=\"liner-continer\">\n\t\t\t\t<h4 class=\"woodmart-title-container title wd-fontsize-xxl\">Dedicamo-nos a proporcionar experi\u00eancias \u00fanicas e aut\u00eanticas<\/h4> \n\t\t\t\t\t\t\t<\/div>\n\n\t\t\t\t\t<\/div>\n\t\t\t\t\t\t<\/div>\n\t\t\t\t<\/div>\n\t\t\t\t\t<\/div>\n\t\t<\/div>\n\t\t\t\t<div class=\"elementor-column elementor-col-50 elementor-top-column elementor-element elementor-element-f1bfe4d\" data-id=\"f1bfe4d\" data-element_type=\"column\" data-e-type=\"column\">\n\t\t\t<div class=\"elementor-widget-wrap elementor-element-populated\">\n\t\t\t\t\t\t<section class=\"elementor-section elementor-inner-section elementor-element elementor-element-16f2b675 elementor-section-boxed elementor-section-height-default elementor-section-height-default wd-section-disabled\" data-id=\"16f2b675\" data-element_type=\"section\" data-e-type=\"section\">\n\t\t\t\t\t\t<div class=\"elementor-container elementor-column-gap-no\">\n\t\t\t\t\t<div class=\"elementor-column elementor-col-50 elementor-inner-column elementor-element elementor-element-55e71166\" data-id=\"55e71166\" data-element_type=\"column\" data-e-type=\"column\">\n\t\t\t<div class=\"elementor-widget-wrap elementor-element-populated\">\n\t\t\t\t\t\t<div class=\"elementor-element elementor-element-45481925 elementor-widget elementor-widget-wd_counter\" data-id=\"45481925\" data-element_type=\"widget\" data-e-type=\"widget\" data-widget_type=\"wd_counter.default\">\n\t\t\t\t<div class=\"elementor-widget-container\">\n\t\t\t\t\t\t\t<div class=\"woodmart-counter counter-large text-center color-scheme-light\">\n\t\t\t<div class=\"counter-value\" data-state=\"new\" data-final=\"2020\">\n\t\t\t\t2020\t\t\t<\/div>\n\n\t\t\t\t\t\t\t<div class=\"counter-label\">\n\t\t\t\t\tANO DE FUNDA\u00c7\u00c3O\t\t\t\t<\/div>\n\t\t\t\t\t<\/div>\n\t\t\t\t\t\t<\/div>\n\t\t\t\t<\/div>\n\t\t\t\t\t<\/div>\n\t\t<\/div>\n\t\t\t\t<div class=\"elementor-column elementor-col-50 elementor-top-column elementor-element elementor-element-4c0d03d4\" data-id=\"4c0d03d4\" data-element_type=\"column\" data-e-type=\"column\">\n\t\t\t<div class=\"elementor-widget-wrap elementor-element-populated\">\n\t\t\t\t\t\t<div class=\"elementor-element elementor-element-6daaabc8 elementor-widget elementor-widget-wd_counter\" data-id=\"6daaabc8\" data-element_type=\"widget\" data-e-type=\"widget\" data-widget_type=\"wd_counter.default\">\n\t\t\t\t<div class=\"elementor-widget-container\">\n\t\t\t\t\t\t\t<div class=\"woodmart-counter counter-large text-center color-scheme-light\">\n\t\t\t<div class=\"counter-value\" data-state=\"new\" data-final=\"2000\">\n\t\t\t\t2000\t\t\t<\/div>\n\n\t\t\t\t\t\t\t<div class=\"counter-label\">\n\t\t\t\t\tCLIENTES SATISFEITOS\t\t\t\t<\/div>\n\t\t\t\t\t<\/div>\n\t\t\t\t\t\t<\/div>\n\t\t\t\t<\/div>\n\t\t\t\t\t<\/div>\n\t\t<\/div>\n\t\t\t\t\t<\/div>\n\t\t<\/section>\n\t\t\t\t<section class=\"elementor-section elementor-inner-section elementor-element elementor-element-2a20da95 elementor-section-boxed elementor-section-height-default elementor-section-height-default wd-section-disabled\" data-id=\"2a20da95\" data-element_type=\"section\" data-e-type=\"section\">\n\t\t\t\t\t\t<div class=\"elementor-container elementor-column-gap-no\">\n\t\t\t\t\t<div class=\"elementor-column elementor-col-50 elementor-inner-column elementor-element elementor-element-8324e0\" data-id=\"8324e0\" data-element_type=\"column\" data-e-type=\"column\">\n\t\t\t<div class=\"elementor-widget-wrap elementor-element-populated\">\n\t\t\t\t\t\t<div class=\"elementor-element elementor-element-5a93a0bb elementor-widget elementor-widget-wd_counter\" data-id=\"5a93a0bb\" data-element_type=\"widget\" data-e-type=\"widget\" data-widget_type=\"wd_counter.default\">\n\t\t\t\t<div class=\"elementor-widget-container\">\n\t\t\t\t\t\t\t<div class=\"woodmart-counter counter-large text-center color-scheme-light\">\n\t\t\t<div class=\"counter-value\" data-state=\"new\" data-final=\"80\">\n\t\t\t\t80\t\t\t<\/div>\n\n\t\t\t\t\t\t\t<div class=\"counter-label\">\n\t\t\t\t\tVIAGENS VENDIDAS POR ANO\t\t\t\t<\/div>\n\t\t\t\t\t<\/div>\n\t\t\t\t\t\t<\/div>\n\t\t\t\t<\/div>\n\t\t\t\t\t<\/div>\n\t\t<\/div>\n\t\t\t\t<div class=\"elementor-column elementor-col-50 elementor-top-column elementor-element elementor-element-50aa848f\" data-id=\"50aa848f\" data-element_type=\"column\" data-e-type=\"column\">\n\t\t\t<div class=\"elementor-widget-wrap elementor-element-populated\">\n\t\t\t\t\t\t<div class=\"elementor-element elementor-element-150bc487 elementor-widget elementor-widget-wd_counter\" data-id=\"150bc487\" data-element_type=\"widget\" data-e-type=\"widget\" data-widget_type=\"wd_counter.default\">\n\t\t\t\t<div class=\"elementor-widget-container\">\n\t\t\t\t\t\t\t<div class=\"woodmart-counter counter-large text-center color-scheme-light\">\n\t\t\t<div class=\"counter-value\" data-state=\"new\" data-final=\"40\">\n\t\t\t\t40\t\t\t<\/div>\n\n\t\t\t\t\t\t\t<div class=\"counter-label\">\n\t\t\t\t\tS\u00cdTIOS TUR\u00cdSTICOS\t\t\t\t<\/div>\n\t\t\t\t\t<\/div>\n\t\t\t\t\t\t<\/div>\n\t\t\t\t<\/div>\n\t\t\t\t\t<\/div>\n\t\t<\/div>\n\t\t\t\t\t<\/div>\n\t\t<\/section>\n\t\t\t\t<section class=\"elementor-section elementor-inner-section elementor-element elementor-element-16afbf22 elementor-section-boxed elementor-section-height-default elementor-section-height-default wd-section-disabled\" data-id=\"16afbf22\" data-element_type=\"section\" data-e-type=\"section\">\n\t\t\t\t\t\t<div class=\"elementor-container elementor-column-gap-no\">\n\t\t\t\t\t<div class=\"elementor-column elementor-col-50 elementor-inner-column elementor-element elementor-element-356eb30e\" data-id=\"356eb30e\" data-element_type=\"column\" data-e-type=\"column\">\n\t\t\t<div class=\"elementor-widget-wrap elementor-element-populated\">\n\t\t\t\t\t\t<div class=\"elementor-element elementor-element-64a17747 elementor-widget elementor-widget-wd_counter\" data-id=\"64a17747\" data-element_type=\"widget\" data-e-type=\"widget\" data-widget_type=\"wd_counter.default\">\n\t\t\t\t<div class=\"elementor-widget-container\">\n\t\t\t\t\t\t\t<div class=\"woodmart-counter counter-large text-center color-scheme-light\">\n\t\t\t<div class=\"counter-value\" data-state=\"new\" data-final=\"20\">\n\t\t\t\t20\t\t\t<\/div>\n\n\t\t\t\t\t\t\t<div class=\"counter-label\">\n\t\t\t\t\tMEMBROS DA EQUIPA\t\t\t\t<\/div>\n\t\t\t\t\t<\/div>\n\t\t\t\t\t\t<\/div>\n\t\t\t\t<\/div>\n\t\t\t\t\t<\/div>\n\t\t<\/div>\n\t\t\t\t<div class=\"elementor-column elementor-col-50 elementor-top-column elementor-element elementor-element-2aceddaf\" data-id=\"2aceddaf\" data-element_type=\"column\" data-e-type=\"column\">\n\t\t\t<div class=\"elementor-widget-wrap elementor-element-populated\">\n\t\t\t\t\t\t<div class=\"elementor-element elementor-element-5dcb5be8 elementor-widget elementor-widget-wd_counter\" data-id=\"5dcb5be8\" data-element_type=\"widget\" data-e-type=\"widget\" data-widget_type=\"wd_counter.default\">\n\t\t\t\t<div class=\"elementor-widget-container\">\n\t\t\t\t\t\t\t<div class=\"woodmart-counter counter-large text-center color-scheme-light\">\n\t\t\t<div class=\"counter-value\" data-state=\"new\" data-final=\"50\">\n\t\t\t\t50\t\t\t<\/div>\n\n\t\t\t\t\t\t\t<div class=\"counter-label\">\n\t\t\t\t\tDIGRESS\u00d5ES A N\u00cdVEL NACIONAL\t\t\t\t<\/div>\n\t\t\t\t\t<\/div>\n\t\t\t\t\t\t<\/div>\n\t\t\t\t<\/div>\n\t\t\t\t\t<\/div>\n\t\t<\/div>\n\t\t\t\t\t<\/div>\n\t\t<\/section>\n\t\t\t\t\t<\/div>\n\t\t<\/div>\n\t\t\t\t\t<\/div>\n\t\t<\/section>\n\t\t\t\t<\/div>\n\t\t","protected":false},"excerpt":{"rendered":"<p>Bem-vindo ao Destinos del Per\u00fa! Em &#8220;Destinos del Per\u00fa&#8221; somos apaixonados por partilhar a beleza e a diversidade do nosso<\/p>\n","protected":false},"author":1,"featured_media":0,"parent":0,"menu_order":0,"comment_status":"closed","ping_status":"closed","template":"","meta":{"_joinchat":[],"footnotes":""},"class_list":["post-17701","page","type-page","status-publish","hentry"],"yoast_head":"<!-- This site is optimized with the Yoast SEO plugin v27.6 - https:\/\/yoast.com\/product\/yoast-seo-wordpress\/ -->\n<title>Quem somos - Destinos del Per&uacute;<\/title>\n<meta name=\"robots\" content=\"index, follow, max-snippet:-1, max-image-preview:large, max-video-preview:-1\" \/>\n<link rel=\"canonical\" href=\"https:\/\/destinosdelperu.com\/pt-br\/quem-somos\/\" \/>\n<meta property=\"og:locale\" content=\"pt_BR\" \/>\n<meta property=\"og:type\" content=\"article\" \/>\n<meta property=\"og:title\" content=\"Quem somos - Destinos del Per&uacute;\" \/>\n<meta property=\"og:description\" content=\"Bem-vindo ao Destinos del Per\u00fa! Em &#8220;Destinos del Per\u00fa&#8221; somos apaixonados por partilhar a beleza e a diversidade do nosso\" \/>\n<meta property=\"og:url\" content=\"https:\/\/destinosdelperu.com\/pt-br\/quem-somos\/\" \/>\n<meta property=\"og:site_name\" content=\"Destinos del Per&uacute;\" \/>\n<meta property=\"article:modified_time\" content=\"2023-11-22T00:05:30+00:00\" \/>\n<meta property=\"og:image\" content=\"https:\/\/destinosdelperu.com\/wp-content\/uploads\/2023\/09\/banner-quienes-somos.jpg\" \/>\n\t<meta property=\"og:image:width\" content=\"1080\" \/>\n\t<meta property=\"og:image:height\" content=\"1080\" \/>\n\t<meta property=\"og:image:type\" content=\"image\/jpeg\" \/>\n<meta name=\"twitter:card\" content=\"summary_large_image\" \/>\n<meta name=\"twitter:label1\" content=\"Est. tempo de leitura\" \/>\n\t<meta name=\"twitter:data1\" content=\"1 minuto\" \/>\n<script type=\"application\/ld+json\" class=\"yoast-schema-graph\">{\"@context\":\"https:\\\/\\\/schema.org\",\"@graph\":[{\"@type\":\"WebPage\",\"@id\":\"https:\\\/\\\/destinosdelperu.com\\\/pt-br\\\/quem-somos\\\/\",\"url\":\"https:\\\/\\\/destinosdelperu.com\\\/pt-br\\\/quem-somos\\\/\",\"name\":\"Quem somos - Destinos del Per&uacute;\",\"isPartOf\":{\"@id\":\"https:\\\/\\\/destinosdelperu.com\\\/#website\"},\"primaryImageOfPage\":{\"@id\":\"https:\\\/\\\/destinosdelperu.com\\\/pt-br\\\/quem-somos\\\/#primaryimage\"},\"image\":{\"@id\":\"https:\\\/\\\/destinosdelperu.com\\\/pt-br\\\/quem-somos\\\/#primaryimage\"},\"thumbnailUrl\":\"https:\\\/\\\/destinosdelperu.com\\\/wp-content\\\/uploads\\\/2023\\\/09\\\/banner-quienes-somos.jpg\",\"datePublished\":\"2021-10-12T20:51:09+00:00\",\"dateModified\":\"2023-11-22T00:05:30+00:00\",\"breadcrumb\":{\"@id\":\"https:\\\/\\\/destinosdelperu.com\\\/pt-br\\\/quem-somos\\\/#breadcrumb\"},\"inLanguage\":\"pt-BR\",\"potentialAction\":[{\"@type\":\"ReadAction\",\"target\":[\"https:\\\/\\\/destinosdelperu.com\\\/pt-br\\\/quem-somos\\\/\"]}]},{\"@type\":\"ImageObject\",\"inLanguage\":\"pt-BR\",\"@id\":\"https:\\\/\\\/destinosdelperu.com\\\/pt-br\\\/quem-somos\\\/#primaryimage\",\"url\":\"https:\\\/\\\/destinosdelperu.com\\\/wp-content\\\/uploads\\\/2023\\\/09\\\/banner-quienes-somos.jpg\",\"contentUrl\":\"https:\\\/\\\/destinosdelperu.com\\\/wp-content\\\/uploads\\\/2023\\\/09\\\/banner-quienes-somos.jpg\"},{\"@type\":\"BreadcrumbList\",\"@id\":\"https:\\\/\\\/destinosdelperu.com\\\/pt-br\\\/quem-somos\\\/#breadcrumb\",\"itemListElement\":[{\"@type\":\"ListItem\",\"position\":1,\"name\":\"Portada\",\"item\":\"https:\\\/\\\/destinosdelperu.com\\\/pt-br\\\/\"},{\"@type\":\"ListItem\",\"position\":2,\"name\":\"Quem somos\"}]},{\"@type\":\"WebSite\",\"@id\":\"https:\\\/\\\/destinosdelperu.com\\\/#website\",\"url\":\"https:\\\/\\\/destinosdelperu.com\\\/\",\"name\":\"Destinos del Per\u00fa\",\"description\":\"Destinos del Per\u00fa, Tours en Cusco y Machu Picchu\",\"potentialAction\":[{\"@type\":\"SearchAction\",\"target\":{\"@type\":\"EntryPoint\",\"urlTemplate\":\"https:\\\/\\\/destinosdelperu.com\\\/?s={search_term_string}\"},\"query-input\":{\"@type\":\"PropertyValueSpecification\",\"valueRequired\":true,\"valueName\":\"search_term_string\"}}],\"inLanguage\":\"pt-BR\"}]}<\/script>\n<!-- \/ Yoast SEO plugin. -->","yoast_head_json":{"title":"Quem somos - Destinos del Per&uacute;","robots":{"index":"index","follow":"follow","max-snippet":"max-snippet:-1","max-image-preview":"max-image-preview:large","max-video-preview":"max-video-preview:-1"},"canonical":"https:\/\/destinosdelperu.com\/pt-br\/quem-somos\/","og_locale":"pt_BR","og_type":"article","og_title":"Quem somos - Destinos del Per&uacute;","og_description":"Bem-vindo ao Destinos del Per\u00fa! Em &#8220;Destinos del Per\u00fa&#8221; somos apaixonados por partilhar a beleza e a diversidade do nosso","og_url":"https:\/\/destinosdelperu.com\/pt-br\/quem-somos\/","og_site_name":"Destinos del Per&uacute;","article_modified_time":"2023-11-22T00:05:30+00:00","og_image":[{"width":1080,"height":1080,"url":"https:\/\/destinosdelperu.com\/wp-content\/uploads\/2023\/09\/banner-quienes-somos.jpg","type":"image\/jpeg"}],"twitter_card":"summary_large_image","twitter_misc":{"Est. tempo de leitura":"1 minuto"},"schema":{"@context":"https:\/\/schema.org","@graph":[{"@type":"WebPage","@id":"https:\/\/destinosdelperu.com\/pt-br\/quem-somos\/","url":"https:\/\/destinosdelperu.com\/pt-br\/quem-somos\/","name":"Quem somos - Destinos del Per&uacute;","isPartOf":{"@id":"https:\/\/destinosdelperu.com\/#website"},"primaryImageOfPage":{"@id":"https:\/\/destinosdelperu.com\/pt-br\/quem-somos\/#primaryimage"},"image":{"@id":"https:\/\/destinosdelperu.com\/pt-br\/quem-somos\/#primaryimage"},"thumbnailUrl":"https:\/\/destinosdelperu.com\/wp-content\/uploads\/2023\/09\/banner-quienes-somos.jpg","datePublished":"2021-10-12T20:51:09+00:00","dateModified":"2023-11-22T00:05:30+00:00","breadcrumb":{"@id":"https:\/\/destinosdelperu.com\/pt-br\/quem-somos\/#breadcrumb"},"inLanguage":"pt-BR","potentialAction":[{"@type":"ReadAction","target":["https:\/\/destinosdelperu.com\/pt-br\/quem-somos\/"]}]},{"@type":"ImageObject","inLanguage":"pt-BR","@id":"https:\/\/destinosdelperu.com\/pt-br\/quem-somos\/#primaryimage","url":"https:\/\/destinosdelperu.com\/wp-content\/uploads\/2023\/09\/banner-quienes-somos.jpg","contentUrl":"https:\/\/destinosdelperu.com\/wp-content\/uploads\/2023\/09\/banner-quienes-somos.jpg"},{"@type":"BreadcrumbList","@id":"https:\/\/destinosdelperu.com\/pt-br\/quem-somos\/#breadcrumb","itemListElement":[{"@type":"ListItem","position":1,"name":"Portada","item":"https:\/\/destinosdelperu.com\/pt-br\/"},{"@type":"ListItem","position":2,"name":"Quem somos"}]},{"@type":"WebSite","@id":"https:\/\/destinosdelperu.com\/#website","url":"https:\/\/destinosdelperu.com\/","name":"Destinos del Per\u00fa","description":"Destinos del Per\u00fa, Tours en Cusco y Machu Picchu","potentialAction":[{"@type":"SearchAction","target":{"@type":"EntryPoint","urlTemplate":"https:\/\/destinosdelperu.com\/?s={search_term_string}"},"query-input":{"@type":"PropertyValueSpecification","valueRequired":true,"valueName":"search_term_string"}}],"inLanguage":"pt-BR"}]}},"jetpack_sharing_enabled":true,"_links":{"self":[{"href":"https:\/\/destinosdelperu.com\/pt-br\/wp-json\/wp\/v2\/pages\/17701","targetHints":{"allow":["GET"]}}],"collection":[{"href":"https:\/\/destinosdelperu.com\/pt-br\/wp-json\/wp\/v2\/pages"}],"about":[{"href":"https:\/\/destinosdelperu.com\/pt-br\/wp-json\/wp\/v2\/types\/page"}],"author":[{"embeddable":true,"href":"https:\/\/destinosdelperu.com\/pt-br\/wp-json\/wp\/v2\/users\/1"}],"replies":[{"embeddable":true,"href":"https:\/\/destinosdelperu.com\/pt-br\/wp-json\/wp\/v2\/comments?post=17701"}],"version-history":[{"count":2,"href":"https:\/\/destinosdelperu.com\/pt-br\/wp-json\/wp\/v2\/pages\/17701\/revisions"}],"predecessor-version":[{"id":18095,"href":"https:\/\/destinosdelperu.com\/pt-br\/wp-json\/wp\/v2\/pages\/17701\/revisions\/18095"}],"wp:attachment":[{"href":"https:\/\/destinosdelperu.com\/pt-br\/wp-json\/wp\/v2\/media?parent=17701"}],"curies":[{"name":"wp","href":"https:\/\/api.w.org\/{rel}","templated":true}]}}