{"id":17676,"date":"2023-09-01T18:36:22","date_gmt":"2023-09-01T23:36:22","guid":{"rendered":"https:\/\/destinosdelperu.com\/politica-de-privacidade\/"},"modified":"2026-01-09T17:20:47","modified_gmt":"2026-01-09T22:20:47","slug":"politica-de-privacidade","status":"publish","type":"page","link":"https:\/\/destinosdelperu.com\/pt-br\/politica-de-privacidade\/","title":{"rendered":"Pol\u00edtica de privacidade"},"content":{"rendered":"\t\t<div data-elementor-type=\"wp-page\" data-elementor-id=\"17676\" class=\"elementor elementor-17676\">\n\t\t\t\t\t\t<section class=\"elementor-section elementor-top-section elementor-element elementor-element-5bf2ba3 elementor-section-boxed elementor-section-height-default elementor-section-height-default wd-section-disabled\" data-id=\"5bf2ba3\" data-element_type=\"section\" data-e-type=\"section\">\n\t\t\t\t\t\t<div class=\"elementor-container elementor-column-gap-default\">\n\t\t\t\t\t<div class=\"elementor-column elementor-col-100 elementor-top-column elementor-element elementor-element-0abaea2\" data-id=\"0abaea2\" data-element_type=\"column\" data-e-type=\"column\">\n\t\t\t<div class=\"elementor-widget-wrap elementor-element-populated\">\n\t\t\t\t\t\t<div class=\"elementor-element elementor-element-913ede4 elementor-widget elementor-widget-heading\" data-id=\"913ede4\" data-element_type=\"widget\" data-e-type=\"widget\" data-widget_type=\"heading.default\">\n\t\t\t\t<div class=\"elementor-widget-container\">\n\t\t\t\t\t<h2 class=\"elementor-heading-title elementor-size-default\">Pol\u00edtica de Prote\u00e7\u00e3o de Dados Pessoais<\/h2>\t\t\t\t<\/div>\n\t\t\t\t<\/div>\n\t\t\t\t<div class=\"elementor-element elementor-element-3885b88 elementor-widget-divider--view-line elementor-widget elementor-widget-divider\" data-id=\"3885b88\" data-element_type=\"widget\" data-e-type=\"widget\" data-widget_type=\"divider.default\">\n\t\t\t\t<div class=\"elementor-widget-container\">\n\t\t\t\t\t\t\t<div class=\"elementor-divider\">\n\t\t\t<span class=\"elementor-divider-separator\">\n\t\t\t\t\t\t<\/span>\n\t\t<\/div>\n\t\t\t\t\t\t<\/div>\n\t\t\t\t<\/div>\n\t\t\t\t<div class=\"elementor-element elementor-element-8c4e9e4 color-scheme-inherit text-left elementor-widget elementor-widget-text-editor\" data-id=\"8c4e9e4\" data-element_type=\"widget\" data-e-type=\"widget\" data-widget_type=\"text-editor.default\">\n\t\t\t\t<div class=\"elementor-widget-container\">\n\t\t\t\t\t\t\t\t\t<p>O objetivo desta pol\u00edtica \u00e9 divulgar os requisitos da Lei n\u00ba 29733 \u2013 Lei de Prote\u00e7\u00e3o de Dados Pessoais e seu Regulamento aprovado pelo Decreto Supremo 003-2013-JUS, bem como garantir o seu cumprimento.<\/p>\t\t\t\t\t\t\t\t<\/div>\n\t\t\t\t<\/div>\n\t\t\t\t<div class=\"elementor-element elementor-element-762c680 elementor-widget elementor-widget-heading\" data-id=\"762c680\" data-element_type=\"widget\" data-e-type=\"widget\" data-widget_type=\"heading.default\">\n\t\t\t\t<div class=\"elementor-widget-container\">\n\t\t\t\t\t<h2 class=\"elementor-heading-title elementor-size-default\">Sobre os Princ\u00edpios Norteadores<\/h2>\t\t\t\t<\/div>\n\t\t\t\t<\/div>\n\t\t\t\t<div class=\"elementor-element elementor-element-d6c898f elementor-widget-divider--view-line elementor-widget elementor-widget-divider\" data-id=\"d6c898f\" data-element_type=\"widget\" data-e-type=\"widget\" data-widget_type=\"divider.default\">\n\t\t\t\t<div class=\"elementor-widget-container\">\n\t\t\t\t\t\t\t<div class=\"elementor-divider\">\n\t\t\t<span class=\"elementor-divider-separator\">\n\t\t\t\t\t\t<\/span>\n\t\t<\/div>\n\t\t\t\t\t\t<\/div>\n\t\t\t\t<\/div>\n\t\t\t\t<div class=\"elementor-element elementor-element-0b473ed color-scheme-inherit text-left elementor-widget elementor-widget-text-editor\" data-id=\"0b473ed\" data-element_type=\"widget\" data-e-type=\"widget\" data-widget_type=\"text-editor.default\">\n\t\t\t\t<div class=\"elementor-widget-container\">\n\t\t\t\t\t\t\t\t\t<p>A Destinos del Per\u00fa compromete-se a cumprir os princ\u00edpios norteadores estabelecidos pela Lei de Prote\u00e7\u00e3o de Dados Pessoais durante o tratamento de dados pessoais.<\/p>\t\t\t\t\t\t\t\t<\/div>\n\t\t\t\t<\/div>\n\t\t\t\t<div class=\"elementor-element elementor-element-ac48e41 elementor-widget elementor-widget-heading\" data-id=\"ac48e41\" data-element_type=\"widget\" data-e-type=\"widget\" data-widget_type=\"heading.default\">\n\t\t\t\t<div class=\"elementor-widget-container\">\n\t\t\t\t\t<h2 class=\"elementor-heading-title elementor-size-default\">O nosso compromisso com a sua privacidade<\/h2>\t\t\t\t<\/div>\n\t\t\t\t<\/div>\n\t\t\t\t<div class=\"elementor-element elementor-element-30c491b elementor-widget-divider--view-line elementor-widget elementor-widget-divider\" data-id=\"30c491b\" data-element_type=\"widget\" data-e-type=\"widget\" data-widget_type=\"divider.default\">\n\t\t\t\t<div class=\"elementor-widget-container\">\n\t\t\t\t\t\t\t<div class=\"elementor-divider\">\n\t\t\t<span class=\"elementor-divider-separator\">\n\t\t\t\t\t\t<\/span>\n\t\t<\/div>\n\t\t\t\t\t\t<\/div>\n\t\t\t\t<\/div>\n\t\t\t\t<div class=\"elementor-element elementor-element-7b51976 color-scheme-inherit text-left elementor-widget elementor-widget-text-editor\" data-id=\"7b51976\" data-element_type=\"widget\" data-e-type=\"widget\" data-widget_type=\"text-editor.default\">\n\t\t\t\t<div class=\"elementor-widget-container\">\n\t\t\t\t\t\t\t\t\t<p class=\"ds-markdown-paragraph\">Ao continuar a utilizar este site, reconhece que compreende e aceita esta Pol\u00edtica.<\/p><p class=\"ds-markdown-paragraph\">A informa\u00e7\u00e3o pessoal que recolhemos \u00e9 utilizada para oferecer experi\u00eancias de viagem \u00fanicas e outros fins compartilh\u00e1veis. Comprometemo-nos a proteger a informa\u00e7\u00e3o pessoal mediante medidas de seguran\u00e7a razo\u00e1veis contra roubo, perda, acesso n\u00e3o autorizado e divulga\u00e7\u00e3o indevida.<\/p><p class=\"ds-markdown-paragraph\">N\u00e3o partilharemos os seus dados de contacto com anunciantes externos e estamos empenhados em proteger o seu n\u00famero de telefone e endere\u00e7o de e-mail: entendemos o qu\u00e3o valiosos s\u00e3o e agradecemos que os confie a n\u00f3s.<\/p>\t\t\t\t\t\t\t\t<\/div>\n\t\t\t\t<\/div>\n\t\t\t\t<div class=\"elementor-element elementor-element-c8d281d elementor-widget elementor-widget-heading\" data-id=\"c8d281d\" data-element_type=\"widget\" data-e-type=\"widget\" data-widget_type=\"heading.default\">\n\t\t\t\t<div class=\"elementor-widget-container\">\n\t\t\t\t\t<h2 class=\"elementor-heading-title elementor-size-default\">A sua informa\u00e7\u00e3o pessoal<\/h2>\t\t\t\t<\/div>\n\t\t\t\t<\/div>\n\t\t\t\t<div class=\"elementor-element elementor-element-33d1f11 elementor-widget-divider--view-line elementor-widget elementor-widget-divider\" data-id=\"33d1f11\" data-element_type=\"widget\" data-e-type=\"widget\" data-widget_type=\"divider.default\">\n\t\t\t\t<div class=\"elementor-widget-container\">\n\t\t\t\t\t\t\t<div class=\"elementor-divider\">\n\t\t\t<span class=\"elementor-divider-separator\">\n\t\t\t\t\t\t<\/span>\n\t\t<\/div>\n\t\t\t\t\t\t<\/div>\n\t\t\t\t<\/div>\n\t\t\t\t<div class=\"elementor-element elementor-element-27554ba color-scheme-inherit text-left elementor-widget elementor-widget-text-editor\" data-id=\"27554ba\" data-element_type=\"widget\" data-e-type=\"widget\" data-widget_type=\"text-editor.default\">\n\t\t\t\t<div class=\"elementor-widget-container\">\n\t\t\t\t\t\t\t\t\t<p>Recolhemos informa\u00e7\u00e3o pessoal que o identifica como indiv\u00edduo, incluindo (sem se limitar a) o seu nome, pa\u00eds de resid\u00eancia, n\u00famero de telefone e endere\u00e7o de e-mail. Uma vez que tenha confirmado um itiner\u00e1rio personalizado connosco, esta informa\u00e7\u00e3o tamb\u00e9m pode incluir a p\u00e1gina de dados do seu passaporte (nome legal completo, n\u00famero do passaporte, data de validade, fotografia, etc.), bem como os seus contactos de emerg\u00eancia.<\/p>\t\t\t\t\t\t\t\t<\/div>\n\t\t\t\t<\/div>\n\t\t\t\t<div class=\"elementor-element elementor-element-7e3aef5 elementor-widget elementor-widget-heading\" data-id=\"7e3aef5\" data-element_type=\"widget\" data-e-type=\"widget\" data-widget_type=\"heading.default\">\n\t\t\t\t<div class=\"elementor-widget-container\">\n\t\t\t\t\t<h2 class=\"elementor-heading-title elementor-size-default\">Como a Destinos del Per\u00fa recolhe informa\u00e7\u00e3o pessoal<\/h2>\t\t\t\t<\/div>\n\t\t\t\t<\/div>\n\t\t\t\t<div class=\"elementor-element elementor-element-857ef96 elementor-widget-divider--view-line elementor-widget elementor-widget-divider\" data-id=\"857ef96\" data-element_type=\"widget\" data-e-type=\"widget\" data-widget_type=\"divider.default\">\n\t\t\t\t<div class=\"elementor-widget-container\">\n\t\t\t\t\t\t\t<div class=\"elementor-divider\">\n\t\t\t<span class=\"elementor-divider-separator\">\n\t\t\t\t\t\t<\/span>\n\t\t<\/div>\n\t\t\t\t\t\t<\/div>\n\t\t\t\t<\/div>\n\t\t\t\t<div class=\"elementor-element elementor-element-99d0085 color-scheme-inherit text-left elementor-widget elementor-widget-text-editor\" data-id=\"99d0085\" data-element_type=\"widget\" data-e-type=\"widget\" data-widget_type=\"text-editor.default\">\n\t\t\t\t<div class=\"elementor-widget-container\">\n\t\t\t\t\t\t\t\t\t<p>Geralmente recolhemos a sua informa\u00e7\u00e3o atrav\u00e9s de um formul\u00e1rio no nosso site ou durante o processo de reserva de uma viagem. Procuraremos sempre recolher informa\u00e7\u00e3o por meios leg\u00edtimos e justos e, quando aplic\u00e1vel, com o conhecimento e consentimento da(s) pessoa(s) em quest\u00e3o. O nosso site tamb\u00e9m utiliza cookies para proporcionar uma melhor experi\u00eancia de navega\u00e7\u00e3o e compreender melhor que tipo de viagem \u00e9 adequada para si.<\/p>\t\t\t\t\t\t\t\t<\/div>\n\t\t\t\t<\/div>\n\t\t\t\t<div class=\"elementor-element elementor-element-a5c52b5 elementor-widget elementor-widget-heading\" data-id=\"a5c52b5\" data-element_type=\"widget\" data-e-type=\"widget\" data-widget_type=\"heading.default\">\n\t\t\t\t<div class=\"elementor-widget-container\">\n\t\t\t\t\t<h2 class=\"elementor-heading-title elementor-size-default\">Seguran\u00e7a<\/h2>\t\t\t\t<\/div>\n\t\t\t\t<\/div>\n\t\t\t\t<div class=\"elementor-element elementor-element-5067a70 elementor-widget-divider--view-line elementor-widget elementor-widget-divider\" data-id=\"5067a70\" data-element_type=\"widget\" data-e-type=\"widget\" data-widget_type=\"divider.default\">\n\t\t\t\t<div class=\"elementor-widget-container\">\n\t\t\t\t\t\t\t<div class=\"elementor-divider\">\n\t\t\t<span class=\"elementor-divider-separator\">\n\t\t\t\t\t\t<\/span>\n\t\t<\/div>\n\t\t\t\t\t\t<\/div>\n\t\t\t\t<\/div>\n\t\t\t\t<div class=\"elementor-element elementor-element-56a1596 color-scheme-inherit text-left elementor-widget elementor-widget-text-editor\" data-id=\"56a1596\" data-element_type=\"widget\" data-e-type=\"widget\" data-widget_type=\"text-editor.default\">\n\t\t\t\t<div class=\"elementor-widget-container\">\n\t\t\t\t\t\t\t\t\t<p class=\"ds-markdown-paragraph\">Tomamos precau\u00e7\u00f5es para proteger a sua informa\u00e7\u00e3o. Quando envia informa\u00e7\u00e3o confidencial atrav\u00e9s do site, os seus dados est\u00e3o protegidos tanto online como offline.<\/p><p class=\"ds-markdown-paragraph\">Sempre que recolhemos informa\u00e7\u00e3o confidencial (como dados de cart\u00f5es de cr\u00e9dito), essa informa\u00e7\u00e3o \u00e9 encriptada e transmitida-nos de forma segura. Pode verificar isto procurando o \u00edcone de um cadeado fechado na parte inferior do seu navegador ou procurando &#8220;https&#8221; no in\u00edcio do endere\u00e7o da p\u00e1gina web.<\/p><p class=\"ds-markdown-paragraph\">Embora utilizemos encripta\u00e7\u00e3o para proteger a informa\u00e7\u00e3o confidencial transmitida online, tamb\u00e9m protegemos a sua informa\u00e7\u00e3o offline. Apenas os colaboradores que necessitam da informa\u00e7\u00e3o para realizar uma tarefa espec\u00edfica (por exemplo, fatura\u00e7\u00e3o ou atendimento ao cliente) t\u00eam acesso a informa\u00e7\u00f5es pessoais identific\u00e1veis. Os computadores\/servidores onde armazenamos informa\u00e7\u00f5es pessoais identific\u00e1veis s\u00e3o mantidos num ambiente seguro.<\/p>\t\t\t\t\t\t\t\t<\/div>\n\t\t\t\t<\/div>\n\t\t\t\t<div class=\"elementor-element elementor-element-c32e101 elementor-widget elementor-widget-heading\" data-id=\"c32e101\" data-element_type=\"widget\" data-e-type=\"widget\" data-widget_type=\"heading.default\">\n\t\t\t\t<div class=\"elementor-widget-container\">\n\t\t\t\t\t<h2 class=\"elementor-heading-title elementor-size-default\">Atualiza\u00e7\u00f5es<\/h2>\t\t\t\t<\/div>\n\t\t\t\t<\/div>\n\t\t\t\t<div class=\"elementor-element elementor-element-fcb6b2f elementor-widget-divider--view-line elementor-widget elementor-widget-divider\" data-id=\"fcb6b2f\" data-element_type=\"widget\" data-e-type=\"widget\" data-widget_type=\"divider.default\">\n\t\t\t\t<div class=\"elementor-widget-container\">\n\t\t\t\t\t\t\t<div class=\"elementor-divider\">\n\t\t\t<span class=\"elementor-divider-separator\">\n\t\t\t\t\t\t<\/span>\n\t\t<\/div>\n\t\t\t\t\t\t<\/div>\n\t\t\t\t<\/div>\n\t\t\t\t<div class=\"elementor-element elementor-element-d95afbb color-scheme-inherit text-left elementor-widget elementor-widget-text-editor\" data-id=\"d95afbb\" data-element_type=\"widget\" data-e-type=\"widget\" data-widget_type=\"text-editor.default\">\n\t\t\t\t<div class=\"elementor-widget-container\">\n\t\t\t\t\t\t\t\t\t<p class=\"ds-markdown-paragraph\">A nossa Pol\u00edtica pode mudar ocasionalmente e todas as atualiza\u00e7\u00f5es ser\u00e3o publicadas nesta p\u00e1gina.<\/p>\t\t\t\t\t\t\t\t<\/div>\n\t\t\t\t<\/div>\n\t\t\t\t\t<\/div>\n\t\t<\/div>\n\t\t\t\t\t<\/div>\n\t\t<\/section>\n\t\t\t\t<\/div>\n\t\t","protected":false},"excerpt":{"rendered":"<p>Pol\u00edtica de Prote\u00e7\u00e3o de Dados Pessoais O objetivo desta pol\u00edtica \u00e9 divulgar os requisitos da Lei n\u00ba 29733 \u2013 Lei<\/p>\n","protected":false},"author":1,"featured_media":0,"parent":0,"menu_order":0,"comment_status":"closed","ping_status":"open","template":"","meta":{"_joinchat":[],"footnotes":""},"class_list":["post-17676","page","type-page","status-publish","hentry"],"jetpack_sharing_enabled":true,"_links":{"self":[{"href":"https:\/\/destinosdelperu.com\/pt-br\/wp-json\/wp\/v2\/pages\/17676","targetHints":{"allow":["GET"]}}],"collection":[{"href":"https:\/\/destinosdelperu.com\/pt-br\/wp-json\/wp\/v2\/pages"}],"about":[{"href":"https:\/\/destinosdelperu.com\/pt-br\/wp-json\/wp\/v2\/types\/page"}],"author":[{"embeddable":true,"href":"https:\/\/destinosdelperu.com\/pt-br\/wp-json\/wp\/v2\/users\/1"}],"replies":[{"embeddable":true,"href":"https:\/\/destinosdelperu.com\/pt-br\/wp-json\/wp\/v2\/comments?post=17676"}],"version-history":[{"count":4,"href":"https:\/\/destinosdelperu.com\/pt-br\/wp-json\/wp\/v2\/pages\/17676\/revisions"}],"predecessor-version":[{"id":18483,"href":"https:\/\/destinosdelperu.com\/pt-br\/wp-json\/wp\/v2\/pages\/17676\/revisions\/18483"}],"wp:attachment":[{"href":"https:\/\/destinosdelperu.com\/pt-br\/wp-json\/wp\/v2\/media?parent=17676"}],"curies":[{"name":"wp","href":"https:\/\/api.w.org\/{rel}","templated":true}]}}