{"id":17687,"date":"2023-09-05T02:40:02","date_gmt":"2023-09-05T00:40:02","guid":{"rendered":"https:\/\/destinosdelperu.com\/puno\/"},"modified":"2023-11-04T16:43:28","modified_gmt":"2023-11-04T15:43:28","slug":"puno","status":"publish","type":"page","link":"https:\/\/destinosdelperu.com\/en\/tours\/puno\/","title":{"rendered":"Puno"},"content":{"rendered":"\t\t<div data-elementor-type=\"wp-page\" data-elementor-id=\"17687\" class=\"elementor elementor-17687\">\n\t\t\t\t\t\t<section class=\"elementor-section elementor-top-section elementor-element elementor-element-f41fa42 elementor-section-full_width elementor-section-stretched elementor-section-height-default elementor-section-height-default wd-section-disabled\" data-id=\"f41fa42\" data-element_type=\"section\" data-e-type=\"section\" data-settings=\"{&quot;stretch_section&quot;:&quot;section-stretched&quot;,&quot;background_background&quot;:&quot;classic&quot;}\">\n\t\t\t\t\t\t\t<div class=\"elementor-background-overlay\"><\/div>\n\t\t\t\t\t\t\t<div class=\"elementor-container elementor-column-gap-default\">\n\t\t\t\t\t<div class=\"elementor-column elementor-col-100 elementor-top-column elementor-element elementor-element-92fe9fb\" data-id=\"92fe9fb\" data-element_type=\"column\" data-e-type=\"column\">\n\t\t\t<div class=\"elementor-widget-wrap elementor-element-populated\">\n\t\t\t\t\t\t<div class=\"elementor-element elementor-element-e40c140 elementor-widget elementor-widget-wd_title\" data-id=\"e40c140\" data-element_type=\"widget\" data-e-type=\"widget\" data-widget_type=\"wd_title.default\">\n\t\t\t\t<div class=\"elementor-widget-container\">\n\t\t\t\t\t\t\t<div class=\"title-wrapper set-mb-s reset-last-child wd-title-color-white wd-title-style-default wd-title-size-default text-center\">\n\n\t\t\t\n\t\t\t<div class=\"liner-continer\">\n\t\t\t\t<h4 class=\"woodmart-title-container title wd-fontsize-l\">PUNO<\/h4> \n\t\t\t\t\t\t\t<\/div>\n\n\t\t\t\t\t\t\t<div class=\"title-after_title set-cont-mb-s reset-last-child wd-fontsize-xs\">\n\t\t\t\t\t<p>Mysticism and nature<\/p>\t\t\t\t<\/div>\n\t\t\t\t\t<\/div>\n\t\t\t\t\t\t<\/div>\n\t\t\t\t<\/div>\n\t\t\t\t\t<\/div>\n\t\t<\/div>\n\t\t\t\t\t<\/div>\n\t\t<\/section>\n\t\t\t\t<section class=\"wd-negative-gap elementor-section elementor-top-section elementor-element elementor-element-27cd43b elementor-section-boxed elementor-section-height-default elementor-section-height-default wd-section-disabled\" data-id=\"27cd43b\" data-element_type=\"section\" data-e-type=\"section\">\n\t\t\t\t\t\t<div class=\"elementor-container elementor-column-gap-default\">\n\t\t\t\t\t<div class=\"elementor-column elementor-col-100 elementor-top-column elementor-element elementor-element-8013393\" data-id=\"8013393\" data-element_type=\"column\" data-e-type=\"column\">\n\t\t\t<div class=\"elementor-widget-wrap elementor-element-populated\">\n\t\t\t\t\t\t<div class=\"elementor-element elementor-element-a6db3d7 elementor-widget elementor-widget-wd_products\" data-id=\"a6db3d7\" data-element_type=\"widget\" data-e-type=\"widget\" data-widget_type=\"wd_products.default\">\n\t\t\t\t<div class=\"elementor-widget-container\">\n\t\t\t\t\t\t\t\t\t\t<div class=\"wd-products-element\">\n\n\t\t\t\n\t\t\t\n\t\t\t\n\t\t\t<div class=\"products elements-grid row wd-products-holder pagination- wd-spacing-20 grid-columns-4 wd-stretch-cont-lg align-items-start\" data-paged=\"1\" data-atts=\"{&quot;element_title&quot;:&quot;&quot;,&quot;title_alignment&quot;:&quot;left&quot;,&quot;query_post_type&quot;:&quot;product&quot;,&quot;post_type&quot;:&quot;product&quot;,&quot;include&quot;:null,&quot;taxonomies&quot;:[&quot;82&quot;],&quot;offset&quot;:&quot;&quot;,&quot;orderby&quot;:&quot;&quot;,&quot;query_type&quot;:&quot;OR&quot;,&quot;order&quot;:null,&quot;meta_key&quot;:null,&quot;exclude&quot;:&quot;&quot;,&quot;shop_tools&quot;:null,&quot;hide_out_of_stock&quot;:&quot;no&quot;,&quot;ajax_recently_viewed&quot;:null,&quot;speed&quot;:null,&quot;slides_per_view&quot;:null,&quot;slides_per_view_tablet&quot;:null,&quot;slides_per_view_mobile&quot;:null,&quot;wrap&quot;:null,&quot;autoplay&quot;:null,&quot;center_mode&quot;:null,&quot;hide_pagination_control&quot;:null,&quot;hide_prev_next_buttons&quot;:null,&quot;scroll_per_page&quot;:null,&quot;layout&quot;:&quot;grid&quot;,&quot;pagination&quot;:&quot;&quot;,&quot;items_per_page&quot;:12,&quot;spacing&quot;:&quot;20&quot;,&quot;columns&quot;:{&quot;unit&quot;:&quot;px&quot;,&quot;size&quot;:4,&quot;sizes&quot;:[]},&quot;columns_tablet&quot;:{&quot;unit&quot;:&quot;px&quot;,&quot;size&quot;:&quot;&quot;,&quot;sizes&quot;:[]},&quot;columns_mobile&quot;:{&quot;unit&quot;:&quot;px&quot;,&quot;size&quot;:&quot;&quot;,&quot;sizes&quot;:[]},&quot;products_masonry&quot;:&quot;&quot;,&quot;products_different_sizes&quot;:&quot;&quot;,&quot;product_quantity&quot;:&quot;&quot;,&quot;product_hover&quot;:&quot;tiled&quot;,&quot;sale_countdown&quot;:&quot;0&quot;,&quot;stretch_product&quot;:&quot;1&quot;,&quot;stretch_product_tablet&quot;:&quot;&quot;,&quot;stretch_product_mobile&quot;:&quot;&quot;,&quot;stock_progress_bar&quot;:&quot;0&quot;,&quot;highlighted_products&quot;:&quot;0&quot;,&quot;products_bordered_grid&quot;:&quot;0&quot;,&quot;products_bordered_grid_style&quot;:null,&quot;products_with_background&quot;:&quot;0&quot;,&quot;products_shadow&quot;:&quot;0&quot;,&quot;products_color_scheme&quot;:&quot;default&quot;,&quot;img_size&quot;:&quot;large&quot;,&quot;img_size_custom&quot;:null,&quot;grid_gallery&quot;:&quot;&quot;,&quot;grid_gallery_control&quot;:null,&quot;grid_gallery_enable_arrows&quot;:null,&quot;ajax_page&quot;:&quot;&quot;,&quot;force_not_ajax&quot;:&quot;no&quot;,&quot;lazy_loading&quot;:&quot;no&quot;,&quot;scroll_carousel_init&quot;:null,&quot;custom_sizes&quot;:false,&quot;elementor&quot;:true}\" data-source=\"shortcode\" data-columns=\"4\" data-grid-gallery=\"\">\n\t\t\n\t\t\n\t\t\t\t\t\t\t\t<div class=\"product-grid-item product wd-hover-tiled  col-lg-3 col-md-3 col-6 first  type-product post-17948 status-publish instock product_cat-puno-en has-post-thumbnail shipping-taxable purchasable product-type-simple\" data-loop=\"1\" data-id=\"17948\">\n\t\n\t\n<div class=\"product-wrapper\">\n\t<div class=\"product-element-top wd-quick-shop\">\n\t\t<a href=\"https:\/\/destinosdelperu.com\/en\/tour\/from-cusco-to-puno-by-the-route-of-the-sun\/\" class=\"product-image-link\">\n\t\t\t<img fetchpriority=\"high\" decoding=\"async\" width=\"920\" height=\"700\" src=\"https:\/\/destinosdelperu.com\/wp-content\/uploads\/2023\/09\/de-CUSCO-A-PUNO-1.jpg\" class=\"attachment-large size-large wp-image-17456\" alt=\"from CUSCO TO PUNO 1\" srcset=\"https:\/\/destinosdelperu.com\/wp-content\/uploads\/2023\/09\/de-CUSCO-A-PUNO-1.jpg 920w, https:\/\/destinosdelperu.com\/wp-content\/uploads\/2023\/09\/de-CUSCO-A-PUNO-1-430x327.jpg 430w, https:\/\/destinosdelperu.com\/wp-content\/uploads\/2023\/09\/de-CUSCO-A-PUNO-1-150x114.jpg 150w, https:\/\/destinosdelperu.com\/wp-content\/uploads\/2023\/09\/de-CUSCO-A-PUNO-1-700x533.jpg 700w, https:\/\/destinosdelperu.com\/wp-content\/uploads\/2023\/09\/de-CUSCO-A-PUNO-1-394x300.jpg 394w, https:\/\/destinosdelperu.com\/wp-content\/uploads\/2023\/09\/de-CUSCO-A-PUNO-1-768x584.jpg 768w, https:\/\/destinosdelperu.com\/wp-content\/uploads\/2023\/09\/de-CUSCO-A-PUNO-1-860x654.jpg 860w\" sizes=\"(max-width: 920px) 100vw, 920px\" \/>\t\t<\/a>\n\n\t\t\n\t\t<div class=\"wd-buttons wd-pos-r-t\">\n\t\t\t\t\t\t<div class=\"wd-add-btn wd-action-btn wd-style-icon wd-add-cart-icon\"><a href=\"\/en\/wp-json\/wp\/v2\/pages\/17687?add-to-cart=17948\" data-quantity=\"1\" class=\"button product_type_simple add_to_cart_button ajax_add_to_cart add-to-cart-loop\" data-product_id=\"17948\" data-product_sku=\"\" aria-label=\"Add to cart: &ldquo;FROM CUSCO TO PUNO BY THE ROUTE OF THE SUN&rdquo;\" rel=\"nofollow\" data-success_message=\"&ldquo;FROM CUSCO TO PUNO BY THE ROUTE OF THE SUN&rdquo; has been added to your cart\" role=\"button\"><span>Add to cart<\/span><\/a><\/div>\n\t\t\t\t\t\t\t\t\t\t\t<\/div>\n\t<\/div>\n\n\t<div class=\"product-element-bottom\">\n\t\t<h3 class=\"wd-entities-title\"><a href=\"https:\/\/destinosdelperu.com\/en\/tour\/from-cusco-to-puno-by-the-route-of-the-sun\/\">FROM CUSCO TO PUNO BY THE ROUTE OF THE SUN<\/a><\/h3>\t\t\t\t<div class=\"wd-product-cats\">\n\t\t\t<a href=\"https:\/\/destinosdelperu.com\/en\/categoria-tour\/puno-en\/\" rel=\"tag\">PUNO<\/a>\t\t<\/div>\n\t\t\t\t\t\t\t\t\t\t\n\t<span class=\"price\"><span class=\"woocommerce-Price-amount amount\"><bdi><span class=\"woocommerce-Price-currencySymbol\">&#36;<\/span>&nbsp;77.00<\/bdi><\/span><\/span>\n\n\t\t\n\t\t\t\t\n\t\t\t<\/div>\n<\/div>\n<\/div>\n\t\t\t\t\t\t\t\t<div class=\"product-grid-item product wd-hover-tiled  col-lg-3 col-md-3 col-6 type-product post-17944 status-publish instock product_cat-puno-en has-post-thumbnail shipping-taxable purchasable product-type-simple\" data-loop=\"2\" data-id=\"17944\">\n\t\n\t\n<div class=\"product-wrapper\">\n\t<div class=\"product-element-top wd-quick-shop\">\n\t\t<a href=\"https:\/\/destinosdelperu.com\/en\/tour\/from-puno-to-cusco-by-the-route-of-the-sun\/\" class=\"product-image-link\">\n\t\t\t<img decoding=\"async\" width=\"920\" height=\"700\" src=\"https:\/\/destinosdelperu.com\/wp-content\/uploads\/2023\/09\/de-puno-a-cusco-1.jpg\" class=\"attachment-large size-large wp-image-17450\" alt=\"from puno to cusco 1\" srcset=\"https:\/\/destinosdelperu.com\/wp-content\/uploads\/2023\/09\/de-puno-a-cusco-1.jpg 920w, https:\/\/destinosdelperu.com\/wp-content\/uploads\/2023\/09\/de-puno-a-cusco-1-430x327.jpg 430w, https:\/\/destinosdelperu.com\/wp-content\/uploads\/2023\/09\/de-puno-a-cusco-1-150x114.jpg 150w, https:\/\/destinosdelperu.com\/wp-content\/uploads\/2023\/09\/de-puno-a-cusco-1-700x533.jpg 700w, https:\/\/destinosdelperu.com\/wp-content\/uploads\/2023\/09\/de-puno-a-cusco-1-394x300.jpg 394w, https:\/\/destinosdelperu.com\/wp-content\/uploads\/2023\/09\/de-puno-a-cusco-1-768x584.jpg 768w, https:\/\/destinosdelperu.com\/wp-content\/uploads\/2023\/09\/de-puno-a-cusco-1-860x654.jpg 860w\" sizes=\"(max-width: 920px) 100vw, 920px\" \/>\t\t<\/a>\n\n\t\t\n\t\t<div class=\"wd-buttons wd-pos-r-t\">\n\t\t\t\t\t\t<div class=\"wd-add-btn wd-action-btn wd-style-icon wd-add-cart-icon\"><a href=\"\/en\/wp-json\/wp\/v2\/pages\/17687?add-to-cart=17944\" data-quantity=\"1\" class=\"button product_type_simple add_to_cart_button ajax_add_to_cart add-to-cart-loop\" data-product_id=\"17944\" data-product_sku=\"\" aria-label=\"Add to cart: &ldquo;FROM PUNO TO CUSCO BY THE ROUTE OF THE SUN&rdquo;\" rel=\"nofollow\" data-success_message=\"&ldquo;FROM PUNO TO CUSCO BY THE ROUTE OF THE SUN&rdquo; has been added to your cart\" role=\"button\"><span>Add to cart<\/span><\/a><\/div>\n\t\t\t\t\t\t\t\t\t\t\t<\/div>\n\t<\/div>\n\n\t<div class=\"product-element-bottom\">\n\t\t<h3 class=\"wd-entities-title\"><a href=\"https:\/\/destinosdelperu.com\/en\/tour\/from-puno-to-cusco-by-the-route-of-the-sun\/\">FROM PUNO TO CUSCO BY THE ROUTE OF THE SUN<\/a><\/h3>\t\t\t\t<div class=\"wd-product-cats\">\n\t\t\t<a href=\"https:\/\/destinosdelperu.com\/en\/categoria-tour\/puno-en\/\" rel=\"tag\">PUNO<\/a>\t\t<\/div>\n\t\t\t\t\t\t\t\t\t\t\n\t<span class=\"price\"><span class=\"woocommerce-Price-amount amount\"><bdi><span class=\"woocommerce-Price-currencySymbol\">&#36;<\/span>&nbsp;77.00<\/bdi><\/span><\/span>\n\n\t\t\n\t\t\t\t\n\t\t\t<\/div>\n<\/div>\n<\/div>\n\t\t\t\t\t\t\t\t<div class=\"product-grid-item product wd-hover-tiled  col-lg-3 col-md-3 col-6 type-product post-17903 status-publish last instock product_cat-puno-en has-post-thumbnail shipping-taxable purchasable product-type-simple\" data-loop=\"3\" data-id=\"17903\">\n\t\n\t\n<div class=\"product-wrapper\">\n\t<div class=\"product-element-top wd-quick-shop\">\n\t\t<a href=\"https:\/\/destinosdelperu.com\/en\/tour\/uros-taquile-islands-full-day-tour\/\" class=\"product-image-link\">\n\t\t\t<img decoding=\"async\" width=\"920\" height=\"700\" src=\"https:\/\/destinosdelperu.com\/wp-content\/uploads\/2023\/09\/ISLAS-UROS-FULL-DAY.jpg\" class=\"attachment-large size-large wp-image-17438\" alt=\"UROS ISLANDS FULL DAY\" srcset=\"https:\/\/destinosdelperu.com\/wp-content\/uploads\/2023\/09\/ISLAS-UROS-FULL-DAY.jpg 920w, https:\/\/destinosdelperu.com\/wp-content\/uploads\/2023\/09\/ISLAS-UROS-FULL-DAY-430x327.jpg 430w, https:\/\/destinosdelperu.com\/wp-content\/uploads\/2023\/09\/ISLAS-UROS-FULL-DAY-150x114.jpg 150w, https:\/\/destinosdelperu.com\/wp-content\/uploads\/2023\/09\/ISLAS-UROS-FULL-DAY-700x533.jpg 700w, https:\/\/destinosdelperu.com\/wp-content\/uploads\/2023\/09\/ISLAS-UROS-FULL-DAY-394x300.jpg 394w, https:\/\/destinosdelperu.com\/wp-content\/uploads\/2023\/09\/ISLAS-UROS-FULL-DAY-768x584.jpg 768w, https:\/\/destinosdelperu.com\/wp-content\/uploads\/2023\/09\/ISLAS-UROS-FULL-DAY-860x654.jpg 860w\" sizes=\"(max-width: 920px) 100vw, 920px\" \/>\t\t<\/a>\n\n\t\t\n\t\t<div class=\"wd-buttons wd-pos-r-t\">\n\t\t\t\t\t\t<div class=\"wd-add-btn wd-action-btn wd-style-icon wd-add-cart-icon\"><a href=\"\/en\/wp-json\/wp\/v2\/pages\/17687?add-to-cart=17903\" data-quantity=\"1\" class=\"button product_type_simple add_to_cart_button ajax_add_to_cart add-to-cart-loop\" data-product_id=\"17903\" data-product_sku=\"\" aria-label=\"Add to cart: &ldquo;UROS &amp; TAQUILE ISLANDS - FULL DAY TOUR&rdquo;\" rel=\"nofollow\" data-success_message=\"&ldquo;UROS &amp; TAQUILE ISLANDS - FULL DAY TOUR&rdquo; has been added to your cart\" role=\"button\"><span>Add to cart<\/span><\/a><\/div>\n\t\t\t\t\t\t\t\t\t\t\t<\/div>\n\t<\/div>\n\n\t<div class=\"product-element-bottom\">\n\t\t<h3 class=\"wd-entities-title\"><a href=\"https:\/\/destinosdelperu.com\/en\/tour\/uros-taquile-islands-full-day-tour\/\">UROS &amp; TAQUILE ISLANDS &#8211; FULL DAY TOUR<\/a><\/h3>\t\t\t\t<div class=\"wd-product-cats\">\n\t\t\t<a href=\"https:\/\/destinosdelperu.com\/en\/categoria-tour\/puno-en\/\" rel=\"tag\">PUNO<\/a>\t\t<\/div>\n\t\t\t\t\t\t\t\t\t\t\n\t<span class=\"price\"><span class=\"woocommerce-Price-amount amount\"><bdi><span class=\"woocommerce-Price-currencySymbol\">&#36;<\/span>&nbsp;25.00<\/bdi><\/span><\/span>\n\n\t\t\n\t\t\t\t\n\t\t\t<\/div>\n<\/div>\n<\/div>\n\t\t\t\t\t\t\t\t<div class=\"product-grid-item product wd-hover-tiled  col-lg-3 col-md-3 col-6 last  type-product post-17953 status-publish first instock product_cat-puno-en has-post-thumbnail shipping-taxable purchasable product-type-simple\" data-loop=\"4\" data-id=\"17953\">\n\t\n\t\n<div class=\"product-wrapper\">\n\t<div class=\"product-element-top wd-quick-shop\">\n\t\t<a href=\"https:\/\/destinosdelperu.com\/en\/tour\/uros-islands-taquile-amantani-2d-1n\/\" class=\"product-image-link\">\n\t\t\t<img loading=\"lazy\" decoding=\"async\" width=\"920\" height=\"700\" src=\"https:\/\/destinosdelperu.com\/wp-content\/uploads\/2023\/09\/islas-uros-taquile-amantani.jpg\" class=\"attachment-large size-large wp-image-17444\" alt=\"uros-taquile-amantani islands\" srcset=\"https:\/\/destinosdelperu.com\/wp-content\/uploads\/2023\/09\/islas-uros-taquile-amantani.jpg 920w, https:\/\/destinosdelperu.com\/wp-content\/uploads\/2023\/09\/islas-uros-taquile-amantani-430x327.jpg 430w, https:\/\/destinosdelperu.com\/wp-content\/uploads\/2023\/09\/islas-uros-taquile-amantani-150x114.jpg 150w, https:\/\/destinosdelperu.com\/wp-content\/uploads\/2023\/09\/islas-uros-taquile-amantani-700x533.jpg 700w, https:\/\/destinosdelperu.com\/wp-content\/uploads\/2023\/09\/islas-uros-taquile-amantani-394x300.jpg 394w, https:\/\/destinosdelperu.com\/wp-content\/uploads\/2023\/09\/islas-uros-taquile-amantani-768x584.jpg 768w, https:\/\/destinosdelperu.com\/wp-content\/uploads\/2023\/09\/islas-uros-taquile-amantani-860x654.jpg 860w\" sizes=\"(max-width: 920px) 100vw, 920px\" \/>\t\t<\/a>\n\n\t\t\n\t\t<div class=\"wd-buttons wd-pos-r-t\">\n\t\t\t\t\t\t<div class=\"wd-add-btn wd-action-btn wd-style-icon wd-add-cart-icon\"><a href=\"\/en\/wp-json\/wp\/v2\/pages\/17687?add-to-cart=17953\" data-quantity=\"1\" class=\"button product_type_simple add_to_cart_button ajax_add_to_cart add-to-cart-loop\" data-product_id=\"17953\" data-product_sku=\"\" aria-label=\"Add to cart: &ldquo;UROS ISLANDS -TAQUILE - AMANTANI - 2D \/ 1N&rdquo;\" rel=\"nofollow\" data-success_message=\"&ldquo;UROS ISLANDS -TAQUILE - AMANTANI - 2D \/ 1N&rdquo; has been added to your cart\" role=\"button\"><span>Add to cart<\/span><\/a><\/div>\n\t\t\t\t\t\t\t\t\t\t\t<\/div>\n\t<\/div>\n\n\t<div class=\"product-element-bottom\">\n\t\t<h3 class=\"wd-entities-title\"><a href=\"https:\/\/destinosdelperu.com\/en\/tour\/uros-islands-taquile-amantani-2d-1n\/\">UROS ISLANDS -TAQUILE &#8211; AMANTANI &#8211; 2D \/ 1N<\/a><\/h3>\t\t\t\t<div class=\"wd-product-cats\">\n\t\t\t<a href=\"https:\/\/destinosdelperu.com\/en\/categoria-tour\/puno-en\/\" rel=\"tag\">PUNO<\/a>\t\t<\/div>\n\t\t\t\t\t\t\t\t\t\t\n\t<span class=\"price\"><span class=\"woocommerce-Price-amount amount\"><bdi><span class=\"woocommerce-Price-currencySymbol\">&#36;<\/span>&nbsp;60.00<\/bdi><\/span><\/span>\n\n\t\t\n\t\t\t\t\n\t\t\t<\/div>\n<\/div>\n<\/div>\n\t\t\n\t\t\t\t<\/div>\n\t\n\t\t\n\t\t\n\t\t\t\t\t<\/div>\n\t\t\n\t\t\t\t\t\t<\/div>\n\t\t\t\t<\/div>\n\t\t\t\t\t<\/div>\n\t\t<\/div>\n\t\t\t\t\t<\/div>\n\t\t<\/section>\n\t\t\t\t<\/div>\n\t\t","protected":false},"excerpt":{"rendered":"<p>PUNO Mysticism and nature A\u00f1adir al carrito PUNO A\u00f1adir al carrito PUNO A\u00f1adir al carrito PUNO A\u00f1adir al carrito PUNO<\/p>\n","protected":false},"author":1,"featured_media":0,"parent":17708,"menu_order":0,"comment_status":"closed","ping_status":"closed","template":"","meta":{"_joinchat":[],"footnotes":""},"class_list":["post-17687","page","type-page","status-publish","hentry"],"jetpack_sharing_enabled":true,"_links":{"self":[{"href":"https:\/\/destinosdelperu.com\/en\/wp-json\/wp\/v2\/pages\/17687","targetHints":{"allow":["GET"]}}],"collection":[{"href":"https:\/\/destinosdelperu.com\/en\/wp-json\/wp\/v2\/pages"}],"about":[{"href":"https:\/\/destinosdelperu.com\/en\/wp-json\/wp\/v2\/types\/page"}],"author":[{"embeddable":true,"href":"https:\/\/destinosdelperu.com\/en\/wp-json\/wp\/v2\/users\/1"}],"replies":[{"embeddable":true,"href":"https:\/\/destinosdelperu.com\/en\/wp-json\/wp\/v2\/comments?post=17687"}],"version-history":[{"count":2,"href":"https:\/\/destinosdelperu.com\/en\/wp-json\/wp\/v2\/pages\/17687\/revisions"}],"predecessor-version":[{"id":17884,"href":"https:\/\/destinosdelperu.com\/en\/wp-json\/wp\/v2\/pages\/17687\/revisions\/17884"}],"up":[{"embeddable":true,"href":"https:\/\/destinosdelperu.com\/en\/wp-json\/wp\/v2\/pages\/17708"}],"wp:attachment":[{"href":"https:\/\/destinosdelperu.com\/en\/wp-json\/wp\/v2\/media?parent=17687"}],"curies":[{"name":"wp","href":"https:\/\/api.w.org\/{rel}","templated":true}]}}