{"id":17678,"date":"2023-09-13T08:20:31","date_gmt":"2023-09-13T06:20:31","guid":{"rendered":"https:\/\/destinosdelperu.com\/travel-blog-and-tips\/"},"modified":"2023-11-03T20:55:48","modified_gmt":"2023-11-03T19:55:48","slug":"travel-blog-and-tips","status":"publish","type":"page","link":"https:\/\/destinosdelperu.com\/en\/travel-blog-and-tips\/","title":{"rendered":"Travel blog and tips"},"content":{"rendered":"\t\t<div data-elementor-type=\"wp-page\" data-elementor-id=\"17678\" class=\"elementor elementor-17678\">\n\t\t\t\t\t\t<section class=\"elementor-section elementor-top-section elementor-element elementor-element-cabd066 elementor-section-boxed elementor-section-height-default elementor-section-height-default wd-section-disabled\" data-id=\"cabd066\" data-element_type=\"section\" data-e-type=\"section\">\n\t\t\t\t\t\t<div class=\"elementor-container elementor-column-gap-default\">\n\t\t\t\t\t<div class=\"elementor-column elementor-col-100 elementor-top-column elementor-element elementor-element-3a6993e\" data-id=\"3a6993e\" data-element_type=\"column\" data-e-type=\"column\">\n\t\t\t<div class=\"elementor-widget-wrap elementor-element-populated\">\n\t\t\t\t\t\t<div class=\"elementor-element elementor-element-f45f39a elementor-widget elementor-widget-wd_blog\" data-id=\"f45f39a\" data-element_type=\"widget\" data-e-type=\"widget\" data-widget_type=\"wd_blog.default\">\n\t\t\t\t<div class=\"elementor-widget-container\">\n\t\t\t\t\t\t\t\t\t\t\t\t<div class=\"wd-blog-holder blog-shortcode blog-pagination- wd-spacing-30 row\" id=\"69fde9260a6ad\" data-paged=\"1\" data-atts=\"{&quot;post_type&quot;:&quot;post&quot;,&quot;items_per_page&quot;:12,&quot;include&quot;:null,&quot;taxonomies&quot;:&quot;&quot;,&quot;offset&quot;:&quot;&quot;,&quot;orderby&quot;:&quot;&quot;,&quot;order&quot;:&quot;DESC&quot;,&quot;meta_key&quot;:null,&quot;exclude&quot;:&quot;&quot;,&quot;parts_media&quot;:true,&quot;parts_title&quot;:&quot;1&quot;,&quot;parts_meta&quot;:&quot;&quot;,&quot;parts_text&quot;:&quot;1&quot;,&quot;parts_btn&quot;:&quot;1&quot;,&quot;img_size&quot;:&quot;large&quot;,&quot;blog_design&quot;:&quot;meta-image&quot;,&quot;blog_carousel_design&quot;:null,&quot;blog_columns&quot;:{&quot;unit&quot;:&quot;px&quot;,&quot;size&quot;:3,&quot;sizes&quot;:[]},&quot;blog_columns_tablet&quot;:{&quot;size&quot;:&quot;&quot;},&quot;blog_columns_mobile&quot;:{&quot;size&quot;:&quot;&quot;},&quot;blog_spacing&quot;:30,&quot;pagination&quot;:&quot;&quot;,&quot;speed&quot;:null,&quot;slides_per_view&quot;:null,&quot;slides_per_view_tablet&quot;:{&quot;size&quot;:&quot;&quot;},&quot;slides_per_view_mobile&quot;:{&quot;size&quot;:&quot;&quot;},&quot;wrap&quot;:null,&quot;autoplay&quot;:null,&quot;hide_pagination_control&quot;:null,&quot;hide_prev_next_buttons&quot;:null,&quot;scroll_per_page&quot;:null,&quot;lazy_loading&quot;:&quot;no&quot;,&quot;scroll_carousel_init&quot;:null,&quot;ajax_page&quot;:&quot;&quot;,&quot;custom_sizes&quot;:false,&quot;elementor&quot;:true}\" data-source=\"shortcode\">\n\t\t\t\n\t\t\t\t\t\t\t\t\t\t\t\t\t\t\t\t\t\t\t\n<article id=\"post-18199\" class=\"blog-design-meta-image blog-post-loop blog-style-bg wd-add-shadow  col-lg-4 col-md-4 col-sm-6 col-12 post-18199 post type-post status-publish format-standard has-post-thumbnail hentry category-blog-destinations tag-cusco-en tag-machu-picchu-en tag-tourism tag-travel-en\">\n\t\t\t<div class=\"wd-post-inner\">\n\t\n\t<div class=\"wd-post-thumb color-scheme-light\">\n\t\t<div class=\"wd-post-img\">\n\t\t\t<img fetchpriority=\"high\" decoding=\"async\" width=\"580\" height=\"330\" src=\"https:\/\/destinosdelperu.com\/wp-content\/uploads\/2024\/05\/Machu-Picchu-Destinos-del-Peru.avif\" class=\"attachment-large size-large wp-image-18204\" alt=\"\" srcset=\"https:\/\/destinosdelperu.com\/wp-content\/uploads\/2024\/05\/Machu-Picchu-Destinos-del-Peru.avif 580w, https:\/\/destinosdelperu.com\/wp-content\/uploads\/2024\/05\/Machu-Picchu-Destinos-del-Peru-400x228.avif 400w, https:\/\/destinosdelperu.com\/wp-content\/uploads\/2024\/05\/Machu-Picchu-Destinos-del-Peru-430x245.avif 430w, https:\/\/destinosdelperu.com\/wp-content\/uploads\/2024\/05\/Machu-Picchu-Destinos-del-Peru-150x85.avif 150w\" sizes=\"(max-width: 580px) 100vw, 580px\" \/>\t\t<\/div>\n\n\t\t\t\t<a class=\"wd-post-link wd-fill\" href=\"https:\/\/destinosdelperu.com\/en\/5-tips-to-enjoy-tourism-in-cusco\/\" rel=\"bookmark\" aria-label=\"Link on post 5 Tips to Enjoy Tourism in Cusco\"><\/a>\n\n\t\t<div class=\"wd-post-header\">\n\t\t\t\n\t\t\t<div class=\"wd-post-actions\">\n\t\t\t\t\t\t\t\t\t<div class=\"wd-post-share wd-tltp wd-tltp-left\">\n\t\t\t\t\t\t<div class=\"wd-tooltip-label\">\n\t\t\t\t\t\t\t\n\t\t\t<div class=\"wd-social-icons icons-design-default icons-size-small color-scheme-light social-share social-form-circle text-center\">\n\n\t\t\t\t\n\t\t\t\t\t\t\t\t\t<a rel=\"noopener noreferrer nofollow\" href=\"https:\/\/www.facebook.com\/sharer\/sharer.php?u=https:\/\/destinosdelperu.com\/en\/5-tips-to-enjoy-tourism-in-cusco\/\" target=\"_blank\" class=\" wd-social-icon social-facebook\" aria-label=\"Facebook social link\">\n\t\t\t\t\t\t<span class=\"wd-icon\"><\/span>\n\t\t\t\t\t\t\t\t\t\t\t<\/a>\n\t\t\t\t\n\t\t\t\t\t\t\t\t\t<a rel=\"noopener noreferrer nofollow\" href=\"https:\/\/twitter.com\/share?url=https:\/\/destinosdelperu.com\/en\/5-tips-to-enjoy-tourism-in-cusco\/\" target=\"_blank\" class=\" wd-social-icon social-twitter\" aria-label=\"Twitter social link\">\n\t\t\t\t\t\t<span class=\"wd-icon\"><\/span>\n\t\t\t\t\t\t\t\t\t\t\t<\/a>\n\t\t\t\t\n\t\t\t\t\n\t\t\t\t\n\t\t\t\t\n\t\t\t\t\t\t\t\t\t<a rel=\"noopener noreferrer nofollow\" href=\"https:\/\/pinterest.com\/pin\/create\/button\/?url=https:\/\/destinosdelperu.com\/en\/5-tips-to-enjoy-tourism-in-cusco\/&media=https:\/\/destinosdelperu.com\/wp-content\/uploads\/2024\/05\/Machu-Picchu-Destinos-del-Peru.avif&description=5+Tips+to+Enjoy+Tourism+in+Cusco\" target=\"_blank\" class=\" wd-social-icon social-pinterest\" aria-label=\"Pinterest social link\">\n\t\t\t\t\t\t<span class=\"wd-icon\"><\/span>\n\t\t\t\t\t\t\t\t\t\t\t<\/a>\n\t\t\t\t\n\t\t\t\t\n\t\t\t\t\t\t\t\t\t<a rel=\"noopener noreferrer nofollow\" href=\"https:\/\/www.linkedin.com\/shareArticle?mini=true&url=https:\/\/destinosdelperu.com\/en\/5-tips-to-enjoy-tourism-in-cusco\/\" target=\"_blank\" class=\" wd-social-icon social-linkedin\" aria-label=\"Linkedin social link\">\n\t\t\t\t\t\t<span class=\"wd-icon\"><\/span>\n\t\t\t\t\t\t\t\t\t\t\t<\/a>\n\t\t\t\t\n\t\t\t\t\n\t\t\t\t\n\t\t\t\t\n\t\t\t\t\n\t\t\t\t\n\t\t\t\t\n\t\t\t\t\n\t\t\t\t\n\t\t\t\t\n\t\t\t\t\t\t\t\t\n\t\t\t\t\t\t\t\t\n\t\t\t\t\n\t\t\t\t\t\t\t\t\t<a rel=\"noopener noreferrer nofollow\" href=\"https:\/\/telegram.me\/share\/url?url=https:\/\/destinosdelperu.com\/en\/5-tips-to-enjoy-tourism-in-cusco\/\" target=\"_blank\" class=\" wd-social-icon social-tg\" aria-label=\"Telegram social link\">\n\t\t\t\t\t\t<span class=\"wd-icon\"><\/span>\n\t\t\t\t\t\t\t\t\t\t\t<\/a>\n\t\t\t\t\t\t\t\t\n\t\t\t\t\n\t\t\t<\/div>\n\n\t\t\t\t\t\t\t\t<\/div>\n\t\t\t\t\t<\/div>\n\t\t\t\t\n\t\t\t\t\t\t\t\t\t<div class=\"wd-meta-reply\">\n\t\t\t\t\t\t<a href=\"https:\/\/destinosdelperu.com\/en\/5-tips-to-enjoy-tourism-in-cusco\/#respond\"><span class=\"replies-count\">0<\/span> <span class=\"replies-count-label\">comments<\/span><\/a>\t\t\t\t\t<\/div>\n\t\t\t\t\t\t\t<\/div>\n\t\t<\/div>\n\t<\/div>\n\n\t<div class=\"wd-post-content\">\n\t\t<div class=\"wd-post-entry-meta\">\n\t\t\t\t\t\t\n\t\t\t<div class=\"wd-modified-date\">\n\t\t\t\t\t\t<time class=\"updated\" datetime=\"2024-05-21T17:15:20-05:00\">\n\t\t\t21 de May de 2024\t\t<\/time>\n\t\t\t\t\t<\/div>\n\n\t\t\t<div class=\"wd-meta-date\">\n\t\t\t\t21 May 2024\t\t\t<\/div>\n\t\t<\/div>\n\n\t\t\t\t\t<h3 class=\"wd-entities-title title post-title\">\n\t\t\t\t<a href=\"https:\/\/destinosdelperu.com\/en\/5-tips-to-enjoy-tourism-in-cusco\/\" rel=\"bookmark\">\n\t\t\t\t\t5 Tips to Enjoy Tourism in Cusco\t\t\t\t<\/a>\n\t\t\t<\/h3>\n\t\t\n\t\t<div class=\"wd-entry-content\">\n\t\t\t\t\t\t\t5 Tips to Enjoy Tourism in Cusco\nCusco, the ancient capital of the Inca Empire and gateway to Machu Picchu, is...\t\t\t\t\t\t\t\t\t<\/div>\n\n\t\t\t\t\t<div class=\"wd-read-more\">\n\t\t\t\t<a class=\"btn-read-more more-link\" href=\"https:\/\/destinosdelperu.com\/en\/5-tips-to-enjoy-tourism-in-cusco\/\">Continue reading<\/a>\t\t\t<\/div>\n\t\t\t<\/div>\n\n\t\t\t<\/div>\n\t<\/article>\n\t\t\t\t\t\t\t\t\t\t\t\t\t\t\t\t\t\t\t\n<article id=\"post-17759\" class=\"blog-design-meta-image blog-post-loop blog-style-bg wd-add-shadow  col-lg-4 col-md-4 col-sm-6 col-12 post-17759 post type-post status-publish format-standard has-post-thumbnail hentry category-blog-destinations tag-ceviche-en tag-food-en tag-gastronomy tag-travel-en\">\n\t\t\t<div class=\"wd-post-inner\">\n\t\n\t<div class=\"wd-post-thumb color-scheme-light\">\n\t\t<div class=\"wd-post-img\">\n\t\t\t<img decoding=\"async\" width=\"1300\" height=\"731\" src=\"https:\/\/destinosdelperu.com\/wp-content\/uploads\/2023\/09\/CevicheperuanoPor-1300x731.jpg\" class=\"attachment-large size-large wp-image-17596\" alt=\"\" srcset=\"https:\/\/destinosdelperu.com\/wp-content\/uploads\/2023\/09\/CevicheperuanoPor-1300x731.jpg 1300w, https:\/\/destinosdelperu.com\/wp-content\/uploads\/2023\/09\/CevicheperuanoPor-430x242.jpg 430w, https:\/\/destinosdelperu.com\/wp-content\/uploads\/2023\/09\/CevicheperuanoPor-150x84.jpg 150w, https:\/\/destinosdelperu.com\/wp-content\/uploads\/2023\/09\/CevicheperuanoPor-700x394.jpg 700w, https:\/\/destinosdelperu.com\/wp-content\/uploads\/2023\/09\/CevicheperuanoPor-400x225.jpg 400w, https:\/\/destinosdelperu.com\/wp-content\/uploads\/2023\/09\/CevicheperuanoPor-768x432.jpg 768w, https:\/\/destinosdelperu.com\/wp-content\/uploads\/2023\/09\/CevicheperuanoPor-1536x864.jpg 1536w, https:\/\/destinosdelperu.com\/wp-content\/uploads\/2023\/09\/CevicheperuanoPor-860x484.jpg 860w, https:\/\/destinosdelperu.com\/wp-content\/uploads\/2023\/09\/CevicheperuanoPor.jpg 1920w\" sizes=\"(max-width: 1300px) 100vw, 1300px\" \/>\t\t<\/div>\n\n\t\t\t\t<a class=\"wd-post-link wd-fill\" href=\"https:\/\/destinosdelperu.com\/en\/gastronomic-experience-in-peru\/\" rel=\"bookmark\" aria-label=\"Link on post Gastronomic experience in Peru\"><\/a>\n\n\t\t<div class=\"wd-post-header\">\n\t\t\t\n\t\t\t<div class=\"wd-post-actions\">\n\t\t\t\t\t\t\t\t\t<div class=\"wd-post-share wd-tltp wd-tltp-left\">\n\t\t\t\t\t\t<div class=\"wd-tooltip-label\">\n\t\t\t\t\t\t\t\n\t\t\t<div class=\"wd-social-icons icons-design-default icons-size-small color-scheme-light social-share social-form-circle text-center\">\n\n\t\t\t\t\n\t\t\t\t\t\t\t\t\t<a rel=\"noopener noreferrer nofollow\" href=\"https:\/\/www.facebook.com\/sharer\/sharer.php?u=https:\/\/destinosdelperu.com\/en\/gastronomic-experience-in-peru\/\" target=\"_blank\" class=\" wd-social-icon social-facebook\" aria-label=\"Facebook social link\">\n\t\t\t\t\t\t<span class=\"wd-icon\"><\/span>\n\t\t\t\t\t\t\t\t\t\t\t<\/a>\n\t\t\t\t\n\t\t\t\t\t\t\t\t\t<a rel=\"noopener noreferrer nofollow\" href=\"https:\/\/twitter.com\/share?url=https:\/\/destinosdelperu.com\/en\/gastronomic-experience-in-peru\/\" target=\"_blank\" class=\" wd-social-icon social-twitter\" aria-label=\"Twitter social link\">\n\t\t\t\t\t\t<span class=\"wd-icon\"><\/span>\n\t\t\t\t\t\t\t\t\t\t\t<\/a>\n\t\t\t\t\n\t\t\t\t\n\t\t\t\t\n\t\t\t\t\n\t\t\t\t\t\t\t\t\t<a rel=\"noopener noreferrer nofollow\" href=\"https:\/\/pinterest.com\/pin\/create\/button\/?url=https:\/\/destinosdelperu.com\/en\/gastronomic-experience-in-peru\/&media=https:\/\/destinosdelperu.com\/wp-content\/uploads\/2023\/09\/CevicheperuanoPor.jpg&description=Gastronomic+experience+in+Peru\" target=\"_blank\" class=\" wd-social-icon social-pinterest\" aria-label=\"Pinterest social link\">\n\t\t\t\t\t\t<span class=\"wd-icon\"><\/span>\n\t\t\t\t\t\t\t\t\t\t\t<\/a>\n\t\t\t\t\n\t\t\t\t\n\t\t\t\t\t\t\t\t\t<a rel=\"noopener noreferrer nofollow\" href=\"https:\/\/www.linkedin.com\/shareArticle?mini=true&url=https:\/\/destinosdelperu.com\/en\/gastronomic-experience-in-peru\/\" target=\"_blank\" class=\" wd-social-icon social-linkedin\" aria-label=\"Linkedin social link\">\n\t\t\t\t\t\t<span class=\"wd-icon\"><\/span>\n\t\t\t\t\t\t\t\t\t\t\t<\/a>\n\t\t\t\t\n\t\t\t\t\n\t\t\t\t\n\t\t\t\t\n\t\t\t\t\n\t\t\t\t\n\t\t\t\t\n\t\t\t\t\n\t\t\t\t\n\t\t\t\t\n\t\t\t\t\t\t\t\t\n\t\t\t\t\t\t\t\t\n\t\t\t\t\n\t\t\t\t\t\t\t\t\t<a rel=\"noopener noreferrer nofollow\" href=\"https:\/\/telegram.me\/share\/url?url=https:\/\/destinosdelperu.com\/en\/gastronomic-experience-in-peru\/\" target=\"_blank\" class=\" wd-social-icon social-tg\" aria-label=\"Telegram social link\">\n\t\t\t\t\t\t<span class=\"wd-icon\"><\/span>\n\t\t\t\t\t\t\t\t\t\t\t<\/a>\n\t\t\t\t\t\t\t\t\n\t\t\t\t\n\t\t\t<\/div>\n\n\t\t\t\t\t\t\t\t<\/div>\n\t\t\t\t\t<\/div>\n\t\t\t\t\n\t\t\t\t\t\t\t\t\t<div class=\"wd-meta-reply\">\n\t\t\t\t\t\t<a href=\"https:\/\/destinosdelperu.com\/en\/gastronomic-experience-in-peru\/#respond\"><span class=\"replies-count\">0<\/span> <span class=\"replies-count-label\">comments<\/span><\/a>\t\t\t\t\t<\/div>\n\t\t\t\t\t\t\t<\/div>\n\t\t<\/div>\n\t<\/div>\n\n\t<div class=\"wd-post-content\">\n\t\t<div class=\"wd-post-entry-meta\">\n\t\t\t\t\t\t\n\t\t\t<div class=\"wd-modified-date\">\n\t\t\t\t\t\t<time class=\"updated\" datetime=\"2023-09-13T08:16:39-05:00\">\n\t\t\t13 de September de 2023\t\t<\/time>\n\t\t\t\t\t<\/div>\n\n\t\t\t<div class=\"wd-meta-date\">\n\t\t\t\t13 Sep 2023\t\t\t<\/div>\n\t\t<\/div>\n\n\t\t\t\t\t<h3 class=\"wd-entities-title title post-title\">\n\t\t\t\t<a href=\"https:\/\/destinosdelperu.com\/en\/gastronomic-experience-in-peru\/\" rel=\"bookmark\">\n\t\t\t\t\tGastronomic experience in Peru\t\t\t\t<\/a>\n\t\t\t<\/h3>\n\t\t\n\t\t<div class=\"wd-entry-content\">\n\t\t\t\t\t\t\tDiscover the flavors of Peru: a culinary journey that will take you to taste fresh ceviches, juicy anticuchos ...\t\t\t\t\t\t\t\t\t<\/div>\n\n\t\t\t\t\t<div class=\"wd-read-more\">\n\t\t\t\t<a class=\"btn-read-more more-link\" href=\"https:\/\/destinosdelperu.com\/en\/gastronomic-experience-in-peru\/\">Continue reading<\/a>\t\t\t<\/div>\n\t\t\t<\/div>\n\n\t\t\t<\/div>\n\t<\/article>\n\t\t\t\t\t\t\t\t\t\t\t\t\t\t\t\t\t\t\t\n<article id=\"post-17723\" class=\"blog-design-meta-image blog-post-loop blog-style-bg wd-add-shadow  col-lg-4 col-md-4 col-sm-6 col-12 post-17723 post type-post status-publish format-standard has-post-thumbnail hentry category-blog-destinations tag-peru-en tag-tours-en tag-travel-en\">\n\t\t\t<div class=\"wd-post-inner\">\n\t\n\t<div class=\"wd-post-thumb color-scheme-light\">\n\t\t<div class=\"wd-post-img\">\n\t\t\t<img decoding=\"async\" width=\"1300\" height=\"731\" src=\"https:\/\/destinosdelperu.com\/wp-content\/uploads\/2023\/09\/viajero-1300x731.jpg\" class=\"attachment-large size-large wp-image-17598\" alt=\"\" srcset=\"https:\/\/destinosdelperu.com\/wp-content\/uploads\/2023\/09\/viajero-1300x731.jpg 1300w, https:\/\/destinosdelperu.com\/wp-content\/uploads\/2023\/09\/viajero-430x242.jpg 430w, https:\/\/destinosdelperu.com\/wp-content\/uploads\/2023\/09\/viajero-150x84.jpg 150w, https:\/\/destinosdelperu.com\/wp-content\/uploads\/2023\/09\/viajero-700x394.jpg 700w, https:\/\/destinosdelperu.com\/wp-content\/uploads\/2023\/09\/viajero-400x225.jpg 400w, https:\/\/destinosdelperu.com\/wp-content\/uploads\/2023\/09\/viajero-768x432.jpg 768w, https:\/\/destinosdelperu.com\/wp-content\/uploads\/2023\/09\/viajero-1536x864.jpg 1536w, https:\/\/destinosdelperu.com\/wp-content\/uploads\/2023\/09\/viajero-860x484.jpg 860w, https:\/\/destinosdelperu.com\/wp-content\/uploads\/2023\/09\/viajero.jpg 1920w\" sizes=\"(max-width: 1300px) 100vw, 1300px\" \/>\t\t<\/div>\n\n\t\t\t\t<a class=\"wd-post-link wd-fill\" href=\"https:\/\/destinosdelperu.com\/en\/save-space-in-your-suitcase\/\" rel=\"bookmark\" aria-label=\"Link on post Save space in your suitcase\"><\/a>\n\n\t\t<div class=\"wd-post-header\">\n\t\t\t\n\t\t\t<div class=\"wd-post-actions\">\n\t\t\t\t\t\t\t\t\t<div class=\"wd-post-share wd-tltp wd-tltp-left\">\n\t\t\t\t\t\t<div class=\"wd-tooltip-label\">\n\t\t\t\t\t\t\t\n\t\t\t<div class=\"wd-social-icons icons-design-default icons-size-small color-scheme-light social-share social-form-circle text-center\">\n\n\t\t\t\t\n\t\t\t\t\t\t\t\t\t<a rel=\"noopener noreferrer nofollow\" href=\"https:\/\/www.facebook.com\/sharer\/sharer.php?u=https:\/\/destinosdelperu.com\/en\/save-space-in-your-suitcase\/\" target=\"_blank\" class=\" wd-social-icon social-facebook\" aria-label=\"Facebook social link\">\n\t\t\t\t\t\t<span class=\"wd-icon\"><\/span>\n\t\t\t\t\t\t\t\t\t\t\t<\/a>\n\t\t\t\t\n\t\t\t\t\t\t\t\t\t<a rel=\"noopener noreferrer nofollow\" href=\"https:\/\/twitter.com\/share?url=https:\/\/destinosdelperu.com\/en\/save-space-in-your-suitcase\/\" target=\"_blank\" class=\" wd-social-icon social-twitter\" aria-label=\"Twitter social link\">\n\t\t\t\t\t\t<span class=\"wd-icon\"><\/span>\n\t\t\t\t\t\t\t\t\t\t\t<\/a>\n\t\t\t\t\n\t\t\t\t\n\t\t\t\t\n\t\t\t\t\n\t\t\t\t\t\t\t\t\t<a rel=\"noopener noreferrer nofollow\" href=\"https:\/\/pinterest.com\/pin\/create\/button\/?url=https:\/\/destinosdelperu.com\/en\/save-space-in-your-suitcase\/&media=https:\/\/destinosdelperu.com\/wp-content\/uploads\/2023\/09\/viajero.jpg&description=Save+space+in+your+suitcase\" target=\"_blank\" class=\" wd-social-icon social-pinterest\" aria-label=\"Pinterest social link\">\n\t\t\t\t\t\t<span class=\"wd-icon\"><\/span>\n\t\t\t\t\t\t\t\t\t\t\t<\/a>\n\t\t\t\t\n\t\t\t\t\n\t\t\t\t\t\t\t\t\t<a rel=\"noopener noreferrer nofollow\" href=\"https:\/\/www.linkedin.com\/shareArticle?mini=true&url=https:\/\/destinosdelperu.com\/en\/save-space-in-your-suitcase\/\" target=\"_blank\" class=\" wd-social-icon social-linkedin\" aria-label=\"Linkedin social link\">\n\t\t\t\t\t\t<span class=\"wd-icon\"><\/span>\n\t\t\t\t\t\t\t\t\t\t\t<\/a>\n\t\t\t\t\n\t\t\t\t\n\t\t\t\t\n\t\t\t\t\n\t\t\t\t\n\t\t\t\t\n\t\t\t\t\n\t\t\t\t\n\t\t\t\t\n\t\t\t\t\n\t\t\t\t\t\t\t\t\n\t\t\t\t\t\t\t\t\n\t\t\t\t\n\t\t\t\t\t\t\t\t\t<a rel=\"noopener noreferrer nofollow\" href=\"https:\/\/telegram.me\/share\/url?url=https:\/\/destinosdelperu.com\/en\/save-space-in-your-suitcase\/\" target=\"_blank\" class=\" wd-social-icon social-tg\" aria-label=\"Telegram social link\">\n\t\t\t\t\t\t<span class=\"wd-icon\"><\/span>\n\t\t\t\t\t\t\t\t\t\t\t<\/a>\n\t\t\t\t\t\t\t\t\n\t\t\t\t\n\t\t\t<\/div>\n\n\t\t\t\t\t\t\t\t<\/div>\n\t\t\t\t\t<\/div>\n\t\t\t\t\n\t\t\t\t\t\t\t\t\t<div class=\"wd-meta-reply\">\n\t\t\t\t\t\t<a href=\"https:\/\/destinosdelperu.com\/en\/save-space-in-your-suitcase\/#respond\"><span class=\"replies-count\">0<\/span> <span class=\"replies-count-label\">comments<\/span><\/a>\t\t\t\t\t<\/div>\n\t\t\t\t\t\t\t<\/div>\n\t\t<\/div>\n\t<\/div>\n\n\t<div class=\"wd-post-content\">\n\t\t<div class=\"wd-post-entry-meta\">\n\t\t\t\t\t\t\n\t\t\t<div class=\"wd-modified-date\">\n\t\t\t\t\t\t<time class=\"updated\" datetime=\"2023-09-13T08:15:23-05:00\">\n\t\t\t13 de September de 2023\t\t<\/time>\n\t\t\t\t\t<\/div>\n\n\t\t\t<div class=\"wd-meta-date\">\n\t\t\t\t13 Sep 2023\t\t\t<\/div>\n\t\t<\/div>\n\n\t\t\t\t\t<h3 class=\"wd-entities-title title post-title\">\n\t\t\t\t<a href=\"https:\/\/destinosdelperu.com\/en\/save-space-in-your-suitcase\/\" rel=\"bookmark\">\n\t\t\t\t\tSave space in your suitcase\t\t\t\t<\/a>\n\t\t\t<\/h3>\n\t\t\n\t\t<div class=\"wd-entry-content\">\n\t\t\t\t\t\t\tDo you want to save space in your suitcase ?\n\nHere are some tips :\n\n \tRoll clothes instead of folding them to ...\t\t\t\t\t\t\t\t\t<\/div>\n\n\t\t\t\t\t<div class=\"wd-read-more\">\n\t\t\t\t<a class=\"btn-read-more more-link\" href=\"https:\/\/destinosdelperu.com\/en\/save-space-in-your-suitcase\/\">Continue reading<\/a>\t\t\t<\/div>\n\t\t\t<\/div>\n\n\t\t\t<\/div>\n\t<\/article>\n\t\t\t\t\t\t\t\t\t\t\t\t\t\t\t\t\t\t\t\n<article id=\"post-17685\" class=\"blog-design-meta-image blog-post-loop blog-style-bg wd-add-shadow  col-lg-4 col-md-4 col-sm-6 col-12 post-17685 post type-post status-publish format-standard has-post-thumbnail hentry category-blog-destinations tag-peru-en tag-tourism tag-tours-en tag-travel-en-2 tag-travel-en\">\n\t\t\t<div class=\"wd-post-inner\">\n\t\n\t<div class=\"wd-post-thumb color-scheme-light\">\n\t\t<div class=\"wd-post-img\">\n\t\t\t<img loading=\"lazy\" decoding=\"async\" width=\"1300\" height=\"731\" src=\"https:\/\/destinosdelperu.com\/wp-content\/uploads\/2023\/09\/ahorra-maletas-1300x731.jpg\" class=\"attachment-large size-large wp-image-17594\" alt=\"\" srcset=\"https:\/\/destinosdelperu.com\/wp-content\/uploads\/2023\/09\/ahorra-maletas-1300x731.jpg 1300w, https:\/\/destinosdelperu.com\/wp-content\/uploads\/2023\/09\/ahorra-maletas-430x242.jpg 430w, https:\/\/destinosdelperu.com\/wp-content\/uploads\/2023\/09\/ahorra-maletas-150x84.jpg 150w, https:\/\/destinosdelperu.com\/wp-content\/uploads\/2023\/09\/ahorra-maletas-700x394.jpg 700w, https:\/\/destinosdelperu.com\/wp-content\/uploads\/2023\/09\/ahorra-maletas-400x225.jpg 400w, https:\/\/destinosdelperu.com\/wp-content\/uploads\/2023\/09\/ahorra-maletas-768x432.jpg 768w, https:\/\/destinosdelperu.com\/wp-content\/uploads\/2023\/09\/ahorra-maletas-1536x864.jpg 1536w, https:\/\/destinosdelperu.com\/wp-content\/uploads\/2023\/09\/ahorra-maletas-860x484.jpg 860w, https:\/\/destinosdelperu.com\/wp-content\/uploads\/2023\/09\/ahorra-maletas.jpg 1920w\" sizes=\"(max-width: 1300px) 100vw, 1300px\" \/>\t\t<\/div>\n\n\t\t\t\t<a class=\"wd-post-link wd-fill\" href=\"https:\/\/destinosdelperu.com\/en\/pack-wisely-before-traveling\/\" rel=\"bookmark\" aria-label=\"Link on post Pack wisely before traveling\"><\/a>\n\n\t\t<div class=\"wd-post-header\">\n\t\t\t\n\t\t\t<div class=\"wd-post-actions\">\n\t\t\t\t\t\t\t\t\t<div class=\"wd-post-share wd-tltp wd-tltp-left\">\n\t\t\t\t\t\t<div class=\"wd-tooltip-label\">\n\t\t\t\t\t\t\t\n\t\t\t<div class=\"wd-social-icons icons-design-default icons-size-small color-scheme-light social-share social-form-circle text-center\">\n\n\t\t\t\t\n\t\t\t\t\t\t\t\t\t<a rel=\"noopener noreferrer nofollow\" href=\"https:\/\/www.facebook.com\/sharer\/sharer.php?u=https:\/\/destinosdelperu.com\/en\/pack-wisely-before-traveling\/\" target=\"_blank\" class=\" wd-social-icon social-facebook\" aria-label=\"Facebook social link\">\n\t\t\t\t\t\t<span class=\"wd-icon\"><\/span>\n\t\t\t\t\t\t\t\t\t\t\t<\/a>\n\t\t\t\t\n\t\t\t\t\t\t\t\t\t<a rel=\"noopener noreferrer nofollow\" href=\"https:\/\/twitter.com\/share?url=https:\/\/destinosdelperu.com\/en\/pack-wisely-before-traveling\/\" target=\"_blank\" class=\" wd-social-icon social-twitter\" aria-label=\"Twitter social link\">\n\t\t\t\t\t\t<span class=\"wd-icon\"><\/span>\n\t\t\t\t\t\t\t\t\t\t\t<\/a>\n\t\t\t\t\n\t\t\t\t\n\t\t\t\t\n\t\t\t\t\n\t\t\t\t\t\t\t\t\t<a rel=\"noopener noreferrer nofollow\" href=\"https:\/\/pinterest.com\/pin\/create\/button\/?url=https:\/\/destinosdelperu.com\/en\/pack-wisely-before-traveling\/&media=https:\/\/destinosdelperu.com\/wp-content\/uploads\/2023\/09\/ahorra-maletas.jpg&description=Pack+wisely+before+traveling\" target=\"_blank\" class=\" wd-social-icon social-pinterest\" aria-label=\"Pinterest social link\">\n\t\t\t\t\t\t<span class=\"wd-icon\"><\/span>\n\t\t\t\t\t\t\t\t\t\t\t<\/a>\n\t\t\t\t\n\t\t\t\t\n\t\t\t\t\t\t\t\t\t<a rel=\"noopener noreferrer nofollow\" href=\"https:\/\/www.linkedin.com\/shareArticle?mini=true&url=https:\/\/destinosdelperu.com\/en\/pack-wisely-before-traveling\/\" target=\"_blank\" class=\" wd-social-icon social-linkedin\" aria-label=\"Linkedin social link\">\n\t\t\t\t\t\t<span class=\"wd-icon\"><\/span>\n\t\t\t\t\t\t\t\t\t\t\t<\/a>\n\t\t\t\t\n\t\t\t\t\n\t\t\t\t\n\t\t\t\t\n\t\t\t\t\n\t\t\t\t\n\t\t\t\t\n\t\t\t\t\n\t\t\t\t\n\t\t\t\t\n\t\t\t\t\t\t\t\t\n\t\t\t\t\t\t\t\t\n\t\t\t\t\n\t\t\t\t\t\t\t\t\t<a rel=\"noopener noreferrer nofollow\" href=\"https:\/\/telegram.me\/share\/url?url=https:\/\/destinosdelperu.com\/en\/pack-wisely-before-traveling\/\" target=\"_blank\" class=\" wd-social-icon social-tg\" aria-label=\"Telegram social link\">\n\t\t\t\t\t\t<span class=\"wd-icon\"><\/span>\n\t\t\t\t\t\t\t\t\t\t\t<\/a>\n\t\t\t\t\t\t\t\t\n\t\t\t\t\n\t\t\t<\/div>\n\n\t\t\t\t\t\t\t\t<\/div>\n\t\t\t\t\t<\/div>\n\t\t\t\t\n\t\t\t\t\t\t\t\t\t<div class=\"wd-meta-reply\">\n\t\t\t\t\t\t<a href=\"https:\/\/destinosdelperu.com\/en\/pack-wisely-before-traveling\/#respond\"><span class=\"replies-count\">0<\/span> <span class=\"replies-count-label\">comments<\/span><\/a>\t\t\t\t\t<\/div>\n\t\t\t\t\t\t\t<\/div>\n\t\t<\/div>\n\t<\/div>\n\n\t<div class=\"wd-post-content\">\n\t\t<div class=\"wd-post-entry-meta\">\n\t\t\t\t\t\t\n\t\t\t<div class=\"wd-modified-date\">\n\t\t\t\t\t\t<time class=\"updated\" datetime=\"2023-09-13T08:13:07-05:00\">\n\t\t\t13 de September de 2023\t\t<\/time>\n\t\t\t\t\t<\/div>\n\n\t\t\t<div class=\"wd-meta-date\">\n\t\t\t\t13 Sep 2023\t\t\t<\/div>\n\t\t<\/div>\n\n\t\t\t\t\t<h3 class=\"wd-entities-title title post-title\">\n\t\t\t\t<a href=\"https:\/\/destinosdelperu.com\/en\/pack-wisely-before-traveling\/\" rel=\"bookmark\">\n\t\t\t\t\tPack wisely before traveling\t\t\t\t<\/a>\n\t\t\t<\/h3>\n\t\t\n\t\t<div class=\"wd-entry-content\">\n\t\t\t\t\t\t\tWould you like to learn how to pack smart for your next trips?\n\nHere are a few ideas that will help you travel...\t\t\t\t\t\t\t\t\t<\/div>\n\n\t\t\t\t\t<div class=\"wd-read-more\">\n\t\t\t\t<a class=\"btn-read-more more-link\" href=\"https:\/\/destinosdelperu.com\/en\/pack-wisely-before-traveling\/\">Continue reading<\/a>\t\t\t<\/div>\n\t\t\t<\/div>\n\n\t\t\t<\/div>\n\t<\/article>\n\t\t\t\t\n\t\t\t\t\t\t\t<\/div>\n\t\t\t\n\t\t\t\t\t\t\t\t\t\t<\/div>\n\t\t\t\t<\/div>\n\t\t\t\t\t<\/div>\n\t\t<\/div>\n\t\t\t\t\t<\/div>\n\t\t<\/section>\n\t\t\t\t<\/div>\n\t\t","protected":false},"excerpt":{"rendered":"<p>0 comments 13 de septiembre de 2023 13 Sep 2023 Experiencia gastron\u00f3mica en el Per\u00fa Descubre los sabores del Per\u00fa:<\/p>\n","protected":false},"author":1,"featured_media":0,"parent":0,"menu_order":0,"comment_status":"closed","ping_status":"closed","template":"","meta":{"_joinchat":[],"footnotes":""},"class_list":["post-17678","page","type-page","status-publish","hentry"],"jetpack_sharing_enabled":true,"_links":{"self":[{"href":"https:\/\/destinosdelperu.com\/en\/wp-json\/wp\/v2\/pages\/17678","targetHints":{"allow":["GET"]}}],"collection":[{"href":"https:\/\/destinosdelperu.com\/en\/wp-json\/wp\/v2\/pages"}],"about":[{"href":"https:\/\/destinosdelperu.com\/en\/wp-json\/wp\/v2\/types\/page"}],"author":[{"embeddable":true,"href":"https:\/\/destinosdelperu.com\/en\/wp-json\/wp\/v2\/users\/1"}],"replies":[{"embeddable":true,"href":"https:\/\/destinosdelperu.com\/en\/wp-json\/wp\/v2\/comments?post=17678"}],"version-history":[{"count":1,"href":"https:\/\/destinosdelperu.com\/en\/wp-json\/wp\/v2\/pages\/17678\/revisions"}],"predecessor-version":[{"id":17695,"href":"https:\/\/destinosdelperu.com\/en\/wp-json\/wp\/v2\/pages\/17678\/revisions\/17695"}],"wp:attachment":[{"href":"https:\/\/destinosdelperu.com\/en\/wp-json\/wp\/v2\/media?parent=17678"}],"curies":[{"name":"wp","href":"https:\/\/api.w.org\/{rel}","templated":true}]}}